{"id":9837,"date":"2022-05-24T20:54:00","date_gmt":"2022-05-25T01:54:00","guid":{"rendered":"https:\/\/saludnl.gob.mx\/regulacion-sanitaria\/?page_id=9837"},"modified":"2022-08-08T16:05:27","modified_gmt":"2022-08-08T21:05:27","slug":"manual-para-la-identificacion-de-medicamentos-falsificados","status":"publish","type":"page","link":"https:\/\/saludnl.gob.mx\/regulacion-sanitaria\/index.php\/manual-para-la-identificacion-de-medicamentos-falsificados\/","title":{"rendered":"Manual para la identificaci\u00f3n de medicamentos falsificados"},"content":{"rendered":"<p style=\"text-align: left;\"><img loading=\"lazy\" decoding=\"async\" class=\"alignnone size-full wp-image-9839\" src=\"https:\/\/saludnl.gob.mx\/regulacion-sanitaria\/wp-content\/uploads\/2022\/05\/Manual-medicamentos.png\" alt=\"\" width=\"407\" height=\"525\" srcset=\"https:\/\/saludnl.gob.mx\/regulacion-sanitaria\/wp-content\/uploads\/2022\/05\/Manual-medicamentos.png 407w, https:\/\/saludnl.gob.mx\/regulacion-sanitaria\/wp-content\/uploads\/2022\/05\/Manual-medicamentos-233x300.png 233w\" sizes=\"auto, (max-width: 407px) 100vw, 407px\" \/><\/p>\n<p style=\"text-align: left;\">El objetivo de la presente gu\u00eda es proporcionar elementos b\u00e1sicos a propiertarios de farmacias, almacenes de dep\u00f3sito y distribuciones de insumos, responsables sanitarios, encargados, auxiliares dispensadores, y usuarios finales, ( consumidor del producto) para identificar y evitar adquirir medicamentos falsificados.<\/p>\n<div class=\"sdm_download_button_box_default\"><div class=\"sdm_download_link\"><a href=\"https:\/\/saludnl.gob.mx\/regulacion-sanitaria\/?sdm_process_download=1&download_id=9838\" class=\"sdm_download blue\" title=\"Manual para la identificaci\u00f3n de medicamentos falsificados\" >Descargar<\/a><\/div><\/div>\n<div class=\"sdm_download_count\"><span class=\"sdm_count_number\">509<\/span><span class=\"sdm_count_string\"> Downloads<\/span><\/div>\n","protected":false},"excerpt":{"rendered":"<p>El objetivo de la presente gu\u00eda es proporcionar elementos b\u00e1sicos a propiertarios de farmacias, almacenes de dep\u00f3sito y distribuciones de insumos, responsables sanitarios, encargados, auxiliares dispensadores, y usuarios finales, ( consumidor del producto) para identificar y evitar adquirir medicamentos falsificados.<\/p>\n","protected":false},"author":5,"featured_media":0,"parent":0,"menu_order":0,"comment_status":"closed","ping_status":"closed","template":"","meta":{"footnotes":""},"class_list":["post-9837","page","type-page","status-publish","hentry"],"_links":{"self":[{"href":"https:\/\/saludnl.gob.mx\/regulacion-sanitaria\/index.php\/wp-json\/wp\/v2\/pages\/9837","targetHints":{"allow":["GET"]}}],"collection":[{"href":"https:\/\/saludnl.gob.mx\/regulacion-sanitaria\/index.php\/wp-json\/wp\/v2\/pages"}],"about":[{"href":"https:\/\/saludnl.gob.mx\/regulacion-sanitaria\/index.php\/wp-json\/wp\/v2\/types\/page"}],"author":[{"embeddable":true,"href":"https:\/\/saludnl.gob.mx\/regulacion-sanitaria\/index.php\/wp-json\/wp\/v2\/users\/5"}],"replies":[{"embeddable":true,"href":"https:\/\/saludnl.gob.mx\/regulacion-sanitaria\/index.php\/wp-json\/wp\/v2\/comments?post=9837"}],"version-history":[{"count":3,"href":"https:\/\/saludnl.gob.mx\/regulacion-sanitaria\/index.php\/wp-json\/wp\/v2\/pages\/9837\/revisions"}],"predecessor-version":[{"id":10641,"href":"https:\/\/saludnl.gob.mx\/regulacion-sanitaria\/index.php\/wp-json\/wp\/v2\/pages\/9837\/revisions\/10641"}],"wp:attachment":[{"href":"https:\/\/saludnl.gob.mx\/regulacion-sanitaria\/index.php\/wp-json\/wp\/v2\/media?parent=9837"}],"curies":[{"name":"wp","href":"https:\/\/api.w.org\/{rel}","templated":true}]}}