{"id":922,"date":"2019-02-20T09:54:59","date_gmt":"2019-02-20T15:54:59","guid":{"rendered":"http:\/\/saludnl.gob.mx\/regulacion-sanitaria\/?page_id=922"},"modified":"2019-05-29T10:00:02","modified_gmt":"2019-05-29T15:00:02","slug":"espacio-100-libre-de-humo-de-tabaco","status":"publish","type":"page","link":"https:\/\/saludnl.gob.mx\/regulacion-sanitaria\/index.php\/espacio-100-libre-de-humo-de-tabaco\/","title":{"rendered":"Espacio 100% Libre de Humo de Tabaco"},"content":{"rendered":"\n<ul class=\"wp-block-gallery columns-1 is-cropped wp-block-gallery-1 is-layout-flex wp-block-gallery-is-layout-flex\"><li class=\"blocks-gallery-item\"><figure><a href=\"http:\/\/saludnl.gob.mx\/regulacion-sanitaria\/index.php\/cuaresma-2019\/libre-de-humo-1\/\"><img loading=\"lazy\" decoding=\"async\" width=\"286\" height=\"138\" src=\"http:\/\/saludnl.gob.mx\/regulacion-sanitaria\/wp-content\/uploads\/2019\/05\/libre-de-humo-1.png\" alt=\"\" data-id=\"972\" data-link=\"http:\/\/saludnl.gob.mx\/regulacion-sanitaria\/index.php\/cuaresma-2019\/libre-de-humo-1\/\" class=\"wp-image-972\"\/><\/a><\/figure><\/li><\/ul>\n\n\n<p>E<span style=\"color: #000000;\">l Art\u00edculo 4\u00ba de la Constituci\u00f3n Mexicana, indica que TODOS los mexicanos tenemos Derecho a la Protecci\u00f3n a la Salud. As\u00ed como todos tenemos derecho a un medio ambiente sano para su desarrollo y bienestar. Es por esto que se crean leyes para llevar a cabo la Protecci\u00f3n a la Salud.<\/span><\/p>\n<p>\u00a0<\/p>\n<p><span style=\"color: #000000;\">La Dependencia responsable de llevar esto a cabo es la Comisi\u00f3n Federal para la Protecci\u00f3n contra Riesgos Sanitarios, en el Estado de Nuevo Le\u00f3n esta funci\u00f3n se le delega a la Secretar\u00eda de Salud a trav\u00e9s de la Subsecretar\u00eda de Regulaci\u00f3n y Fomento Sanitario, la cual es la responsable de regular, controlar y fomentar la protecci\u00f3n a la salud. Uno de los grandes retos de la Subsecretar\u00eda es regular y fomentar los Espacios 100% Libres de Humo de Tabaco para prevenir y proteger a la poblaci\u00f3n de las enfermedades pulmonares, cardiovasculares y cancer\u00edgenas ocasionadas por el consumo de tabaco.<\/span><\/p>\n<p>\u00a0<\/p>\n<p><span style=\"color: #000000;\">La herramienta de la Subsecretar\u00eda es la Ley de Protecci\u00f3n contra la Exposici\u00f3n al Humo de Tabaco del Estado de Nuevo Le\u00f3n y su Reglamento, los cuales se publicaron en los a\u00f1os 2013 y 2014, respectivamente, para proteger a los neoloneses contra el humo de tabaco y las enfermedades ocasionadas por este.<\/span><\/p>\n<p><span style=\"color: #000000;\"><strong>\u00a0<\/strong><\/span><\/p>\n<p>Es por esto, que el presente tiene como principal objetivo fomentar los Espacios 100% Libres de Humo de Tabaco y promover el cumplimiento de la Ley y su Reglamento.<\/p>\n<p>\u00a0<\/p>\n<p><strong>Legislaci\u00f3n de Espacios 100% Libres de Humo de Tabaco<\/strong><\/p>\n<p>\u00a0<\/p>\n\n\n<div class=\"wp-block-image\"><figure class=\"aligncenter is-resized\"><img loading=\"lazy\" decoding=\"async\" src=\"http:\/\/saludnl.gob.mx\/regulacion-sanitaria\/wp-content\/uploads\/2019\/05\/Captura-de-pantalla-2019-05-29-a-las-09.19.09.png\" alt=\"\" class=\"wp-image-957\" width=\"621\" height=\"203\" srcset=\"https:\/\/saludnl.gob.mx\/regulacion-sanitaria\/wp-content\/uploads\/2019\/05\/Captura-de-pantalla-2019-05-29-a-las-09.19.09.png 934w, https:\/\/saludnl.gob.mx\/regulacion-sanitaria\/wp-content\/uploads\/2019\/05\/Captura-de-pantalla-2019-05-29-a-las-09.19.09-300x98.png 300w, https:\/\/saludnl.gob.mx\/regulacion-sanitaria\/wp-content\/uploads\/2019\/05\/Captura-de-pantalla-2019-05-29-a-las-09.19.09-768x252.png 768w\" sizes=\"auto, (max-width: 621px) 100vw, 621px\" \/><\/figure><\/div>\n\n\n\n<div class=\"wp-block-image\"><figure class=\"aligncenter is-resized\"><img loading=\"lazy\" decoding=\"async\" src=\"http:\/\/saludnl.gob.mx\/regulacion-sanitaria\/wp-content\/uploads\/2019\/05\/Captura-de-pantalla-2019-05-29-a-las-09.19.15.png\" alt=\"\" class=\"wp-image-963\" width=\"596\" height=\"204\" srcset=\"https:\/\/saludnl.gob.mx\/regulacion-sanitaria\/wp-content\/uploads\/2019\/05\/Captura-de-pantalla-2019-05-29-a-las-09.19.15.png 716w, https:\/\/saludnl.gob.mx\/regulacion-sanitaria\/wp-content\/uploads\/2019\/05\/Captura-de-pantalla-2019-05-29-a-las-09.19.15-300x103.png 300w\" sizes=\"auto, (max-width: 596px) 100vw, 596px\" \/><figcaption>LINK : PARA DESCARGAR  LETRERO DE ESPACIO 100% LIBRE DE HUMO DE TABACO<br><a href=\"http:\/\/saludnl.gob.mx\/regulacion-sanitaria\/index.php\/material-para-descarga\/\">http:\/\/saludnl.gob.mx\/regulacion-sanitaria\/index.php\/material-para-descarga\/<\/a><\/figcaption><\/figure><\/div>\n","protected":false},"excerpt":{"rendered":"<p>El Art\u00edculo 4\u00ba de la Constituci\u00f3n Mexicana, indica que TODOS los mexicanos tenemos Derecho a la Protecci\u00f3n a la Salud. As\u00ed como todos tenemos derecho a un medio ambiente sano para su desarrollo y bienestar. Es por esto que se crean leyes para llevar a cabo la Protecci\u00f3n a la Salud. \u00a0 La Dependencia responsable [&hellip;]<\/p>\n","protected":false},"author":2,"featured_media":0,"parent":0,"menu_order":0,"comment_status":"closed","ping_status":"closed","template":"home-page.php","meta":{"footnotes":""},"class_list":["post-922","page","type-page","status-publish","hentry"],"_links":{"self":[{"href":"https:\/\/saludnl.gob.mx\/regulacion-sanitaria\/index.php\/wp-json\/wp\/v2\/pages\/922","targetHints":{"allow":["GET"]}}],"collection":[{"href":"https:\/\/saludnl.gob.mx\/regulacion-sanitaria\/index.php\/wp-json\/wp\/v2\/pages"}],"about":[{"href":"https:\/\/saludnl.gob.mx\/regulacion-sanitaria\/index.php\/wp-json\/wp\/v2\/types\/page"}],"author":[{"embeddable":true,"href":"https:\/\/saludnl.gob.mx\/regulacion-sanitaria\/index.php\/wp-json\/wp\/v2\/users\/2"}],"replies":[{"embeddable":true,"href":"https:\/\/saludnl.gob.mx\/regulacion-sanitaria\/index.php\/wp-json\/wp\/v2\/comments?post=922"}],"version-history":[{"count":9,"href":"https:\/\/saludnl.gob.mx\/regulacion-sanitaria\/index.php\/wp-json\/wp\/v2\/pages\/922\/revisions"}],"predecessor-version":[{"id":976,"href":"https:\/\/saludnl.gob.mx\/regulacion-sanitaria\/index.php\/wp-json\/wp\/v2\/pages\/922\/revisions\/976"}],"wp:attachment":[{"href":"https:\/\/saludnl.gob.mx\/regulacion-sanitaria\/index.php\/wp-json\/wp\/v2\/media?parent=922"}],"curies":[{"name":"wp","href":"https:\/\/api.w.org\/{rel}","templated":true}]}}