{"id":905,"date":"2019-02-20T09:31:00","date_gmt":"2019-02-20T15:31:00","guid":{"rendered":"http:\/\/saludnl.gob.mx\/regulacion-sanitaria\/?page_id=905"},"modified":"2025-05-20T16:00:53","modified_gmt":"2025-05-20T22:00:53","slug":"agua-de-calidad-bacteriologica","status":"publish","type":"page","link":"https:\/\/saludnl.gob.mx\/regulacion-sanitaria\/index.php\/agua-de-calidad-bacteriologica\/","title":{"rendered":""},"content":{"rendered":"<div class=\"wp-block-image\">\n<figure class=\"aligncenter size-large\"><img loading=\"lazy\" decoding=\"async\" width=\"1024\" height=\"375\" src=\"https:\/\/saludnl.gob.mx\/regulacion-sanitaria\/wp-content\/uploads\/2025\/05\/7_Banner-Agua-de-calidad-Bacteriologica-1024x375.png\" alt=\"\" class=\"wp-image-28579\" srcset=\"https:\/\/saludnl.gob.mx\/regulacion-sanitaria\/wp-content\/uploads\/2025\/05\/7_Banner-Agua-de-calidad-Bacteriologica-1024x375.png 1024w, https:\/\/saludnl.gob.mx\/regulacion-sanitaria\/wp-content\/uploads\/2025\/05\/7_Banner-Agua-de-calidad-Bacteriologica-300x110.png 300w, https:\/\/saludnl.gob.mx\/regulacion-sanitaria\/wp-content\/uploads\/2025\/05\/7_Banner-Agua-de-calidad-Bacteriologica-768x281.png 768w, https:\/\/saludnl.gob.mx\/regulacion-sanitaria\/wp-content\/uploads\/2025\/05\/7_Banner-Agua-de-calidad-Bacteriologica.png 1366w\" sizes=\"auto, (max-width: 1024px) 100vw, 1024px\" \/><\/figure>\n<\/div>\n\n\n<p><\/p>\n\n\n\n<div class=\"wp-block-columns is-layout-flex wp-container-core-columns-is-layout-9d6595d7 wp-block-columns-is-layout-flex\">\n<div class=\"wp-block-column is-layout-flow wp-block-column-is-layout-flow\" style=\"flex-basis:33.33%\"><div class=\"wp-block-image\">\n<figure class=\"aligncenter size-full\"><img loading=\"lazy\" decoding=\"async\" width=\"231\" height=\"500\" src=\"https:\/\/saludnl.gob.mx\/regulacion-sanitaria\/wp-content\/uploads\/2025\/05\/8_Definicion-vertical.png\" alt=\"\" class=\"wp-image-28580\" srcset=\"https:\/\/saludnl.gob.mx\/regulacion-sanitaria\/wp-content\/uploads\/2025\/05\/8_Definicion-vertical.png 231w, https:\/\/saludnl.gob.mx\/regulacion-sanitaria\/wp-content\/uploads\/2025\/05\/8_Definicion-vertical-139x300.png 139w\" sizes=\"auto, (max-width: 231px) 100vw, 231px\" \/><\/figure>\n<\/div><\/div>\n\n\n\n<div class=\"wp-block-column is-layout-flow wp-block-column-is-layout-flow\" style=\"flex-basis:66.66%\">\n<p><\/p>\n\n\n\n<p><\/p>\n\n\n\n<p><\/p>\n\n\n\n<p>La Secretar\u00eda de Salud a trav\u00e9s de la Subsecretaria de Regulaci\u00f3n y Fomento Sanitario tiene por objetivo: Promover ante las autoridades sanitarias estatales la optimizaci\u00f3n de la vigilancia de la cloraci\u00f3n del agua para uso y consumo humano, estandarizar entre todos los involucrados la metodolog\u00eda de vigilancia de la cloraci\u00f3n del agua, elaborar un sistema de informaci\u00f3n con los resultados de calidad del agua (niveles de cloraci\u00f3n), fomentar ante los organismos responsables de los sistemas de abastecimiento de agua la cloraci\u00f3n adecuada y apoyar la creaci\u00f3n de programas de fomento sanitario en localidades que no cuenten con sistema formal de abastecimiento de agua.<\/p>\n\n\n\n<p>La vigilancia de la calidad bacteriol\u00f3gica del agua de uso y consumo humano a nivel nacional se realiza a trav\u00e9s de determinaciones del cloro residual libre m\u00ednimo por municipio y los an\u00e1lisis bacteriol\u00f3gicos necesarios por las Comisiones o Direcciones de Protecci\u00f3n contra Riesgos Sanitarios Estatales, las cuales integran el Sistema Federal Sanitario, y realizan dichas actividades a trav\u00e9s de Acuerdos de coordinaci\u00f3n con la COFEPRIS.<\/p>\n<\/div>\n<\/div>\n\n\n\n<p><\/p>\n\n\n\n<div class=\"wp-block-columns is-layout-flex wp-container-core-columns-is-layout-9d6595d7 wp-block-columns-is-layout-flex\">\n<div class=\"wp-block-column is-layout-flow wp-block-column-is-layout-flow\"><div class=\"wp-block-image\">\n<figure class=\"aligncenter size-full\"><img loading=\"lazy\" decoding=\"async\" width=\"231\" height=\"500\" src=\"https:\/\/saludnl.gob.mx\/regulacion-sanitaria\/wp-content\/uploads\/2025\/05\/9_Objetivo-y-beneficios-1.png\" alt=\"\" class=\"wp-image-28588\" srcset=\"https:\/\/saludnl.gob.mx\/regulacion-sanitaria\/wp-content\/uploads\/2025\/05\/9_Objetivo-y-beneficios-1.png 231w, https:\/\/saludnl.gob.mx\/regulacion-sanitaria\/wp-content\/uploads\/2025\/05\/9_Objetivo-y-beneficios-1-139x300.png 139w\" sizes=\"auto, (max-width: 231px) 100vw, 231px\" \/><\/figure>\n<\/div><\/div>\n\n\n\n<div class=\"wp-block-column is-layout-flow wp-block-column-is-layout-flow\">\n<p><strong>Objetivo<\/strong><\/p>\n\n\n\n<p>Proteger a la poblaci\u00f3n contra riesgos asociados al consumo de agua contaminada.<\/p>\n\n\n\n<p><strong>Beneficios<\/strong><\/p>\n\n\n\n<p>Prevenir riesgos a la salud de la poblaci\u00f3n asociados al consumo de agua de red contaminada<\/p>\n<\/div>\n\n\n\n<div class=\"wp-block-column is-layout-flow wp-block-column-is-layout-flow\">\n<figure class=\"wp-block-image size-full\"><img loading=\"lazy\" decoding=\"async\" width=\"556\" height=\"556\" src=\"https:\/\/saludnl.gob.mx\/regulacion-sanitaria\/wp-content\/uploads\/2025\/05\/this.jpg\" alt=\"\" class=\"wp-image-28589\" srcset=\"https:\/\/saludnl.gob.mx\/regulacion-sanitaria\/wp-content\/uploads\/2025\/05\/this.jpg 556w, https:\/\/saludnl.gob.mx\/regulacion-sanitaria\/wp-content\/uploads\/2025\/05\/this-300x300.jpg 300w, https:\/\/saludnl.gob.mx\/regulacion-sanitaria\/wp-content\/uploads\/2025\/05\/this-150x150.jpg 150w\" sizes=\"auto, (max-width: 556px) 100vw, 556px\" \/><\/figure>\n<\/div>\n<\/div>\n\n\n\n<p><\/p>\n\n\n\n<div class=\"wp-block-columns is-layout-flex wp-container-core-columns-is-layout-9d6595d7 wp-block-columns-is-layout-flex\">\n<div class=\"wp-block-column is-layout-flow wp-block-column-is-layout-flow\">\n<figure class=\"wp-block-image size-full\"><img loading=\"lazy\" decoding=\"async\" width=\"601\" height=\"290\" src=\"https:\/\/saludnl.gob.mx\/regulacion-sanitaria\/wp-content\/uploads\/2025\/05\/4_\u00bfQue-estamos-haciendo-1-3.png\" alt=\"\" class=\"wp-image-28594\" srcset=\"https:\/\/saludnl.gob.mx\/regulacion-sanitaria\/wp-content\/uploads\/2025\/05\/4_\u00bfQue-estamos-haciendo-1-3.png 601w, https:\/\/saludnl.gob.mx\/regulacion-sanitaria\/wp-content\/uploads\/2025\/05\/4_\u00bfQue-estamos-haciendo-1-3-300x145.png 300w\" sizes=\"auto, (max-width: 601px) 100vw, 601px\" \/><\/figure>\n<\/div>\n\n\n\n<div class=\"wp-block-column is-layout-flow wp-block-column-is-layout-flow\">\n<figure class=\"wp-block-image size-full\"><img loading=\"lazy\" decoding=\"async\" width=\"601\" height=\"290\" src=\"https:\/\/saludnl.gob.mx\/regulacion-sanitaria\/wp-content\/uploads\/2025\/05\/6_Mas-info-1.png\" alt=\"\" class=\"wp-image-28595\" srcset=\"https:\/\/saludnl.gob.mx\/regulacion-sanitaria\/wp-content\/uploads\/2025\/05\/6_Mas-info-1.png 601w, https:\/\/saludnl.gob.mx\/regulacion-sanitaria\/wp-content\/uploads\/2025\/05\/6_Mas-info-1-300x145.png 300w\" sizes=\"auto, (max-width: 601px) 100vw, 601px\" \/><\/figure>\n<\/div>\n<\/div>\n\n\n\n<div class=\"wp-block-columns is-layout-flex wp-container-core-columns-is-layout-9d6595d7 wp-block-columns-is-layout-flex\">\n<div class=\"wp-block-column is-layout-flow wp-block-column-is-layout-flow\">\n<ul class=\"wp-block-list\">\n<li>Programar muestreos para determinaci\u00f3n de cloro residual libre en puntos geo referenciados en el Estado de Nuevo Le\u00f3n.<\/li>\n\n\n\n<li>Informar a los responsables y al organismo operador los resultados encontrados para su correcci\u00f3n en caso de encontrarse por debajo de la normativa sanitaria<\/li>\n\n\n\n<li>Analizar microbiol\u00f3gicamente las muestras debajo de norma en el Laboratorio Estatal de Salud P\u00fablica del Estado.<\/li>\n\n\n\n<li>Realizar acciones de fomento sanitario en la comunidad para informar sobre el riesgo asociado.<\/li>\n\n\n\n<li>Reportar los resultados y mantener comunicaci\u00f3n directa con la Comisi\u00f3n Federal para Protecci\u00f3n contra Riesgos Sanitarios<\/li>\n\n\n\n<li>Acciones de coadyuvancia con el Organismo Operador, as\u00ed como con la Comisi\u00f3n Nacional del Agua con el fin de suministrar a la poblaci\u00f3n agua microbiol\u00f3gicamente segura.<\/li>\n<\/ul>\n\n\n\n<p><\/p>\n<\/div>\n\n\n\n<div class=\"wp-block-column is-layout-flow wp-block-column-is-layout-flow\">\n<p><\/p>\n\n\n\n<ul class=\"wp-block-list\">\n<li><a href=\"https:\/\/www.dof.gob.mx\/nota_detalle.php?codigo=5650705&amp;fecha=02\/05\/2022#gsc.tab=0\"><mark style=\"background-color:rgba(0, 0, 0, 0)\" class=\"has-inline-color has-vivid-cyan-blue-color\">NORMA Oficial Mexicana NOM-127-SSA1-2021, Agua para uso y consumo humano. L\u00edmites permisibles de la calidad del agua.<\/mark><\/a><\/li>\n\n\n\n<li><a href=\"https:\/\/dof.gob.mx\/nota_detalle.php?codigo=5603318&amp;fecha=22\/10\/2020#gsc.tab=0\"><mark style=\"background-color:rgba(0, 0, 0, 0)\" class=\"has-inline-color has-vivid-cyan-blue-color\">NORMA Oficial Mexicana NOM-179-SSA1-2020, Agua para uso y consumo humano. Control de la calidad del agua distribuida por los sistemas de abastecimiento de agua.<\/mark><\/a><\/li>\n<\/ul>\n\n\n\n<p><\/p>\n<\/div>\n<\/div>\n","protected":false},"excerpt":{"rendered":"<p>La Secretar\u00eda de Salud a trav\u00e9s de la Subsecretaria de Regulaci\u00f3n y Fomento Sanitario tiene por objetivo: Promover ante las autoridades sanitarias estatales la optimizaci\u00f3n de la vigilancia de la cloraci\u00f3n del agua para uso y consumo humano, estandarizar entre todos los involucrados la metodolog\u00eda de vigilancia de la cloraci\u00f3n del agua, elaborar un sistema [&hellip;]<\/p>\n","protected":false},"author":2,"featured_media":14551,"parent":0,"menu_order":0,"comment_status":"closed","ping_status":"closed","template":"","meta":{"footnotes":""},"class_list":["post-905","page","type-page","status-publish","has-post-thumbnail","hentry"],"_links":{"self":[{"href":"https:\/\/saludnl.gob.mx\/regulacion-sanitaria\/index.php\/wp-json\/wp\/v2\/pages\/905","targetHints":{"allow":["GET"]}}],"collection":[{"href":"https:\/\/saludnl.gob.mx\/regulacion-sanitaria\/index.php\/wp-json\/wp\/v2\/pages"}],"about":[{"href":"https:\/\/saludnl.gob.mx\/regulacion-sanitaria\/index.php\/wp-json\/wp\/v2\/types\/page"}],"author":[{"embeddable":true,"href":"https:\/\/saludnl.gob.mx\/regulacion-sanitaria\/index.php\/wp-json\/wp\/v2\/users\/2"}],"replies":[{"embeddable":true,"href":"https:\/\/saludnl.gob.mx\/regulacion-sanitaria\/index.php\/wp-json\/wp\/v2\/comments?post=905"}],"version-history":[{"count":17,"href":"https:\/\/saludnl.gob.mx\/regulacion-sanitaria\/index.php\/wp-json\/wp\/v2\/pages\/905\/revisions"}],"predecessor-version":[{"id":28599,"href":"https:\/\/saludnl.gob.mx\/regulacion-sanitaria\/index.php\/wp-json\/wp\/v2\/pages\/905\/revisions\/28599"}],"wp:featuredmedia":[{"embeddable":true,"href":"https:\/\/saludnl.gob.mx\/regulacion-sanitaria\/index.php\/wp-json\/wp\/v2\/media\/14551"}],"wp:attachment":[{"href":"https:\/\/saludnl.gob.mx\/regulacion-sanitaria\/index.php\/wp-json\/wp\/v2\/media?parent=905"}],"curies":[{"name":"wp","href":"https:\/\/api.w.org\/{rel}","templated":true}]}}