{"id":8671,"date":"2022-03-02T09:42:57","date_gmt":"2022-03-02T15:42:57","guid":{"rendered":"https:\/\/saludnl.gob.mx\/regulacion-sanitaria\/?page_id=8671"},"modified":"2025-02-18T10:15:18","modified_gmt":"2025-02-18T16:15:18","slug":"centros-de-adicciones","status":"publish","type":"page","link":"https:\/\/saludnl.gob.mx\/regulacion-sanitaria\/index.php\/centros-de-adicciones\/","title":{"rendered":"Centros de Adicciones"},"content":{"rendered":"\n<figure class=\"wp-block-gallery has-nested-images columns-default is-cropped wp-block-gallery-1 is-layout-flex wp-block-gallery-is-layout-flex\">\n<figure class=\"wp-block-image size-large\"><img loading=\"lazy\" decoding=\"async\" width=\"1024\" height=\"341\" data-id=\"27439\" src=\"https:\/\/saludnl.gob.mx\/regulacion-sanitaria\/wp-content\/uploads\/2025\/02\/BANNER-REDISENO-2_Mesa-de-trabajo-1-copia-3-1024x341.jpg\" alt=\"\" class=\"wp-image-27439\" srcset=\"https:\/\/saludnl.gob.mx\/regulacion-sanitaria\/wp-content\/uploads\/2025\/02\/BANNER-REDISENO-2_Mesa-de-trabajo-1-copia-3-1024x341.jpg 1024w, https:\/\/saludnl.gob.mx\/regulacion-sanitaria\/wp-content\/uploads\/2025\/02\/BANNER-REDISENO-2_Mesa-de-trabajo-1-copia-3-300x100.jpg 300w, https:\/\/saludnl.gob.mx\/regulacion-sanitaria\/wp-content\/uploads\/2025\/02\/BANNER-REDISENO-2_Mesa-de-trabajo-1-copia-3-768x256.jpg 768w, https:\/\/saludnl.gob.mx\/regulacion-sanitaria\/wp-content\/uploads\/2025\/02\/BANNER-REDISENO-2_Mesa-de-trabajo-1-copia-3.jpg 1200w\" sizes=\"auto, (max-width: 1024px) 100vw, 1024px\" \/><\/figure>\n<\/figure>\n\n\n\n<h2 class=\"wp-block-heading has-text-align-center has-white-background-color has-background has-large-font-size\">\u00a1Accede a nuestras autoevaluaciones!<\/h2>\n\n\n<ul>\n<li>\n<h4><a href=\"https:\/\/saludnl.gob.mx\/regulacion-sanitaria\/index.php\/guia-de-autoevaluacion-para-establecimientos-especializados-en-la-atencion-de-las-adicciones-derivado-de-atencion-medica\/\">Gu\u00eda de Auto-Evaluaci\u00f3n Para establecimientos especializados en la Atenci\u00f3n de las Adicciones derivado de atenci\u00f3n m\u00e9dica<\/a><\/h4>\n<h4><a href=\"https:\/\/saludnl.gob.mx\/regulacion-sanitaria\/index.php\/guia-de-auto-evaluacion-sanitaria-para-establecimientos-con-atencion-a-las-adicciones-por-saneamiento\/\">Gu\u00eda de Auto-Evaluaci\u00f3n Sanitaria Para Establecimientos con Atenci\u00f3n a las Adicciones por Saneamiento<\/a><\/h4>\n<\/li>\n<\/ul>\n<h2>Para mayor informaci\u00f3n ac\u00e9rcate al Centro Integral de Servicios<br data-rich-text-line-break=\"true\" \/><kbd data-rich-text-format-boundary=\"true\"><br data-rich-text-line-break=\"true\" \/><\/kbd>Agenda tu cita al tel\u00e9fono : (81) 8130-7020<br data-rich-text-line-break=\"true\" \/><br data-rich-text-line-break=\"true\" \/>O en l\u00ednea : <a href=\"https:\/\/saludnl.gob.mx\/regulacion-sanitaria\/index.php\/citas\/\" target=\"_blank\" rel=\"noopener\">\u00a1Agenda tu cita aqu\u00ed!<\/a><br data-rich-text-line-break=\"true\" \/><br data-rich-text-line-break=\"true\" \/>y a trav\u00e9s de nuestro correo electr\u00f3nico: <a href=\"cis.ventanilla@saludnl.gob.mx\">cis.ventanilla@saludnl.gob.mx<\/a><br data-rich-text-line-break=\"true\" \/><br data-rich-text-line-break=\"true\" \/><img loading=\"lazy\" decoding=\"async\" class=\" wp-image-27346 aligncenter\" src=\"https:\/\/saludnl.gob.mx\/regulacion-sanitaria\/wp-content\/uploads\/2025\/02\/Banner-si-detectas-irregularidades-en-los-centros-de-adicciones-2-300x100.jpg\" alt=\"\" width=\"1239\" height=\"413\" srcset=\"https:\/\/saludnl.gob.mx\/regulacion-sanitaria\/wp-content\/uploads\/2025\/02\/Banner-si-detectas-irregularidades-en-los-centros-de-adicciones-2-300x100.jpg 300w, https:\/\/saludnl.gob.mx\/regulacion-sanitaria\/wp-content\/uploads\/2025\/02\/Banner-si-detectas-irregularidades-en-los-centros-de-adicciones-2-1024x341.jpg 1024w, https:\/\/saludnl.gob.mx\/regulacion-sanitaria\/wp-content\/uploads\/2025\/02\/Banner-si-detectas-irregularidades-en-los-centros-de-adicciones-2-768x256.jpg 768w, https:\/\/saludnl.gob.mx\/regulacion-sanitaria\/wp-content\/uploads\/2025\/02\/Banner-si-detectas-irregularidades-en-los-centros-de-adicciones-2.jpg 1200w\" sizes=\"auto, (max-width: 1239px) 100vw, 1239px\" \/><\/h2>","protected":false},"excerpt":{"rendered":"<p>\u00a1Accede a nuestras autoevaluaciones! Gu\u00eda de Auto-Evaluaci\u00f3n Para establecimientos especializados en la Atenci\u00f3n de las Adicciones derivado de atenci\u00f3n m\u00e9dica Gu\u00eda de Auto-Evaluaci\u00f3n Sanitaria Para Establecimientos con Atenci\u00f3n a las Adicciones por Saneamiento Para mayor informaci\u00f3n ac\u00e9rcate al Centro Integral de ServiciosAgenda tu cita al tel\u00e9fono : (81) 8130-7020O en l\u00ednea : \u00a1Agenda tu cita [&hellip;]<\/p>\n","protected":false},"author":5,"featured_media":8477,"parent":0,"menu_order":0,"comment_status":"closed","ping_status":"closed","template":"","meta":{"footnotes":""},"class_list":["post-8671","page","type-page","status-publish","has-post-thumbnail","hentry"],"_links":{"self":[{"href":"https:\/\/saludnl.gob.mx\/regulacion-sanitaria\/index.php\/wp-json\/wp\/v2\/pages\/8671","targetHints":{"allow":["GET"]}}],"collection":[{"href":"https:\/\/saludnl.gob.mx\/regulacion-sanitaria\/index.php\/wp-json\/wp\/v2\/pages"}],"about":[{"href":"https:\/\/saludnl.gob.mx\/regulacion-sanitaria\/index.php\/wp-json\/wp\/v2\/types\/page"}],"author":[{"embeddable":true,"href":"https:\/\/saludnl.gob.mx\/regulacion-sanitaria\/index.php\/wp-json\/wp\/v2\/users\/5"}],"replies":[{"embeddable":true,"href":"https:\/\/saludnl.gob.mx\/regulacion-sanitaria\/index.php\/wp-json\/wp\/v2\/comments?post=8671"}],"version-history":[{"count":10,"href":"https:\/\/saludnl.gob.mx\/regulacion-sanitaria\/index.php\/wp-json\/wp\/v2\/pages\/8671\/revisions"}],"predecessor-version":[{"id":27440,"href":"https:\/\/saludnl.gob.mx\/regulacion-sanitaria\/index.php\/wp-json\/wp\/v2\/pages\/8671\/revisions\/27440"}],"wp:featuredmedia":[{"embeddable":true,"href":"https:\/\/saludnl.gob.mx\/regulacion-sanitaria\/index.php\/wp-json\/wp\/v2\/media\/8477"}],"wp:attachment":[{"href":"https:\/\/saludnl.gob.mx\/regulacion-sanitaria\/index.php\/wp-json\/wp\/v2\/media?parent=8671"}],"curies":[{"name":"wp","href":"https:\/\/api.w.org\/{rel}","templated":true}]}}