{"id":8651,"date":"2022-03-01T15:55:32","date_gmt":"2022-03-01T21:55:32","guid":{"rendered":"https:\/\/saludnl.gob.mx\/regulacion-sanitaria\/?page_id=8651"},"modified":"2024-02-27T08:35:35","modified_gmt":"2024-02-27T14:35:35","slug":"cofepris","status":"publish","type":"page","link":"https:\/\/saludnl.gob.mx\/regulacion-sanitaria\/index.php\/cofepris\/","title":{"rendered":"COFEPRIS"},"content":{"rendered":"\n<h2 class=\"wp-block-heading has-text-align-center\">\u00a1En esta secci\u00f3n podr\u00e1s conocer todas las publicaciones e informaci\u00f3n actualizada!<\/h2>\n\n\n\n<h2 class=\"wp-block-heading\">Escucha un podcast nuevo cada semana&#8230;<\/h2>\n\n\n\n<figure class=\"wp-block-embed is-type-rich is-provider-spotify wp-block-embed-spotify wp-embed-aspect-21-9 wp-has-aspect-ratio\"><div class=\"wp-block-embed__wrapper\">\n<iframe title=\"Spotify Embed: 68 Farmacopea Herbolaria: Pueblo Yaqui (Parte 2)\" style=\"border-radius: 12px\" width=\"100%\" height=\"152\" frameborder=\"0\" allowfullscreen allow=\"autoplay; clipboard-write; encrypted-media; fullscreen; picture-in-picture\" loading=\"lazy\" src=\"https:\/\/open.spotify.com\/embed\/episode\/72UwwEO6dPYwoEZSCoCAgt?si=bf862b3705954c65&#038;utm_source=oembed\"><\/iframe>\n<\/div><\/figure>\n\n\n\n<h2 class=\"wp-block-heading\">EducaPRiS. Capacitaciones al sector regulado<\/h2>\n\n\n\n<figure class=\"wp-block-image size-large\"><a href=\"https:\/\/www.gob.mx\/cofepris\/acciones-y-programas\/educapris-capacitaciones-al-sector-regulado\" target=\"_blank\" rel=\"noreferrer noopener\"><img loading=\"lazy\" decoding=\"async\" width=\"1024\" height=\"341\" src=\"https:\/\/saludnl.gob.mx\/regulacion-sanitaria\/wp-content\/uploads\/2022\/10\/1-copia-1024x341.png\" alt=\"\" class=\"wp-image-11211\" srcset=\"https:\/\/saludnl.gob.mx\/regulacion-sanitaria\/wp-content\/uploads\/2022\/10\/1-copia-1024x341.png 1024w, https:\/\/saludnl.gob.mx\/regulacion-sanitaria\/wp-content\/uploads\/2022\/10\/1-copia-300x100.png 300w, https:\/\/saludnl.gob.mx\/regulacion-sanitaria\/wp-content\/uploads\/2022\/10\/1-copia-768x256.png 768w, https:\/\/saludnl.gob.mx\/regulacion-sanitaria\/wp-content\/uploads\/2022\/10\/1-copia.png 1201w\" sizes=\"auto, (max-width: 1024px) 100vw, 1024px\" \/><\/a><\/figure>\n\n\n\n<h2 class=\"wp-block-heading\">Impulsos COFEPRIS<\/h2>\n\n\n\n<figure class=\"wp-block-image size-full is-resized\"><a href=\"https:\/\/www.gob.mx\/cms\/uploads\/attachment\/file\/762457\/Impulsos_1aSeptiembre.pdf\" target=\"_blank\" rel=\"noopener\"><img loading=\"lazy\" decoding=\"async\" width=\"763\" height=\"648\" src=\"https:\/\/saludnl.gob.mx\/regulacion-sanitaria\/wp-content\/uploads\/2022\/09\/WhatsApp_Image_2022-09-22_at_1.39.32_PM.png\" alt=\"\" class=\"wp-image-11056\" style=\"width:573px;height:487px\" srcset=\"https:\/\/saludnl.gob.mx\/regulacion-sanitaria\/wp-content\/uploads\/2022\/09\/WhatsApp_Image_2022-09-22_at_1.39.32_PM.png 763w, https:\/\/saludnl.gob.mx\/regulacion-sanitaria\/wp-content\/uploads\/2022\/09\/WhatsApp_Image_2022-09-22_at_1.39.32_PM-300x255.png 300w\" sizes=\"auto, (max-width: 763px) 100vw, 763px\" \/><\/a><\/figure>\n\n\n\n<h2 class=\"wp-block-heading\">Conoce los estudios de caso de la COFEPRIS<\/h2>\n\n\n\n<figure class=\"wp-block-image size-full is-resized\"><a href=\"https:\/\/www.gob.mx\/cms\/uploads\/attachment\/file\/800278\/estudio_de_caso_vapeadores__2_.pdf\" target=\"_blank\" rel=\"noopener\"><img loading=\"lazy\" decoding=\"async\" width=\"826\" height=\"595\" src=\"https:\/\/saludnl.gob.mx\/regulacion-sanitaria\/wp-content\/uploads\/2023\/03\/estudio-de-caso-enero-febrero.jpeg\" alt=\"\" class=\"wp-image-13764\" style=\"width:577px;height:416px\" srcset=\"https:\/\/saludnl.gob.mx\/regulacion-sanitaria\/wp-content\/uploads\/2023\/03\/estudio-de-caso-enero-febrero.jpeg 826w, https:\/\/saludnl.gob.mx\/regulacion-sanitaria\/wp-content\/uploads\/2023\/03\/estudio-de-caso-enero-febrero-300x216.jpeg 300w, https:\/\/saludnl.gob.mx\/regulacion-sanitaria\/wp-content\/uploads\/2023\/03\/estudio-de-caso-enero-febrero-768x553.jpeg 768w\" sizes=\"auto, (max-width: 826px) 100vw, 826px\" \/><\/a><\/figure>\n\n\n\n<h2 class=\"wp-block-heading\">Revista COFEPRIS<\/h2>\n\n\n\n<figure class=\"wp-block-image size-full is-resized\"><a href=\"https:\/\/www.gob.mx\/cms\/uploads\/attachment\/file\/895164\/Revista_RCC13_Cooperacion_Internacional_para_fortalecer_nuestro_sistema_de_salud_ENE-FEB-3.pdf\" target=\"_blank\" rel=\"noreferrer noopener\"><img loading=\"lazy\" decoding=\"async\" width=\"609\" height=\"779\" src=\"https:\/\/saludnl.gob.mx\/regulacion-sanitaria\/wp-content\/uploads\/2024\/02\/Captura.png\" alt=\"\" class=\"wp-image-19130\" style=\"width:579px;height:750px\" srcset=\"https:\/\/saludnl.gob.mx\/regulacion-sanitaria\/wp-content\/uploads\/2024\/02\/Captura.png 609w, https:\/\/saludnl.gob.mx\/regulacion-sanitaria\/wp-content\/uploads\/2024\/02\/Captura-235x300.png 235w\" sizes=\"auto, (max-width: 609px) 100vw, 609px\" \/><\/a><\/figure>\n","protected":false},"excerpt":{"rendered":"<p>\u00a1En esta secci\u00f3n podr\u00e1s conocer todas las publicaciones e informaci\u00f3n actualizada! Escucha un podcast nuevo cada semana&#8230; EducaPRiS. Capacitaciones al sector regulado Impulsos COFEPRIS Conoce los estudios de caso de la COFEPRIS Revista COFEPRIS<\/p>\n","protected":false},"author":5,"featured_media":0,"parent":0,"menu_order":0,"comment_status":"closed","ping_status":"closed","template":"","meta":{"footnotes":""},"class_list":["post-8651","page","type-page","status-publish","hentry"],"_links":{"self":[{"href":"https:\/\/saludnl.gob.mx\/regulacion-sanitaria\/index.php\/wp-json\/wp\/v2\/pages\/8651","targetHints":{"allow":["GET"]}}],"collection":[{"href":"https:\/\/saludnl.gob.mx\/regulacion-sanitaria\/index.php\/wp-json\/wp\/v2\/pages"}],"about":[{"href":"https:\/\/saludnl.gob.mx\/regulacion-sanitaria\/index.php\/wp-json\/wp\/v2\/types\/page"}],"author":[{"embeddable":true,"href":"https:\/\/saludnl.gob.mx\/regulacion-sanitaria\/index.php\/wp-json\/wp\/v2\/users\/5"}],"replies":[{"embeddable":true,"href":"https:\/\/saludnl.gob.mx\/regulacion-sanitaria\/index.php\/wp-json\/wp\/v2\/comments?post=8651"}],"version-history":[{"count":100,"href":"https:\/\/saludnl.gob.mx\/regulacion-sanitaria\/index.php\/wp-json\/wp\/v2\/pages\/8651\/revisions"}],"predecessor-version":[{"id":19132,"href":"https:\/\/saludnl.gob.mx\/regulacion-sanitaria\/index.php\/wp-json\/wp\/v2\/pages\/8651\/revisions\/19132"}],"wp:attachment":[{"href":"https:\/\/saludnl.gob.mx\/regulacion-sanitaria\/index.php\/wp-json\/wp\/v2\/media?parent=8651"}],"curies":[{"name":"wp","href":"https:\/\/api.w.org\/{rel}","templated":true}]}}