{"id":8457,"date":"2022-02-14T11:56:04","date_gmt":"2022-02-14T17:56:04","guid":{"rendered":"https:\/\/saludnl.gob.mx\/regulacion-sanitaria\/?page_id=8457"},"modified":"2022-02-14T11:56:04","modified_gmt":"2022-02-14T17:56:04","slug":"distintivo-salud-3","status":"publish","type":"page","link":"https:\/\/saludnl.gob.mx\/regulacion-sanitaria\/index.php\/distintivo-salud-3\/","title":{"rendered":"Distintivo Salud"},"content":{"rendered":"<div id=\"pl-8457\"  class=\"panel-layout\" ><div id=\"pg-8457-0\"  class=\"panel-grid panel-no-style\" ><div id=\"pgc-8457-0-0\"  class=\"panel-grid-cell\" ><div id=\"panel-8457-0-0-0\" class=\"so-panel widget widget_sow-headline panel-first-child\" data-index=\"0\" ><div\n\t\t\t\n\t\t\tclass=\"so-widget-sow-headline so-widget-sow-headline-default-eb58c90b4a68-8457\"\n\t\t\t\n\t\t><div class=\"sow-headline-container \">\n\t\t\t\t\t\t\t<h2 class=\"sow-headline\">\n\t\t\t\t\t\tDistintivo Salud\t\t\t\t\t\t<\/h2>\n\t\t\t\t\t\t\t\t\t\t\t<div class=\"decoration\">\n\t\t\t\t\t\t<div class=\"decoration-inside\"><\/div>\n\t\t\t\t\t<\/div>\n\t\t\t\t\t<\/div>\n<\/div><\/div><div id=\"panel-8457-0-0-1\" class=\"so-panel widget widget_twl_page_in_page_widget panel-last-child\" data-index=\"1\" ><div class=\"twl-page-in-page\"><h3 class=\"widget-title\"><span class=\"twl-page-in-page-title\"><a href=\"https:\/\/saludnl.gob.mx\/regulacion-sanitaria\/?page_id=1442\" title=\"Distintivo Salud\">Distintivo Salud<\/a><span><\/h3><div class=\"twl-page-in-page-content\"><div class=\"twl-page-in-page-image\"><img decoding=\"async\" src=\"\" alt=\"Distintivo Salud\" \/><\/div><div class=\"twl-page-in-page-text\"><p>Distintivo creado por la Subsecretar\u00eda de Regulaci\u00f3n y Fomento Sanitario de la Secretar\u00eda de Salud del Estado de Nuevo Le\u00f3n, a fin de reconocer a aquellos establecimientos que operan en el Estado de Nuevo Le\u00f3n generando espacios saludables para sus empleados y clientes, que ofrecen productos calidad al consumidor cumpliendo cabalmente con la normativa sanitaria.<\/p>\n<p><\/p>\n<hr>\n<p><span style=\"color: #5a3280;\"><strong>Categor\u00edas del Distintivo Salud:<\/strong><\/span><br>&#8211; <strong>Buenas pr\u00e1cticas<\/strong> de higiene para el proceso de alimentos, bebidas o suplementos alimenticios: Dirigido a empresas que expenden alimentos crudos o procesados.<br>&#8211; <strong>Espacios Libres de Humo de Tabaco<\/strong>: dirigido a todo establecimiento del Estado de Nuevo Le\u00f3n, que no cuente con espacio para fumar dentro de sus instalaciones<br>&#8211;<strong> Empresa Saludable:<\/strong> Empresas socialmente responsables que contribuyen en el bienestar social y en el cuidado de la salud ocupacional, mediante la implementaci\u00f3n de protocolos sanitarios para el combate del COVID-19.<\/p>\n<p><strong>-Buenas Pr\u00e1cticas Sanitarias<\/strong>. Otorgado a establecimientos que brindan productos y servicios en cumplimiento a los requerimientos de regulaci\u00f3n sanitaria.<\/p>\n<a href=\"https:\/\/saludnl.gob.mx\/regulacion-sanitaria\/wp-content\/uploads\/2022\/05\/DISTINTIVOSALUD_SALUDNL.pdf\" class=\"pdfemb-viewer\" style=\"\" data-width=\"max\" data-height=\"max\" data-toolbar=\"bottom\" data-toolbar-fixed=\"off\">DISTINTIVOSALUD_SALUDNL<\/a>\n<h1>&nbsp;<\/h1>\n<h1 style=\"text-align: center;\">\u00a1Participa en nuestra nueva convocatoria 2023!<\/h1>\n<p>Procedimiento para la obtenci\u00f3n del Distintivo:<\/p>\n<p>1. <strong>Realizar registro<\/strong> incluyendo sus datos completos y correctos en la siguiente liga:&nbsp;<a href=\"https:\/\/bit.ly\/3JIYRIk\">https:\/\/bit.ly\/3JIYRIk<\/a><br>2. Contar con las <strong>constancias de capacitaci\u00f3n de su persona<\/strong>l de acuerdo al giro, disponibles en la p\u00e1gina:&nbsp;<a href=\"http:\/\/saludnl.gob.mx\/regulacion-sanitaria\/cursos.\">http:\/\/saludnl.gob.mx\/regulacion-sanitaria\/cursos.<\/a><br>3. <strong>Se realizar\u00e1 visita de verificaci\u00f3n sanitaria<\/strong> de fomento para observar las condiciones sanitarias que guarda el establecimiento. <br>4.1: En caso de que <strong>no se detecte ning\u00fan riesgo a la salud<\/strong> en el establecimiento <strong>se proceder\u00e1 a la emisi\u00f3n del distintivo salud<\/strong>, el cual ser\u00e1 entregado en sesi\u00f3n solemne en fecha por definir.<br>4.2: De no acreditar con los lineamientos sanitarios durante la visita de verificaci\u00f3n, se le brindar\u00e1 asesor\u00eda y deber\u00e1 de participar en la siguiente convocatoria del Distintivo Salud.<\/p>\n<p>5. En caso de que desee verificar que su establecimiento sea candidato a recibir el Distintivo Salud, ponemos a su disposici\u00f3n c\u00e9dulas de auto-evaluaci\u00f3n de nuestras tres categor\u00edas:<\/p>\n<div class=\"sdm_download_item \"><div class=\"sdm_download_item_top\"><div class=\"sdm_download_thumbnail\"><\/div><div class=\"sdm_download_title\">C\u00e9dula autoevaluaci\u00f3n<\/div><\/div><div style=\"clear:both;\"><\/div><div class=\"sdm_download_description\"><p>Buenas pr\u00e1cticas de higiene para el proceso de alimentos, bebidas o suplementos alimenticios<\/p>\n<\/div><div class=\"sdm_download_link\"><span class=\"sdm_download_button\"><a href=\"https:\/\/saludnl.gob.mx\/regulacion-sanitaria\/?sdm_process_download=1&download_id=7932\" class=\"sdm_download blue\" title=\"C\u00e9dula autoevaluaci\u00f3n\" target=\"_self\">Descargar<\/a><\/span><span class=\"sdm_download_item_count\"><span class=\"sdm_item_count_number\">422<\/span><span class=\"sdm_item_count_string\"> Downloads<\/span><\/span><\/div><\/div><div class=\"sdm_clear_float\"><\/div>\n<div class=\"sdm_download_item \"><div class=\"sdm_download_item_top\"><div class=\"sdm_download_thumbnail\"><\/div><div class=\"sdm_download_title\">Gu\u00eda de autoverificaci\u00f3n sanitaria de la Ley General para el Control del Tabaco y del RLGCCT<\/div><\/div><div style=\"clear:both;\"><\/div><div class=\"sdm_download_description\"><\/div><div class=\"sdm_download_link\"><span class=\"sdm_download_button\"><a href=\"https:\/\/saludnl.gob.mx\/regulacion-sanitaria\/?sdm_process_download=1&download_id=14288\" class=\"sdm_download blue\" title=\"Gu\u00eda de autoverificaci\u00f3n sanitaria de la Ley General para el Control del Tabaco y del RLGCCT\" target=\"_self\">Gu\u00eda autoevaluaci\u00f3n para descarga<\/a><\/span><span class=\"sdm_download_item_count\"><span class=\"sdm_item_count_number\">564<\/span><span class=\"sdm_item_count_string\"> Downloads<\/span><\/span><\/div><\/div><div class=\"sdm_clear_float\"><\/div>\n<div class=\"sdm_download_item \"><div class=\"sdm_download_item_top\"><div class=\"sdm_download_thumbnail\"><\/div><div class=\"sdm_download_title\">C\u00e9dula autoevaluaci\u00f3n<\/div><\/div><div style=\"clear:both;\"><\/div><div class=\"sdm_download_description\"><p>Empresa Saludable*<\/p>\n<\/div><div class=\"sdm_download_link\"><span class=\"sdm_download_button\"><a href=\"https:\/\/saludnl.gob.mx\/regulacion-sanitaria\/?sdm_process_download=1&download_id=7943\" class=\"sdm_download blue\" title=\"C\u00e9dula autoevaluaci\u00f3n\" target=\"_self\">Descargar<\/a><\/span><span class=\"sdm_download_item_count\"><span class=\"sdm_item_count_number\">454<\/span><span class=\"sdm_item_count_string\"> Downloads<\/span><\/span><\/div><\/div><div class=\"sdm_clear_float\"><\/div>\n<p>*Le recomendamos revisar las autoevaluaciones de lineamientos contra COVID-19, seg\u00fan el tama\u00f1o de su establecimiento en el siguiente enlace: <a href=\"https:\/\/saludnl.gob.mx\/regulacion-sanitaria\/index.php\/reactivacion-economica\/\">https:\/\/saludnl.gob.mx\/regulacion-sanitaria\/index.php\/reactivacion-economica\/<\/a><\/p>\n<p><\/p>\n\n\n<p><\/p>\n<\/div><\/div><\/div><\/div><\/div><\/div><\/div>","protected":false},"excerpt":{"rendered":"<p>Distintivo Salud Distintivo Salud Distintivo creado por la Subsecretar\u00eda de Regulaci\u00f3n y Fomento Sanitario de la Secretar\u00eda de Salud del Estado de Nuevo Le\u00f3n, a fin de reconocer a aquellos establecimientos que operan en el Estado de Nuevo Le\u00f3n generando espacios saludables para sus empleados y clientes, que ofrecen productos calidad al consumidor cumpliendo cabalmente [&hellip;]<\/p>\n","protected":false},"author":5,"featured_media":0,"parent":0,"menu_order":0,"comment_status":"closed","ping_status":"closed","template":"","meta":{"footnotes":""},"class_list":["post-8457","page","type-page","status-publish","hentry"],"_links":{"self":[{"href":"https:\/\/saludnl.gob.mx\/regulacion-sanitaria\/index.php\/wp-json\/wp\/v2\/pages\/8457","targetHints":{"allow":["GET"]}}],"collection":[{"href":"https:\/\/saludnl.gob.mx\/regulacion-sanitaria\/index.php\/wp-json\/wp\/v2\/pages"}],"about":[{"href":"https:\/\/saludnl.gob.mx\/regulacion-sanitaria\/index.php\/wp-json\/wp\/v2\/types\/page"}],"author":[{"embeddable":true,"href":"https:\/\/saludnl.gob.mx\/regulacion-sanitaria\/index.php\/wp-json\/wp\/v2\/users\/5"}],"replies":[{"embeddable":true,"href":"https:\/\/saludnl.gob.mx\/regulacion-sanitaria\/index.php\/wp-json\/wp\/v2\/comments?post=8457"}],"version-history":[{"count":9,"href":"https:\/\/saludnl.gob.mx\/regulacion-sanitaria\/index.php\/wp-json\/wp\/v2\/pages\/8457\/revisions"}],"predecessor-version":[{"id":8467,"href":"https:\/\/saludnl.gob.mx\/regulacion-sanitaria\/index.php\/wp-json\/wp\/v2\/pages\/8457\/revisions\/8467"}],"wp:attachment":[{"href":"https:\/\/saludnl.gob.mx\/regulacion-sanitaria\/index.php\/wp-json\/wp\/v2\/media?parent=8457"}],"curies":[{"name":"wp","href":"https:\/\/api.w.org\/{rel}","templated":true}]}}