{"id":475,"date":"2018-09-03T16:47:06","date_gmt":"2018-09-03T21:47:06","guid":{"rendered":"http:\/\/desarrollo-salud.com.mx\/regulacion-sanitaria\/?page_id=475"},"modified":"2025-01-16T15:02:21","modified_gmt":"2025-01-16T21:02:21","slug":"departamentos","status":"publish","type":"page","link":"https:\/\/saludnl.gob.mx\/regulacion-sanitaria\/index.php\/departamentos\/","title":{"rendered":"Organigrama"},"content":{"rendered":"<div id=\"pl-475\"  class=\"panel-layout\" ><div id=\"pg-475-0\"  class=\"panel-grid panel-no-style\" ><div id=\"pgc-475-0-0\"  class=\"panel-grid-cell\" ><div id=\"panel-475-0-0-0\" class=\"so-panel widget widget_sow-editor panel-first-child panel-last-child\" data-index=\"0\" ><div\n\t\t\t\n\t\t\tclass=\"so-widget-sow-editor so-widget-sow-editor-base\"\n\t\t\t\n\t\t>\n<div class=\"siteorigin-widget-tinymce textwidget\">\n\t<h3 style=\"text-align: center;\"><span style=\"color: #000000;\">La Subsecretar\u00eda de Regulaci\u00f3n y Fomento Sanitario es una unidad administrativa\u00a0 dependiente de la Secretaria de Salud del Estado de Nuevo Le\u00f3n, que para el ejercicio de sus funciones, atribuciones y despacho de asuntos cuenta con la siguiente estructura:\u00a0<\/span><\/h3>\n<p><img loading=\"lazy\" decoding=\"async\" class=\" wp-image-26639 aligncenter\" src=\"https:\/\/saludnl.gob.mx\/regulacion-sanitaria\/wp-content\/uploads\/2025\/01\/Organigrama-300x225.png\" alt=\"\" width=\"844\" height=\"633\" srcset=\"https:\/\/saludnl.gob.mx\/regulacion-sanitaria\/wp-content\/uploads\/2025\/01\/Organigrama-300x225.png 300w, https:\/\/saludnl.gob.mx\/regulacion-sanitaria\/wp-content\/uploads\/2025\/01\/Organigrama-768x576.png 768w, https:\/\/saludnl.gob.mx\/regulacion-sanitaria\/wp-content\/uploads\/2025\/01\/Organigrama.png 960w\" sizes=\"auto, (max-width: 844px) 100vw, 844px\" \/>Fuente: Reglamento Interior de la Secretaria de Salud, publicado el 31 de enero del 2022 en el Peri\u00f3dico Oficial del Estado de Nuevo Le\u00f3n.<\/p>\n<h4><\/h4>\n<hr \/>\n<h2 style=\"text-align: center;\"><span style=\"color: #00ccff;\"><strong>Direcci\u00f3n de Control<\/strong><\/span><\/h2>\n<p style=\"text-align: justify;\"><span style=\"color: #000000;\">Es la autoridad que permite ejercer actos en instancias sanitarias responsables, con el prop\u00f3sito de verificar que los establecimientos, veh\u00edculos, actividades, productos, equipos, y personas cumplan con los requisitos y las condiciones establecidas por la legislaci\u00f3n sanitaria, a fin de prevenir riesgos y da\u00f1os a la salud de la poblaci\u00f3n. Incorpora los actos de la autoridad sanitaria destinados a vigilar y garantizar el cumplimiento de las disposiciones sanitarias por parte de las personas f\u00edsicas o morales sujetas a la regulaci\u00f3n.<\/span><\/p>\n<p style=\"text-align: justify;\"><span style=\"color: #000000;\">En la Direcci\u00f3n de Control tiene por objeto proteger la salud de la poblaci\u00f3n, asegurando el cumplimiento de las disposiciones sanitarias, bien sea haciendo uso de verificaciones, muestreos, monitoreos y supervisiones, o bien imponiendo sanciones o medidas de seguridad. Se realizan dentro de los programas regulares de trabajo de las autoridades sanitarias o atendiendo a los reclamos o informes de particulares sobre anomal\u00edas sanitarias que se presenten.<\/span><\/p>\n<p style=\"text-align: justify;\"><span style=\"color: #000000;\">El control se ejerce en gran medida a trav\u00e9s de la vigilancia sanitaria, la que, sustentada en elementos t\u00e9cnicos, permite al gobierno realizar su acci\u00f3n jur\u00eddica y administrativa para la expedici\u00f3n o revocaci\u00f3n de autoridades sanitarias, la imposici\u00f3n de sanciones o la aplicaci\u00f3n de medidas de seguridad.<\/span><\/p>\n<p style=\"text-align: justify;\"><span style=\"color: #000000;\"><strong>La Direcci\u00f3n de Control se divide en las siguientes departamentos:<\/strong><\/span><\/p>\n<ul>\n<li><span style=\"color: #000000;\"><strong>Salud<\/strong><strong> Ambiental:\u00a0<\/strong><\/span><span style=\"color: #000000;\">Departamento responsable de la vigilancia y control de riesgos sanitarios relacionados con factores que afectan a la salubridad local, registro mediante avisos de funcionamiento y vigilancia de establecimientos de giro industrial procurando la disminuci\u00f3n de los riesgos sanitarios al personal ocupacionalmente expuesto y de la poblaci\u00f3n circundante. Lo anterior bajo la competencia del acuerdo de coordinaci\u00f3n que, para el ejercicio de facultades en materia de control y fomento sanitarios, celebran la Secretar\u00eda de Salud y el Estado de Nuevo Le\u00f3n, publicado en el Diario Oficial de la Federaci\u00f3n el 6 de Julio de 2016.\u00a0<\/span><span style=\"color: #000000;\">El departamento se encarga adem\u00e1s de dar respuesta y seguimiento a los tr\u00e1mites de Certificaci\u00f3n de Pozos de agua industrial y\/o de consumo humano p\u00fablicos y privados, as\u00ed como del tr\u00e1mite de Licencia Sanitaria a las Empresas de Control de Plagas Urbanas, apegado a los lineamientos establecidos por la Comisi\u00f3n Federal para la Protecci\u00f3n contra Riesgos Sanitarios.\u00a0<\/span><span style=\"color: #000000;\">Finalmente, el Departamento de Salud Ambiental y Ocupacional es el encargado de coordinar las actividades de vigilancia y fomento en materia de espacios libres de Humo de Tabaco realizadas por las oficinas regionales de Regulaci\u00f3n Sanitaria y por dem\u00e1s departamentos de la Direcci\u00f3n de Control.<\/span><\/li>\n<li><span style=\"color: #000000;\"><strong>Insumos para la salud: <\/strong>Departamento encargado de realizar<\/span><span style=\"color: #000000;\"> visitas de verificaci\u00f3n con el fin de ejercer el control sanitario en los mismos de acuerdo a la legalizaci\u00f3n sanitaria vigente, en los establecimientos con los giros de farmacias, boticas y droguer\u00edas, por vigilancia sanitaria, por apertura, por seguimiento, por bajas en forma aleatoria y por denuncias. R<\/span><span style=\"color: #000000;\">ealizan adem\u00e1s tr\u00e1mites, tales como: licencias sanitarias, permiso de importaci\u00f3n de uso personal, donaci\u00f3n o de maquila (los cuales se realizan en la ventanilla \u00fanica VUCEM). Para l<\/span><span style=\"color: #000000;\">os tr\u00e1mites de competencia federal, funciona como ventanilla y son canalizados COFEPRIS para su dictamen correspondiente.<\/span><\/li>\n<li><span style=\"color: #000000;\"><strong>Bienes y servicios:\u00a0<\/strong><\/span><span style=\"color: #000000;\">Es el departamento responsable de realizar la vigilancia sanitaria en los establecimientos y expendios que fabrican, comercializan, sirven, importan y\/o exportan: <\/span><span style=\"color: #000000;\">Alimentos, <\/span><span style=\"color: #000000;\">Bebidas no Alcoh\u00f3licas, <\/span><span style=\"color: #000000;\">Bebidas Alcoh\u00f3licas, <\/span><span style=\"color: #000000;\">Productos Cosm\u00e9ticos, <\/span><span style=\"color: #000000;\">Productos de Aseo, <\/span><span style=\"color: #000000;\">Materias Primas.\u00a0<\/span><span style=\"color: #000000;\">Con base en la legislaci\u00f3n sanitaria para que los productos que ofrecen a la poblaci\u00f3n del estado de Nuevo Le\u00f3n, no generen riesgos a la salud.\u00a0<\/span><span style=\"color: #000000;\">Tambi\u00e9n coordina el \u00e1rea de comercio internacional que se encarga de los tr\u00e1mites de importaci\u00f3n y exportaci\u00f3n de juguetes y art\u00edculos escolares que son donados por parte de empresas.\u00a0<\/span><span style=\"color: #000000;\">Trabaja tambi\u00e9n en regular la exportaci\u00f3n de alimentos, bebidas alcoh\u00f3licas y art\u00edculos de aseo y limpieza.\u00a0<\/span><span style=\"color: #0000ff;\"><span style=\"color: #000000;\">Como tambi\u00e9n de hacer los avisos de importaci\u00f3n y realizar los certificados de exportaci\u00f3n.<\/span><\/span><\/li>\n<li><strong>Servicios de Salud:<\/strong> Departamento encargado de monitorear que los establecimientos que brindan atenci\u00f3n m\u00e9dica incluyendo Hospitales y consultorios p\u00fablicos y privados otorguen servicios de calidad e inocuos a la poblaci\u00f3n del Estado de Nuevo Le\u00f3n. As\u00ed mismo coordina la expedici\u00f3n de licencias sanitarias en la materia a fin de contar con un registro de tales establecimientos.<\/li>\n<li><span style=\"color: #000000;\"><strong>Publicidad: <\/strong>Departamento encargado<\/span><span style=\"color: #000000;\"> de elaborar y expedir las normas t\u00e9cnicas de la publicidad dirigida a los profesionales de la medicina y la relativa a productos y servicios, al tratamiento de las enfermedades y a la rehabilitaci\u00f3n de los inv\u00e1lidos, cuyo efecto pueda causar un riesgo a la comunidad.\u00a0<\/span><span style=\"color: #000000;\">Vigila que la publicidad sujeta a regulaci\u00f3n, control y fomento sanitarios se realice de conformidad con las disposiciones legales respectivas. As\u00ed mismo se encarga de e<\/span><span style=\"color: #000000;\">xpedir, revalidar o revocar, en su caso, las autorizaciones de mensajes publicitarios relacionados con las materias antes descritas, y que busquen realzar su existencia, su calidad y sus caracter\u00edsticas, as\u00ed como promover su uso, venta o consumo en forma directa o indirecta, de conformidad con lo dispuesto en el titulo decimotercero de la Ley General de Salud y del Reglamento respectivo.<\/span><\/li>\n<\/ul>\n<hr \/>\n<p>&nbsp;<\/p>\n<h2 style=\"text-align: center;\"><span style=\"color: #00ccff;\"><strong>Direcci\u00f3n de Fomento y Calidad<\/strong><\/span><\/h2>\n<p style=\"text-align: justify;\"><span style=\"color: #000000;\">Es la encargada de realizar funciones de fomento que implican un enfoque preventivo y proactivo para la difusi\u00f3n y divulgaci\u00f3n de la normativa, estas incluyen la promoci\u00f3n, propagaci\u00f3n de informaci\u00f3n y capacitaci\u00f3n espec\u00edfica para los establecimientos, empresas u organizaciones a fin de disminuir riesgos sanitarios.\u00a0<\/span><\/p>\n<hr \/>\n<h2 style=\"text-align: center;\"><span style=\"color: #00ccff;\"><strong>Oficinas Regionales de Regulaci\u00f3n Sanitaria<\/strong><\/span><\/h2>\n<p>Son oficinas descentralizadas de Subsecretar\u00eda de Regulaci\u00f3n y Fomento Sanitario, quienes se encargan de garantizar la calidad de los alimentos producidos y expendidos, monitorean la calidad del agua y realizan actividades de salubridad local en las diferentes regiones del Estado de Nuevo Le\u00f3n. Se dividen por la siguientes \u00e1rea geogr\u00e1ficas:<\/p>\n<ul>\n<li style=\"list-style-type: none;\">\n<ul>\n<li style=\"text-align: left;\"><strong>Oficina de Regulaci\u00f3n Sanitaria No. 1.-<\/strong> Tiene su circunscripci\u00f3n en el Municipio de Monterrey.<\/li>\n<li style=\"text-align: left;\"><strong>Oficina de Regulaci\u00f3n Sanitaria No. 2.-<\/strong> Tiene su circunscripci\u00f3n en los Municipios de Abasolo, El Carmen, Ci\u00e9nega de Flores, General Escobedo, General Zuazua, Mina, Salinas Victoria, San Nicol\u00e1s de los Garza e Hidalgo.<\/li>\n<li style=\"text-align: left;\"><strong>Oficina de Regulaci\u00f3n Sanitaria No. 3.-<\/strong> Tiene su circunscripci\u00f3n sanitaria en los Municipios de Garc\u00eda, San Pedro Garza Garc\u00eda y Santa Catarina.<\/li>\n<li style=\"text-align: left;\"><strong>Oficina de Regulaci\u00f3n Sanitaria No. 4.-<\/strong> Tiene su circunscripci\u00f3n en los Municipios de Apodaca, Guadalupe y Ju\u00e1rez.<\/li>\n<li style=\"text-align: left;\"><strong>Oficina de Regulaci\u00f3n Sanitaria No. 5.-<\/strong> Tiene su circunscripci\u00f3n en los Municipios de Agualeguas, An\u00e1huac, Bustamante, General Trevi\u00f1o, Lampazos de Naranjo, Par\u00e1s, Sabinas Hidalgo, Vallecillo y Villaldama.<\/li>\n<li style=\"text-align: left;\"><strong>Oficina de Regulaci\u00f3n Sanitaria No. 6.-<\/strong> Tiene su circunscripci\u00f3n en los Municipios de Los Aldamas, Cadereyta Jim\u00e9nez, Cerralvo, China, Dr. Coss, Dr. Gonz\u00e1lez, General Bravo, los Herreras, Higueras, Mar\u00edn, Melchor Ocampo, Pesquer\u00eda y los Ramones.<\/li>\n<li style=\"text-align: left;\"><strong>Oficina de Regulaci\u00f3n Sanitaria No. 7.<\/strong>- Tiene su circunscripci\u00f3n en los municipios de Allende, General Ter\u00e1n, Hualahuises, Linares, Montemorelos, Rayones y Santiago.<\/li>\n<li style=\"text-align: left;\"><strong>Oficina de Regulaci\u00f3n Sanitaria No. 8.-<\/strong> Tiene su circunscripci\u00f3n en Dr. Arroyo, Arramberri, Galeana, General Zaragoza, Mier y Noriega e Iturbide.<\/li>\n<\/ul>\n<\/li>\n<\/ul>\n<\/div>\n<\/div><\/div><\/div><\/div><\/div>","protected":false},"excerpt":{"rendered":"<p>La Subsecretar\u00eda de Regulaci\u00f3n y Fomento Sanitario es una unidad administrativa\u00a0 dependiente de la Secretaria de Salud del Estado de Nuevo Le\u00f3n, que para el ejercicio de sus funciones, atribuciones y despacho de asuntos cuenta con la siguiente estructura:\u00a0 Fuente: Reglamento Interior de la Secretaria de Salud, publicado el 31 de enero del 2022 en [&hellip;]<\/p>\n","protected":false},"author":5,"featured_media":0,"parent":0,"menu_order":0,"comment_status":"closed","ping_status":"closed","template":"","meta":{"footnotes":""},"class_list":["post-475","page","type-page","status-publish","hentry"],"_links":{"self":[{"href":"https:\/\/saludnl.gob.mx\/regulacion-sanitaria\/index.php\/wp-json\/wp\/v2\/pages\/475","targetHints":{"allow":["GET"]}}],"collection":[{"href":"https:\/\/saludnl.gob.mx\/regulacion-sanitaria\/index.php\/wp-json\/wp\/v2\/pages"}],"about":[{"href":"https:\/\/saludnl.gob.mx\/regulacion-sanitaria\/index.php\/wp-json\/wp\/v2\/types\/page"}],"author":[{"embeddable":true,"href":"https:\/\/saludnl.gob.mx\/regulacion-sanitaria\/index.php\/wp-json\/wp\/v2\/users\/5"}],"replies":[{"embeddable":true,"href":"https:\/\/saludnl.gob.mx\/regulacion-sanitaria\/index.php\/wp-json\/wp\/v2\/comments?post=475"}],"version-history":[{"count":37,"href":"https:\/\/saludnl.gob.mx\/regulacion-sanitaria\/index.php\/wp-json\/wp\/v2\/pages\/475\/revisions"}],"predecessor-version":[{"id":26641,"href":"https:\/\/saludnl.gob.mx\/regulacion-sanitaria\/index.php\/wp-json\/wp\/v2\/pages\/475\/revisions\/26641"}],"wp:attachment":[{"href":"https:\/\/saludnl.gob.mx\/regulacion-sanitaria\/index.php\/wp-json\/wp\/v2\/media?parent=475"}],"curies":[{"name":"wp","href":"https:\/\/api.w.org\/{rel}","templated":true}]}}