{"id":468,"date":"2018-09-03T16:39:42","date_gmt":"2018-09-03T21:39:42","guid":{"rendered":"http:\/\/desarrollo-salud.com.mx\/regulacion-sanitaria\/?page_id=468"},"modified":"2025-01-16T10:32:18","modified_gmt":"2025-01-16T16:32:18","slug":"que-hacemos","status":"publish","type":"page","link":"https:\/\/saludnl.gob.mx\/regulacion-sanitaria\/index.php\/que-hacemos\/","title":{"rendered":"\u00bfQu\u00e9 hacemos?"},"content":{"rendered":"<div id=\"pl-468\"  class=\"panel-layout\" ><div id=\"pg-468-0\"  class=\"panel-grid panel-no-style\" ><div id=\"pgc-468-0-0\"  class=\"panel-grid-cell\" ><div id=\"panel-468-0-0-0\" class=\"so-panel widget widget_sow-editor panel-first-child panel-last-child\" data-index=\"0\" ><div\n\t\t\t\n\t\t\tclass=\"so-widget-sow-editor so-widget-sow-editor-base\"\n\t\t\t\n\t\t>\n<div class=\"siteorigin-widget-tinymce textwidget\">\n\t<p><img loading=\"lazy\" decoding=\"async\" class=\" wp-image-26571 aligncenter\" src=\"https:\/\/saludnl.gob.mx\/regulacion-sanitaria\/wp-content\/uploads\/2025\/01\/Que-hacemos-e1736807314417-300x101.png\" alt=\"\" width=\"1155\" height=\"389\" srcset=\"https:\/\/saludnl.gob.mx\/regulacion-sanitaria\/wp-content\/uploads\/2025\/01\/Que-hacemos-e1736807314417-300x101.png 300w, https:\/\/saludnl.gob.mx\/regulacion-sanitaria\/wp-content\/uploads\/2025\/01\/Que-hacemos-e1736807314417-1024x346.png 1024w, https:\/\/saludnl.gob.mx\/regulacion-sanitaria\/wp-content\/uploads\/2025\/01\/Que-hacemos-e1736807314417-768x259.png 768w, https:\/\/saludnl.gob.mx\/regulacion-sanitaria\/wp-content\/uploads\/2025\/01\/Que-hacemos-e1736807314417.png 1220w\" sizes=\"auto, (max-width: 1155px) 100vw, 1155px\" \/><\/p>\n<h3><span style=\"color: #000000;\"><span style=\"color: #000080;\">Lo que hacemos:<\/span> <\/span><\/h3>\n<h5 style=\"text-align: justify;\"><span style=\"color: #000000;\">Buscamos proteger a la poblaci\u00f3n Nuevoleonesa contra riesgos a la salud derivados de la actividad del hombre y de factores ambientales a trav\u00e9s de \u00a0la regulaci\u00f3n, control y fomento sanitario que se ejerce sobre las actividades, establecimientos y productos relacionados con:<br \/>\n<\/span><\/h5>\n<h5 style=\"padding-left: 30px; text-align: justify;\"><span style=\"color: #000000;\"><strong>Salud Ambiental y Ocupacional:<\/strong> factores ambientales, f\u00edsicos, qu\u00edmicos y biol\u00f3gicos externos a los que se encuentra expuesta un persona, aplicaci\u00f3n y venta de plaguicidas, venta de nutrientes vegetales y sustancias t\u00f3xicas, saneamiento b\u00e1sico.<\/span><\/h5>\n<h5 style=\"padding-left: 30px; text-align: justify;\"><span style=\"color: #000000;\"><strong>Productos y Servicios<\/strong>: alimentos, bebidas, productos de perf<\/span><span style=\"color: #000000;\">umer\u00eda, belleza y aseo, tabaco.<\/span><\/h5>\n<h5 style=\"padding-left: 30px; text-align: justify;\"><span style=\"color: #000000;\"><strong>Servicios de Salud: <\/strong>unidades de atenci\u00f3n m\u00e9dica p\u00fablicas y privadas, transfusi\u00f3n sangu\u00ednea, trasplantes, gabinetes de rayos X,\u00a0 estancias infantiles, estancias para adulto mayor.<\/span><\/h5>\n<h5 style=\"padding-left: 30px; text-align: justify;\"><span style=\"color: #000000;\"><strong>Insumos para la Salud: <\/strong>dispensaci\u00f3n de medicamentos, material de curaci\u00f3n, dispositivos m\u00e9dicos<\/span><\/h5>\n<h5 style=\"padding-left: 30px; text-align: justify;\"><strong><span style=\"color: #000000;\">Publicidad: <\/span><\/strong>Departamento encargado de elaborar y expedir las normas t\u00e9cnicas de la publicidad, cuyo efecto pueda causar un riesgo a la comunidad.<\/h5>\n<h5 style=\"text-align: justify;\">Lo anterior apegado al <span style=\"text-decoration: underline;\"><a href=\"https:\/\/dof.gob.mx\/nota_detalle.php?codigo=5710278&amp;fecha=04\/12\/2023#gsc.tab=0\">ACUERDO<\/a><\/span> de Coordinaci\u00f3n que, para el ejercicio de facultades en materia de control y fomento sanitarios, celebran la Secretar\u00eda de Salud y el Estado de Nuevo Le\u00f3n.<\/h5>\n<p>&nbsp;<\/p>\n<\/div>\n<\/div><\/div><\/div><\/div><\/div>","protected":false},"excerpt":{"rendered":"<p>Lo que hacemos: Buscamos proteger a la poblaci\u00f3n Nuevoleonesa contra riesgos a la salud derivados de la actividad del hombre y de factores ambientales a trav\u00e9s de \u00a0la regulaci\u00f3n, control y fomento sanitario que se ejerce sobre las actividades, establecimientos y productos relacionados con: Salud Ambiental y Ocupacional: factores ambientales, f\u00edsicos, qu\u00edmicos y biol\u00f3gicos externos [&hellip;]<\/p>\n","protected":false},"author":5,"featured_media":712,"parent":0,"menu_order":0,"comment_status":"closed","ping_status":"closed","template":"","meta":{"footnotes":""},"class_list":["post-468","page","type-page","status-publish","has-post-thumbnail","hentry"],"_links":{"self":[{"href":"https:\/\/saludnl.gob.mx\/regulacion-sanitaria\/index.php\/wp-json\/wp\/v2\/pages\/468","targetHints":{"allow":["GET"]}}],"collection":[{"href":"https:\/\/saludnl.gob.mx\/regulacion-sanitaria\/index.php\/wp-json\/wp\/v2\/pages"}],"about":[{"href":"https:\/\/saludnl.gob.mx\/regulacion-sanitaria\/index.php\/wp-json\/wp\/v2\/types\/page"}],"author":[{"embeddable":true,"href":"https:\/\/saludnl.gob.mx\/regulacion-sanitaria\/index.php\/wp-json\/wp\/v2\/users\/5"}],"replies":[{"embeddable":true,"href":"https:\/\/saludnl.gob.mx\/regulacion-sanitaria\/index.php\/wp-json\/wp\/v2\/comments?post=468"}],"version-history":[{"count":31,"href":"https:\/\/saludnl.gob.mx\/regulacion-sanitaria\/index.php\/wp-json\/wp\/v2\/pages\/468\/revisions"}],"predecessor-version":[{"id":26629,"href":"https:\/\/saludnl.gob.mx\/regulacion-sanitaria\/index.php\/wp-json\/wp\/v2\/pages\/468\/revisions\/26629"}],"wp:featuredmedia":[{"embeddable":true,"href":"https:\/\/saludnl.gob.mx\/regulacion-sanitaria\/index.php\/wp-json\/wp\/v2\/media\/712"}],"wp:attachment":[{"href":"https:\/\/saludnl.gob.mx\/regulacion-sanitaria\/index.php\/wp-json\/wp\/v2\/media?parent=468"}],"curies":[{"name":"wp","href":"https:\/\/api.w.org\/{rel}","templated":true}]}}