{"id":444,"date":"2018-09-03T15:26:10","date_gmt":"2018-09-03T20:26:10","guid":{"rendered":"http:\/\/desarrollo-salud.com.mx\/regulacion-sanitaria\/?page_id=444"},"modified":"2025-02-10T16:11:27","modified_gmt":"2025-02-10T22:11:27","slug":"mision","status":"publish","type":"page","link":"https:\/\/saludnl.gob.mx\/regulacion-sanitaria\/index.php\/mision\/","title":{"rendered":"Misi\u00f3n, Visi\u00f3n y C\u00f3digo de \u00c9tica"},"content":{"rendered":"<div id=\"pl-444\"  class=\"panel-layout\" ><div id=\"pg-444-0\"  class=\"panel-grid panel-no-style\" ><div id=\"pgc-444-0-0\"  class=\"panel-grid-cell\" ><div id=\"panel-444-0-0-0\" class=\"so-panel widget widget_sow-editor panel-first-child panel-last-child\" data-index=\"0\" ><div class=\"panel-widget-style panel-widget-style-for-444-0-0-0\" ><div\n\t\t\t\n\t\t\tclass=\"so-widget-sow-editor so-widget-sow-editor-base\"\n\t\t\t\n\t\t>\n<div class=\"siteorigin-widget-tinymce textwidget\">\n\t<h2 style=\"text-align: center;\"><\/h2>\n<h2 style=\"text-align: center;\">\u00a0\u00a0<img loading=\"lazy\" decoding=\"async\" class=\"alignnone  wp-image-27276\" src=\"https:\/\/saludnl.gob.mx\/regulacion-sanitaria\/wp-content\/uploads\/2025\/02\/vision-194x300.png\" alt=\"\" width=\"420\" height=\"649\" srcset=\"https:\/\/saludnl.gob.mx\/regulacion-sanitaria\/wp-content\/uploads\/2025\/02\/vision-194x300.png 194w, https:\/\/saludnl.gob.mx\/regulacion-sanitaria\/wp-content\/uploads\/2025\/02\/vision.png 581w\" sizes=\"auto, (max-width: 420px) 100vw, 420px\" \/> <img loading=\"lazy\" decoding=\"async\" class=\"alignnone  wp-image-27277\" src=\"https:\/\/saludnl.gob.mx\/regulacion-sanitaria\/wp-content\/uploads\/2025\/02\/mision-193x300.png\" alt=\"\" width=\"420\" height=\"653\" srcset=\"https:\/\/saludnl.gob.mx\/regulacion-sanitaria\/wp-content\/uploads\/2025\/02\/mision-193x300.png 193w, https:\/\/saludnl.gob.mx\/regulacion-sanitaria\/wp-content\/uploads\/2025\/02\/mision.png 580w\" sizes=\"auto, (max-width: 420px) 100vw, 420px\" \/><\/h2>\n<h2 style=\"text-align: center;\"><\/h2>\n<hr \/>\n<h4 style=\"text-align: center;\"><span style=\"color: #000000;\">\u00a0<\/span><\/h4>\n<h3 style=\"text-align: center;\"><span style=\"color: ##00008b;\"><a style=\"color: ##00008b;\" href=\"https:\/\/www.nl.gob.mx\/codigodeetica\">C\u00f3digo de \u00e9tica de los servidores p\u00fablicos del Estado de Nuevo Le\u00f3n<\/a>:<\/span><\/h3>\n<div class=\"campaign-bg--clear\">\n<div id=\"Principios\" class=\"container container--wide\">\n<div class=\"block-regular no-border pt-50\">\n<div class=\"row\">\n<div class=\"col-sm-12 block-regular__content\">\n<h2>Principios rectores<\/h2>\n<p>De observancia general para todas las personas servidoras p\u00fablicas, en el desempe\u00f1o de su empleo, cargo o comisi\u00f3n.<\/p>\n<ol>\n<li>Respeto a los derechos humanos<\/li>\n<li>Legalidad<\/li>\n<li>Honradez<\/li>\n<li>Lealtad<\/li>\n<li>Imparcialidad<\/li>\n<li>Eficiencia<\/li>\n<li>Econom\u00eda<\/li>\n<li>Disciplina<\/li>\n<li>Profesionalismo<\/li>\n<li>Objetividad<\/li>\n<li>Transparencia<\/li>\n<li>Rendici\u00f3n de cuentas<\/li>\n<li>Competencia por m\u00e9rito<\/li>\n<li>Eficacia<\/li>\n<li>Integridad<\/li>\n<li>Equidad<\/li>\n<\/ol>\n<\/div>\n<\/div>\n<\/div>\n<\/div>\n<\/div>\n<div class=\"campaign-bg--dark\">\n<div id=\"Valores\" class=\"container container--wide\">\n<div class=\"block-regular no-border pt-50\">\n<div class=\"row\">\n<div class=\"col-sm-12 block-regular__content\">\n<h2>Valores<\/h2>\n<p>Los valores que todas las personas servidoras p\u00fablicas deben anteponer en el desempe\u00f1o de su empleo, cargo o comisi\u00f3n, son los siguientes:<\/p>\n<ol>\n<li>Inter\u00e9s P\u00fablico<\/li>\n<li>Respeto<\/li>\n<li>Igualdad y no discriminaci\u00f3n<\/li>\n<li>Equidad de g\u00e9nero<\/li>\n<li>Entorno Cultural y Ecol\u00f3gico<\/li>\n<li>Cooperaci\u00f3n<\/li>\n<li>Liderazgo<\/li>\n<\/ol>\n<\/div>\n<\/div>\n<\/div>\n<\/div>\n<\/div>\n<div class=\"campaign-bg--clear\">\n<div id=\"Reglas\" class=\"container container--wide\">\n<div class=\"block-regular no-border pt-50\">\n<div class=\"row\">\n<div class=\"col-sm-12 block-regular__content\">\n<h2>Reglas de Integridad<\/h2>\n<p>Son las directrices que rigen las conductas de las personas servidoras p\u00fablicas, en el ejercicio del empleo, cargo o comisi\u00f3n:<\/p>\n<ol>\n<li>Actuaci\u00f3n p\u00fablica<\/li>\n<li>Informaci\u00f3n p\u00fablica<\/li>\n<li>Contrataciones p\u00fablicas, licencias, permisos, autorizaci\u00f3n y concesiones<\/li>\n<li>Programas gubernamentales<\/li>\n<li>Tr\u00e1mites y servicios<\/li>\n<li>Recursos humanos<\/li>\n<li>Administraci\u00f3n de bienes muebles e inmuebles<\/li>\n<li>Procesos de evaluaci\u00f3n<\/li>\n<li>Control interno<\/li>\n<li>Procedimiento administrativo<\/li>\n<li>Desempe\u00f1o permanente con integridad<\/li>\n<li>Cooperaci\u00f3n con la integridad, y<\/li>\n<li>Comportamiento digno<\/li>\n<\/ol>\n<\/div>\n<\/div>\n<\/div>\n<\/div>\n<\/div>\n<p style=\"text-align: center;\"><a href=\"https:\/\/saludnl.gob.mx\/regulacion-sanitaria\/index.php\/codigo-de-etica-de-los-servidores-publicos-del-admon-publica\/\">Consulta el c\u00f3digo de \u00c9tica aqu\u00ed\u00a0<\/a><\/p>\n<div class=\"sdm_download_button_box_default\"><div class=\"sdm_download_link\"><a href=\"https:\/\/saludnl.gob.mx\/regulacion-sanitaria\/?sdm_process_download=1&download_id=13210\" class=\"sdm_download blue\" title=\"C\u00f3digo de \u00c9tica de los Servidores P\u00fablicos del Admon P\u00fablica\" >Descargar C\u00f3digo de \u00c9tica<\/a><\/div><\/div>\n<div class=\"sdm_download_count\"><span class=\"sdm_count_number\">445<\/span><span class=\"sdm_count_string\"> Downloads<\/span><\/div>\n<p>&nbsp;<\/p>\n<h2 style=\"text-align: center;\">Protocolo para la prevenci\u00f3n y atenci\u00f3n del hostigamiento sexual y acoso sexual para la administraci\u00f3n p\u00fablica del Estado.<\/h2>\n<p style=\"text-align: center;\"><a href=\"https:\/\/saludnl.gob.mx\/regulacion-sanitaria\/index.php\/protocolo-para-la-prevencion-y-atencion-del-hostigamiento-sexual-y-acoso-sexual-para-la-administracion-publica-del-estado\/\">Consulta el Protocolo aqu\u00ed<\/a><\/p>\n<div class=\"sdm_download_button_box_default\"><div class=\"sdm_download_link\"><a href=\"https:\/\/saludnl.gob.mx\/regulacion-sanitaria\/?sdm_process_download=1&download_id=13288\" class=\"sdm_download blue\" title=\"Protocolo para la prevenci\u00f3n y atenci\u00f3n del hostigamiento sexual y acoso sexual para la administraci\u00f3n p\u00fablica del Estado.\" >\u00a1Descarga el protocolo aqu\u00ed!<\/a><\/div><\/div>\n<div class=\"sdm_download_count\"><span class=\"sdm_count_number\">378<\/span><span class=\"sdm_count_string\"> Downloads<\/span><\/div>\n<p>&nbsp;<\/p>\n<\/div>\n<\/div><\/div><\/div><\/div><\/div><\/div>","protected":false},"excerpt":{"rendered":"<p>\u00a0\u00a0 \u00a0 C\u00f3digo de \u00e9tica de los servidores p\u00fablicos del Estado de Nuevo Le\u00f3n: Principios rectores De observancia general para todas las personas servidoras p\u00fablicas, en el desempe\u00f1o de su empleo, cargo o comisi\u00f3n. Respeto a los derechos humanos Legalidad Honradez Lealtad Imparcialidad Eficiencia Econom\u00eda Disciplina Profesionalismo Objetividad Transparencia Rendici\u00f3n de cuentas Competencia por m\u00e9rito [&hellip;]<\/p>\n","protected":false},"author":5,"featured_media":0,"parent":0,"menu_order":0,"comment_status":"closed","ping_status":"closed","template":"","meta":{"footnotes":""},"class_list":["post-444","page","type-page","status-publish","hentry"],"_links":{"self":[{"href":"https:\/\/saludnl.gob.mx\/regulacion-sanitaria\/index.php\/wp-json\/wp\/v2\/pages\/444","targetHints":{"allow":["GET"]}}],"collection":[{"href":"https:\/\/saludnl.gob.mx\/regulacion-sanitaria\/index.php\/wp-json\/wp\/v2\/pages"}],"about":[{"href":"https:\/\/saludnl.gob.mx\/regulacion-sanitaria\/index.php\/wp-json\/wp\/v2\/types\/page"}],"author":[{"embeddable":true,"href":"https:\/\/saludnl.gob.mx\/regulacion-sanitaria\/index.php\/wp-json\/wp\/v2\/users\/5"}],"replies":[{"embeddable":true,"href":"https:\/\/saludnl.gob.mx\/regulacion-sanitaria\/index.php\/wp-json\/wp\/v2\/comments?post=444"}],"version-history":[{"count":43,"href":"https:\/\/saludnl.gob.mx\/regulacion-sanitaria\/index.php\/wp-json\/wp\/v2\/pages\/444\/revisions"}],"predecessor-version":[{"id":27279,"href":"https:\/\/saludnl.gob.mx\/regulacion-sanitaria\/index.php\/wp-json\/wp\/v2\/pages\/444\/revisions\/27279"}],"wp:attachment":[{"href":"https:\/\/saludnl.gob.mx\/regulacion-sanitaria\/index.php\/wp-json\/wp\/v2\/media?parent=444"}],"curies":[{"name":"wp","href":"https:\/\/api.w.org\/{rel}","templated":true}]}}