{"id":31520,"date":"2026-05-06T13:04:18","date_gmt":"2026-05-06T19:04:18","guid":{"rendered":"https:\/\/saludnl.gob.mx\/regulacion-sanitaria\/?page_id=31520"},"modified":"2026-05-06T13:18:11","modified_gmt":"2026-05-06T19:18:11","slug":"padron-de-establecimientos-de-control-de-plagas","status":"publish","type":"page","link":"https:\/\/saludnl.gob.mx\/regulacion-sanitaria\/index.php\/padron-de-establecimientos-de-control-de-plagas\/","title":{"rendered":"Padr\u00f3n de Establecimientos de Control de Plagas emitidas por la Subsecretar\u00eda de Regulaci\u00f3n y Fomento Sanitario del Estado de Nuevo Le\u00f3n"},"content":{"rendered":"<p>Aqu\u00ed encontrar\u00e1s la informaci\u00f3n relacionada con las licencias sanitarias emitidas a establecimientos con giro de control de plagas en Nuevo Le\u00f3n de conformidad con el art\u00edculo 198, fracci\u00f3n III, de la Ley General de Salud.<\/p>\n\n<a href=\"https:\/\/saludnl.gob.mx\/regulacion-sanitaria\/wp-content\/uploads\/2024\/05\/VIGILANCIA-CONTROL-DE-PLAGAS-2026-2.pdf\" class=\"pdfemb-viewer\" style=\"\" data-width=\"max\" data-height=\"max\" data-toolbar=\"bottom\" data-toolbar-fixed=\"off\">VIGILANCIA-CONTROL-DE-PLAGAS-2026-2<\/a>\n\n<div class=\"sdm_download_item \"><div class=\"sdm_download_item_top\"><div class=\"sdm_download_thumbnail\"><\/div><div class=\"sdm_download_title\">Licencias de control de plagas activas.<\/div><\/div><div style=\"clear:both;\"><\/div><div class=\"sdm_download_description\"><p>Licencias de Control de Plagas activas emitidas por la Subsecretar\u00eda de Regulaci\u00f3n y Fomento Sanitario.<\/p>\n<p>Actualizaci\u00f3n marzo 2026<\/p>\n<\/div><div class=\"sdm_download_link\"><span class=\"sdm_download_button\"><a href=\"https:\/\/saludnl.gob.mx\/regulacion-sanitaria\/?sdm_process_download=1&download_id=19935\" class=\"sdm_download blue\" title=\"Licencias de control de plagas activas.\" target=\"_self\">Descarga ahora<\/a><\/span><span class=\"sdm_download_item_count\"><span class=\"sdm_item_count_number\">2007<\/span><span class=\"sdm_item_count_string\"> Downloads<\/span><\/span><\/div><\/div><div class=\"sdm_clear_float\"><\/div>\n\n\n\n<p>Autorizaciones emitidas por la Subsecretar\u00eda de Regulaci\u00f3n y Fomento Sanitario mediante el <a href=\"https:\/\/dof.gob.mx\/nota_detalle.php?codigo=5710278&amp;fecha=04\/12\/2023#gsc.tab=0\">Acuerdo de Coordinaci\u00f3n para el ejercicio de facultades en materia de control y fomento sanitarios, que celebran la Secretar\u00eda de Salud, con la participaci\u00f3n de la Comisi\u00f3n Federal para la Protecci\u00f3n contra Riesgos Sanitarios, y el Estado de Nuevo Le\u00f3n<\/a>. Publicado el <strong>04\/12\/2023.<\/strong><\/p>\n","protected":false},"excerpt":{"rendered":"<p>Aqu\u00ed encontrar\u00e1s la informaci\u00f3n relacionada con las licencias sanitarias emitidas a establecimientos con giro de control de plagas en Nuevo Le\u00f3n de conformidad con el art\u00edculo 198, fracci\u00f3n III, de la Ley General de Salud. Autorizaciones emitidas por la Subsecretar\u00eda de Regulaci\u00f3n y Fomento Sanitario mediante el Acuerdo de Coordinaci\u00f3n para el ejercicio de facultades [&hellip;]<\/p>\n","protected":false},"author":7,"featured_media":0,"parent":0,"menu_order":0,"comment_status":"closed","ping_status":"closed","template":"","meta":{"footnotes":""},"class_list":["post-31520","page","type-page","status-publish","hentry"],"_links":{"self":[{"href":"https:\/\/saludnl.gob.mx\/regulacion-sanitaria\/index.php\/wp-json\/wp\/v2\/pages\/31520","targetHints":{"allow":["GET"]}}],"collection":[{"href":"https:\/\/saludnl.gob.mx\/regulacion-sanitaria\/index.php\/wp-json\/wp\/v2\/pages"}],"about":[{"href":"https:\/\/saludnl.gob.mx\/regulacion-sanitaria\/index.php\/wp-json\/wp\/v2\/types\/page"}],"author":[{"embeddable":true,"href":"https:\/\/saludnl.gob.mx\/regulacion-sanitaria\/index.php\/wp-json\/wp\/v2\/users\/7"}],"replies":[{"embeddable":true,"href":"https:\/\/saludnl.gob.mx\/regulacion-sanitaria\/index.php\/wp-json\/wp\/v2\/comments?post=31520"}],"version-history":[{"count":4,"href":"https:\/\/saludnl.gob.mx\/regulacion-sanitaria\/index.php\/wp-json\/wp\/v2\/pages\/31520\/revisions"}],"predecessor-version":[{"id":31528,"href":"https:\/\/saludnl.gob.mx\/regulacion-sanitaria\/index.php\/wp-json\/wp\/v2\/pages\/31520\/revisions\/31528"}],"wp:attachment":[{"href":"https:\/\/saludnl.gob.mx\/regulacion-sanitaria\/index.php\/wp-json\/wp\/v2\/media?parent=31520"}],"curies":[{"name":"wp","href":"https:\/\/api.w.org\/{rel}","templated":true}]}}