{"id":31516,"date":"2026-05-06T12:57:32","date_gmt":"2026-05-06T18:57:32","guid":{"rendered":"https:\/\/saludnl.gob.mx\/regulacion-sanitaria\/?page_id=31516"},"modified":"2026-05-06T12:58:02","modified_gmt":"2026-05-06T18:58:02","slug":"padron-de-farmaciasnl","status":"publish","type":"page","link":"https:\/\/saludnl.gob.mx\/regulacion-sanitaria\/index.php\/padron-de-farmaciasnl\/","title":{"rendered":"Padr\u00f3n de farmacias emitidas por la Subsecretar\u00eda de Regulaci\u00f3n y Fomento Sanitario del Estado de Nuevo Le\u00f3n"},"content":{"rendered":"<div id=\"pl-31516\"  class=\"panel-layout\" ><div id=\"pg-31516-0\"  class=\"panel-grid panel-no-style\" ><div id=\"pgc-31516-0-0\"  class=\"panel-grid-cell\" ><div id=\"panel-31516-0-0-0\" class=\"so-panel widget widget_sow-editor panel-first-child panel-last-child\" data-index=\"0\" ><div\n\t\t\t\n\t\t\tclass=\"so-widget-sow-editor so-widget-sow-editor-base\"\n\t\t\t\n\t\t>\n<div class=\"siteorigin-widget-tinymce textwidget\">\n\t<p><em>Aqu\u00ed encontrar\u00e1s la informaci\u00f3n relacionada con las licencias sanitarias emitidas a establecimientos con giro de farmacias en Nuevo Le\u00f3n\u00a0 de conformidad con el art\u00edculo 198, fracci\u00f3n I, de la Ley General de Salud.<\/em><\/p>\n<p>\u00a0<\/p>\n<\/div>\n<\/div><\/div><\/div><\/div><\/div>","protected":false},"excerpt":{"rendered":"<p>Aqu\u00ed encontrar\u00e1s la informaci\u00f3n relacionada con las licencias sanitarias emitidas a establecimientos con giro de farmacias en Nuevo Le\u00f3n\u00a0 de conformidad con el art\u00edculo 198, fracci\u00f3n I, de la Ley General de Salud.\u00a0<\/p>\n","protected":false},"author":7,"featured_media":0,"parent":0,"menu_order":0,"comment_status":"closed","ping_status":"closed","template":"","meta":{"footnotes":""},"class_list":["post-31516","page","type-page","status-publish","hentry"],"_links":{"self":[{"href":"https:\/\/saludnl.gob.mx\/regulacion-sanitaria\/index.php\/wp-json\/wp\/v2\/pages\/31516","targetHints":{"allow":["GET"]}}],"collection":[{"href":"https:\/\/saludnl.gob.mx\/regulacion-sanitaria\/index.php\/wp-json\/wp\/v2\/pages"}],"about":[{"href":"https:\/\/saludnl.gob.mx\/regulacion-sanitaria\/index.php\/wp-json\/wp\/v2\/types\/page"}],"author":[{"embeddable":true,"href":"https:\/\/saludnl.gob.mx\/regulacion-sanitaria\/index.php\/wp-json\/wp\/v2\/users\/7"}],"replies":[{"embeddable":true,"href":"https:\/\/saludnl.gob.mx\/regulacion-sanitaria\/index.php\/wp-json\/wp\/v2\/comments?post=31516"}],"version-history":[{"count":1,"href":"https:\/\/saludnl.gob.mx\/regulacion-sanitaria\/index.php\/wp-json\/wp\/v2\/pages\/31516\/revisions"}],"predecessor-version":[{"id":31517,"href":"https:\/\/saludnl.gob.mx\/regulacion-sanitaria\/index.php\/wp-json\/wp\/v2\/pages\/31516\/revisions\/31517"}],"wp:attachment":[{"href":"https:\/\/saludnl.gob.mx\/regulacion-sanitaria\/index.php\/wp-json\/wp\/v2\/media?parent=31516"}],"curies":[{"name":"wp","href":"https:\/\/api.w.org\/{rel}","templated":true}]}}