{"id":30802,"date":"2026-01-28T14:07:57","date_gmt":"2026-01-28T20:07:57","guid":{"rendered":"https:\/\/saludnl.gob.mx\/regulacion-sanitaria\/?page_id=30802"},"modified":"2026-03-03T11:13:12","modified_gmt":"2026-03-03T17:13:12","slug":"tramites-de-publicidad-regulatoria","status":"publish","type":"page","link":"https:\/\/saludnl.gob.mx\/regulacion-sanitaria\/index.php\/tramites-de-publicidad-regulatoria\/","title":{"rendered":"Tr\u00e1mites de Publicidad Regulatoria"},"content":{"rendered":"<p><strong>Permiso de publicidad, para productos y servicios<\/strong><\/p>\n<ul>\n<li>Modalidad A.- Productos y servicios. (para el caso de bebidas alcoh\u00f3licas, suplementos alimenticios, plaguicidas, nutrientes vegetales y sustancias t\u00f3xicas, servicios de salud, servicios y procedimientos de embellecimiento f\u00edsico). <a href=\"https:\/\/drive.google.com\/file\/d\/1Qk283XLso0w9R9nXXrVzKT0KAcnuGErH\/view?usp=sharing\">COFEPRIS-02-001-A<\/a><\/li>\n<li>Modalidad B.- Insumos para la salud.(medicamentos, remedios herbolarios, dispositivos m\u00e9dicos y productos biotecnol\u00f3gicos). <a href=\"https:\/\/drive.google.com\/file\/d\/1VKB13pO_m--dhijfoBURdeKSAvRbVueD\/view?usp=sharing\">COFEPRIS-02-001-B<\/a><\/li>\n<li>Modalidad C.- Permiso de publicidad para alimentos y bebidas no alcoh\u00f3licas. <a href=\"https:\/\/drive.google.com\/file\/d\/1GbjYt_4Fzir9I-lKOWyWdh4iRnEOpY7x\/view?usp=sharing\">COFEPRIS-02-001-C<\/a><\/li>\n<\/ul>\n<p>\u00a0<\/p>\n\n\n<\/p>\n<h3 class=\"wp-block-heading\">Formatos Vigentes:<\/h3>\n<p>\n\n\n\n<\/p>\n<ul class=\"wp-block-list\">\n\n<li><a href=\"https:\/\/www.gob.mx\/cofepris\/acciones-y-programas\/formatos-vigentes?idiom=es\">Los formatos presentados en esta p\u00e1gina son los vigentes (Actualizaci\u00f3n enero 2026) <\/a><\/li>\n\n<\/ul>\n<p>\n\n\n<\/p>\n\n\n<figure class=\"wp-block-image size-large\"><a href=\"https:\/\/saludnl.gob.mx\/regulacion-sanitaria\/index.php\/citas\/\"><img loading=\"lazy\" decoding=\"async\" width=\"1024\" height=\"85\" src=\"https:\/\/saludnl.gob.mx\/regulacion-sanitaria\/wp-content\/uploads\/2026\/01\/Diapositiva1-1-1024x85.png\" alt=\"\" class=\"wp-image-30804\" srcset=\"https:\/\/saludnl.gob.mx\/regulacion-sanitaria\/wp-content\/uploads\/2026\/01\/Diapositiva1-1-1024x85.png 1024w, https:\/\/saludnl.gob.mx\/regulacion-sanitaria\/wp-content\/uploads\/2026\/01\/Diapositiva1-1-300x25.png 300w, https:\/\/saludnl.gob.mx\/regulacion-sanitaria\/wp-content\/uploads\/2026\/01\/Diapositiva1-1-768x64.png 768w, https:\/\/saludnl.gob.mx\/regulacion-sanitaria\/wp-content\/uploads\/2026\/01\/Diapositiva1-1.png 1200w\" sizes=\"auto, (max-width: 1024px) 100vw, 1024px\" \/><\/a><\/figure>\n","protected":false},"excerpt":{"rendered":"<p>Permiso de publicidad, para productos y servicios Modalidad A.- Productos y servicios. (para el caso de bebidas alcoh\u00f3licas, suplementos alimenticios, plaguicidas, nutrientes vegetales y sustancias t\u00f3xicas, servicios de salud, servicios y procedimientos de embellecimiento f\u00edsico). COFEPRIS-02-001-A Modalidad B.- Insumos para la salud.(medicamentos, remedios herbolarios, dispositivos m\u00e9dicos y productos biotecnol\u00f3gicos). COFEPRIS-02-001-B Modalidad C.- Permiso de publicidad [&hellip;]<\/p>\n","protected":false},"author":9,"featured_media":0,"parent":0,"menu_order":0,"comment_status":"closed","ping_status":"closed","template":"","meta":{"footnotes":""},"class_list":["post-30802","page","type-page","status-publish","hentry"],"_links":{"self":[{"href":"https:\/\/saludnl.gob.mx\/regulacion-sanitaria\/index.php\/wp-json\/wp\/v2\/pages\/30802","targetHints":{"allow":["GET"]}}],"collection":[{"href":"https:\/\/saludnl.gob.mx\/regulacion-sanitaria\/index.php\/wp-json\/wp\/v2\/pages"}],"about":[{"href":"https:\/\/saludnl.gob.mx\/regulacion-sanitaria\/index.php\/wp-json\/wp\/v2\/types\/page"}],"author":[{"embeddable":true,"href":"https:\/\/saludnl.gob.mx\/regulacion-sanitaria\/index.php\/wp-json\/wp\/v2\/users\/9"}],"replies":[{"embeddable":true,"href":"https:\/\/saludnl.gob.mx\/regulacion-sanitaria\/index.php\/wp-json\/wp\/v2\/comments?post=30802"}],"version-history":[{"count":4,"href":"https:\/\/saludnl.gob.mx\/regulacion-sanitaria\/index.php\/wp-json\/wp\/v2\/pages\/30802\/revisions"}],"predecessor-version":[{"id":31102,"href":"https:\/\/saludnl.gob.mx\/regulacion-sanitaria\/index.php\/wp-json\/wp\/v2\/pages\/30802\/revisions\/31102"}],"wp:attachment":[{"href":"https:\/\/saludnl.gob.mx\/regulacion-sanitaria\/index.php\/wp-json\/wp\/v2\/media?parent=30802"}],"curies":[{"name":"wp","href":"https:\/\/api.w.org\/{rel}","templated":true}]}}