{"id":30800,"date":"2026-01-28T14:02:02","date_gmt":"2026-01-28T20:02:02","guid":{"rendered":"https:\/\/saludnl.gob.mx\/regulacion-sanitaria\/?page_id=30800"},"modified":"2026-03-03T11:05:28","modified_gmt":"2026-03-03T17:05:28","slug":"tramites-insumos-para-la-salud","status":"publish","type":"page","link":"https:\/\/saludnl.gob.mx\/regulacion-sanitaria\/index.php\/tramites-insumos-para-la-salud\/","title":{"rendered":"Tr\u00e1mites Insumos para la Salud"},"content":{"rendered":"<h5>Aviso de Funcionamiento<\/h5>\n<ul>\n<li><span class=\"a_GcMg font-feature-liga-off font-feature-clig-off font-feature-calt-off text-decoration-none text-strikethrough-none\">Aviso de funcionamiento y de responsable sanitario de los establecimientos de insumos para la salud. <a href=\"https:\/\/drive.google.com\/file\/d\/1bwlU-vqiavDwGqKzR_iWzV9MJhf7fh3h\/view?usp=sharing\">COFEPRIS-05-006<\/a><\/span><\/li>\n<li><span class=\"a_GcMg font-feature-liga-off font-feature-clig-off font-feature-calt-off text-decoration-none text-strikethrough-none\">Aviso de Modificaci\u00f3n o Baja al Aviso de Funcionamiento y\/o Responsable Sanitario del Establecimiento de Insumos para la Salud. <a href=\"https:\/\/drive.google.com\/file\/d\/1WVwIad0ru9SHBmzI72sUpnnykWA34qqS\/view?usp=sharing\">COFEPRIS-05-007<\/a><\/span><\/li>\n<\/ul>\n<h5>Licencia Sanitaria\u00a0<\/h5>\n<ul>\n<li><span class=\"a_GcMg font-feature-liga-off font-feature-clig-off font-feature-calt-off text-decoration-none text-strikethrough-none\">Solicitud de expedici\u00f3n de Licencia Sanitaria para establecimiento de Insumos para la salud. <a href=\"https:\/\/drive.google.com\/file\/d\/1u2FX2t8P_3_Doyb_ttM44FJRnPgXNOe8\/view?usp=sharing\">COFEPRIS-05-001 (Modalidades A-H).<\/a><\/span><\/li>\n<\/ul>\n<h5>Aviso de Responsable Sanitario para licencia Sanitaria para establecimiento de insumos para la salud<\/h5>\n<ul>\n<li>Responsable Sanitario de Establecimiento (que Opera con Licencia Sanitaria) <a href=\"https:\/\/drive.google.com\/file\/d\/1LckDEmjN8UhM1hqCHChWTAVWG8Hncvah\/view?usp=sharing\">COFEPRIS-05-011<\/a><\/li>\n<\/ul>\n<h5>Aviso de previsiones<\/h5>\n<ul>\n<li>De compra-venta de medicamentos que contengan estupefacientes para farmacias, droguer\u00edas y boticas.<a href=\"https:\/\/drive.google.com\/file\/d\/1csSf5dJrQKCxIQ9J-ivXt6IjJVcXQy8A\/view?usp=sharing\">\u00a0COFEPRIS-03-014<\/a><\/li>\n<\/ul>\n<h5>Autorizaci\u00f3n de Libros de Control<\/h5>\n<ul>\n<li>Permiso de libros de control de estupefacientes y psicotr\u00f3picos\u00a0<a href=\"https:\/\/drive.google.com\/file\/d\/1dwgHFLfTrNWnkii2yfKRs0UbRRy-WVCb\/view?usp=sharing\">COFEPRIS-03-005<\/a><\/li>\n<li><strong>ATENCI\u00d3N<\/strong>: Permiso de libros de control para almacenes de dep\u00f3sito y distribuci\u00f3n, y f\u00e1bricas o laboratorios de medicamentos deber\u00e1n de presentarse en el Centro Integral de Servicios de la COFEPRIS.\u00a0<a href=\"https:\/\/saludnl.gob.mx\/regulacion-sanitaria\/index.php\/sdm_downloads\/oficio-circular-20\/\">Consulta el Oficio Circular 2023<\/a><\/li>\n<\/ul>\n<h5>Visitas de verificaci\u00f3n<\/h5>\n<ul>\n<li>Solicitud de visita de verificaci\u00f3n de materia prima y medicamentos que sean o contengan estupefacientes o psicotr\u00f3picos. Modalidad A. -De destrucci\u00f3n. (S\u00f3lo farmacias y boticas)\u00a0<a href=\"https:\/\/drive.google.com\/file\/d\/1lIMzd1ibjNw5HOdmtEqc2gkXso_TGkug\/view?usp=sharing\">COFEPRIS-03-018-A<\/a><\/li>\n<li>Solicitud de visita de verificaci\u00f3n de materia prima y medicamentos que sean o contengan estupefacientes o psicotr\u00f3picos. Modalidad C.- De balance.\u00a0COFEPRIS-03-018-C<\/li>\n<\/ul>\n<h5>Modificaci\u00f3n de Licencia Sanitaria<\/h5>\n<ul>\n<li><span class=\"a_GcMg font-feature-liga-off font-feature-clig-off font-feature-calt-off text-decoration-none text-strikethrough-none\">Modalidad A.- De tipo administrativo con resoluci\u00f3n inmediata.<a href=\"https:\/\/drive.google.com\/file\/d\/1uxNUP6bk4wde77u64NJbZmJHdawUOgsL\/view?usp=sharing\">COFEPRIS-05-002<\/a><\/span><\/li>\n<li><span class=\"a_GcMg font-feature-liga-off font-feature-clig-off font-feature-calt-off text-decoration-none text-strikethrough-none\">Modalidad B.- De tipo t\u00e9cnica con dictaminaci\u00f3n. <a href=\"https:\/\/drive.google.com\/file\/d\/1uxNUP6bk4wde77u64NJbZmJHdawUOgsL\/view?usp=sharing\">COFEPRIS-05-002<\/a><\/span><\/li>\n<\/ul>\n<h5>Importaci\u00f3n de Consumo Personal<\/h5>\n<ul>\n<li><span class=\"a_GcMg font-feature-liga-off font-feature-clig-off font-feature-calt-off text-decoration-none text-strikethrough-none\">Permiso sanitario de importaci\u00f3n de materias primas o medicamentos que no sean o contengan estupefacientes o psicotr\u00f3picos, sin registro sanitario.<a href=\"https:\/\/drive.google.com\/file\/d\/1E6aue2NBF-NN-0rZagLCmQ59p54qqruy\/view?usp=sharing\"> COFEPRIS-01-010<\/a><\/span><\/li>\n<li><span class=\"a_GcMg font-feature-liga-off font-feature-clig-off font-feature-calt-off text-decoration-none text-strikethrough-none\">Permiso sanitario de importaci\u00f3n de dispositivos m\u00e9dicos que no sean o contengan estupefacientes o psicotr\u00f3picos, sin registro sanitario. <a href=\"https:\/\/drive.google.com\/file\/d\/1-QuHq9feY9Xhhvi3MZFe6_85X6lsgJ6k\/view?usp=sharing\">COFEPRIS-01-015<\/a><\/span><\/li>\n<li><span class=\"a_GcMg font-feature-liga-off font-feature-clig-off font-feature-calt-off text-decoration-none text-strikethrough-none\">Modificaci\u00f3n al Permiso de Importaci\u00f3n de Insumos para la salud, que no sean o contengan estupefacientes o psicotr\u00f3picos <a href=\"https:\/\/drive.google.com\/file\/d\/1tfkSMfD_CZJSOFcD7VUT5aHzoZ3asWah\/view?usp=sharing\">COFEPRIS-01-017<\/a><\/span><\/li>\n<\/ul>\n<h5>Aviso<\/h5>\n<ul>\n<li><span class=\"a_GcMg font-feature-liga-off font-feature-clig-off font-feature-calt-off text-decoration-none text-strikethrough-none\">Aviso de actualizaci\u00f3n de Datos o Baja del Establecimiento de Insumos para la Salud que opera con licencia sanitaria. <a href=\"https:\/\/drive.google.com\/file\/d\/1hD86sGpEUh_lPVrQEHqwMxNCkoWC0JQd\/view?usp=sharing\">COFEPRIS-05-003<\/a><\/span><\/li>\n<li><span class=\"a_GcMg font-feature-liga-off font-feature-clig-off font-feature-calt-off text-decoration-none text-strikethrough-none\">Permiso de recetarios especiales electr\u00f3nicos para prescribir estupefacientes. <a href=\"https:\/\/drive.google.com\/file\/d\/1UuC2hTgxBsnICVC9NkMlNDOcVaoOIPq3\/view?usp=sharing\">COFEPRIS-03-006.<\/a><\/span><\/li>\n<li><span class=\"a_GcMg font-feature-liga-off font-feature-clig-off font-feature-calt-off text-decoration-none text-strikethrough-none\">Sospechas de Reacciones Adversas de Medicamentos. COFEPRIS-04-017<a href=\"https:\/\/drive.google.com\/file\/d\/1PsvqvUZvl-xQ2jMXeXyz-zXkGMnCQgqn\/view?usp=sharing\"> (formato)<\/a><\/span><\/li>\n<\/ul>\n\n\n<\/p>\n<h3 class=\"wp-block-heading\">Formatos Vigentes:<\/h3>\n<p>\n\n\n\n<\/p>\n<ul class=\"wp-block-list\">\n\n<li><a href=\"https:\/\/www.gob.mx\/cofepris\/acciones-y-programas\/formatos-vigentes?idiom=es\">Los formatos presentados en esta p\u00e1gina son los vigentes (Actualizaci\u00f3n enero 2026) <\/a><\/li>\n\n<\/ul>\n<p>\n\n\n<\/p>\n\n\n<figure class=\"wp-block-image size-large\"><a href=\"https:\/\/saludnl.gob.mx\/regulacion-sanitaria\/index.php\/citas\/\"><img loading=\"lazy\" decoding=\"async\" width=\"1024\" height=\"85\" src=\"https:\/\/saludnl.gob.mx\/regulacion-sanitaria\/wp-content\/uploads\/2026\/01\/Diapositiva1-1-1024x85.png\" alt=\"\" class=\"wp-image-30804\" srcset=\"https:\/\/saludnl.gob.mx\/regulacion-sanitaria\/wp-content\/uploads\/2026\/01\/Diapositiva1-1-1024x85.png 1024w, https:\/\/saludnl.gob.mx\/regulacion-sanitaria\/wp-content\/uploads\/2026\/01\/Diapositiva1-1-300x25.png 300w, https:\/\/saludnl.gob.mx\/regulacion-sanitaria\/wp-content\/uploads\/2026\/01\/Diapositiva1-1-768x64.png 768w, https:\/\/saludnl.gob.mx\/regulacion-sanitaria\/wp-content\/uploads\/2026\/01\/Diapositiva1-1.png 1200w\" sizes=\"auto, (max-width: 1024px) 100vw, 1024px\" \/><\/a><\/figure>\n","protected":false},"excerpt":{"rendered":"<p>Aviso de Funcionamiento Aviso de funcionamiento y de responsable sanitario de los establecimientos de insumos para la salud. COFEPRIS-05-006 Aviso de Modificaci\u00f3n o Baja al Aviso de Funcionamiento y\/o Responsable Sanitario del Establecimiento de Insumos para la Salud. COFEPRIS-05-007 Licencia Sanitaria\u00a0 Solicitud de expedici\u00f3n de Licencia Sanitaria para establecimiento de Insumos para la salud. COFEPRIS-05-001 [&hellip;]<\/p>\n","protected":false},"author":9,"featured_media":0,"parent":0,"menu_order":0,"comment_status":"closed","ping_status":"closed","template":"","meta":{"footnotes":""},"class_list":["post-30800","page","type-page","status-publish","hentry"],"_links":{"self":[{"href":"https:\/\/saludnl.gob.mx\/regulacion-sanitaria\/index.php\/wp-json\/wp\/v2\/pages\/30800","targetHints":{"allow":["GET"]}}],"collection":[{"href":"https:\/\/saludnl.gob.mx\/regulacion-sanitaria\/index.php\/wp-json\/wp\/v2\/pages"}],"about":[{"href":"https:\/\/saludnl.gob.mx\/regulacion-sanitaria\/index.php\/wp-json\/wp\/v2\/types\/page"}],"author":[{"embeddable":true,"href":"https:\/\/saludnl.gob.mx\/regulacion-sanitaria\/index.php\/wp-json\/wp\/v2\/users\/9"}],"replies":[{"embeddable":true,"href":"https:\/\/saludnl.gob.mx\/regulacion-sanitaria\/index.php\/wp-json\/wp\/v2\/comments?post=30800"}],"version-history":[{"count":4,"href":"https:\/\/saludnl.gob.mx\/regulacion-sanitaria\/index.php\/wp-json\/wp\/v2\/pages\/30800\/revisions"}],"predecessor-version":[{"id":31100,"href":"https:\/\/saludnl.gob.mx\/regulacion-sanitaria\/index.php\/wp-json\/wp\/v2\/pages\/30800\/revisions\/31100"}],"wp:attachment":[{"href":"https:\/\/saludnl.gob.mx\/regulacion-sanitaria\/index.php\/wp-json\/wp\/v2\/media?parent=30800"}],"curies":[{"name":"wp","href":"https:\/\/api.w.org\/{rel}","templated":true}]}}