{"id":30798,"date":"2026-01-28T13:59:31","date_gmt":"2026-01-28T19:59:31","guid":{"rendered":"https:\/\/saludnl.gob.mx\/regulacion-sanitaria\/?page_id=30798"},"modified":"2026-03-03T10:25:18","modified_gmt":"2026-03-03T16:25:18","slug":"tramites-de-servicios-de-salud","status":"publish","type":"page","link":"https:\/\/saludnl.gob.mx\/regulacion-sanitaria\/index.php\/tramites-de-servicios-de-salud\/","title":{"rendered":"Tr\u00e1mites de Servicios de Salud"},"content":{"rendered":"<h5>Aviso de Funcionamiento:<\/h5>\n<ul>\n<li><span class=\"a_GcMg font-feature-liga-off font-feature-clig-off font-feature-calt-off text-decoration-none text-strikethrough-none\">Aviso de Funcionamiento y de Responsable Sanitario del Establecimiento de Servicios de Salud. <a href=\"https:\/\/drive.google.com\/file\/d\/1jJirQ0EPNyVHicJDMme3Cmr_J62wTHyd\/view?usp=sharing\">COFEPRIS-05-036<\/a><\/span><\/li>\n<li><span class=\"a_GcMg font-feature-liga-off font-feature-clig-off font-feature-calt-off text-decoration-none text-strikethrough-none\">Aviso de Modificaci\u00f3n o Baja al Aviso de Funcionamiento y\/o Responsable Sanitario del Establecimiento. <a href=\"https:\/\/drive.google.com\/file\/d\/10AryNBc3ZYpaNtOunRAyLy9i_lKSVoMo\/view?usp=sharing\">COFEPRIS-05-056<\/a><\/span><\/li>\n<\/ul>\n<h5>Licencia\u00a0 Sanitaria:<\/h5>\n<p>Alta o Nuevo.-<\/p>\n<ul>\n<li>Para establecimientos en que se practiquen actos quir\u00fargico y\/u obst\u00e9tricos\u00a0COFEPRIS-05-034<\/li>\n<li>Para establecimientos que utilizan fuentes de radiaci\u00f3n para fines m\u00e9dicos o de diagn\u00f3stico modalidad A.- Rayos X\u00a0\u00a0\u00a0COFEPRIS-05-024-A<\/li>\n<\/ul>\n<p>Modificaci\u00f3n.-<\/p>\n<ul>\n<li><span class=\"a_GcMg font-feature-liga-off font-feature-clig-off font-feature-calt-off text-decoration-none text-strikethrough-none\">Aviso de baja del responsable de la operaci\u00f3n y funcionamiento del establecimiento que utiliza fuentes de radiaci\u00f3n para fines m\u00e9dicos o de diagn\u00f3stico que opera con licencia sanitaria modalidad A.- Rayos X. <a href=\"https:\/\/drive.google.com\/file\/d\/13TeHHR_1l4YKbOJMHNQPxH-k9ZhqWkP2\/view?usp=sharing\">COFEPRIS-05-076-A<\/a><\/span><\/li>\n<\/ul>\n<h5>Otros Avisos:<\/h5>\n<ul>\n<li>Aviso de actualizaci\u00f3n de datos o baja del establecimiento de salud de atenci\u00f3n m\u00e9dica que practiquen actos quir\u00fargicos y\/u obst\u00e9tricos\u00a0<a href=\"https:\/\/drive.google.com\/file\/d\/1m_QQ1ujB03H3GuHZTieNxfCqdFFfcrkh\/view?usp=sharing\">COFEPRIS-05-059<\/a><\/li>\n<li>Aviso de actualizaci\u00f3n de datos \u00f3 baja del establecimiento m\u00e9dico que utiliza fuentes de radiaci\u00f3n para fines m\u00e9dicos o de diagn\u00f3stico modalidad A.- Rayos X\u00a0<a href=\"https:\/\/drive.google.com\/file\/d\/1V_vKQGXW7G9ZHM-WJVpBA3Ez6B7L9klP\/view?usp=sharing\">COFEPRIS-05-060-A<\/a><\/li>\n<li>Aviso de responsable sanitario de establecimientos que practiquen actos quir\u00fargicos y\/u obst\u00e9tricos<a href=\"https:\/\/drive.google.com\/file\/d\/1UpYXZzOU0Gz1IIvFIkHYbOxWbwYuzWuW\/view?usp=sharing\">\u00a0COFEPRIS-05-037<\/a><\/li>\n<li>Aviso de modificaci\u00f3n o baja de responsable sanitario del establecimiento en que se practiquen actos quir\u00fargicos y\/u obst\u00e9tricos.<a href=\"https:\/\/drive.google.com\/file\/d\/1nUbK2d3sZvbLuPwhm0z3fOqraE-MRUFF\/view?usp=sharing\">\u00a0COFEPRIS-05-057<\/a><\/li>\n<\/ul>\n<h5>Permisos<\/h5>\n<ul>\n<li>De responsable de la operaci\u00f3n y funcionamiento del establecimiento que utiliza fuentes de radiaci\u00f3n para fines m\u00e9dicos o de diagn\u00f3stico Modalidad A.- Rayos X\u00a0\u00a0COFEPRIS-05-026-A<\/li>\n<li>Permiso sanitario de construcci\u00f3n\u00a0COFEPRIS-05-039<\/li>\n<li>Modificaci\u00f3n de responsable de la operaci\u00f3n y funcionamiento del establecimiento que utiliza fuentes de radiaci\u00f3n para fines m\u00e9dicos o de diagn\u00f3stico\u00a0COFEPRIS-05-027-A<\/li>\n<\/ul>\n<h5>Tarjeta de Control Sanitario:<\/h5>\n<ul>\n<li>Alta de tatuadores, micropigmentadores y perforadores\u00a0<a href=\"https:\/\/drive.google.com\/file\/d\/1w_BfMevJsEQBrK66c1ck5xXT16gnvJ9I\/view?usp=sharing\">COFEPRIS-05-084<\/a><\/li>\n<li>Pr\u00f3rroga o modificaci\u00f3n a la tarjeta\u00a0<a href=\"https:\/\/drive.google.com\/file\/d\/1vmRpyrii7SPMldbOd7EI3XM7A-zZamnh\/view?usp=sharing\">COFEPRIS-05-087<\/a><\/li>\n<li><a href=\"https:\/\/saludnl.gob.mx\/regulacion-sanitaria\/wp-content\/uploads\/2020\/10\/OFICIO-CIRCULAR-TATUADORES.pdf\"><strong>ATENCI\u00d3N<\/strong>\u00a0Oficio Circular dirigido a los propietarios de establecimientos que realizan servicios de tatuajes, perforaciones y\/o micropigmentaciones.\u00a0<\/a><\/li>\n<\/ul>\n<h5><strong>Libro de registros de Banco de Sangre y servicio de transfusi\u00f3n sangu\u00ednea<\/strong><\/h5>\n<ul>\n<li>Libro de registro que lleva el banco de sangre y servicio de transfusi\u00f3n sangu\u00ednea. <a href=\"https:\/\/drive.google.com\/file\/d\/1yEBzMCkriqP3UHHwOjTbjEzqbF42vfKB\/view?usp=sharing\">COFEPRIS-01-027<\/a><\/li>\n<\/ul>\n<h5><strong>Oficio Circular<\/strong><\/h5>\n<p><a href=\"https:\/\/saludnl.gob.mx\/regulacion-sanitaria\/?sdm_process_download=1&amp;download_id=18675\">Oficio Circular Servicios de sangre (Libros de registros de Banco de Sangre y servicio de transfusi\u00f3n sangu\u00ednea)\u00a0<\/a><\/p>\n<p><a href=\"https:\/\/saludnl.gob.mx\/regulacion-sanitaria\/?sdm_process_download=1&amp;download_id=30042\">Oficio Circular Dirigido a todos los establecimientos p\u00fablicos y privados ubicados en el Estado de Nuevo Le\u00f3n con actividades de servicios funerarios, servicios funerarios con servicio de embalsamamiento y \/o servicios funerarios con servicio de cremaci\u00f3n.<\/a><\/p>\n<ul>\n<li><strong>Unidades de Farmacovigilancia<\/strong><\/li>\n<\/ul>\n<p><a href=\"https:\/\/saludnl.gob.mx\/regulacion-sanitaria\/?sdm_process_download=1&amp;download_id=20973\">Registro como Unidad de Farmacovigilancia ante el CEFV y CNFV<\/a><\/p>\n<ul>\n<li><a href=\"https:\/\/www.gob.mx\/cms\/uploads\/attachment\/file\/1024079\/Instructivo_Servicios_de_Salud.pdf\">Instructivo de llenado del formato de Servicios de Salud<\/a><\/li>\n<\/ul>\n<p>\u00a0<\/p>\n\n\n<\/p>\n<h3 class=\"wp-block-heading\">Formatos Vigentes:<\/h3>\n<p>\n\n\n\n<\/p>\n<ul class=\"wp-block-list\">\n\n<li><a href=\"https:\/\/www.gob.mx\/cofepris\/acciones-y-programas\/formatos-vigentes?idiom=es\">Los formatos presentados en esta p\u00e1gina son los vigentes (Actualizaci\u00f3n enero 2026) <\/a><\/li>\n\n<\/ul>\n<p>\n\n\n<\/p>\n\n\n<figure class=\"wp-block-image size-large\"><a href=\"https:\/\/saludnl.gob.mx\/regulacion-sanitaria\/index.php\/citas\/\"><img loading=\"lazy\" decoding=\"async\" width=\"1024\" height=\"85\" src=\"https:\/\/saludnl.gob.mx\/regulacion-sanitaria\/wp-content\/uploads\/2026\/01\/Diapositiva1-1-1024x85.png\" alt=\"\" class=\"wp-image-30804\" srcset=\"https:\/\/saludnl.gob.mx\/regulacion-sanitaria\/wp-content\/uploads\/2026\/01\/Diapositiva1-1-1024x85.png 1024w, https:\/\/saludnl.gob.mx\/regulacion-sanitaria\/wp-content\/uploads\/2026\/01\/Diapositiva1-1-300x25.png 300w, https:\/\/saludnl.gob.mx\/regulacion-sanitaria\/wp-content\/uploads\/2026\/01\/Diapositiva1-1-768x64.png 768w, https:\/\/saludnl.gob.mx\/regulacion-sanitaria\/wp-content\/uploads\/2026\/01\/Diapositiva1-1.png 1200w\" sizes=\"auto, (max-width: 1024px) 100vw, 1024px\" \/><\/a><\/figure>\n\n\n\n<p><\/p>\n","protected":false},"excerpt":{"rendered":"<p>Aviso de Funcionamiento: Aviso de Funcionamiento y de Responsable Sanitario del Establecimiento de Servicios de Salud. COFEPRIS-05-036 Aviso de Modificaci\u00f3n o Baja al Aviso de Funcionamiento y\/o Responsable Sanitario del Establecimiento. COFEPRIS-05-056 Licencia\u00a0 Sanitaria: Alta o Nuevo.- Para establecimientos en que se practiquen actos quir\u00fargico y\/u obst\u00e9tricos\u00a0COFEPRIS-05-034 Para establecimientos que utilizan fuentes de radiaci\u00f3n para [&hellip;]<\/p>\n","protected":false},"author":9,"featured_media":0,"parent":0,"menu_order":0,"comment_status":"closed","ping_status":"closed","template":"","meta":{"footnotes":""},"class_list":["post-30798","page","type-page","status-publish","hentry"],"_links":{"self":[{"href":"https:\/\/saludnl.gob.mx\/regulacion-sanitaria\/index.php\/wp-json\/wp\/v2\/pages\/30798","targetHints":{"allow":["GET"]}}],"collection":[{"href":"https:\/\/saludnl.gob.mx\/regulacion-sanitaria\/index.php\/wp-json\/wp\/v2\/pages"}],"about":[{"href":"https:\/\/saludnl.gob.mx\/regulacion-sanitaria\/index.php\/wp-json\/wp\/v2\/types\/page"}],"author":[{"embeddable":true,"href":"https:\/\/saludnl.gob.mx\/regulacion-sanitaria\/index.php\/wp-json\/wp\/v2\/users\/9"}],"replies":[{"embeddable":true,"href":"https:\/\/saludnl.gob.mx\/regulacion-sanitaria\/index.php\/wp-json\/wp\/v2\/comments?post=30798"}],"version-history":[{"count":5,"href":"https:\/\/saludnl.gob.mx\/regulacion-sanitaria\/index.php\/wp-json\/wp\/v2\/pages\/30798\/revisions"}],"predecessor-version":[{"id":31098,"href":"https:\/\/saludnl.gob.mx\/regulacion-sanitaria\/index.php\/wp-json\/wp\/v2\/pages\/30798\/revisions\/31098"}],"wp:attachment":[{"href":"https:\/\/saludnl.gob.mx\/regulacion-sanitaria\/index.php\/wp-json\/wp\/v2\/media?parent=30798"}],"curies":[{"name":"wp","href":"https:\/\/api.w.org\/{rel}","templated":true}]}}