{"id":30789,"date":"2026-01-28T13:43:27","date_gmt":"2026-01-28T19:43:27","guid":{"rendered":"https:\/\/saludnl.gob.mx\/regulacion-sanitaria\/?page_id=30789"},"modified":"2026-03-03T09:37:28","modified_gmt":"2026-03-03T15:37:28","slug":"tramites-comercio-exterior","status":"publish","type":"page","link":"https:\/\/saludnl.gob.mx\/regulacion-sanitaria\/index.php\/tramites-comercio-exterior\/","title":{"rendered":"Tr\u00e1mites Comercio Exterior"},"content":{"rendered":"<h5>Permiso Sanitario Previo de Importaci\u00f3n (PSPI):<\/h5>\n<ul>\n<li>Modalidad A.- Importaci\u00f3n de productos\u00a0<a href=\"https:\/\/drive.google.com\/file\/d\/1aALKldxmP5dsbsVQRWkQ-JJxS2cdzmWW\/view?usp=sharing\">COFEPRIS-01-002-A<\/a><\/li>\n<li>Modalidad B.- Importaci\u00f3n de muestras o consumo personal (para donaci\u00f3n, consumo personal, investigaci\u00f3n cient\u00edfica, pruebas de laboratorio y exhibici\u00f3n)\u00a0\u00a0<a href=\"https:\/\/drive.google.com\/file\/d\/1tDsUzV_bCrVGFwMndFoLNyyI7BGGvdAU\/view?usp=sharing\">COFEPRIS 01-002-B<\/a><\/li>\n<li>Modalidad C.- Importaci\u00f3n por retorno de productos\u00a0<a href=\"https:\/\/drive.google.com\/file\/d\/1csTHDjtPTJ1wAOFG6BaLHF70hVUhXZiT\/view?usp=sharing\">COFEPRIS-01-002-C<\/a><\/li>\n<li>Modificaci\u00f3n al permiso sanitario previo de importaci\u00f3n de productos\u00a0<a href=\"https:\/\/drive.google.com\/file\/d\/18UGj7ZvWORSb29lX6KbVyZAi7nHVki-W\/view?usp=sharing\">\u00a0COFEPRIS-01-005<\/a><\/li>\n<\/ul>\n<h5>Certificado de Exportaci\u00f3n:<\/h5>\n<ul>\n<li>Modalidad A.- Solicitud de Certificado de Libre Venta\u00a0\u00a0<a href=\"https:\/\/drive.google.com\/file\/d\/1W3sAM23P_3qpAbinNWtBnTS9JpMCDsLx\/view?usp=sharing\">COFEPRIS-01-007-A<\/a><\/li>\n<li>Modalidad B.- Solicitud de Certificado para Exportaci\u00f3n <a href=\"https:\/\/drive.google.com\/file\/d\/1W3sAM23P_3qpAbinNWtBnTS9JpMCDsLx\/view?usp=sharing\">COFEPRIS-01-007-B<\/a><\/li>\n<li>Para modificaci\u00f3n de certificado para Exportaci\u00f3n (Certificados para exportaci\u00f3n de libre venta, de productos para exportaci\u00f3n, de an\u00e1lisis de producto y de conformidad de buenas pr\u00e1cticas sanitarias\u00a0<a href=\"https:\/\/drive.google.com\/file\/d\/141frJaTudClqU9T7PpkntrBzSx7BXa8A\/view?usp=sharing\">COFEPRIS-01-008<\/a><\/li>\n<\/ul>\n<p><a href=\"http:\/\/bit.ly\/VUCEMtutorial\">V\u00eddeo Tutorial: Ventanilla \u00danica de Comercio Exterior Mexicano (VUCEM)<\/a><\/p>\n<p>\u00a0<\/p>\n\n\n<\/p>\n<h3 class=\"wp-block-heading\">Formatos Vigentes:<\/h3>\n<p>\n\n\n\n<\/p>\n<ul class=\"wp-block-list\">\n\n<li><a href=\"https:\/\/www.gob.mx\/cofepris\/acciones-y-programas\/formatos-vigentes?idiom=es\">Los formatos presentados en esta p\u00e1gina son los vigentes (Actualizaci\u00f3n enero 2026) <\/a><\/li>\n\n<\/ul>\n<p>\n\n\n<\/p>\n\n\n<figure class=\"wp-block-image size-large\"><a href=\"https:\/\/saludnl.gob.mx\/regulacion-sanitaria\/index.php\/citas\/\"><img loading=\"lazy\" decoding=\"async\" width=\"1024\" height=\"85\" src=\"https:\/\/saludnl.gob.mx\/regulacion-sanitaria\/wp-content\/uploads\/2026\/01\/Diapositiva1-1-1024x85.png\" alt=\"\" class=\"wp-image-30804\" srcset=\"https:\/\/saludnl.gob.mx\/regulacion-sanitaria\/wp-content\/uploads\/2026\/01\/Diapositiva1-1-1024x85.png 1024w, https:\/\/saludnl.gob.mx\/regulacion-sanitaria\/wp-content\/uploads\/2026\/01\/Diapositiva1-1-300x25.png 300w, https:\/\/saludnl.gob.mx\/regulacion-sanitaria\/wp-content\/uploads\/2026\/01\/Diapositiva1-1-768x64.png 768w, https:\/\/saludnl.gob.mx\/regulacion-sanitaria\/wp-content\/uploads\/2026\/01\/Diapositiva1-1.png 1200w\" sizes=\"auto, (max-width: 1024px) 100vw, 1024px\" \/><\/a><\/figure>\n","protected":false},"excerpt":{"rendered":"<p>Permiso Sanitario Previo de Importaci\u00f3n (PSPI): Modalidad A.- Importaci\u00f3n de productos\u00a0COFEPRIS-01-002-A Modalidad B.- Importaci\u00f3n de muestras o consumo personal (para donaci\u00f3n, consumo personal, investigaci\u00f3n cient\u00edfica, pruebas de laboratorio y exhibici\u00f3n)\u00a0\u00a0COFEPRIS 01-002-B Modalidad C.- Importaci\u00f3n por retorno de productos\u00a0COFEPRIS-01-002-C Modificaci\u00f3n al permiso sanitario previo de importaci\u00f3n de productos\u00a0\u00a0COFEPRIS-01-005 Certificado de Exportaci\u00f3n: Modalidad A.- Solicitud de Certificado [&hellip;]<\/p>\n","protected":false},"author":9,"featured_media":0,"parent":0,"menu_order":0,"comment_status":"closed","ping_status":"closed","template":"","meta":{"footnotes":""},"class_list":["post-30789","page","type-page","status-publish","hentry"],"_links":{"self":[{"href":"https:\/\/saludnl.gob.mx\/regulacion-sanitaria\/index.php\/wp-json\/wp\/v2\/pages\/30789","targetHints":{"allow":["GET"]}}],"collection":[{"href":"https:\/\/saludnl.gob.mx\/regulacion-sanitaria\/index.php\/wp-json\/wp\/v2\/pages"}],"about":[{"href":"https:\/\/saludnl.gob.mx\/regulacion-sanitaria\/index.php\/wp-json\/wp\/v2\/types\/page"}],"author":[{"embeddable":true,"href":"https:\/\/saludnl.gob.mx\/regulacion-sanitaria\/index.php\/wp-json\/wp\/v2\/users\/9"}],"replies":[{"embeddable":true,"href":"https:\/\/saludnl.gob.mx\/regulacion-sanitaria\/index.php\/wp-json\/wp\/v2\/comments?post=30789"}],"version-history":[{"count":6,"href":"https:\/\/saludnl.gob.mx\/regulacion-sanitaria\/index.php\/wp-json\/wp\/v2\/pages\/30789\/revisions"}],"predecessor-version":[{"id":31094,"href":"https:\/\/saludnl.gob.mx\/regulacion-sanitaria\/index.php\/wp-json\/wp\/v2\/pages\/30789\/revisions\/31094"}],"wp:attachment":[{"href":"https:\/\/saludnl.gob.mx\/regulacion-sanitaria\/index.php\/wp-json\/wp\/v2\/media?parent=30789"}],"curies":[{"name":"wp","href":"https:\/\/api.w.org\/{rel}","templated":true}]}}