{"id":30760,"date":"2026-01-23T15:42:02","date_gmt":"2026-01-23T21:42:02","guid":{"rendered":"https:\/\/saludnl.gob.mx\/regulacion-sanitaria\/?page_id=30760"},"modified":"2026-02-26T14:13:14","modified_gmt":"2026-02-26T20:13:14","slug":"comunicados-y-alertas-sanitarias-2026-2","status":"publish","type":"page","link":"https:\/\/saludnl.gob.mx\/regulacion-sanitaria\/index.php\/comunicados-y-alertas-sanitarias-2026-2\/","title":{"rendered":"Comunicados y Alertas Sanitarias 2026"},"content":{"rendered":"<p><strong>Febrero<\/strong><\/p>\n<ul>\n<li>19 de febrero del 2026.- La Comisi\u00f3n Federal para la Protecci\u00f3n contra Riesgos Sanitarios (COFEPRIS) informa sobre la detecci\u00f3n de una fecha de caducidad distinta a la original en el producto CAFIASPIRINA\u00ae, (\u00c1cido acetilsalic\u00edlico\/Cafe\u00edna 500 mg\/30 mg), identificado por Bayer de M\u00e9xico, S.A. de C.V., como falsificado. <a href=\"https:\/\/www.gob.mx\/cms\/uploads\/attachment\/file\/1058156\/Alerta_Sanitaria_Cafiaspirina_19022026.pdf\">Ver alerta completa.\u00a0<\/a><\/li>\n<li>19 de febrero del 2026.- La Comisi\u00f3n Federal para la Protecci\u00f3n contra Riesgos Sanitarios (COFEPRIS) informa sobre la falsificaci\u00f3n del producto KISQALI\u00ae (Ribociclib) 200 mg en presentaci\u00f3n caja con 63 comprimidos.<a href=\"https:\/\/www.gob.mx\/cms\/uploads\/attachment\/file\/1058155\/Alerta_Sanitaria__Kisqali_19022026.pdf\"> Ver alerta completa.\u00a0<\/a><\/li>\n<li>19 de febrero del 2026.- La Comisi\u00f3n Federal para la Protecci\u00f3n contra Riesgos Sanitarios (COFEPRIS) informa sobre la falsificaci\u00f3n del producto ViCTOZA\u00ae 6 mg\/mL (Liraglutida), Soluci\u00f3n Inyectable, Caja con 2 plumas precargadas, cada una con cartucho con 3 mL. <a href=\"https:\/\/www.gob.mx\/cms\/uploads\/attachment\/file\/1058153\/Alerta_Sanitaria_Victoza_19022026.pdf\">Ver alerta completa.\u00a0<\/a><\/li>\n<li>19 de febrero del 2026.- La Comisi\u00f3n Federal para la Protecci\u00f3n contra Riesgos Sanitarios (COFEPRIS) informa sobre la comercializaci\u00f3n ilegal del producto Survanta (Beractant) 25 mg\/mL, suspensi\u00f3n en presentaci\u00f3n de caja de cart\u00f3n con frasco \u00e1mpula, el cual no cuenta con registro sanitario vigente emitido por COFEPRIS, por lo que no puede ser comercializado en territorio nacional.<a href=\"https:\/\/www.gob.mx\/cms\/uploads\/attachment\/file\/1058152\/Alerta_Sanitaria_Survanta_19022026.pdf\"> Ver alerta completa.\u00a0<\/a><\/li>\n<li>13 de febrero del 2026.- La Comisi\u00f3n Federal para la Protecci\u00f3n contra Riesgos Sanitarios (COFEPRIS) informa la actualizaci\u00f3n de la alerta sanitaria: Sobre el retiro del mercado de los productos ALULA\u00ae GOLD PREMIUM 1, 2 y 3, ALULA\u00ae GOLD COMFORT KID PREMIUM y ALULA\u00ae GOLD COMFORT PREMIUM, de la empresa SANULAC NUTRICI\u00d3N M\u00c9XICO, S. de R.L. de C.V., importadas de Francia. <a href=\"https:\/\/www.gob.mx\/cms\/uploads\/attachment\/file\/1057061\/Act._Alerta_Sanitaria__Alula_13022026.pdf\">Ver alerta completa.\u00a0<\/a><\/li>\n<li>09 de febrero del 2026.- La Comisi\u00f3n Federal para la Protecci\u00f3n contra Riesgos Sanitarios (COFEPRIS) informa sobre la comercializaci\u00f3n ilegal de productos de las marcas Rapha, Dr. Pen y Peptide Xperts, los cuales contienen el principio activo Tirzepatida y carecen de registro sanitario. <a href=\"https:\/\/www.gob.mx\/cms\/uploads\/attachment\/file\/1055652\/Alerta_Sanitaria_Tirzepatida_09022026.pdf\">Ver alerta completa.\u00a0<\/a><\/li>\n<li>09 de febrero del 2026.- La Comisi\u00f3n Federal para la Protecci\u00f3n contra Riesgos Sanitarios (COFEPRIS) informa sobre la comercializaci\u00f3n ilegal de los productos VIFER MAX, VITAFER-L y VITAFER-L GOLD, los cuales se ostentan en su etiquetado como \u201csuplementos dietarios\u201d, y se promocionan a trav\u00e9s de plataformas de comercio electr\u00f3nico, sitios web y aplicaciones de dispositivos m\u00f3viles.<a href=\"https:\/\/www.gob.mx\/cms\/uploads\/attachment\/file\/1055654\/Alerta_Sanitaria_Vitafer_09022026.pdf\"> Ver alerta completa.\u00a0<\/a><\/li>\n<li>09 de febrero del 2026.- La Comisi\u00f3n Federal para la Protecci\u00f3n contra Riesgos Sanitarios (COFEPRIS) informa sobre la comercializaci\u00f3n de los productos CAFFEINE, JOINT SUPPORT, JETFUEL ORIGINAL, MENS MULTI+TEST y TESTROL PROSTATE de la marca GAT SPORT, fabricados en Estados Unidos de Am\u00e9rica (EE. UU.), los cuales se promocionan como suplementos alimenticios; sin embargo, su etiquetado y publicidad infringen diversas disposiciones establecidas en la legislaci\u00f3n sanitaria vigente para su comercializaci\u00f3n en territorio nacional. <a href=\"https:\/\/www.gob.mx\/cms\/uploads\/attachment\/file\/1055653\/Alerta_Sanitaria_GAT_SPORT_09022026.pdf\">Ver alerta completa.\u00a0<\/a><\/li>\n<\/ul>\n<p><strong>Enero<\/strong><\/p>\n<ul>\n<li>23 de enero del 2026.- La Comisi\u00f3n Federal para la Protecci\u00f3n contra Riesgos Sanitarios (COFEPRIS) informa sobre el retiro del mercado que realiza la empresa SANULAC NUTRICI\u00d3N M\u00c9XICO, S. de R.L. de C.V., de f\u00f3rmulas para lactantes y alimentos para ni\u00f1os de corta edad, importadas de Francia, de las marcas ALULA\u00ae GOLD PREMIUM 1, 2 y 3, ALULA\u00ae GOLD COMFORT KID PREMIUM y ALULA\u00ae GOLD COMFORT PREMIUM, como medida preventiva ante la posible contaminaci\u00f3n de cereulida toxina, producida por el microorganismo Bacillus cereus, detectada en uno de los ingredientes utilizados en su elaboraci\u00f3n. <a href=\"https:\/\/www.gob.mx\/cms\/uploads\/attachment\/file\/1051500\/Alerta_Sanitaria__Alula_23012026.pdf\">Ver alerta completa.\u00a0<\/a><\/li>\n<li>23 de enero del 2026.-La Comisi\u00f3n Federal para la Protecci\u00f3n contra Riesgos Sanitarios (COFEPRIS) informa sobre la falsificaci\u00f3n de dos lotes del medicamento Xarelto\u00ae (Rivaroxab\u00e1n) 20 mg. <a href=\"https:\/\/www.gob.mx\/cms\/uploads\/attachment\/file\/1051502\/Alerta_Sanitaria_Xarelto_23012026.pdf\">Ver alerta completa.\u00a0<\/a><\/li>\n<li>23 de enero del 2026.- La Comisi\u00f3n Federal para la Protecci\u00f3n contra Riesgos Sanitarios (COFEPRIS) informa sobre el robo, ocurrido durante el traslado a Nuevo Laredo, Tamaulipas, de los medicamentos MUCINEX-COMBO, MUCINEX y MUCINEX INFANTIL-COMBO, el cual fue notificado por la empresa RB SALUTE M\u00c9XICO, S.A. de C.V. <a href=\"https:\/\/www.gob.mx\/cms\/uploads\/attachment\/file\/1051503\/Alerta_Sanitaria_Robo_RB_Salute_23012026.pdf\">Ver alerta completa.\u00a0<\/a><\/li>\n<li>21 de enero del 2026.- La Comisi\u00f3n Federal para la Protecci\u00f3n contra Riesgos Sanitarios (COFEPRIS) informa sobre la falsificaci\u00f3n de los productos Mejoralito Pedi\u00e1trico y CONTAC ULTRA, cuyo titular de los registros sanitarios es HALEON CONSUMER HEALTHCARE S. DE R.L. DE C.V. <a href=\"https:\/\/www.gob.mx\/cms\/uploads\/attachment\/file\/1050486\/Alerta_Sanitaria_falsificaci_n_Mejoralito_Pediatrico_Contac_Ultra_21012026.pdf\">Ver alerta completa.\u00a0<\/a><\/li>\n<li>21 de enero del 2026.- La Comisi\u00f3n Federal para la Protecci\u00f3n contra Riesgos Sanitarios (COFEPRIS) informa sobre la comercializaci\u00f3n ilegal del producto con marca comercial Testoviron\u00ae Depot 250 mg\/mL (Enantato de testosterona), soluci\u00f3n inyectable en plataformas de comercio electr\u00f3nico y sitios web.\u00a0 <a href=\"https:\/\/www.gob.mx\/cms\/uploads\/attachment\/file\/1050482\/Alerta_Sanitaria_Testoviron_Depot_21012026.pdf\">Ver alerta completa.\u00a0<\/a><\/li>\n<li>21 de enero del 2026.- La Comisi\u00f3n Federal para la Protecci\u00f3n contra Riesgos Sanitarios (COFEPRIS) informa sobre la comercializaci\u00f3n ilegal del medicamento Neulasta\u00ae (Pegfilgrastim) en presentaci\u00f3n de jeringa pre-llenada de 6 mg, el cual presenta un etiquetado con leyendas diferentes al espa\u00f1ol. Adem\u00e1s, este producto no cuenta con registro sanitario emitido por COFEPRIS, por lo que no puede ser comercializado en territorio nacional.\u00a0 <a href=\"https:\/\/www.gob.mx\/cms\/uploads\/attachment\/file\/1050499\/Alerta_Sanitaria_Neulasta_21012026.pdf\">Ver alerta completa.\u00a0<\/a><\/li>\n<li>21 de enero del 2026.-La Comisi\u00f3n Federal para la Protecci\u00f3n contra Riesgos Sanitarios (COFEPRIS) informa sobre la comercializaci\u00f3n ilegal del medicamento Tafinlar\u00ae (Dabrafenib) 50 mg en presentaci\u00f3n de caja de cart\u00f3n con 120 c\u00e1psulas. <a href=\"https:\/\/www.gob.mx\/cms\/uploads\/attachment\/file\/1050500\/Alerta_Sanitaria_Tafinlar_21012026.pdf\">Ver alerta completa.\u00a0<\/a><\/li>\n<li>21 de enero del 2026.-La Comisi\u00f3n Federal para la Protecci\u00f3n contra Riesgos Sanitarios (COFEPRIS) informa sobre la falsificaci\u00f3n del producto Ruxience\u00ae (Rituximab) 500 mg\/50 mL, soluci\u00f3n inyectable, en presentaci\u00f3n caja con un frasco \u00e1mpula con 50 mL. <a href=\"https:\/\/www.gob.mx\/cms\/uploads\/attachment\/file\/1050485\/Alerta_Sanitaria_Ruxience_21012026.pdf\">Ver alerta completa.\u00a0<\/a><\/li>\n<li>21 de enero del 2026.- La Comisi\u00f3n Federal para la Protecci\u00f3n contra Riesgos Sanitarios (COFEPRIS) informa sobre la adulteraci\u00f3n en la fecha de caducidad del dispositivo m\u00e9dico HEMAGARD Carotid Patch Knitted Ultrathin (Collagen Coated Vascular Patchs\/ Parches vasculares recubiertos de col\u00e1geno) en presentaci\u00f3n de caja con parche tama\u00f1o 10&#215;75 mm. <a href=\"https:\/\/www.gob.mx\/cms\/uploads\/attachment\/file\/1050480\/Alerta_Sanitaria__Collagen_Coated_Vascular_Patchs_21012026.pdf\">Ver alerta completa.\u00a0<\/a><\/li>\n<li>19 de enero del 2026 -. Robo del producto\u00a0<strong>Bellafem\u00ae maternal, 600 mg<\/strong> suplemento alimenticio. <a href=\"https:\/\/www.gob.mx\/cms\/uploads\/attachment\/file\/1049091\/Alerta_sanitaria__Robo_de_suplementos__19012026.pdf\">Ver alerta completa.\u00a0<\/a><\/li>\n<li>19 de enero del 2026 -. Comercializaci\u00f3n ilegal del producto\u00a0<strong>Hero MIGHTY PATCH\u2122 Invisible+ (Parches para acn\u00e9)<\/strong>, en presentaci\u00f3n de 39 PATCHES en caja de cart\u00f3n.<a href=\"https:\/\/www.gob.mx\/cms\/uploads\/attachment\/file\/1049093\/Alerta_Sanitaria_Hero_Mighty_Patch_19012026.pdf\"> Ver alerta completa.<\/a><\/li>\n<li>19 de enero del 2026.- La Comisi\u00f3n Federal para la Protecci\u00f3n contra Riesgos Sanitarios (COFEPRIS) emite el presente documento sobre los riesgos asociados a la comercializaci\u00f3n y uso de medicamentos reportados como robados por los importadores y titulares del registro sanitario. <a href=\"https:\/\/www.gob.mx\/cms\/uploads\/attachment\/file\/1049097\/Aviso_de_Riesgo_de_robos_de_medicamentos_19012026.pdf\">Ver aviso de riesgo completo.\u00a0<\/a><\/li>\n<li>19 de enero del 2026.- La Comisi\u00f3n Federal para la Protecci\u00f3n contra Riesgos Sanitarios (COFEPRIS) informa sobre el robo, ocurrido en un almac\u00e9n ubicado en San Luis Potos\u00ed y notificado por 3M M\u00e9xico S.A. de C.V., titular del registro sanitario del producto FILTEK\u2122 Z250 XT NANO HYBRID UNIVERSAL RESTAURATIVE KIT (Kit con resina para restauraci\u00f3n dental). <a href=\"https:\/\/www.gob.mx\/cms\/uploads\/attachment\/file\/1049096\/Aviso_de_Riesgo_Robo_Filtek_3M_19012026.pdf\">Ver aviso de riesgo completo.<\/a><\/li>\n<li>19 de enero del 2026.- La Comisi\u00f3n Federal para la Protecci\u00f3n contra Riesgos Sanitarios (COFEPRIS) informa sobre la falsificaci\u00f3n del producto Finacea\u00ae (\u00c1cido azelaico) 15g\/ 100g, Gel, en presentaci\u00f3n de tubo con 30g. <a href=\"https:\/\/www.gob.mx\/cms\/uploads\/attachment\/file\/1049095\/Aviso_de_Riesgo_Finacea_19012026.pdf\">Ver aviso de riesgo completo.<\/a><\/li>\n<li>19 de enero del 2026.- La Comisi\u00f3n Federal para la Protecci\u00f3n contra Riesgos Sanitarios (COFEPRIS) informa sobre el robo del producto Bellafem\u00ae maternal, 600 mg suplemento alimenticio. <a href=\"https:\/\/www.gob.mx\/cms\/uploads\/attachment\/file\/1049091\/Alerta_sanitaria__Robo_de_suplementos__19012026.pdf\">Ver alerta completa.\u00a0<\/a><\/li>\n<li>19 de enero del 2026 -. Falsificaci\u00f3n del\u00a0<strong>medicamento Entresto\u00ae (Sacubitrilo valsart\u00e1n)<\/strong> en presentaci\u00f3n de caja con 60 comprimidos de 100 mg. <a href=\"https:\/\/www.gob.mx\/cms\/uploads\/attachment\/file\/1049092\/Alerta_Sanitaria_Entresto_19012026.pdf\">Ver alerta completa.<\/a><\/li>\n<li>07 de enero del 2026 -. Adulteraci\u00f3n del\u00a0<strong>producto Zenplex\u00ae (Olanzapina)<\/strong> en presentaci\u00f3n de tabletas de 10 mg. <a href=\"https:\/\/www.gob.mx\/cms\/uploads\/attachment\/file\/1046962\/Aviso_de_Riesgo_de_Zenplex_07012026.pdf\">Ver aviso completo.\u00a0<\/a><\/li>\n<li>07 de enero del 2026 -. Retiro del mercado que realiza la empresa Nestl\u00e9 M\u00e9xico, de los<strong>\u00a0productos NAN\u00ae Alfamino\u00ae, y Alfamino\u00ae<\/strong>, importados de Europa, en presentaci\u00f3n 400g. <a href=\"https:\/\/www.gob.mx\/cms\/uploads\/attachment\/file\/1047052\/Alerta_Sanitaria__Nestl__07012026.pdf\">Ver alerta completa.<\/a><\/li>\n<\/ul>\n<p><strong>Internacionales<\/strong><\/p>\n<ul>\n<li><a href=\"https:\/\/www.gob.mx\/cms\/uploads\/attachment\/file\/1055655\/ALERTAS_internacionales_01_al_31_de_enero_2026.pdf\">Enero<\/a><\/li>\n<\/ul>\n\n\n<p><\/p>\n","protected":false},"excerpt":{"rendered":"<p>Febrero 19 de febrero del 2026.- La Comisi\u00f3n Federal para la Protecci\u00f3n contra Riesgos Sanitarios (COFEPRIS) informa sobre la detecci\u00f3n de una fecha de caducidad distinta a la original en el producto CAFIASPIRINA\u00ae, (\u00c1cido acetilsalic\u00edlico\/Cafe\u00edna 500 mg\/30 mg), identificado por Bayer de M\u00e9xico, S.A. de C.V., como falsificado. Ver alerta completa.\u00a0 19 de febrero del [&hellip;]<\/p>\n","protected":false},"author":9,"featured_media":0,"parent":0,"menu_order":0,"comment_status":"closed","ping_status":"closed","template":"","meta":{"footnotes":""},"class_list":["post-30760","page","type-page","status-publish","hentry"],"_links":{"self":[{"href":"https:\/\/saludnl.gob.mx\/regulacion-sanitaria\/index.php\/wp-json\/wp\/v2\/pages\/30760","targetHints":{"allow":["GET"]}}],"collection":[{"href":"https:\/\/saludnl.gob.mx\/regulacion-sanitaria\/index.php\/wp-json\/wp\/v2\/pages"}],"about":[{"href":"https:\/\/saludnl.gob.mx\/regulacion-sanitaria\/index.php\/wp-json\/wp\/v2\/types\/page"}],"author":[{"embeddable":true,"href":"https:\/\/saludnl.gob.mx\/regulacion-sanitaria\/index.php\/wp-json\/wp\/v2\/users\/9"}],"replies":[{"embeddable":true,"href":"https:\/\/saludnl.gob.mx\/regulacion-sanitaria\/index.php\/wp-json\/wp\/v2\/comments?post=30760"}],"version-history":[{"count":6,"href":"https:\/\/saludnl.gob.mx\/regulacion-sanitaria\/index.php\/wp-json\/wp\/v2\/pages\/30760\/revisions"}],"predecessor-version":[{"id":31050,"href":"https:\/\/saludnl.gob.mx\/regulacion-sanitaria\/index.php\/wp-json\/wp\/v2\/pages\/30760\/revisions\/31050"}],"wp:attachment":[{"href":"https:\/\/saludnl.gob.mx\/regulacion-sanitaria\/index.php\/wp-json\/wp\/v2\/media?parent=30760"}],"curies":[{"name":"wp","href":"https:\/\/api.w.org\/{rel}","templated":true}]}}