{"id":29968,"date":"2025-09-22T14:12:44","date_gmt":"2025-09-22T20:12:44","guid":{"rendered":"https:\/\/saludnl.gob.mx\/regulacion-sanitaria\/?page_id=29968"},"modified":"2025-09-23T13:30:23","modified_gmt":"2025-09-23T19:30:23","slug":"singrem","status":"publish","type":"page","link":"https:\/\/saludnl.gob.mx\/regulacion-sanitaria\/index.php\/singrem\/","title":{"rendered":"SINGREM"},"content":{"rendered":"<div class=\"wp-block-image\">\n<figure class=\"aligncenter size-full\"><img loading=\"lazy\" decoding=\"async\" width=\"1050\" height=\"487\" src=\"https:\/\/saludnl.gob.mx\/regulacion-sanitaria\/wp-content\/uploads\/2025\/09\/SINGREM.png\" alt=\"\" class=\"wp-image-29986\" srcset=\"https:\/\/saludnl.gob.mx\/regulacion-sanitaria\/wp-content\/uploads\/2025\/09\/SINGREM.png 1050w, https:\/\/saludnl.gob.mx\/regulacion-sanitaria\/wp-content\/uploads\/2025\/09\/SINGREM-300x139.png 300w, https:\/\/saludnl.gob.mx\/regulacion-sanitaria\/wp-content\/uploads\/2025\/09\/SINGREM-1024x475.png 1024w, https:\/\/saludnl.gob.mx\/regulacion-sanitaria\/wp-content\/uploads\/2025\/09\/SINGREM-768x356.png 768w\" sizes=\"auto, (max-width: 1050px) 100vw, 1050px\" \/><\/figure>\n<\/div>\n\n\n<h2 class=\"wp-block-heading\"><strong>\u00bfD\u00f3nde encontrar los contenedores SINGREM?<\/strong><\/h2>\n\n\n\n<p><a href=\"https:\/\/www.singrem.org.mx\/\" data-type=\"link\" data-id=\"https:\/\/www.singrem.org.mx\/\">SINGREM<\/a> pone a disposici\u00f3n de la poblaci\u00f3n un buscador en l\u00ednea para ubicar el contenedor m\u00e1s cercano. Estos puntos de recolecci\u00f3n est\u00e1n distribuidos en todo el pa\u00eds, facilitando a la ciudadan\u00eda un acceso r\u00e1pido y seguro para deshacerse de medicamentos.<\/p>\n\n\n\n<p><strong>\u00bfQu\u00e9 puedo depositar?<\/strong><\/p>\n\n\n\n<ul class=\"wp-block-list\">\n<li>Medicamentos caducados<\/li>\n\n\n\n<li>Medicamentos que no necesites (sobrantes de tratamientos)<\/li>\n\n\n\n<li>Cajas de medicamentos<\/li>\n\n\n\n<li>Envases vac\u00edos o con restos<\/li>\n<\/ul>\n\n\n\n<p><strong>\u00bfQu\u00e9 no depositar?<\/strong><\/p>\n\n\n\n<ul class=\"wp-block-list\">\n<li>Agujas<\/li>\n\n\n\n<li>Gasas<\/li>\n\n\n\n<li>Pilas<\/li>\n\n\n\n<li>Productos Qu\u00edmicos<\/li>\n\n\n\n<li>Term\u00f3metros<\/li>\n\n\n\n<li>Jeringas<\/li>\n\n\n\n<li>Equipo para Venoclisis<\/li>\n\n\n\n<li>Pa\u00f1ales<\/li>\n<\/ul>\n\n\n\n<p>Los medicamentos recolectados son destruidos bajo estrictos procesos de control ambiental, evitando riesgos para la salud y el medio ambiente.<\/p>\n","protected":false},"excerpt":{"rendered":"<p>\u00bfD\u00f3nde encontrar los contenedores SINGREM? SINGREM pone a disposici\u00f3n de la poblaci\u00f3n un buscador en l\u00ednea para ubicar el contenedor m\u00e1s cercano. Estos puntos de recolecci\u00f3n est\u00e1n distribuidos en todo el pa\u00eds, facilitando a la ciudadan\u00eda un acceso r\u00e1pido y seguro para deshacerse de medicamentos. \u00bfQu\u00e9 puedo depositar? \u00bfQu\u00e9 no depositar? Los medicamentos recolectados son [&hellip;]<\/p>\n","protected":false},"author":9,"featured_media":0,"parent":0,"menu_order":0,"comment_status":"closed","ping_status":"closed","template":"","meta":{"footnotes":""},"class_list":["post-29968","page","type-page","status-publish","hentry"],"_links":{"self":[{"href":"https:\/\/saludnl.gob.mx\/regulacion-sanitaria\/index.php\/wp-json\/wp\/v2\/pages\/29968","targetHints":{"allow":["GET"]}}],"collection":[{"href":"https:\/\/saludnl.gob.mx\/regulacion-sanitaria\/index.php\/wp-json\/wp\/v2\/pages"}],"about":[{"href":"https:\/\/saludnl.gob.mx\/regulacion-sanitaria\/index.php\/wp-json\/wp\/v2\/types\/page"}],"author":[{"embeddable":true,"href":"https:\/\/saludnl.gob.mx\/regulacion-sanitaria\/index.php\/wp-json\/wp\/v2\/users\/9"}],"replies":[{"embeddable":true,"href":"https:\/\/saludnl.gob.mx\/regulacion-sanitaria\/index.php\/wp-json\/wp\/v2\/comments?post=29968"}],"version-history":[{"count":4,"href":"https:\/\/saludnl.gob.mx\/regulacion-sanitaria\/index.php\/wp-json\/wp\/v2\/pages\/29968\/revisions"}],"predecessor-version":[{"id":29987,"href":"https:\/\/saludnl.gob.mx\/regulacion-sanitaria\/index.php\/wp-json\/wp\/v2\/pages\/29968\/revisions\/29987"}],"wp:attachment":[{"href":"https:\/\/saludnl.gob.mx\/regulacion-sanitaria\/index.php\/wp-json\/wp\/v2\/media?parent=29968"}],"curies":[{"name":"wp","href":"https:\/\/api.w.org\/{rel}","templated":true}]}}