{"id":29960,"date":"2025-09-22T13:08:10","date_gmt":"2025-09-22T19:08:10","guid":{"rendered":"https:\/\/saludnl.gob.mx\/regulacion-sanitaria\/?page_id=29960"},"modified":"2025-09-23T13:29:28","modified_gmt":"2025-09-23T19:29:28","slug":"como-identificar-un-medicamento-falsificado","status":"publish","type":"page","link":"https:\/\/saludnl.gob.mx\/regulacion-sanitaria\/index.php\/como-identificar-un-medicamento-falsificado\/","title":{"rendered":"\u00bfC\u00f3mo identificar un medicamento falsificado?"},"content":{"rendered":"\n<figure class=\"wp-block-image size-large\"><img loading=\"lazy\" decoding=\"async\" width=\"1024\" height=\"475\" src=\"https:\/\/saludnl.gob.mx\/regulacion-sanitaria\/wp-content\/uploads\/2025\/09\/medicamento-falsificado-2-1024x475.png\" alt=\"\" class=\"wp-image-29984\" srcset=\"https:\/\/saludnl.gob.mx\/regulacion-sanitaria\/wp-content\/uploads\/2025\/09\/medicamento-falsificado-2-1024x475.png 1024w, https:\/\/saludnl.gob.mx\/regulacion-sanitaria\/wp-content\/uploads\/2025\/09\/medicamento-falsificado-2-300x139.png 300w, https:\/\/saludnl.gob.mx\/regulacion-sanitaria\/wp-content\/uploads\/2025\/09\/medicamento-falsificado-2-768x356.png 768w, https:\/\/saludnl.gob.mx\/regulacion-sanitaria\/wp-content\/uploads\/2025\/09\/medicamento-falsificado-2.png 1050w\" sizes=\"auto, (max-width: 1024px) 100vw, 1024px\" \/><\/figure>\n\n\n\n<h2 class=\"wp-block-heading\"><strong>\u00bfQu\u00e9 es un medicamento falsificado?<\/strong><\/h2>\n\n\n\n<p>Un medicamento falsificado es aquel que se produce y comercializa ilegalmente, aparentando ser aut\u00e9ntico. De acuerdo con la Organizaci\u00f3n Mundial de la Salud, estos productos pueden contener ingredientes equivocados, dosis incorrectas, sustancias t\u00f3xicas o incluso no tener principio activo.<\/p>\n\n\n\n<p>El consumo de medicamentos falsificados puede ocasionar falta de eficacia en el tratamiento, empeoramiento de la enfermedad o efectos adversos graves.<\/p>\n\n\n\n<h2 class=\"wp-block-heading\"><strong>\u00bfC\u00f3mo identificar un medicamento falsificado?<\/strong><\/h2>\n\n\n\n<p>Existen algunas se\u00f1ales de alerta que pueden ayudar a la poblaci\u00f3n a identificar un medicamento falsificado:<\/p>\n\n\n\n<ul class=\"wp-block-list\">\n<li>Envases mal impresos o con errores ortogr\u00e1ficos.<\/li>\n\n\n\n<li>Cambios en el color, tama\u00f1o o forma de las tabletas o c\u00e1psulas.<\/li>\n\n\n\n<li>Fechas de caducidad alteradas o poco claras.<\/li>\n\n\n\n<li>Precios excesivamente bajos en comparaci\u00f3n con los de farmacias reconocidas.<\/li>\n\n\n\n<li>Venta en sitios no autorizados, como p\u00e1ginas de internet no verificadas o en la v\u00eda p\u00fablica.<\/li>\n<\/ul>\n\n\n\n<p>Se recomienda adquirir medicamentos \u00fanicamente en farmacias establecidas, exigir comprobante de compra y, en los casos que corresponda, receta m\u00e9dica.<\/p>\n\n\n\n<h2 class=\"wp-block-heading\"><strong>\u00bfQu\u00e9 hacer con los medicamentos caducos o sobrantes?<\/strong><\/h2>\n\n\n\n<p>Los medicamentos caducos o que ya no se utilizan no deben tirarse a la basura com\u00fan ni al drenaje, ya que esto puede contaminar el suelo, el agua y representar riesgos para la salud p\u00fablica.<\/p>\n\n\n\n<p>En M\u00e9xico, existe el Sistema Nacional de Gesti\u00f3n de Residuos de Envases de Medicamentos (<a href=\"https:\/\/www.singrem.org.mx\/\" data-type=\"link\" data-id=\"https:\/\/www.singrem.org.mx\/\">SINGREM<\/a>), un programa autorizado por la Secretar\u00eda de Salud y COFEPRIS. A trav\u00e9s de este sistema, la poblaci\u00f3n puede depositar de manera segura medicamentos caducos, sobrantes y sus envases en contenedores especiales ubicados en farmacias, hospitales y unidades de salud.<\/p>\n\n\n\n<h2 class=\"wp-block-heading\"><strong>Recomendaciones para la poblaci\u00f3n<\/strong><\/h2>\n\n\n\n<ol class=\"wp-block-list\">\n<li>Revise siempre la fecha de caducidad y el estado f\u00edsico de los medicamentos antes de consumirlos.<\/li>\n\n\n\n<li>No compre medicamentos en lugares no autorizados ni en p\u00e1ginas de internet que no est\u00e9n verificadas.<\/li>\n\n\n\n<li>Evite la automedicaci\u00f3n y siga siempre las indicaciones de su m\u00e9dico.<\/li>\n\n\n\n<li>Guarde los medicamentos en lugares frescos, secos y fuera del alcance de los ni\u00f1os.<\/li>\n\n\n\n<li>Deposite los medicamentos caducos o sobrantes en un contenedor<\/li>\n<\/ol>\n\n\n\n<figure class=\"wp-block-gallery has-nested-images columns-default is-cropped wp-block-gallery-1 is-layout-flex wp-block-gallery-is-layout-flex\">\n<figure class=\"wp-block-image size-large\"><a href=\"https:\/\/saludnl.gob.mx\/regulacion-sanitaria\/index.php\/singrem\/\"><img loading=\"lazy\" decoding=\"async\" width=\"800\" height=\"371\" data-id=\"29967\" src=\"https:\/\/saludnl.gob.mx\/regulacion-sanitaria\/wp-content\/uploads\/2025\/09\/WhatsApp-Image-2025-09-22-at-12.14.31-PM-1.jpeg\" alt=\"\" class=\"wp-image-29967\" srcset=\"https:\/\/saludnl.gob.mx\/regulacion-sanitaria\/wp-content\/uploads\/2025\/09\/WhatsApp-Image-2025-09-22-at-12.14.31-PM-1.jpeg 800w, https:\/\/saludnl.gob.mx\/regulacion-sanitaria\/wp-content\/uploads\/2025\/09\/WhatsApp-Image-2025-09-22-at-12.14.31-PM-1-300x139.jpeg 300w, https:\/\/saludnl.gob.mx\/regulacion-sanitaria\/wp-content\/uploads\/2025\/09\/WhatsApp-Image-2025-09-22-at-12.14.31-PM-1-768x356.jpeg 768w\" sizes=\"auto, (max-width: 800px) 100vw, 800px\" \/><\/a><\/figure>\n<\/figure>\n\n\n\n<p><strong>Referencias<\/strong><\/p>\n\n\n\n<ul class=\"wp-block-list\">\n<li>COFEPRIS. (s. f.). <em>Comisi\u00f3n Federal para la Protecci\u00f3n contra Riesgos Sanitarios<\/em>. Gobierno de M\u00e9xico. Recuperado el 17 de septiembre de 2025, de <a href=\"https:\/\/www.gob.mx\/cofepris\">https:\/\/www.gob.mx\/cofepris<\/a><\/li>\n\n\n\n<li>Organizaci\u00f3n Mundial de la Salud. (s. f.). <em>Medicamentos falsificados<\/em>. OMS. Recuperado el 17 de septiembre de 2025, de <a href=\"https:\/\/www.who.int\/\">https:\/\/www.who.int<\/a><\/li>\n\n\n\n<li>Sistema Nacional de Gesti\u00f3n de Residuos de Envases de Medicamentos (SINGREM). (s. f.). <em>SINGREM<\/em>. Recuperado el 17 de septiembre de 2025, de <a href=\"https:\/\/www.singrem.org.mx\/\">https:\/\/www.singrem.org.mx<\/a><\/li>\n<\/ul>\n","protected":false},"excerpt":{"rendered":"<p>\u00bfQu\u00e9 es un medicamento falsificado? Un medicamento falsificado es aquel que se produce y comercializa ilegalmente, aparentando ser aut\u00e9ntico. De acuerdo con la Organizaci\u00f3n Mundial de la Salud, estos productos pueden contener ingredientes equivocados, dosis incorrectas, sustancias t\u00f3xicas o incluso no tener principio activo. El consumo de medicamentos falsificados puede ocasionar falta de eficacia en [&hellip;]<\/p>\n","protected":false},"author":9,"featured_media":0,"parent":0,"menu_order":0,"comment_status":"closed","ping_status":"closed","template":"","meta":{"footnotes":""},"class_list":["post-29960","page","type-page","status-publish","hentry"],"_links":{"self":[{"href":"https:\/\/saludnl.gob.mx\/regulacion-sanitaria\/index.php\/wp-json\/wp\/v2\/pages\/29960","targetHints":{"allow":["GET"]}}],"collection":[{"href":"https:\/\/saludnl.gob.mx\/regulacion-sanitaria\/index.php\/wp-json\/wp\/v2\/pages"}],"about":[{"href":"https:\/\/saludnl.gob.mx\/regulacion-sanitaria\/index.php\/wp-json\/wp\/v2\/types\/page"}],"author":[{"embeddable":true,"href":"https:\/\/saludnl.gob.mx\/regulacion-sanitaria\/index.php\/wp-json\/wp\/v2\/users\/9"}],"replies":[{"embeddable":true,"href":"https:\/\/saludnl.gob.mx\/regulacion-sanitaria\/index.php\/wp-json\/wp\/v2\/comments?post=29960"}],"version-history":[{"count":6,"href":"https:\/\/saludnl.gob.mx\/regulacion-sanitaria\/index.php\/wp-json\/wp\/v2\/pages\/29960\/revisions"}],"predecessor-version":[{"id":29985,"href":"https:\/\/saludnl.gob.mx\/regulacion-sanitaria\/index.php\/wp-json\/wp\/v2\/pages\/29960\/revisions\/29985"}],"wp:attachment":[{"href":"https:\/\/saludnl.gob.mx\/regulacion-sanitaria\/index.php\/wp-json\/wp\/v2\/media?parent=29960"}],"curies":[{"name":"wp","href":"https:\/\/api.w.org\/{rel}","templated":true}]}}