{"id":29644,"date":"2025-08-19T15:06:32","date_gmt":"2025-08-19T21:06:32","guid":{"rendered":"https:\/\/saludnl.gob.mx\/regulacion-sanitaria\/?page_id=29644"},"modified":"2025-08-19T15:12:18","modified_gmt":"2025-08-19T21:12:18","slug":"actos-no-quirurgicos-en-medicina-estetica","status":"publish","type":"page","link":"https:\/\/saludnl.gob.mx\/regulacion-sanitaria\/index.php\/actos-no-quirurgicos-en-medicina-estetica\/","title":{"rendered":"Actos No Quir\u00fargicos en Medicina Est\u00e9tica"},"content":{"rendered":"\n<figure class=\"wp-block-image size-large\"><img loading=\"lazy\" decoding=\"async\" width=\"1024\" height=\"341\" src=\"https:\/\/saludnl.gob.mx\/regulacion-sanitaria\/wp-content\/uploads\/2025\/08\/Banner-medicina-estetica-4-1-1024x341.png\" alt=\"\" class=\"wp-image-29648\" srcset=\"https:\/\/saludnl.gob.mx\/regulacion-sanitaria\/wp-content\/uploads\/2025\/08\/Banner-medicina-estetica-4-1-1024x341.png 1024w, https:\/\/saludnl.gob.mx\/regulacion-sanitaria\/wp-content\/uploads\/2025\/08\/Banner-medicina-estetica-4-1-300x100.png 300w, https:\/\/saludnl.gob.mx\/regulacion-sanitaria\/wp-content\/uploads\/2025\/08\/Banner-medicina-estetica-4-1-768x256.png 768w, https:\/\/saludnl.gob.mx\/regulacion-sanitaria\/wp-content\/uploads\/2025\/08\/Banner-medicina-estetica-4-1.png 1200w\" sizes=\"auto, (max-width: 1024px) 100vw, 1024px\" \/><\/figure>\n\n\n\n<p><strong>\u00bfQu\u00e9 son?<\/strong><br>Procedimientos est\u00e9ticos que no requieren cirug\u00eda ni anestesia general, pero s\u00ed capacitaci\u00f3n y autorizaci\u00f3n sanitaria.<\/p>\n\n\n\n<p><strong>Ejemplos:<\/strong><\/p>\n\n\n\n<ul class=\"wp-block-list\">\n<li>Aplicaci\u00f3n de toxina botul\u00ednica (Botox)<\/li>\n\n\n\n<li>Rellenos d\u00e9rmicos (\u00e1cido hialur\u00f3nico)<\/li>\n\n\n\n<li>Peelings qu\u00edmicos<\/li>\n\n\n\n<li>L\u00e1ser o luz pulsada intensa (IPL)<\/li>\n\n\n\n<li>Radiofrecuencia facial o corporal<\/li>\n\n\n\n<li>Microdermoabrasi\u00f3n<\/li>\n<\/ul>\n\n\n\n<p><strong>Requisitos para ser seguros (seg\u00fan Ley General de Salud y <a href=\"https:\/\/www.gob.mx\/cofepris\/documentos\/guia-de-autoverificacion-para-establecimientos-de-atencion-medica-con-fines-esteticos-sin-procedimientos-no-quirurgicos?state=published\">Gu\u00eda de Autoverificaci\u00f3n COFEPRIS 2025<\/a>):<\/strong><\/p>\n\n\n\n<ul class=\"wp-block-list\">\n<li>Establecimiento con <strong>aviso de funcionamiento vigente ante COFEPRIS<\/strong>.<\/li>\n\n\n\n<li>Insumos y equipos con registro sanitario, manuales y mantenimiento documentado.<\/li>\n\n\n\n<li>Personal <strong>capacitado y con comprobantes de formaci\u00f3n<\/strong>.<\/li>\n\n\n\n<li>Valoraci\u00f3n m\u00e9dica antes del procedimiento.<\/li>\n<\/ul>\n\n\n\n<p><strong>Riesgos de no cumplir la norma:<\/strong><\/p>\n\n\n\n<ul class=\"wp-block-list\">\n<li>Reacciones adversas<\/li>\n\n\n\n<li>Quemaduras o cicatrices<\/li>\n\n\n\n<li>Da\u00f1o est\u00e9tico irreversible<\/li>\n<\/ul>\n\n\n\n<p><br>\ud83d\udca1<strong> <em>Que no sean quir\u00fargicos no significa que sean inofensivos. Exige siempre un lugar autorizado y personal capacitado.<\/em><\/strong><\/p>\n","protected":false},"excerpt":{"rendered":"<p>\u00bfQu\u00e9 son?Procedimientos est\u00e9ticos que no requieren cirug\u00eda ni anestesia general, pero s\u00ed capacitaci\u00f3n y autorizaci\u00f3n sanitaria. Ejemplos: Requisitos para ser seguros (seg\u00fan Ley General de Salud y Gu\u00eda de Autoverificaci\u00f3n COFEPRIS 2025): Riesgos de no cumplir la norma: \ud83d\udca1 Que no sean quir\u00fargicos no significa que sean inofensivos. Exige siempre un lugar autorizado y personal [&hellip;]<\/p>\n","protected":false},"author":9,"featured_media":0,"parent":0,"menu_order":0,"comment_status":"closed","ping_status":"closed","template":"","meta":{"footnotes":""},"class_list":["post-29644","page","type-page","status-publish","hentry"],"_links":{"self":[{"href":"https:\/\/saludnl.gob.mx\/regulacion-sanitaria\/index.php\/wp-json\/wp\/v2\/pages\/29644","targetHints":{"allow":["GET"]}}],"collection":[{"href":"https:\/\/saludnl.gob.mx\/regulacion-sanitaria\/index.php\/wp-json\/wp\/v2\/pages"}],"about":[{"href":"https:\/\/saludnl.gob.mx\/regulacion-sanitaria\/index.php\/wp-json\/wp\/v2\/types\/page"}],"author":[{"embeddable":true,"href":"https:\/\/saludnl.gob.mx\/regulacion-sanitaria\/index.php\/wp-json\/wp\/v2\/users\/9"}],"replies":[{"embeddable":true,"href":"https:\/\/saludnl.gob.mx\/regulacion-sanitaria\/index.php\/wp-json\/wp\/v2\/comments?post=29644"}],"version-history":[{"count":3,"href":"https:\/\/saludnl.gob.mx\/regulacion-sanitaria\/index.php\/wp-json\/wp\/v2\/pages\/29644\/revisions"}],"predecessor-version":[{"id":29650,"href":"https:\/\/saludnl.gob.mx\/regulacion-sanitaria\/index.php\/wp-json\/wp\/v2\/pages\/29644\/revisions\/29650"}],"wp:attachment":[{"href":"https:\/\/saludnl.gob.mx\/regulacion-sanitaria\/index.php\/wp-json\/wp\/v2\/media?parent=29644"}],"curies":[{"name":"wp","href":"https:\/\/api.w.org\/{rel}","templated":true}]}}