{"id":29639,"date":"2025-08-19T15:01:41","date_gmt":"2025-08-19T21:01:41","guid":{"rendered":"https:\/\/saludnl.gob.mx\/regulacion-sanitaria\/?page_id=29639"},"modified":"2025-08-20T11:16:35","modified_gmt":"2025-08-20T17:16:35","slug":"actos-quirurgicos","status":"publish","type":"page","link":"https:\/\/saludnl.gob.mx\/regulacion-sanitaria\/index.php\/actos-quirurgicos\/","title":{"rendered":"Actos Quir\u00fargicos en Medicina Est\u00e9tica"},"content":{"rendered":"\n<figure class=\"wp-block-image size-large\"><img loading=\"lazy\" decoding=\"async\" width=\"1024\" height=\"341\" src=\"https:\/\/saludnl.gob.mx\/regulacion-sanitaria\/wp-content\/uploads\/2025\/08\/Banner-medicina-estetica-3-1-1-1024x341.png\" alt=\"\" class=\"wp-image-29641\" srcset=\"https:\/\/saludnl.gob.mx\/regulacion-sanitaria\/wp-content\/uploads\/2025\/08\/Banner-medicina-estetica-3-1-1-1024x341.png 1024w, https:\/\/saludnl.gob.mx\/regulacion-sanitaria\/wp-content\/uploads\/2025\/08\/Banner-medicina-estetica-3-1-1-300x100.png 300w, https:\/\/saludnl.gob.mx\/regulacion-sanitaria\/wp-content\/uploads\/2025\/08\/Banner-medicina-estetica-3-1-1-768x256.png 768w, https:\/\/saludnl.gob.mx\/regulacion-sanitaria\/wp-content\/uploads\/2025\/08\/Banner-medicina-estetica-3-1-1.png 1200w\" sizes=\"auto, (max-width: 1024px) 100vw, 1024px\" \/><\/figure>\n\n\n\n<p><strong>\u00bfQu\u00e9 son?<\/strong><br>Procedimientos est\u00e9ticos que implican incisiones, uso de anestesia y quir\u00f3fano.<\/p>\n\n\n\n<p><strong>Ejemplos:<\/strong><\/p>\n\n\n\n<ul class=\"wp-block-list\">\n<li>Liposucci\u00f3n<\/li>\n\n\n\n<li>Implantes o pr\u00f3tesis mamarias<\/li>\n\n\n\n<li>Bichectom\u00eda<\/li>\n\n\n\n<li>Rinoplastia o rinomodelaci\u00f3n quir\u00fargica<\/li>\n\n\n\n<li>Abdominoplastia<\/li>\n\n\n\n<li>Lifting facial quir\u00fargico<\/li>\n<\/ul>\n\n\n\n<p><strong>Requisitos para ser seguros (seg\u00fan Ley General de Salud, art. 81, 83, 272 Bis, Reglamento en Materia de Atenci\u00f3n M\u00e9dica, art. 95 Bis 1 y 4, y <a href=\"https:\/\/www.gob.mx\/cofepris\/documentos\/guia-de-autoverificacion-para-establecimientos-que-ofrecen-procedimientos-quirurgicos-con-fines-esteticos?state=published\">Gu\u00eda de autoverificaci\u00f3n por COFEPRIS 2025<\/a>):<\/strong><\/p>\n\n\n\n<ul class=\"wp-block-list\">\n<li>M\u00e9dico con <strong>c\u00e9dula de especialidad quir\u00fargica<\/strong> y certificado vigente por el consejo correspondiente. <strong>Consulta aqu\u00ed: <\/strong><a href=\"https:\/\/www.cedulaprofesional.sep.gob.mx\/cedula\/presidencia\/indexAvanzada.action\">SEP-Registro Nacional de Profesionistas<\/a>, <a href=\"https:\/\/directorio.cmcper.mx\/\">Directorio CMCPER<\/a> y <a href=\"https:\/\/conacem.org.mx\/\">Registro de Certificaci\u00f3n Vigente CONACEM<\/a>.  <\/li>\n\n\n\n<li>Establecimiento con <strong>licencia sanitaria para actos quir\u00fargicos<\/strong> a la vista.<\/li>\n\n\n\n<li>Instalaciones con \u00e1reas quir\u00fargicas (negra, gris y blanca) separadas, quir\u00f3fano autorizado y personal de anestesiolog\u00eda.<\/li>\n\n\n\n<li>Uso de equipos con registro sanitario, medicamentos vigentes y trazabilidad documental.<\/li>\n\n\n\n<li>Consentimiento informado y valoraci\u00f3n m\u00e9dica previa.<\/li>\n<\/ul>\n\n\n\n<p><strong>Riesgos de no cumplir la norma:<\/strong><\/p>\n\n\n\n<ul class=\"wp-block-list\">\n<li>Infecciones graves<\/li>\n\n\n\n<li>Da\u00f1o permanente<\/li>\n\n\n\n<li>Riesgo de muerte<\/li>\n<\/ul>\n\n\n\n<p><br>\u26a0\ufe0f <em>Un acto quir\u00fargico sin autorizaci\u00f3n pone tu vida en riesgo. <strong>Verifica siempre que el establecimiento y el m\u00e9dico tengan autorizaciones ante COFEPRIS.<\/strong><\/em><\/p>\n\n\n\n<p><strong>VERIFICA al M\u00e9dico con c\u00e9dula de especialidad quir\u00fargica y certificado vigente por el consejo correspondiente. <\/strong><\/p>\n\n\n\n<figure class=\"wp-block-gallery has-nested-images columns-default is-cropped wp-block-gallery-1 is-layout-flex wp-block-gallery-is-layout-flex\">\n<figure class=\"wp-block-image size-large\"><a href=\"https:\/\/directorio.cmcper.mx\/\"><img loading=\"lazy\" decoding=\"async\" width=\"756\" height=\"350\" data-id=\"29660\" src=\"https:\/\/saludnl.gob.mx\/regulacion-sanitaria\/wp-content\/uploads\/2025\/08\/WhatsApp-Image-2025-08-19-at-4.00.10-PM.jpeg\" alt=\"\" class=\"wp-image-29660\" srcset=\"https:\/\/saludnl.gob.mx\/regulacion-sanitaria\/wp-content\/uploads\/2025\/08\/WhatsApp-Image-2025-08-19-at-4.00.10-PM.jpeg 756w, https:\/\/saludnl.gob.mx\/regulacion-sanitaria\/wp-content\/uploads\/2025\/08\/WhatsApp-Image-2025-08-19-at-4.00.10-PM-300x139.jpeg 300w\" sizes=\"auto, (max-width: 756px) 100vw, 756px\" \/><\/a><\/figure>\n\n\n\n<figure class=\"wp-block-image size-large\"><a href=\"https:\/\/conacem.org.mx\/\"><img loading=\"lazy\" decoding=\"async\" width=\"756\" height=\"350\" data-id=\"29659\" src=\"https:\/\/saludnl.gob.mx\/regulacion-sanitaria\/wp-content\/uploads\/2025\/08\/WhatsApp-Image-2025-08-19-at-4.00.10-PM-1.jpeg\" alt=\"\" class=\"wp-image-29659\" srcset=\"https:\/\/saludnl.gob.mx\/regulacion-sanitaria\/wp-content\/uploads\/2025\/08\/WhatsApp-Image-2025-08-19-at-4.00.10-PM-1.jpeg 756w, https:\/\/saludnl.gob.mx\/regulacion-sanitaria\/wp-content\/uploads\/2025\/08\/WhatsApp-Image-2025-08-19-at-4.00.10-PM-1-300x139.jpeg 300w\" sizes=\"auto, (max-width: 756px) 100vw, 756px\" \/><\/a><\/figure>\n\n\n\n<figure class=\"wp-block-image size-full\"><a href=\"https:\/\/www.cedulaprofesional.sep.gob.mx\/cedula\/presidencia\/indexAvanzada.action\"><img loading=\"lazy\" decoding=\"async\" width=\"756\" height=\"350\" data-id=\"29671\" src=\"https:\/\/saludnl.gob.mx\/regulacion-sanitaria\/wp-content\/uploads\/2025\/08\/WhatsApp-Image-2025-08-20-at-8.28.22-AM-1.jpeg\" alt=\"\" class=\"wp-image-29671\" srcset=\"https:\/\/saludnl.gob.mx\/regulacion-sanitaria\/wp-content\/uploads\/2025\/08\/WhatsApp-Image-2025-08-20-at-8.28.22-AM-1.jpeg 756w, https:\/\/saludnl.gob.mx\/regulacion-sanitaria\/wp-content\/uploads\/2025\/08\/WhatsApp-Image-2025-08-20-at-8.28.22-AM-1-300x139.jpeg 300w\" sizes=\"auto, (max-width: 756px) 100vw, 756px\" \/><\/a><\/figure>\n<\/figure>\n\n\n\n<p><\/p>\n","protected":false},"excerpt":{"rendered":"<p>\u00bfQu\u00e9 son?Procedimientos est\u00e9ticos que implican incisiones, uso de anestesia y quir\u00f3fano. Ejemplos: Requisitos para ser seguros (seg\u00fan Ley General de Salud, art. 81, 83, 272 Bis, Reglamento en Materia de Atenci\u00f3n M\u00e9dica, art. 95 Bis 1 y 4, y Gu\u00eda de autoverificaci\u00f3n por COFEPRIS 2025): Riesgos de no cumplir la norma: \u26a0\ufe0f Un acto quir\u00fargico [&hellip;]<\/p>\n","protected":false},"author":9,"featured_media":0,"parent":0,"menu_order":0,"comment_status":"closed","ping_status":"closed","template":"","meta":{"footnotes":""},"class_list":["post-29639","page","type-page","status-publish","hentry"],"_links":{"self":[{"href":"https:\/\/saludnl.gob.mx\/regulacion-sanitaria\/index.php\/wp-json\/wp\/v2\/pages\/29639","targetHints":{"allow":["GET"]}}],"collection":[{"href":"https:\/\/saludnl.gob.mx\/regulacion-sanitaria\/index.php\/wp-json\/wp\/v2\/pages"}],"about":[{"href":"https:\/\/saludnl.gob.mx\/regulacion-sanitaria\/index.php\/wp-json\/wp\/v2\/types\/page"}],"author":[{"embeddable":true,"href":"https:\/\/saludnl.gob.mx\/regulacion-sanitaria\/index.php\/wp-json\/wp\/v2\/users\/9"}],"replies":[{"embeddable":true,"href":"https:\/\/saludnl.gob.mx\/regulacion-sanitaria\/index.php\/wp-json\/wp\/v2\/comments?post=29639"}],"version-history":[{"count":8,"href":"https:\/\/saludnl.gob.mx\/regulacion-sanitaria\/index.php\/wp-json\/wp\/v2\/pages\/29639\/revisions"}],"predecessor-version":[{"id":29672,"href":"https:\/\/saludnl.gob.mx\/regulacion-sanitaria\/index.php\/wp-json\/wp\/v2\/pages\/29639\/revisions\/29672"}],"wp:attachment":[{"href":"https:\/\/saludnl.gob.mx\/regulacion-sanitaria\/index.php\/wp-json\/wp\/v2\/media?parent=29639"}],"curies":[{"name":"wp","href":"https:\/\/api.w.org\/{rel}","templated":true}]}}