{"id":29625,"date":"2025-08-19T13:18:59","date_gmt":"2025-08-19T19:18:59","guid":{"rendered":"https:\/\/saludnl.gob.mx\/regulacion-sanitaria\/?page_id=29625"},"modified":"2025-08-20T11:06:19","modified_gmt":"2025-08-20T17:06:19","slug":"medicina-estetica","status":"publish","type":"page","link":"https:\/\/saludnl.gob.mx\/regulacion-sanitaria\/index.php\/medicina-estetica\/","title":{"rendered":"Medicina Est\u00e9tica"},"content":{"rendered":"\n<figure class=\"wp-block-image size-large\"><img loading=\"lazy\" decoding=\"async\" width=\"1024\" height=\"341\" src=\"https:\/\/saludnl.gob.mx\/regulacion-sanitaria\/wp-content\/uploads\/2025\/08\/WhatsApp-Image-2025-08-14-at-2.07.43-PM-1024x341.jpeg\" alt=\"\" class=\"wp-image-29623\" srcset=\"https:\/\/saludnl.gob.mx\/regulacion-sanitaria\/wp-content\/uploads\/2025\/08\/WhatsApp-Image-2025-08-14-at-2.07.43-PM-1024x341.jpeg 1024w, https:\/\/saludnl.gob.mx\/regulacion-sanitaria\/wp-content\/uploads\/2025\/08\/WhatsApp-Image-2025-08-14-at-2.07.43-PM-300x100.jpeg 300w, https:\/\/saludnl.gob.mx\/regulacion-sanitaria\/wp-content\/uploads\/2025\/08\/WhatsApp-Image-2025-08-14-at-2.07.43-PM-768x256.jpeg 768w, https:\/\/saludnl.gob.mx\/regulacion-sanitaria\/wp-content\/uploads\/2025\/08\/WhatsApp-Image-2025-08-14-at-2.07.43-PM.jpeg 1200w\" sizes=\"auto, (max-width: 1024px) 100vw, 1024px\" \/><\/figure>\n\n\n\n<p><\/p>\n\n\n\n<p>La medicina est\u00e9tica comprende una amplia gama de procedimientos que buscan mejorar la apariencia f\u00edsica.<br>Estos procedimientos se dividen en <strong>actos quir\u00fargicos<\/strong> y <strong>actos no quir\u00fargicos<\/strong>, ambos regulados por la <strong>Ley General de Salud<\/strong> y la normativa sanitaria vigente.<\/p>\n\n\n\n<p>Conoce la diferencia entre ellos y aprende a identificar cu\u00e1ndo un servicio es seguro y legal.<\/p>\n\n\n\n<p><strong>Antes de cualquier procedimiento est\u00e9tico, verifica:<\/strong><\/p>\n\n\n\n<ul class=\"wp-block-list\">\n<li>Certificaci\u00f3n del personal.<\/li>\n\n\n\n<li>Permisos y licencias sanitarias vigentes.<\/li>\n\n\n\n<li>Instalaciones seguras y autorizadas.<\/li>\n<\/ul>\n\n\n\n<p><strong>VERIFICA al M\u00e9dico con c\u00e9dula de especialidad quir\u00fargica y certificado vigente por el consejo correspondiente. <\/strong><\/p>\n\n\n\n<figure class=\"wp-block-gallery has-nested-images columns-default is-cropped wp-block-gallery-1 is-layout-flex wp-block-gallery-is-layout-flex\">\n<figure class=\"wp-block-image size-large\"><a href=\"https:\/\/directorio.cmcper.mx\/\"><img loading=\"lazy\" decoding=\"async\" width=\"756\" height=\"350\" data-id=\"29660\" src=\"https:\/\/saludnl.gob.mx\/regulacion-sanitaria\/wp-content\/uploads\/2025\/08\/WhatsApp-Image-2025-08-19-at-4.00.10-PM.jpeg\" alt=\"\" class=\"wp-image-29660\" srcset=\"https:\/\/saludnl.gob.mx\/regulacion-sanitaria\/wp-content\/uploads\/2025\/08\/WhatsApp-Image-2025-08-19-at-4.00.10-PM.jpeg 756w, https:\/\/saludnl.gob.mx\/regulacion-sanitaria\/wp-content\/uploads\/2025\/08\/WhatsApp-Image-2025-08-19-at-4.00.10-PM-300x139.jpeg 300w\" sizes=\"auto, (max-width: 756px) 100vw, 756px\" \/><\/a><\/figure>\n\n\n\n<figure class=\"wp-block-image size-large\"><a href=\"https:\/\/conacem.org.mx\/\"><img loading=\"lazy\" decoding=\"async\" width=\"756\" height=\"350\" data-id=\"29659\" src=\"https:\/\/saludnl.gob.mx\/regulacion-sanitaria\/wp-content\/uploads\/2025\/08\/WhatsApp-Image-2025-08-19-at-4.00.10-PM-1.jpeg\" alt=\"\" class=\"wp-image-29659\" srcset=\"https:\/\/saludnl.gob.mx\/regulacion-sanitaria\/wp-content\/uploads\/2025\/08\/WhatsApp-Image-2025-08-19-at-4.00.10-PM-1.jpeg 756w, https:\/\/saludnl.gob.mx\/regulacion-sanitaria\/wp-content\/uploads\/2025\/08\/WhatsApp-Image-2025-08-19-at-4.00.10-PM-1-300x139.jpeg 300w\" sizes=\"auto, (max-width: 756px) 100vw, 756px\" \/><\/a><\/figure>\n\n\n\n<figure class=\"wp-block-image size-full\"><a href=\"https:\/\/www.cedulaprofesional.sep.gob.mx\/cedula\/presidencia\/indexAvanzada.action\"><img loading=\"lazy\" decoding=\"async\" width=\"756\" height=\"350\" data-id=\"29669\" src=\"https:\/\/saludnl.gob.mx\/regulacion-sanitaria\/wp-content\/uploads\/2025\/08\/WhatsApp-Image-2025-08-20-at-8.28.22-AM.jpeg\" alt=\"\" class=\"wp-image-29669\" srcset=\"https:\/\/saludnl.gob.mx\/regulacion-sanitaria\/wp-content\/uploads\/2025\/08\/WhatsApp-Image-2025-08-20-at-8.28.22-AM.jpeg 756w, https:\/\/saludnl.gob.mx\/regulacion-sanitaria\/wp-content\/uploads\/2025\/08\/WhatsApp-Image-2025-08-20-at-8.28.22-AM-300x139.jpeg 300w\" sizes=\"auto, (max-width: 756px) 100vw, 756px\" \/><\/a><\/figure>\n<\/figure>\n\n\n\n<p><\/p>\n\n\n\n<p><\/p>\n\n\n\n<figure class=\"wp-block-image size-large\"><a href=\"https:\/\/saludnl.gob.mx\/regulacion-sanitaria\/index.php\/actos-quirurgicos\/\"><img loading=\"lazy\" decoding=\"async\" width=\"1024\" height=\"341\" src=\"https:\/\/saludnl.gob.mx\/regulacion-sanitaria\/wp-content\/uploads\/2025\/08\/Banner-medicina-estetica-3-1-1024x341.png\" alt=\"\" class=\"wp-image-29634\" srcset=\"https:\/\/saludnl.gob.mx\/regulacion-sanitaria\/wp-content\/uploads\/2025\/08\/Banner-medicina-estetica-3-1-1024x341.png 1024w, https:\/\/saludnl.gob.mx\/regulacion-sanitaria\/wp-content\/uploads\/2025\/08\/Banner-medicina-estetica-3-1-300x100.png 300w, https:\/\/saludnl.gob.mx\/regulacion-sanitaria\/wp-content\/uploads\/2025\/08\/Banner-medicina-estetica-3-1-768x256.png 768w, https:\/\/saludnl.gob.mx\/regulacion-sanitaria\/wp-content\/uploads\/2025\/08\/Banner-medicina-estetica-3-1.png 1200w\" sizes=\"auto, (max-width: 1024px) 100vw, 1024px\" \/><\/a><\/figure>\n\n\n\n<figure class=\"wp-block-image size-large\"><a href=\"https:\/\/saludnl.gob.mx\/regulacion-sanitaria\/index.php\/actos-no-quirurgicos-en-medicina-estetica\/\"><img loading=\"lazy\" decoding=\"async\" width=\"1024\" height=\"341\" src=\"https:\/\/saludnl.gob.mx\/regulacion-sanitaria\/wp-content\/uploads\/2025\/08\/Banner-medicina-estetica-4-1024x341.png\" alt=\"\" class=\"wp-image-29635\" srcset=\"https:\/\/saludnl.gob.mx\/regulacion-sanitaria\/wp-content\/uploads\/2025\/08\/Banner-medicina-estetica-4-1024x341.png 1024w, https:\/\/saludnl.gob.mx\/regulacion-sanitaria\/wp-content\/uploads\/2025\/08\/Banner-medicina-estetica-4-300x100.png 300w, https:\/\/saludnl.gob.mx\/regulacion-sanitaria\/wp-content\/uploads\/2025\/08\/Banner-medicina-estetica-4-768x256.png 768w, https:\/\/saludnl.gob.mx\/regulacion-sanitaria\/wp-content\/uploads\/2025\/08\/Banner-medicina-estetica-4.png 1200w\" sizes=\"auto, (max-width: 1024px) 100vw, 1024px\" \/><\/a><\/figure>\n\n\n\n<figure class=\"wp-block-embed is-type-rich is-provider-spotify wp-block-embed-spotify wp-embed-aspect-21-9 wp-has-aspect-ratio\"><div class=\"wp-block-embed__wrapper\">\n<iframe title=\"Spotify Embed: Medicina est\u00e9tica\" style=\"border-radius: 12px\" width=\"100%\" height=\"152\" frameborder=\"0\" allowfullscreen allow=\"autoplay; clipboard-write; encrypted-media; fullscreen; picture-in-picture\" loading=\"lazy\" src=\"https:\/\/open.spotify.com\/embed\/episode\/5wJDye34ObVhUrfEnz9f9A?si=85b50aae73574469&#038;utm_source=oembed\"><\/iframe>\n<\/div><\/figure>\n\n\n<div class=\"sdm_download_item \"><div class=\"sdm_download_item_top\"><div class=\"sdm_download_thumbnail\"><\/div><div class=\"sdm_download_title\">Oficio Circular<\/div><\/div><div style=\"clear:both;\"><\/div><div class=\"sdm_download_description\"><p>DIRIGIDO A CENTROS DE CONVENCIONES, ESTABLECIMIENTOS, PRESTADORES DE SERVICIOS DE SALUD, CONSULTORIOS M\u00c9DICOS, HOSPITALES Y AL A POBLACI\u00d3N EN GENERAL.<\/p>\n<\/div><div class=\"sdm_download_link\"><span class=\"sdm_download_button\"><a href=\"https:\/\/saludnl.gob.mx\/regulacion-sanitaria\/?sdm_process_download=1&download_id=29597\" class=\"sdm_download blue\" title=\"Oficio Circular\" target=\"_blank\">Descargar aqu\u00ed<\/a><\/span><span class=\"sdm_download_item_count\"><span class=\"sdm_item_count_number\">384<\/span><span class=\"sdm_item_count_string\"> Downloads<\/span><\/span><\/div><\/div><div class=\"sdm_clear_float\"><\/div>\n\n\n<div class=\"sdm_download_item \"><div class=\"sdm_download_item_top\"><div class=\"sdm_download_thumbnail\"><\/div><div class=\"sdm_download_title\">ALTA DIRECTIVA &#8211; ALTA DIRECTIVA SANITARIA PARA ESTABLECIMIENTOS DE ATENCI\u00d3N M\u00c9DICA CON PROCEDIMIENTOS EST\u00c9TICOS, OBST\u00c9TRICOS Y\/O QUIR\u00daRGICOS<\/div><\/div><div style=\"clear:both;\"><\/div><div class=\"sdm_download_description\"><p>Ciudad de M\u00e9xico a 22 de agosto de 2023<\/p>\n<\/div><div class=\"sdm_download_link\"><span class=\"sdm_download_button\"><a href=\"https:\/\/saludnl.gob.mx\/regulacion-sanitaria\/?sdm_process_download=1&download_id=20271\" class=\"sdm_download blue\" title=\"ALTA DIRECTIVA &#8211; ALTA DIRECTIVA SANITARIA PARA ESTABLECIMIENTOS DE ATENCI\u00d3N M\u00c9DICA CON PROCEDIMIENTOS EST\u00c9TICOS, OBST\u00c9TRICOS Y\/O QUIR\u00daRGICOS\" target=\"_blank\">Descargar aqu\u00ed<\/a><\/span><span class=\"sdm_download_item_count\"><span class=\"sdm_item_count_number\">2089<\/span><span class=\"sdm_item_count_string\"> Downloads<\/span><\/span><\/div><\/div><div class=\"sdm_clear_float\"><\/div>\n\n\n<div class=\"sdm_download_item \"><div class=\"sdm_download_item_top\"><div class=\"sdm_download_thumbnail\"><\/div><div class=\"sdm_download_title\">Gu\u00eda de Auto-Evaluaci\u00f3n Sanitaria Para establecimientos que realizan o atienden cirugia mayor ambulatoria<\/div><\/div><div style=\"clear:both;\"><\/div><div class=\"sdm_download_description\"><\/div><div class=\"sdm_download_link\"><span class=\"sdm_download_button\"><a href=\"https:\/\/saludnl.gob.mx\/regulacion-sanitaria\/?sdm_process_download=1&download_id=16347\" class=\"sdm_download blue\" title=\"Gu\u00eda de Auto-Evaluaci\u00f3n Sanitaria Para establecimientos que realizan o atienden cirugia mayor ambulatoria\" target=\"_self\">Gu\u00eda autoevaluaci\u00f3n para descarga<\/a><\/span><span class=\"sdm_download_item_count\"><span class=\"sdm_item_count_number\">384<\/span><span class=\"sdm_item_count_string\"> Downloads<\/span><\/span><\/div><\/div><div class=\"sdm_clear_float\"><\/div>\n\n\n\n<p><\/p>\n","protected":false},"excerpt":{"rendered":"<p>La medicina est\u00e9tica comprende una amplia gama de procedimientos que buscan mejorar la apariencia f\u00edsica.Estos procedimientos se dividen en actos quir\u00fargicos y actos no quir\u00fargicos, ambos regulados por la Ley General de Salud y la normativa sanitaria vigente. Conoce la diferencia entre ellos y aprende a identificar cu\u00e1ndo un servicio es seguro y legal. Antes [&hellip;]<\/p>\n","protected":false},"author":9,"featured_media":0,"parent":0,"menu_order":0,"comment_status":"closed","ping_status":"closed","template":"","meta":{"footnotes":""},"class_list":["post-29625","page","type-page","status-publish","hentry"],"_links":{"self":[{"href":"https:\/\/saludnl.gob.mx\/regulacion-sanitaria\/index.php\/wp-json\/wp\/v2\/pages\/29625","targetHints":{"allow":["GET"]}}],"collection":[{"href":"https:\/\/saludnl.gob.mx\/regulacion-sanitaria\/index.php\/wp-json\/wp\/v2\/pages"}],"about":[{"href":"https:\/\/saludnl.gob.mx\/regulacion-sanitaria\/index.php\/wp-json\/wp\/v2\/types\/page"}],"author":[{"embeddable":true,"href":"https:\/\/saludnl.gob.mx\/regulacion-sanitaria\/index.php\/wp-json\/wp\/v2\/users\/9"}],"replies":[{"embeddable":true,"href":"https:\/\/saludnl.gob.mx\/regulacion-sanitaria\/index.php\/wp-json\/wp\/v2\/comments?post=29625"}],"version-history":[{"count":11,"href":"https:\/\/saludnl.gob.mx\/regulacion-sanitaria\/index.php\/wp-json\/wp\/v2\/pages\/29625\/revisions"}],"predecessor-version":[{"id":29670,"href":"https:\/\/saludnl.gob.mx\/regulacion-sanitaria\/index.php\/wp-json\/wp\/v2\/pages\/29625\/revisions\/29670"}],"wp:attachment":[{"href":"https:\/\/saludnl.gob.mx\/regulacion-sanitaria\/index.php\/wp-json\/wp\/v2\/media?parent=29625"}],"curies":[{"name":"wp","href":"https:\/\/api.w.org\/{rel}","templated":true}]}}