{"id":29539,"date":"2025-08-13T08:49:32","date_gmt":"2025-08-13T14:49:32","guid":{"rendered":"https:\/\/saludnl.gob.mx\/regulacion-sanitaria\/?page_id=29539"},"modified":"2025-10-16T15:22:38","modified_gmt":"2025-10-16T21:22:38","slug":"3-x-mi-salud","status":"publish","type":"page","link":"https:\/\/saludnl.gob.mx\/regulacion-sanitaria\/index.php\/3-x-mi-salud\/","title":{"rendered":"3 x MI SALUD"},"content":{"rendered":"<p><img loading=\"lazy\" decoding=\"async\" class=\"aligncenter size-full wp-image-29894\" src=\"https:\/\/saludnl.gob.mx\/regulacion-sanitaria\/wp-content\/uploads\/2025\/09\/logocompleto-scaled.png\" alt=\"\" width=\"2560\" height=\"654\" srcset=\"https:\/\/saludnl.gob.mx\/regulacion-sanitaria\/wp-content\/uploads\/2025\/09\/logocompleto-scaled.png 2560w, https:\/\/saludnl.gob.mx\/regulacion-sanitaria\/wp-content\/uploads\/2025\/09\/logocompleto-300x77.png 300w, https:\/\/saludnl.gob.mx\/regulacion-sanitaria\/wp-content\/uploads\/2025\/09\/logocompleto-1024x262.png 1024w, https:\/\/saludnl.gob.mx\/regulacion-sanitaria\/wp-content\/uploads\/2025\/09\/logocompleto-768x196.png 768w, https:\/\/saludnl.gob.mx\/regulacion-sanitaria\/wp-content\/uploads\/2025\/09\/logocompleto-1536x392.png 1536w, https:\/\/saludnl.gob.mx\/regulacion-sanitaria\/wp-content\/uploads\/2025\/09\/logocompleto-2048x523.png 2048w\" sizes=\"auto, (max-width: 2560px) 100vw, 2560px\" \/><\/p>\n<p>\u00a0<\/p>\n<p>\u00a0<\/p>\n<p>Es una iniciativa del gobierno mexicano para promover estilos de vida saludables, enfocada en tres acciones clave:\u00a0reducir el consumo de bebidas azucaradas, disminuir la ingesta de comida chatarra, y aumentar la actividad f\u00edsica.<\/p>\n<p>Esta estrategia busca combatir la\u00a0<a href=\"https:\/\/www.google.com\/search?sca_esv=609c72437aa85e53&amp;cs=0&amp;sxsrf=AE3TifOqUKA0WQPj6ooTN_WB_a6IOOjVsw%3A1754936722880&amp;q=obesidad&amp;sa=X&amp;ved=2ahUKEwi4mdrfsIOPAxXo4skDHTVZNdwQxccNegQIGRAB&amp;mstk=AUtExfC69s9I2Wkq1aCnwv8pr72j7UE1Y9_8FTd8kcD5jqlg47Rb603itN7zZ7kKtQGuBHcIl7KYz2yprGOA5wx0SFFc7ZnpSpnIZHk-0jNoPJzTBRhND6WqhPLyPw71O7c79o-shAfF8YPTZ_nyaVIHK5yraSJHTIr8PaWeQzRUmIIaieJmAc389u-34rrF9NoORtDHIkRPwog0jLLSVPkAjtiLTp6UUn1V_Lo1NwTlkNjomnYnVnMt-IVv4BwNDmG4mYNP09S72TqvbAemboOGIkOaPGQY1HKralzToQo-HzpXjQ&amp;csui=3\">obesidad<\/a>\u00a0y las enfermedades relacionadas, promoviendo cambios en los h\u00e1bitos de la poblaci\u00f3n y fomentando una cultura de prevenci\u00f3n.\u00a0En detalle:<\/p>\n<ul>\n<li><b>Menos bebidas azucaradas: <\/b>Se busca reducir o eliminar el consumo de refrescos, jugos industrializados y otras bebidas con alto contenido de az\u00facar.<\/li>\n<li><b>Menos comida chatarra: <\/b>Se promueve disminuir o evitar alimentos ultraprocesados como papas fritas, pan dulce, galletas, y otros productos con bajo valor nutricional.<\/li>\n<li><b>M\u00e1s actividad f\u00edsica: <\/b>Se incentiva la pr\u00e1ctica regular de ejercicio, como caminar al menos 30 minutos al d\u00eda, para mejorar el estado de \u00e1nimo y reducir el riesgo de enfermedades cr\u00f3nicas.<\/li>\n<\/ul>\n<p><img loading=\"lazy\" decoding=\"async\" class=\"aligncenter size-full wp-image-30146\" src=\"https:\/\/saludnl.gob.mx\/regulacion-sanitaria\/wp-content\/uploads\/2025\/10\/2.-ALIMENTACION-SALUDABLE-2-copia.png\" alt=\"\" width=\"2551\" height=\"1651\" srcset=\"https:\/\/saludnl.gob.mx\/regulacion-sanitaria\/wp-content\/uploads\/2025\/10\/2.-ALIMENTACION-SALUDABLE-2-copia.png 2551w, https:\/\/saludnl.gob.mx\/regulacion-sanitaria\/wp-content\/uploads\/2025\/10\/2.-ALIMENTACION-SALUDABLE-2-copia-300x194.png 300w, https:\/\/saludnl.gob.mx\/regulacion-sanitaria\/wp-content\/uploads\/2025\/10\/2.-ALIMENTACION-SALUDABLE-2-copia-1024x663.png 1024w, https:\/\/saludnl.gob.mx\/regulacion-sanitaria\/wp-content\/uploads\/2025\/10\/2.-ALIMENTACION-SALUDABLE-2-copia-768x497.png 768w, https:\/\/saludnl.gob.mx\/regulacion-sanitaria\/wp-content\/uploads\/2025\/10\/2.-ALIMENTACION-SALUDABLE-2-copia-1536x994.png 1536w, https:\/\/saludnl.gob.mx\/regulacion-sanitaria\/wp-content\/uploads\/2025\/10\/2.-ALIMENTACION-SALUDABLE-2-copia-2048x1325.png 2048w\" sizes=\"auto, (max-width: 2551px) 100vw, 2551px\" \/><\/p>\n<p>La campa\u00f1a &#8220;3 x Mi Salud&#8221; forma parte de una estrategia m\u00e1s amplia para abordar la\u00a0<a href=\"https:\/\/www.google.com\/search?sca_esv=609c72437aa85e53&amp;cs=0&amp;sxsrf=AE3TifOqUKA0WQPj6ooTN_WB_a6IOOjVsw%3A1754936722880&amp;q=obesidad&amp;sa=X&amp;ved=2ahUKEwi4mdrfsIOPAxXo4skDHTVZNdwQxccNegQIBBAB&amp;mstk=AUtExfC69s9I2Wkq1aCnwv8pr72j7UE1Y9_8FTd8kcD5jqlg47Rb603itN7zZ7kKtQGuBHcIl7KYz2yprGOA5wx0SFFc7ZnpSpnIZHk-0jNoPJzTBRhND6WqhPLyPw71O7c79o-shAfF8YPTZ_nyaVIHK5yraSJHTIr8PaWeQzRUmIIaieJmAc389u-34rrF9NoORtDHIkRPwog0jLLSVPkAjtiLTp6UUn1V_Lo1NwTlkNjomnYnVnMt-IVv4BwNDmG4mYNP09S72TqvbAemboOGIkOaPGQY1HKralzToQo-HzpXjQ&amp;csui=3\">obesidad<\/a>\u00a0en M\u00e9xico, que incluye pol\u00edticas p\u00fablicas y programas de prevenci\u00f3n.\u00a0Se espera que esta iniciativa impulse cambios en los h\u00e1bitos alimenticios y promueva un estilo de vida m\u00e1s saludable en la poblaci\u00f3n.<\/p>\n\n\n<figure class=\"wp-block-gallery has-nested-images columns-default is-cropped wp-block-gallery-1 is-layout-flex wp-block-gallery-is-layout-flex\">\n<figure class=\"wp-block-image size-large\"><img loading=\"lazy\" decoding=\"async\" width=\"580\" height=\"1024\" data-id=\"30161\" src=\"https:\/\/saludnl.gob.mx\/regulacion-sanitaria\/wp-content\/uploads\/2025\/10\/Storie_IG-copia-580x1024.jpg\" alt=\"\" class=\"wp-image-30161\" srcset=\"https:\/\/saludnl.gob.mx\/regulacion-sanitaria\/wp-content\/uploads\/2025\/10\/Storie_IG-copia-580x1024.jpg 580w, https:\/\/saludnl.gob.mx\/regulacion-sanitaria\/wp-content\/uploads\/2025\/10\/Storie_IG-copia-170x300.jpg 170w, https:\/\/saludnl.gob.mx\/regulacion-sanitaria\/wp-content\/uploads\/2025\/10\/Storie_IG-copia-768x1356.jpg 768w, https:\/\/saludnl.gob.mx\/regulacion-sanitaria\/wp-content\/uploads\/2025\/10\/Storie_IG-copia-870x1536.jpg 870w, https:\/\/saludnl.gob.mx\/regulacion-sanitaria\/wp-content\/uploads\/2025\/10\/Storie_IG-copia.jpg 906w\" sizes=\"auto, (max-width: 580px) 100vw, 580px\" \/><\/figure>\n\n\n\n<figure class=\"wp-block-image size-large\"><img loading=\"lazy\" decoding=\"async\" width=\"584\" height=\"1024\" data-id=\"30160\" src=\"https:\/\/saludnl.gob.mx\/regulacion-sanitaria\/wp-content\/uploads\/2025\/10\/WhatsApp-Image-2025-08-22-at-2.20.35-PM-copia-584x1024.jpg\" alt=\"\" class=\"wp-image-30160\" srcset=\"https:\/\/saludnl.gob.mx\/regulacion-sanitaria\/wp-content\/uploads\/2025\/10\/WhatsApp-Image-2025-08-22-at-2.20.35-PM-copia-584x1024.jpg 584w, https:\/\/saludnl.gob.mx\/regulacion-sanitaria\/wp-content\/uploads\/2025\/10\/WhatsApp-Image-2025-08-22-at-2.20.35-PM-copia-171x300.jpg 171w, https:\/\/saludnl.gob.mx\/regulacion-sanitaria\/wp-content\/uploads\/2025\/10\/WhatsApp-Image-2025-08-22-at-2.20.35-PM-copia-768x1347.jpg 768w, https:\/\/saludnl.gob.mx\/regulacion-sanitaria\/wp-content\/uploads\/2025\/10\/WhatsApp-Image-2025-08-22-at-2.20.35-PM-copia-876x1536.jpg 876w, https:\/\/saludnl.gob.mx\/regulacion-sanitaria\/wp-content\/uploads\/2025\/10\/WhatsApp-Image-2025-08-22-at-2.20.35-PM-copia.jpg 912w\" sizes=\"auto, (max-width: 584px) 100vw, 584px\" \/><\/figure>\n\n\n\n<figure class=\"wp-block-image size-large\"><img loading=\"lazy\" decoding=\"async\" width=\"578\" height=\"1024\" data-id=\"30162\" src=\"https:\/\/saludnl.gob.mx\/regulacion-sanitaria\/wp-content\/uploads\/2025\/10\/WhatsApp-Image-2025-08-25-at-1.49.59-PM-copia-578x1024.jpg\" alt=\"\" class=\"wp-image-30162\" srcset=\"https:\/\/saludnl.gob.mx\/regulacion-sanitaria\/wp-content\/uploads\/2025\/10\/WhatsApp-Image-2025-08-25-at-1.49.59-PM-copia-578x1024.jpg 578w, https:\/\/saludnl.gob.mx\/regulacion-sanitaria\/wp-content\/uploads\/2025\/10\/WhatsApp-Image-2025-08-25-at-1.49.59-PM-copia-169x300.jpg 169w, https:\/\/saludnl.gob.mx\/regulacion-sanitaria\/wp-content\/uploads\/2025\/10\/WhatsApp-Image-2025-08-25-at-1.49.59-PM-copia.jpg 722w\" sizes=\"auto, (max-width: 578px) 100vw, 578px\" \/><\/figure>\n<\/figure>\n\n\n\n<div class=\"wp-block-columns is-layout-flex wp-container-core-columns-is-layout-9d6595d7 wp-block-columns-is-layout-flex\">\n<div class=\"wp-block-column is-layout-flow wp-block-column-is-layout-flow\"><div id=\"metaslider-id-29544\" style=\"width: 100%;\" class=\"ml-slider-3-98-0 metaslider metaslider-flex metaslider-29544 ml-slider ms-theme-clarity has-carousel-mode has-dots-nav\" role=\"region\" aria-roledescription=\"Slideshow\" aria-label=\"3 x mi salud\" data-width=\"300\">\n    <div id=\"metaslider_container_29544\">\n        <div id=\"metaslider_29544\">\n            <ul class='slides'>\n                <li style=\"display: none; width: 100%;\" class=\"slide-30127 ms-image \" aria-roledescription=\"slide\" aria-label=\"slide-30127\" data-date=\"2025-10-16 13:44:06\"><img loading=\"lazy\" decoding=\"async\" src=\"https:\/\/saludnl.gob.mx\/regulacion-sanitaria\/wp-content\/uploads\/2025\/10\/545527041_1122460673405076_1663499005720800912_n-300x400.jpg\" height=\"400\" width=\"300\" alt=\"\" class=\"slider-29544 slide-30127\" title=\"545527041_1122460673405076_1663499005720800912_n\" \/><\/li>\n                <li style=\"display: none; width: 100%;\" class=\"slide-30128 ms-image \" aria-roledescription=\"slide\" aria-label=\"slide-30128\" data-date=\"2025-10-16 13:44:06\"><img loading=\"lazy\" decoding=\"async\" src=\"https:\/\/saludnl.gob.mx\/regulacion-sanitaria\/wp-content\/uploads\/2025\/10\/535011548_1100093388975138_6141909031406854482_n-1-300x400.jpg\" height=\"400\" width=\"300\" alt=\"\" class=\"slider-29544 slide-30128\" title=\"535011548_1100093388975138_6141909031406854482_n (1)\" \/><\/li>\n                <li style=\"display: none; width: 100%;\" class=\"slide-30129 ms-image \" aria-roledescription=\"slide\" aria-label=\"slide-30129\" data-date=\"2025-10-16 13:44:06\"><img loading=\"lazy\" decoding=\"async\" src=\"https:\/\/saludnl.gob.mx\/regulacion-sanitaria\/wp-content\/uploads\/2025\/10\/photo_2025-08-01_10-56-42-4-300x400.jpg\" height=\"400\" width=\"300\" alt=\"\" class=\"slider-29544 slide-30129\" title=\"photo_2025-08-01_10-56-42 (4)\" \/><\/li>\n                <li style=\"display: none; width: 100%;\" class=\"slide-30130 ms-image \" aria-roledescription=\"slide\" aria-label=\"slide-30130\" data-date=\"2025-10-16 13:44:07\"><img loading=\"lazy\" decoding=\"async\" src=\"https:\/\/saludnl.gob.mx\/regulacion-sanitaria\/wp-content\/uploads\/2025\/10\/WhatsApp-Image-2025-08-25-at-11.37.47-AM-copia-300x400.jpg\" height=\"400\" width=\"300\" alt=\"\" class=\"slider-29544 slide-30130\" title=\"WhatsApp Image 2025-08-25 at 11.37.47 AM copia\" \/><\/li>\n            <\/ul>\n        <\/div>\n        \n    <\/div>\n<\/div>\n<\/div>\n\n\n\n<div class=\"wp-block-column is-layout-flow wp-block-column-is-layout-flow\"><div id=\"metaslider-id-30131\" style=\"width: 100%;\" class=\"ml-slider-3-98-0 metaslider metaslider-flex metaslider-30131 ml-slider ms-theme-clarity has-carousel-mode has-dots-nav\" role=\"region\" aria-roledescription=\"Slideshow\" aria-label=\"3 x mi salud 2\" data-width=\"300\">\n    <div id=\"metaslider_container_30131\">\n        <div id=\"metaslider_30131\">\n            <ul class='slides'>\n                <li style=\"display: none; width: 100%;\" class=\"slide-30147 ms-image \" aria-roledescription=\"slide\" aria-label=\"slide-30147\" data-date=\"2025-10-16 15:11:13\"><img loading=\"lazy\" decoding=\"async\" src=\"https:\/\/saludnl.gob.mx\/regulacion-sanitaria\/wp-content\/uploads\/2025\/10\/WhatsApp-Image-2025-09-02-at-9.42.21-AM-copia-300x400.jpg\" height=\"400\" width=\"300\" alt=\"\" class=\"slider-30131 slide-30147\" title=\"WhatsApp Image 2025-09-02 at 9.42.21 AM copia\" \/><\/li>\n                <li style=\"display: none; width: 100%;\" class=\"slide-30148 ms-image \" aria-roledescription=\"slide\" aria-label=\"slide-30148\" data-date=\"2025-10-16 15:11:14\"><img loading=\"lazy\" decoding=\"async\" src=\"https:\/\/saludnl.gob.mx\/regulacion-sanitaria\/wp-content\/uploads\/2025\/10\/WhatsApp-Image-2025-09-05-at-9.01.19-AM-300x400.jpeg\" height=\"400\" width=\"300\" alt=\"\" class=\"slider-30131 slide-30148\" title=\"WhatsApp Image 2025-09-05 at 9.01.19 AM\" \/><\/li>\n                <li style=\"display: none; width: 100%;\" class=\"slide-30149 ms-image \" aria-roledescription=\"slide\" aria-label=\"slide-30149\" data-date=\"2025-10-16 15:11:14\"><img loading=\"lazy\" decoding=\"async\" src=\"https:\/\/saludnl.gob.mx\/regulacion-sanitaria\/wp-content\/uploads\/2025\/10\/WhatsApp-Image-2025-09-11-at-11.46.13-AM-300x400.jpeg\" height=\"400\" width=\"300\" alt=\"\" class=\"slider-30131 slide-30149\" title=\"WhatsApp Image 2025-09-11 at 11.46.13 AM\" \/><\/li>\n                <li style=\"display: none; width: 100%;\" class=\"slide-30150 ms-image \" aria-roledescription=\"slide\" aria-label=\"slide-30150\" data-date=\"2025-10-16 15:11:14\"><img loading=\"lazy\" decoding=\"async\" src=\"https:\/\/saludnl.gob.mx\/regulacion-sanitaria\/wp-content\/uploads\/2025\/10\/WhatsApp-Image-2025-08-25-at-11.37.16-AM-copia-300x400.jpg\" height=\"400\" width=\"300\" alt=\"\" class=\"slider-30131 slide-30150\" title=\"WhatsApp Image 2025-08-25 at 11.37.16 AM copia\" \/><\/li>\n            <\/ul>\n        <\/div>\n        \n    <\/div>\n<\/div>\n<\/div>\n<\/div>\n\n\n\n<figure class=\"wp-block-gallery has-nested-images columns-default is-cropped wp-block-gallery-2 is-layout-flex wp-block-gallery-is-layout-flex\">\n<figure class=\"wp-block-image size-large\"><img loading=\"lazy\" decoding=\"async\" width=\"663\" height=\"1024\" data-id=\"30165\" src=\"https:\/\/saludnl.gob.mx\/regulacion-sanitaria\/wp-content\/uploads\/2025\/10\/1.-TODOS-PODEMOS-HACER-ACTIVIDAD-FISICA-1-copia-3-663x1024.png\" alt=\"\" class=\"wp-image-30165\" srcset=\"https:\/\/saludnl.gob.mx\/regulacion-sanitaria\/wp-content\/uploads\/2025\/10\/1.-TODOS-PODEMOS-HACER-ACTIVIDAD-FISICA-1-copia-3-663x1024.png 663w, https:\/\/saludnl.gob.mx\/regulacion-sanitaria\/wp-content\/uploads\/2025\/10\/1.-TODOS-PODEMOS-HACER-ACTIVIDAD-FISICA-1-copia-3-194x300.png 194w, https:\/\/saludnl.gob.mx\/regulacion-sanitaria\/wp-content\/uploads\/2025\/10\/1.-TODOS-PODEMOS-HACER-ACTIVIDAD-FISICA-1-copia-3-768x1185.png 768w, https:\/\/saludnl.gob.mx\/regulacion-sanitaria\/wp-content\/uploads\/2025\/10\/1.-TODOS-PODEMOS-HACER-ACTIVIDAD-FISICA-1-copia-3-995x1536.png 995w, https:\/\/saludnl.gob.mx\/regulacion-sanitaria\/wp-content\/uploads\/2025\/10\/1.-TODOS-PODEMOS-HACER-ACTIVIDAD-FISICA-1-copia-3-1327x2048.png 1327w, https:\/\/saludnl.gob.mx\/regulacion-sanitaria\/wp-content\/uploads\/2025\/10\/1.-TODOS-PODEMOS-HACER-ACTIVIDAD-FISICA-1-copia-3.png 1654w\" sizes=\"auto, (max-width: 663px) 100vw, 663px\" \/><\/figure>\n\n\n\n<figure class=\"wp-block-image size-large\"><img loading=\"lazy\" decoding=\"async\" width=\"664\" height=\"1024\" data-id=\"30166\" src=\"https:\/\/saludnl.gob.mx\/regulacion-sanitaria\/wp-content\/uploads\/2025\/10\/2-TODOS-PODEMOS-HACER-ACTIVIDAD-FISICA-2-copia-3-664x1024.png\" alt=\"\" class=\"wp-image-30166\" srcset=\"https:\/\/saludnl.gob.mx\/regulacion-sanitaria\/wp-content\/uploads\/2025\/10\/2-TODOS-PODEMOS-HACER-ACTIVIDAD-FISICA-2-copia-3-664x1024.png 664w, https:\/\/saludnl.gob.mx\/regulacion-sanitaria\/wp-content\/uploads\/2025\/10\/2-TODOS-PODEMOS-HACER-ACTIVIDAD-FISICA-2-copia-3-194x300.png 194w, https:\/\/saludnl.gob.mx\/regulacion-sanitaria\/wp-content\/uploads\/2025\/10\/2-TODOS-PODEMOS-HACER-ACTIVIDAD-FISICA-2-copia-3-768x1185.png 768w, https:\/\/saludnl.gob.mx\/regulacion-sanitaria\/wp-content\/uploads\/2025\/10\/2-TODOS-PODEMOS-HACER-ACTIVIDAD-FISICA-2-copia-3-996x1536.png 996w, https:\/\/saludnl.gob.mx\/regulacion-sanitaria\/wp-content\/uploads\/2025\/10\/2-TODOS-PODEMOS-HACER-ACTIVIDAD-FISICA-2-copia-3-1328x2048.png 1328w, https:\/\/saludnl.gob.mx\/regulacion-sanitaria\/wp-content\/uploads\/2025\/10\/2-TODOS-PODEMOS-HACER-ACTIVIDAD-FISICA-2-copia-3.png 1655w\" sizes=\"auto, (max-width: 664px) 100vw, 664px\" \/><\/figure>\n<\/figure>\n\n\n\n<figure class=\"wp-block-image size-large is-resized\"><img loading=\"lazy\" decoding=\"async\" width=\"577\" height=\"1024\" src=\"https:\/\/saludnl.gob.mx\/regulacion-sanitaria\/wp-content\/uploads\/2025\/10\/WhatsApp-Image-2025-09-02-at-3.29.23-PM-copia-1-577x1024.jpg\" alt=\"\" class=\"wp-image-30169\" style=\"width:406px;height:auto\" srcset=\"https:\/\/saludnl.gob.mx\/regulacion-sanitaria\/wp-content\/uploads\/2025\/10\/WhatsApp-Image-2025-09-02-at-3.29.23-PM-copia-1-577x1024.jpg 577w, https:\/\/saludnl.gob.mx\/regulacion-sanitaria\/wp-content\/uploads\/2025\/10\/WhatsApp-Image-2025-09-02-at-3.29.23-PM-copia-1-169x300.jpg 169w, https:\/\/saludnl.gob.mx\/regulacion-sanitaria\/wp-content\/uploads\/2025\/10\/WhatsApp-Image-2025-09-02-at-3.29.23-PM-copia-1-768x1362.jpg 768w, https:\/\/saludnl.gob.mx\/regulacion-sanitaria\/wp-content\/uploads\/2025\/10\/WhatsApp-Image-2025-09-02-at-3.29.23-PM-copia-1-866x1536.jpg 866w, https:\/\/saludnl.gob.mx\/regulacion-sanitaria\/wp-content\/uploads\/2025\/10\/WhatsApp-Image-2025-09-02-at-3.29.23-PM-copia-1.jpg 902w\" sizes=\"auto, (max-width: 577px) 100vw, 577px\" \/><\/figure>\n","protected":false},"excerpt":{"rendered":"<p>\u00a0 \u00a0 Es una iniciativa del gobierno mexicano para promover estilos de vida saludables, enfocada en tres acciones clave:\u00a0reducir el consumo de bebidas azucaradas, disminuir la ingesta de comida chatarra, y aumentar la actividad f\u00edsica. Esta estrategia busca combatir la\u00a0obesidad\u00a0y las enfermedades relacionadas, promoviendo cambios en los h\u00e1bitos de la poblaci\u00f3n y fomentando una cultura [&hellip;]<\/p>\n","protected":false},"author":9,"featured_media":0,"parent":0,"menu_order":0,"comment_status":"closed","ping_status":"closed","template":"","meta":{"footnotes":""},"class_list":["post-29539","page","type-page","status-publish","hentry"],"_links":{"self":[{"href":"https:\/\/saludnl.gob.mx\/regulacion-sanitaria\/index.php\/wp-json\/wp\/v2\/pages\/29539","targetHints":{"allow":["GET"]}}],"collection":[{"href":"https:\/\/saludnl.gob.mx\/regulacion-sanitaria\/index.php\/wp-json\/wp\/v2\/pages"}],"about":[{"href":"https:\/\/saludnl.gob.mx\/regulacion-sanitaria\/index.php\/wp-json\/wp\/v2\/types\/page"}],"author":[{"embeddable":true,"href":"https:\/\/saludnl.gob.mx\/regulacion-sanitaria\/index.php\/wp-json\/wp\/v2\/users\/9"}],"replies":[{"embeddable":true,"href":"https:\/\/saludnl.gob.mx\/regulacion-sanitaria\/index.php\/wp-json\/wp\/v2\/comments?post=29539"}],"version-history":[{"count":8,"href":"https:\/\/saludnl.gob.mx\/regulacion-sanitaria\/index.php\/wp-json\/wp\/v2\/pages\/29539\/revisions"}],"predecessor-version":[{"id":30171,"href":"https:\/\/saludnl.gob.mx\/regulacion-sanitaria\/index.php\/wp-json\/wp\/v2\/pages\/29539\/revisions\/30171"}],"wp:attachment":[{"href":"https:\/\/saludnl.gob.mx\/regulacion-sanitaria\/index.php\/wp-json\/wp\/v2\/media?parent=29539"}],"curies":[{"name":"wp","href":"https:\/\/api.w.org\/{rel}","templated":true}]}}