{"id":28509,"date":"2025-05-14T14:23:54","date_gmt":"2025-05-14T20:23:54","guid":{"rendered":"https:\/\/saludnl.gob.mx\/regulacion-sanitaria\/?page_id=28509"},"modified":"2025-09-25T15:45:04","modified_gmt":"2025-09-25T21:45:04","slug":"guias-de-autoverificacion-por-comision-federal-para-la-proteccion-contra-riesgos-sanitarios","status":"publish","type":"page","link":"https:\/\/saludnl.gob.mx\/regulacion-sanitaria\/index.php\/guias-de-autoverificacion-por-comision-federal-para-la-proteccion-contra-riesgos-sanitarios\/","title":{"rendered":"Gu\u00edas de autoverificaci\u00f3n por la Comisi\u00f3n Federal para la Protecci\u00f3n contra Riesgos Sanitarios"},"content":{"rendered":"<div><img loading=\"lazy\" decoding=\"async\" class=\"size-full wp-image-28514\" src=\"https:\/\/saludnl.gob.mx\/regulacion-sanitaria\/wp-content\/uploads\/2025\/05\/Banner-scaled.png\" alt=\"\" width=\"2560\" height=\"853\" srcset=\"https:\/\/saludnl.gob.mx\/regulacion-sanitaria\/wp-content\/uploads\/2025\/05\/Banner-scaled.png 2560w, https:\/\/saludnl.gob.mx\/regulacion-sanitaria\/wp-content\/uploads\/2025\/05\/Banner-300x100.png 300w, https:\/\/saludnl.gob.mx\/regulacion-sanitaria\/wp-content\/uploads\/2025\/05\/Banner-1024x341.png 1024w, https:\/\/saludnl.gob.mx\/regulacion-sanitaria\/wp-content\/uploads\/2025\/05\/Banner-768x256.png 768w, https:\/\/saludnl.gob.mx\/regulacion-sanitaria\/wp-content\/uploads\/2025\/05\/Banner-1536x512.png 1536w, https:\/\/saludnl.gob.mx\/regulacion-sanitaria\/wp-content\/uploads\/2025\/05\/Banner-2048x683.png 2048w\" sizes=\"auto, (max-width: 2560px) 100vw, 2560px\" \/><\/div>\n<div><\/div>\n<div>Comisi\u00f3n Federal para la Protecci\u00f3n contra Riesgos Sanitarios | Actualizaci\u00f3n 26 de febrero de 2025<\/div>\n<div class=\"pull-left\">\n<div class=\"-box\"><\/div>\n<\/div>\n<div class=\"col-md-12 col-xs-12 col-article-body bottom-buffer col-sm-12\">\n<ul>\n<li><a href=\"https:\/\/www.gob.mx\/cofepris\/documentos\/guia-autoverificacion-almacenes-de-deposito-distribucion-de-medicamentos-y-demas-insumos-para-la-salud?state=published\">Gu\u00eda de autoverificaci\u00f3n: almacenes de dep\u00f3sito, distribuci\u00f3n de medicamentos y dem\u00e1s insumos para la salud.<\/a><\/li>\n<li><a href=\"https:\/\/www.gob.mx\/cofepris\/documentos\/guia-autoverificacion-cumplimiento-de-la-regulacion-sanitaria-en-materia-de-establecimientos-con-instalaciones-acuaticas?state=published\">Gu\u00eda de autoverificaci\u00f3n: cumplimiento de la regulaci\u00f3n sanitaria en materia de establecimientos con instalaciones acu\u00e1ticas.<\/a><\/li>\n<li><a href=\"https:\/\/www.gob.mx\/cofepris\/documentos\/guia-autoverificacion-cumplimiento-de-la-regulacion-sanitaria-en-materia-de-establecimientos-que-almacenan-y-comercializan-plaguicidas-n?state=published\">Gu\u00eda de autoverificaci\u00f3n: cumplimiento de la regulaci\u00f3n sanitaria en materia de establecimientos que almacenan y comercializan plaguicidas, nutrientes vegetales y sustancias t\u00f3xicas.<\/a><\/li>\n<li><a href=\"https:\/\/www.gob.mx\/cofepris\/documentos\/guia-autoverificacion-cumplimiento-de-la-regulacion-sanitaria-en-materia-de-humo-de-tabaco-y-emisiones?state=published\">Gu\u00eda de autoverificaci\u00f3n: cumplimiento de la regulaci\u00f3n sanitaria en materia de humo de tabaco y emisiones.<\/a><\/li>\n<li><a href=\"https:\/\/www.gob.mx\/cofepris\/documentos\/guia-autoverificacion-cumplimiento-de-la-regulacion-sanitaria-en-materia-de-establecimientos-que-prestan-servicios-urbanos-de-fumigacion?state=published\">Gu\u00eda de autoverificaci\u00f3n: cumplimiento de la regulaci\u00f3n sanitaria en materia de establecimientos que prestan servicios urbanos de fumigaci\u00f3n, desinfecci\u00f3n y control de plagas.<\/a><\/li>\n<li><a href=\"https:\/\/www.gob.mx\/cofepris\/documentos\/guia-autoverificacion-para-establecimientos-que-otorgan-el-servicio-de-atencion-medica-con-hemodialisis?state=published\">Gu\u00eda de autoverificaci\u00f3n: cumplimiento de la regulaci\u00f3n sanitaria para establecimientos que otorgan el servicio de atenci\u00f3n m\u00e9dica con hemodi\u00e1lisis.<\/a><\/li>\n<li><a href=\"https:\/\/www.gob.mx\/cofepris\/documentos\/guia-autoverificacion-cumplimiento-de-la-regulacion-sanitaria-para-farmacias-boticas-y-droguerias?state=published\">Gu\u00eda de autoverificaci\u00f3n: cumplimiento de la regulaci\u00f3n sanitaria para farmacias, boticas y droguer\u00edas.<\/a><\/li>\n<li><a href=\"https:\/\/www.gob.mx\/cofepris\/documentos\/guia-autoverificacion-dictaminar-el-acta-de-verificacion-sanitaria-para-constatar-el-cumplimiento-de-la-regulacion-sanitaria-para-albergu?state=published\">Gu\u00eda de autoverificaci\u00f3n: dictaminar el acta de verificaci\u00f3n sanitaria para constatar el cumplimiento de la regulaci\u00f3n sanitaria para albergues.<\/a><\/li>\n<li><a href=\"https:\/\/www.gob.mx\/cofepris\/documentos\/guia-autoverificacion-establecimientos-de-atencion-medica-ambulatoria-o-consultorios-medicos-generales-y-de-especialidad?state=published\">Gu\u00eda de autoverificaci\u00f3n: establecimientos de atenci\u00f3n m\u00e9dica ambulatoria o consultorios m\u00e9dicos generales y de especialidad.<\/a><\/li>\n<li><a href=\"https:\/\/www.gob.mx\/cofepris\/documentos\/guia-autoverificacion-establecimientos-que-realizan-tatuajes-micropigmentaciones-y-perforaciones?state=published\">Gu\u00eda de autoverificaci\u00f3n: establecimientos que realizan tatuajes, micropigmentaciones y perforaciones.<\/a><\/li>\n<li><a href=\"https:\/\/www.gob.mx\/cofepris\/documentos\/guia-autoverificacion-rastros-y-unidades-de-sacrificio-o-mataderos?state=published\">Gu\u00eda de autoverificaci\u00f3n: rastros y unidades de sacrificio o mataderos.<\/a><\/li>\n<li><a href=\"https:\/\/www.gob.mx\/cofepris\/documentos\/guia-autoverificacion-cumplimiento-de-la-regulacion-sanitaria-para-establecimientos-que-otorgan-el-servicio-de-banco-de-sangre?state=published\">Gu\u00eda de autoverificaci\u00f3n: cumplimiento de la Regulaci\u00f3n Sanitaria para establecimientos que otorgan el servicio de banco de sangre.<\/a><\/li>\n<li><a href=\"https:\/\/www.gob.mx\/cofepris\/documentos\/guia-de-autoverificacion-de-practicas-de-higiene-para-productos-de-la-pesca?state=published\">Gu\u00eda de autoverificaci\u00f3n\u00a0pr\u00e1cticas de higiene para el proceso en plantas de productos de la pesca<\/a>.<\/li>\n<li><a href=\"https:\/\/www.gob.mx\/cofepris\/documentos\/guia-de-autoverificacion-cosmeticos?state=published\" target=\"_blank\" rel=\"noopener\">Guia de autoverificaci\u00f3n: para establecimientos que procesan productos cosm\u00e9ticos<\/a><\/li>\n<li><a href=\"https:\/\/www.gob.mx\/cofepris\/documentos\/guia-autoverificacion-establecimientos-especializados-atencion-de-las-adicciones-por-saneamiento?state=published\" target=\"_blank\" rel=\"noopener\">Gu\u00eda autoverificaci\u00f3n: establecimientos especializados atenci\u00f3n de las adicciones por saneamiento.<\/a><\/li>\n<li><a href=\"https:\/\/www.gob.mx\/cofepris\/documentos\/guia-de-autoevaluacion-regulacion-sanitaria-en-materia-del-programa-mexicano-de-moluscos-bivalvos?state=published\" target=\"_blank\" rel=\"noopener\">Gu\u00eda de autoverificaci\u00f3n: regulaci\u00f3n sanitaria en materia del programa mexicano de moluscos bivalvos.<\/a><\/li>\n<li><a href=\"https:\/\/www.gob.mx\/cofepris\/documentos\/guia-de-autoverificacion-regulacion-sanitaria-en-materia-de-sistemas-publicos-o-privados-de-abastecimiento-de-agua?state=published\" target=\"_blank\" rel=\"noopener\">Gu\u00eda de autoverificaci\u00f3n: regulaci\u00f3n sanitaria en materia de sistemas p\u00fablicos o privados de abastecimiento de agua.<\/a><\/li>\n<li><a href=\"https:\/\/www.gob.mx\/cofepris\/documentos\/guia-de-autoverificacion-buenas-practicas-de-higiene-para-establecimientos-de-servicio-de-alimentos-o-bebidas?state=published\" target=\"_blank\" rel=\"noopener\">Gu\u00eda de autoverificaci\u00f3n: buenas pr\u00e1cticas de higiene para establecimientos de servicio de alimentos o bebidas<\/a><\/li>\n<li><a href=\"https:\/\/www.gob.mx\/cofepris\/documentos\/guia-autoverificacion-apoyo-en-el-cumplimiento-de-la-regulacion-sanitaria-en-materia-de-atencion-medica-hospitalaria?state=published\">Gu\u00eda de autoverificaci\u00f3n: apoyo en el cumplimiento de la regulaci\u00f3n sanitaria en materia de atenci\u00f3n m\u00e9dica hospitalaria.<\/a><\/li>\n<li><a href=\"https:\/\/www.gob.mx\/cofepris\/documentos\/guia-autoverificacion-apoyo-en-el-cumplimiento-de-regulacion-sanitaria-en-materia-de-inspeccion-y-rastreabilidad-de-insumos-para-la-salud-387846?state=published\">Gu\u00eda de autoverificaci\u00f3n: apoyo en el cumplimiento de regulaci\u00f3n sanitaria en materia de inspecci\u00f3n y rastreabilidad de insumos para la salud<\/a>.<\/li>\n<li><a href=\"https:\/\/www.gob.mx\/cofepris\/documentos\/guia-autoverificacion-apoyo-en-el-cumplimiento-de-las-practicas-de-higiene-para-fabricas-de-alimentos-bebidas-o-suplementos-alimenticios?state=published\">Gu\u00eda de autoverificaci\u00f3n: apoyo en el cumplimiento de las pr\u00e1cticas de higiene para f\u00e1bricas de alimentos, bebidas o suplementos alimenticios.\u00a0<\/a><\/li>\n<li><a href=\"https:\/\/www.gob.mx\/cofepris\/documentos\/guia-de-autoverificacion-apoyo-en-el-cumplimiento-de-la-regulacion-sanitaria-en-materia-de-buenas-practicas-de-higiene-en-escuelas?state=draft\">Gu\u00eda de autoverificaci\u00f3n: apoyo en el cumplimiento de la regulaci\u00f3n sanitaria en materia de buenas pr\u00e1cticas de higiene para establecimientos de servicio de alimentos y bebidas en Escuelas<\/a><\/li>\n<li><a href=\"https:\/\/www.gob.mx\/cofepris\/documentos\/guia-de-autoverificacion-para-establecimientos-de-atencion-medica-con-fines-esteticos-sin-procedimientos-no-quirurgicos?state=published\">Gu\u00eda de autoverificaci\u00f3n para establecimientos de atenci\u00f3n m\u00e9dica con fines est\u00e9ticos sin procedimientos\u00a0quir\u00fargicos<\/a><\/li>\n<li><a href=\"https:\/\/www.gob.mx\/cofepris\/documentos\/guia-de-autoverificacion-para-establecimientos-que-ofrecen-procedimientos-quirurgicos-con-fines-esteticos?state=published\">Gu\u00eda de autoverificaci\u00f3n para establecimientos que ofrecen procedimientos quir\u00fargicos con fines est\u00e9ticos<\/a><\/li>\n<li><a href=\"https:\/\/www.gob.mx\/cofepris\/documentos\/guia-autoverificacion-cumplimiento-de-la-regulacion-sanitaria-en-materia-de-practicas-de-higiene-para-el-proceso-de-agua-y-hielo?state=published\">Gu\u00eda de autoverificaci\u00f3n: Cumplimiento de la regulaci\u00f3n sanitaria en materia de pr\u00e1cticas de higiene para el proceso de agua y hielo (15\/09\/25)<\/a><\/li>\n<\/ul>\n<\/div>\n","protected":false},"excerpt":{"rendered":"<p>Comisi\u00f3n Federal para la Protecci\u00f3n contra Riesgos Sanitarios | Actualizaci\u00f3n 26 de febrero de 2025 Gu\u00eda de autoverificaci\u00f3n: almacenes de dep\u00f3sito, distribuci\u00f3n de medicamentos y dem\u00e1s insumos para la salud. Gu\u00eda de autoverificaci\u00f3n: cumplimiento de la regulaci\u00f3n sanitaria en materia de establecimientos con instalaciones acu\u00e1ticas. Gu\u00eda de autoverificaci\u00f3n: cumplimiento de la regulaci\u00f3n sanitaria en materia [&hellip;]<\/p>\n","protected":false},"author":9,"featured_media":0,"parent":0,"menu_order":0,"comment_status":"closed","ping_status":"closed","template":"","meta":{"footnotes":""},"class_list":["post-28509","page","type-page","status-publish","hentry"],"_links":{"self":[{"href":"https:\/\/saludnl.gob.mx\/regulacion-sanitaria\/index.php\/wp-json\/wp\/v2\/pages\/28509","targetHints":{"allow":["GET"]}}],"collection":[{"href":"https:\/\/saludnl.gob.mx\/regulacion-sanitaria\/index.php\/wp-json\/wp\/v2\/pages"}],"about":[{"href":"https:\/\/saludnl.gob.mx\/regulacion-sanitaria\/index.php\/wp-json\/wp\/v2\/types\/page"}],"author":[{"embeddable":true,"href":"https:\/\/saludnl.gob.mx\/regulacion-sanitaria\/index.php\/wp-json\/wp\/v2\/users\/9"}],"replies":[{"embeddable":true,"href":"https:\/\/saludnl.gob.mx\/regulacion-sanitaria\/index.php\/wp-json\/wp\/v2\/comments?post=28509"}],"version-history":[{"count":5,"href":"https:\/\/saludnl.gob.mx\/regulacion-sanitaria\/index.php\/wp-json\/wp\/v2\/pages\/28509\/revisions"}],"predecessor-version":[{"id":30010,"href":"https:\/\/saludnl.gob.mx\/regulacion-sanitaria\/index.php\/wp-json\/wp\/v2\/pages\/28509\/revisions\/30010"}],"wp:attachment":[{"href":"https:\/\/saludnl.gob.mx\/regulacion-sanitaria\/index.php\/wp-json\/wp\/v2\/media?parent=28509"}],"curies":[{"name":"wp","href":"https:\/\/api.w.org\/{rel}","templated":true}]}}