{"id":28317,"date":"2025-04-25T15:38:44","date_gmt":"2025-04-25T21:38:44","guid":{"rendered":"https:\/\/saludnl.gob.mx\/regulacion-sanitaria\/?page_id=28317"},"modified":"2026-03-05T11:54:28","modified_gmt":"2026-03-05T17:54:28","slug":"comparecencia-escrito-libre","status":"publish","type":"page","link":"https:\/\/saludnl.gob.mx\/regulacion-sanitaria\/index.php\/comparecencia-escrito-libre\/","title":{"rendered":"Comparecencia\/ Escrito Libre"},"content":{"rendered":"\n<div class=\"wp-block-group\"><div class=\"wp-block-group__inner-container is-layout-constrained wp-block-group-is-layout-constrained\">\n<h4 class=\"wp-block-heading\"><figure><img loading=\"lazy\" decoding=\"async\" class=\"aligncenter size-full wp-image-28334\" src=\"https:\/\/saludnl.gob.mx\/regulacion-sanitaria\/wp-content\/uploads\/2025\/04\/Banner-comparencia.jpg\" alt=\"\" width=\"2500\" height=\"833\" srcset=\"https:\/\/saludnl.gob.mx\/regulacion-sanitaria\/wp-content\/uploads\/2025\/04\/Banner-comparencia.jpg 2500w, https:\/\/saludnl.gob.mx\/regulacion-sanitaria\/wp-content\/uploads\/2025\/04\/Banner-comparencia-300x100.jpg 300w, https:\/\/saludnl.gob.mx\/regulacion-sanitaria\/wp-content\/uploads\/2025\/04\/Banner-comparencia-1024x341.jpg 1024w, https:\/\/saludnl.gob.mx\/regulacion-sanitaria\/wp-content\/uploads\/2025\/04\/Banner-comparencia-768x256.jpg 768w, https:\/\/saludnl.gob.mx\/regulacion-sanitaria\/wp-content\/uploads\/2025\/04\/Banner-comparencia-1536x512.jpg 1536w, https:\/\/saludnl.gob.mx\/regulacion-sanitaria\/wp-content\/uploads\/2025\/04\/Banner-comparencia-2048x682.jpg 2048w\" sizes=\"auto, (max-width: 2500px) 100vw, 2500px\" \/><\/figure><\/h4>\n\n\n\n<h4 class=\"wp-block-heading\">D\u00edas y horarios de atenci\u00f3n:&nbsp; Lunes a Viernes&nbsp; de 8:00 a 16:00 hrs.<\/h4>\n\n\n\n<p>Horario de recepci\u00f3n de documentos:<strong> Lunes a Viernes&nbsp; de 8:00 a 15:00 hrs.<\/strong><\/p>\n\n\n\n<p><strong>Consulta las gu\u00edas para realizar tu comparecencia o escrito libre a oficina central:<\/strong><\/p>\n\n\n<div class=\"sdm_download_item \"><div class=\"sdm_download_item_top\"><div class=\"sdm_download_thumbnail\"><img decoding=\"async\" class=\"sdm_download_thumbnail_image\" src=\"https:\/\/saludnl.gob.mx\/regulacion-sanitaria\/wp-content\/uploads\/2019\/11\/Guia-Comparecencia-2025_page-0001.jpg\" alt = \"\u00bfRecibiste una notificaci\u00f3n y no sabes que hacer?\" \/><\/div><div class=\"sdm_download_title\">\u00bfRecibiste una notificaci\u00f3n y no sabes que hacer?<\/div><\/div><div style=\"clear:both;\"><\/div><div class=\"sdm_download_description\"><p>Descarga aqu\u00ed nuestra gu\u00eda para estructurar comparecencias.<\/p>\n<\/div><div class=\"sdm_download_link\"><span class=\"sdm_download_button\"><a href=\"https:\/\/saludnl.gob.mx\/regulacion-sanitaria\/?sdm_process_download=1&download_id=1318\" class=\"sdm_download blue\" title=\"\u00bfRecibiste una notificaci\u00f3n y no sabes que hacer?\" target=\"_self\">Descargar<\/a><\/span><span class=\"sdm_download_item_count\"><span class=\"sdm_item_count_number\">2929<\/span><span class=\"sdm_item_count_string\"> Downloads<\/span><\/span><\/div><\/div><div class=\"sdm_clear_float\"><\/div>\n\n\n<div class=\"sdm_download_item \"><div class=\"sdm_download_item_top\"><div class=\"sdm_download_thumbnail\"><img decoding=\"async\" class=\"sdm_download_thumbnail_image\" src=\"https:\/\/saludnl.gob.mx\/regulacion-sanitaria\/wp-content\/uploads\/2023\/01\/Guia-escrito-libre-2025_page-0001-1.jpg\" alt = \"Gu\u00eda para estructurar un escrito libre\" \/><\/div><div class=\"sdm_download_title\">Gu\u00eda para estructurar un escrito libre<\/div><\/div><div style=\"clear:both;\"><\/div><div class=\"sdm_download_description\"><p>Un escrito libre, es la manera formal que tiene un causante para dirigirse a la instituci\u00f3n, ya sea para alguna consulta, aclaraci\u00f3n o para manifestar alguna situaci\u00f3n.<\/p>\n<\/div><div class=\"sdm_download_link\"><span class=\"sdm_download_button\"><a href=\"https:\/\/saludnl.gob.mx\/regulacion-sanitaria\/?sdm_process_download=1&download_id=12356\" class=\"sdm_download blue\" title=\"Gu\u00eda para estructurar un escrito libre\" target=\"_self\">Descargar<\/a><\/span><span class=\"sdm_download_item_count\"><span class=\"sdm_item_count_number\">4466<\/span><span class=\"sdm_item_count_string\"> Downloads<\/span><\/span><\/div><\/div><div class=\"sdm_clear_float\"><\/div>\n\n\n\n<p><strong>Consulta las gu\u00edas para realizar tu comparecencia o escrito libre a tu oficina regional correspondiente:<\/strong><\/p>\n\n\n\n<div class=\"wp-block-columns is-layout-flex wp-container-core-columns-is-layout-9d6595d7 wp-block-columns-is-layout-flex\">\n<div class=\"wp-block-column is-layout-flow wp-block-column-is-layout-flow\" style=\"flex-basis:25%\"><\/div>\n\n\n\n<div class=\"wp-block-column is-layout-flow wp-block-column-is-layout-flow\" style=\"flex-basis:50%\">\n<div id=\"metaslider-id-28340\" style=\"max-width: 700px;\" class=\"ml-slider-3-98-0 metaslider metaslider-flex metaslider-28340 ml-slider ms-theme-bitono has-dots-nav\" role=\"region\" aria-roledescription=\"Slideshow\" aria-label=\"New Slideshow\" data-width=\"700\">\n    <div id=\"metaslider_container_28340\">\n        <div id=\"metaslider_28340\">\n            <ul class='slides'>\n                <li style=\"display: block; width: 100%;\" class=\"slide-28350 ms-image \" aria-roledescription=\"slide\" aria-label=\"slide-28350\" data-date=\"2025-04-28 14:42:21\"><a href=\"https:\/\/saludnl.gob.mx\/regulacion-sanitaria\/index.php\/oficina-regional-n-1\/\" target=\"_self\" aria-label=\"View Slide Details\" class=\"metaslider_image_link\"><img loading=\"lazy\" decoding=\"async\" src=\"https:\/\/saludnl.gob.mx\/regulacion-sanitaria\/wp-content\/uploads\/2025\/04\/Oficinia-regional-1-700x300.jpg\" height=\"300\" width=\"700\" alt=\"\" class=\"slider-28340 slide-28350\" title=\"Oficinia regional 1\" \/><\/a><\/li>\n                <li style=\"display: none; width: 100%;\" class=\"slide-28351 ms-image \" aria-roledescription=\"slide\" aria-label=\"slide-28351\" data-date=\"2025-04-28 14:42:21\"><a href=\"https:\/\/saludnl.gob.mx\/regulacion-sanitaria\/index.php\/oficina-regional-n-2\/\" target=\"_self\" aria-label=\"View Slide Details\" class=\"metaslider_image_link\"><img loading=\"lazy\" decoding=\"async\" src=\"https:\/\/saludnl.gob.mx\/regulacion-sanitaria\/wp-content\/uploads\/2025\/04\/Oficinia-regional-2-700x300.jpg\" height=\"300\" width=\"700\" alt=\"\" class=\"slider-28340 slide-28351\" title=\"Oficinia regional 2\" \/><\/a><\/li>\n                <li style=\"display: none; width: 100%;\" class=\"slide-28352 ms-image \" aria-roledescription=\"slide\" aria-label=\"slide-28352\" data-date=\"2025-04-28 14:42:21\"><a href=\"https:\/\/saludnl.gob.mx\/regulacion-sanitaria\/index.php\/oficina-regional-n-3\/\" target=\"_self\" aria-label=\"View Slide Details\" class=\"metaslider_image_link\"><img loading=\"lazy\" decoding=\"async\" src=\"https:\/\/saludnl.gob.mx\/regulacion-sanitaria\/wp-content\/uploads\/2025\/04\/Oficinia-regional-3-700x300.jpg\" height=\"300\" width=\"700\" alt=\"\" class=\"slider-28340 slide-28352\" title=\"Oficinia regional 3\" \/><\/a><\/li>\n                <li style=\"display: none; width: 100%;\" class=\"slide-28353 ms-image \" aria-roledescription=\"slide\" aria-label=\"slide-28353\" data-date=\"2025-04-28 14:42:21\"><a href=\"https:\/\/saludnl.gob.mx\/regulacion-sanitaria\/index.php\/oficina-regional-n-4\/\" target=\"_self\" aria-label=\"View Slide Details\" class=\"metaslider_image_link\"><img loading=\"lazy\" decoding=\"async\" src=\"https:\/\/saludnl.gob.mx\/regulacion-sanitaria\/wp-content\/uploads\/2025\/04\/Oficinia-regional-4-700x300.jpg\" height=\"300\" width=\"700\" alt=\"\" class=\"slider-28340 slide-28353\" title=\"Oficinia regional 4\" \/><\/a><\/li>\n                <li style=\"display: none; width: 100%;\" class=\"slide-28354 ms-image \" aria-roledescription=\"slide\" aria-label=\"slide-28354\" data-date=\"2025-04-28 14:42:21\"><a href=\"https:\/\/saludnl.gob.mx\/regulacion-sanitaria\/index.php\/oficina-regional-n-5\/\" target=\"_self\" aria-label=\"View Slide Details\" class=\"metaslider_image_link\"><img loading=\"lazy\" decoding=\"async\" src=\"https:\/\/saludnl.gob.mx\/regulacion-sanitaria\/wp-content\/uploads\/2025\/04\/Oficinia-regional-5-700x300.jpg\" height=\"300\" width=\"700\" alt=\"\" class=\"slider-28340 slide-28354\" title=\"Oficinia regional 5\" \/><\/a><\/li>\n                <li style=\"display: none; width: 100%;\" class=\"slide-28355 ms-image \" aria-roledescription=\"slide\" aria-label=\"slide-28355\" data-date=\"2025-04-28 14:42:21\"><a href=\"https:\/\/saludnl.gob.mx\/regulacion-sanitaria\/index.php\/oficina-regional-n-6\/\" target=\"_self\" aria-label=\"View Slide Details\" class=\"metaslider_image_link\"><img loading=\"lazy\" decoding=\"async\" src=\"https:\/\/saludnl.gob.mx\/regulacion-sanitaria\/wp-content\/uploads\/2025\/04\/Oficinia-regional-6-700x300.jpg\" height=\"300\" width=\"700\" alt=\"\" class=\"slider-28340 slide-28355\" title=\"Oficinia regional 6\" \/><\/a><\/li>\n                <li style=\"display: none; width: 100%;\" class=\"slide-28356 ms-image \" aria-roledescription=\"slide\" aria-label=\"slide-28356\" data-date=\"2025-04-28 14:42:22\"><a href=\"https:\/\/saludnl.gob.mx\/regulacion-sanitaria\/index.php\/oficina-regional-n-7\/\" target=\"_self\" aria-label=\"View Slide Details\" class=\"metaslider_image_link\"><img loading=\"lazy\" decoding=\"async\" src=\"https:\/\/saludnl.gob.mx\/regulacion-sanitaria\/wp-content\/uploads\/2025\/04\/Oficinia-regional-7-700x300.jpg\" height=\"300\" width=\"700\" alt=\"\" class=\"slider-28340 slide-28356\" title=\"Oficinia regional 7\" \/><\/a><\/li>\n                <li style=\"display: none; width: 100%;\" class=\"slide-28349 ms-image \" aria-roledescription=\"slide\" aria-label=\"slide-28349\" data-date=\"2025-04-28 14:42:20\"><a href=\"https:\/\/saludnl.gob.mx\/regulacion-sanitaria\/index.php\/oficina-regional-n-8\/\" target=\"_self\" aria-label=\"View Slide Details\" class=\"metaslider_image_link\"><img loading=\"lazy\" decoding=\"async\" src=\"https:\/\/saludnl.gob.mx\/regulacion-sanitaria\/wp-content\/uploads\/2025\/04\/Oficinia-regional-8-700x300.jpg\" height=\"300\" width=\"700\" alt=\"\" class=\"slider-28340 slide-28349\" title=\"Oficinia regional 8\" \/><\/a><\/li>\n            <\/ul>\n        <\/div>\n        \n    <\/div>\n<\/div>\n<\/div>\n\n\n\n<div class=\"wp-block-column is-layout-flow wp-block-column-is-layout-flow\" style=\"flex-basis:25%\"><\/div>\n<\/div>\n\n\n\n<p>&nbsp;<\/p>\n\n\n\n<p class=\"has-text-align-center\"><\/p>\n\n\n\n<h4 class=\"wp-block-heading\"><div class=\"sdm_download_item \"><div class=\"sdm_download_item_top\"><div class=\"sdm_download_thumbnail\"><\/div><div class=\"sdm_download_title\">Formato comparecencia<\/div><\/div><div style=\"clear:both;\"><\/div><div class=\"sdm_download_description\"><p><em>Formato ejemplo para presentar el escrito de comparecencia ante la Subsecretar\u00eda de Regulaci\u00f3n y Fomento Sanitario.<\/em><\/p>\n<\/div><div class=\"sdm_download_link\"><span class=\"sdm_download_button\"><a href=\"https:\/\/saludnl.gob.mx\/regulacion-sanitaria\/?sdm_process_download=1&download_id=16805\" class=\"sdm_download blue\" title=\"Formato comparecencia\" target=\"_self\">Descargar formato ejemplo<\/a><\/span><span class=\"sdm_download_item_count\"><span class=\"sdm_item_count_number\">1089<\/span><span class=\"sdm_item_count_string\"> Downloads<\/span><\/span><\/div><\/div><div class=\"sdm_clear_float\"><\/div><\/h4>\n\n\n<div class=\"wp-block-image\">\n<figure class=\"aligncenter\"><img loading=\"lazy\" decoding=\"async\" width=\"2500\" height=\"833\" src=\"https:\/\/saludnl.gob.mx\/regulacion-sanitaria\/wp-content\/uploads\/2025\/04\/Banner-autorizacion.jpg\" alt=\"\" class=\"wp-image-28336\" srcset=\"https:\/\/saludnl.gob.mx\/regulacion-sanitaria\/wp-content\/uploads\/2025\/04\/Banner-autorizacion.jpg 2500w, https:\/\/saludnl.gob.mx\/regulacion-sanitaria\/wp-content\/uploads\/2025\/04\/Banner-autorizacion-300x100.jpg 300w, https:\/\/saludnl.gob.mx\/regulacion-sanitaria\/wp-content\/uploads\/2025\/04\/Banner-autorizacion-1024x341.jpg 1024w, https:\/\/saludnl.gob.mx\/regulacion-sanitaria\/wp-content\/uploads\/2025\/04\/Banner-autorizacion-768x256.jpg 768w, https:\/\/saludnl.gob.mx\/regulacion-sanitaria\/wp-content\/uploads\/2025\/04\/Banner-autorizacion-1536x512.jpg 1536w, https:\/\/saludnl.gob.mx\/regulacion-sanitaria\/wp-content\/uploads\/2025\/04\/Banner-autorizacion-2048x682.jpg 2048w\" sizes=\"auto, (max-width: 2500px) 100vw, 2500px\" \/><\/figure>\n<\/div>\n\n\n<p><\/p>\n\n\n<a href=\"https:\/\/saludnl.gob.mx\/regulacion-sanitaria\/wp-content\/uploads\/2025\/04\/Notificacion-1.pdf\" class=\"pdfemb-viewer\" style=\"\" data-width=\"max\" data-height=\"max\" data-toolbar=\"bottom\" data-toolbar-fixed=\"off\">Notificaci\u00f3n (1)<\/a>\n\n\n<div class=\"sdm_download_item \"><div class=\"sdm_download_item_top\"><div class=\"sdm_download_thumbnail\"><\/div><div class=\"sdm_download_title\">Formato para inscripcio\u0301n en las notificaciones electro\u0301nicas<\/div><\/div><div style=\"clear:both;\"><\/div><div class=\"sdm_download_description\"><p>Formato para inscripcio\u0301n en las notificaciones electro\u0301nicas de la Subsecretar\u00eda de Regulaci\u00f3n y Fomento Sanitario<\/p>\n<\/div><div class=\"sdm_download_link\"><span class=\"sdm_download_button\"><a href=\"https:\/\/saludnl.gob.mx\/regulacion-sanitaria\/?sdm_process_download=1&download_id=28321\" class=\"sdm_download blue\" title=\"Formato para inscripcio\u0301n en las notificaciones electro\u0301nicas\" target=\"_blank\">Descargar aqu\u00ed<\/a><\/span><span class=\"sdm_download_item_count\"><span class=\"sdm_item_count_number\">380<\/span><span class=\"sdm_item_count_string\"> Downloads<\/span><\/span><\/div><\/div><div class=\"sdm_clear_float\"><\/div>\n<\/div><\/div>\n\n\n<div id=\"pl-gb28317-69d8b02a9fe4b\"  class=\"panel-layout\" ><div id=\"pg-gb28317-69d8b02a9fe4b-0\"  class=\"panel-grid panel-no-style\" ><div id=\"pgc-gb28317-69d8b02a9fe4b-0-0\"  class=\"panel-grid-cell\" ><div id=\"panel-gb28317-69d8b02a9fe4b-0-0-0\" class=\"so-panel widget widget_text panel-first-child\" data-index=\"0\" ><h3 class=\"widget-title\">\u00a1Ahora puedes enviar las comparecencias por v\u00eda electr\u00f3nica!<\/h3>\t\t\t<div class=\"textwidget\"><p>*Aplica \u00fanicamente en los procedimientos realizados por la Subsecretar\u00eda de Regulaci\u00f3n y Fomento Sanitario<\/p>\n<\/div>\n\t\t<\/div><div id=\"panel-gb28317-69d8b02a9fe4b-0-0-1\" class=\"so-panel widget widget_block panel-last-child\" data-index=\"1\" ><iframe loading=\"lazy\" src=\"https:\/\/docs.google.com\/forms\/d\/e\/1FAIpQLSd1zr6KdhNLlvXTvEcNePDIGOYk33-Ww_pxJtOyZgXs54yh6A\/viewform?embedded=true\" width=\"1000\" height=\"3284\" frameborder=\"0\" marginwidth=\"0\" marginheight=\"0\">Cargando\u2026<\/iframe><\/div><\/div><\/div><\/div>","protected":false},"excerpt":{"rendered":"<p>D\u00edas y horarios de atenci\u00f3n:&nbsp; Lunes a Viernes&nbsp; de 8:00 a 16:00 hrs. Horario de recepci\u00f3n de documentos: Lunes a Viernes&nbsp; de 8:00 a 15:00 hrs. Consulta las gu\u00edas para realizar tu comparecencia o escrito libre a oficina central: Consulta las gu\u00edas para realizar tu comparecencia o escrito libre a tu oficina regional correspondiente: &nbsp;<\/p>\n","protected":false},"author":9,"featured_media":0,"parent":0,"menu_order":0,"comment_status":"closed","ping_status":"closed","template":"","meta":{"footnotes":""},"class_list":["post-28317","page","type-page","status-publish","hentry"],"_links":{"self":[{"href":"https:\/\/saludnl.gob.mx\/regulacion-sanitaria\/index.php\/wp-json\/wp\/v2\/pages\/28317","targetHints":{"allow":["GET"]}}],"collection":[{"href":"https:\/\/saludnl.gob.mx\/regulacion-sanitaria\/index.php\/wp-json\/wp\/v2\/pages"}],"about":[{"href":"https:\/\/saludnl.gob.mx\/regulacion-sanitaria\/index.php\/wp-json\/wp\/v2\/types\/page"}],"author":[{"embeddable":true,"href":"https:\/\/saludnl.gob.mx\/regulacion-sanitaria\/index.php\/wp-json\/wp\/v2\/users\/9"}],"replies":[{"embeddable":true,"href":"https:\/\/saludnl.gob.mx\/regulacion-sanitaria\/index.php\/wp-json\/wp\/v2\/comments?post=28317"}],"version-history":[{"count":19,"href":"https:\/\/saludnl.gob.mx\/regulacion-sanitaria\/index.php\/wp-json\/wp\/v2\/pages\/28317\/revisions"}],"predecessor-version":[{"id":31143,"href":"https:\/\/saludnl.gob.mx\/regulacion-sanitaria\/index.php\/wp-json\/wp\/v2\/pages\/28317\/revisions\/31143"}],"wp:attachment":[{"href":"https:\/\/saludnl.gob.mx\/regulacion-sanitaria\/index.php\/wp-json\/wp\/v2\/media?parent=28317"}],"curies":[{"name":"wp","href":"https:\/\/api.w.org\/{rel}","templated":true}]}}