{"id":28212,"date":"2025-04-16T12:45:50","date_gmt":"2025-04-16T18:45:50","guid":{"rendered":"https:\/\/saludnl.gob.mx\/regulacion-sanitaria\/?page_id=28212"},"modified":"2025-04-16T13:31:48","modified_gmt":"2025-04-16T19:31:48","slug":"politicas-de-calidad-para-la-programacion-de-capacitaciones","status":"publish","type":"page","link":"https:\/\/saludnl.gob.mx\/regulacion-sanitaria\/index.php\/politicas-de-calidad-para-la-programacion-de-capacitaciones\/","title":{"rendered":"Pol\u00edticas de Calidad para la Programaci\u00f3n de Capacitaciones"},"content":{"rendered":"<p style=\"text-align: center;\"><img loading=\"lazy\" decoding=\"async\" class=\"alignnone size-full wp-image-28216\" src=\"https:\/\/saludnl.gob.mx\/regulacion-sanitaria\/wp-content\/uploads\/2025\/04\/Aguatabaco-y-alimentos_web-11.jpg\" alt=\"\" width=\"1150\" height=\"421\" srcset=\"https:\/\/saludnl.gob.mx\/regulacion-sanitaria\/wp-content\/uploads\/2025\/04\/Aguatabaco-y-alimentos_web-11.jpg 1150w, https:\/\/saludnl.gob.mx\/regulacion-sanitaria\/wp-content\/uploads\/2025\/04\/Aguatabaco-y-alimentos_web-11-300x110.jpg 300w, https:\/\/saludnl.gob.mx\/regulacion-sanitaria\/wp-content\/uploads\/2025\/04\/Aguatabaco-y-alimentos_web-11-1024x375.jpg 1024w, https:\/\/saludnl.gob.mx\/regulacion-sanitaria\/wp-content\/uploads\/2025\/04\/Aguatabaco-y-alimentos_web-11-768x281.jpg 768w\" sizes=\"auto, (max-width: 1150px) 100vw, 1150px\" \/><\/p>\n<p>En la Subsecretar\u00eda de Regulaci\u00f3n y Fomento Sanitario, ofrecemos capacitaci\u00f3n gratuita acerca de Lineamientos sanitarios y saneamiento b\u00e1sico para establecimientos, instituciones y\/o empresas, del sector p\u00fablico o privado, pertenecientes al ACUERDO de Coordinaci\u00f3n para el ejercicio de facultades en<br \/>materia de control y fomento sanitarios, que celebran la Secretar\u00eda de Salud, con la participaci\u00f3n de la Comisi\u00f3n Federal para la Protecci\u00f3n contra Riesgos Sanitarios, y el Estado de Nuevo Le\u00f3n.<\/p>\n<p>Consulta el acuerdo aqu\u00ed: <a href=\"https:\/\/dof.gob.mx\/nota_detalle.php?codigo=5710278&amp;fecha=04\/12\/2023#gsc.tab=0\">ACUERDO de Coordinaci\u00f3n para el ejercicio de facultades en materia de control y fomento sanitarios, que celebran la Secretar\u00eda de Salud, con la participaci\u00f3n de la Comisi\u00f3n Federal para la Protecci\u00f3n contra Riesgos Sanitarios, y el Estado de Nuevo Le\u00f3n.\u00a0<\/a><\/p>\n<p><img loading=\"lazy\" decoding=\"async\" class=\"aligncenter size-full wp-image-28215\" src=\"https:\/\/saludnl.gob.mx\/regulacion-sanitaria\/wp-content\/uploads\/2025\/04\/Aguatabaco-y-alimentos_web-12.jpg\" alt=\"\" width=\"1145\" height=\"210\" srcset=\"https:\/\/saludnl.gob.mx\/regulacion-sanitaria\/wp-content\/uploads\/2025\/04\/Aguatabaco-y-alimentos_web-12.jpg 1145w, https:\/\/saludnl.gob.mx\/regulacion-sanitaria\/wp-content\/uploads\/2025\/04\/Aguatabaco-y-alimentos_web-12-300x55.jpg 300w, https:\/\/saludnl.gob.mx\/regulacion-sanitaria\/wp-content\/uploads\/2025\/04\/Aguatabaco-y-alimentos_web-12-1024x188.jpg 1024w, https:\/\/saludnl.gob.mx\/regulacion-sanitaria\/wp-content\/uploads\/2025\/04\/Aguatabaco-y-alimentos_web-12-768x141.jpg 768w\" sizes=\"auto, (max-width: 1145px) 100vw, 1145px\" \/><\/p>\n<p>1\ufe0f\u20e3 Consulta la oferta de cursos <div class=\"sdm_download_button_box_default\"><div class=\"sdm_download_link\"><a href=\"https:\/\/saludnl.gob.mx\/regulacion-sanitaria\/?sdm_process_download=1&download_id=28231\" class=\"sdm_download blue\" title=\"Cat\u00e1lago de Cursos\" target=&quot;_blank&quot;>Cat\u00e1logo de cursos<\/a><\/div><\/div><br \/>2\ufe0f\u20e3 Descarga y llena la solicitud de capacitaci\u00f3n en formato Excel. <div class=\"sdm_download_button_box_default\"><div class=\"sdm_download_link\"><a href=\"https:\/\/saludnl.gob.mx\/regulacion-sanitaria\/?sdm_process_download=1&download_id=28236\" class=\"sdm_download blue\" title=\"Solicitud de Capacitaci\u00f3n\" target=&quot;_blank&quot;>Solicitud de Capacitaci\u00f3n<\/a><\/div><\/div><br \/>3\ufe0f\u20e3 Env\u00eda un correo a \ud83d\udce9 fomento.sanitario@saludnl.gob.mx con:<\/p>\n<ul>\n<li>Nombre del establecimiento o instituci\u00f3n<\/li>\n<li>Tipo de curso requerido<\/li>\n<li>Modalidad (virtual o presencial)<\/li>\n<li>Fecha y horario de preferencia<\/li>\n<li>Adjunta la solicitud en formato Excel\u00a0<\/li>\n<\/ul>\n<p>\u26a0\ufe0f Importante: La programaci\u00f3n de capacitaciones est\u00e1 sujeta a disponibilidad.<\/p>\n<p>Consulta nuestra Pol\u00edtica de Calidad para la Programaci\u00f3n de Capacitaciones.<\/p>\n<a href=\"https:\/\/saludnl.gob.mx\/regulacion-sanitaria\/wp-content\/uploads\/2025\/04\/SRFS-CD-G1-004-00-1.pdf\" class=\"pdfemb-viewer\" style=\"\" data-width=\"max\" data-height=\"max\" data-toolbar=\"bottom\" data-toolbar-fixed=\"off\">SRFS-CD-G1-004-00<\/a>\n<div class=\"sdm_download_item \"><div class=\"sdm_download_item_top\"><div class=\"sdm_download_thumbnail\"><\/div><div class=\"sdm_download_title\">Pol\u00edticas de Calidad para programaci\u00f3n de capacitaciones<\/div><\/div><div style=\"clear:both;\"><\/div><div class=\"sdm_download_description\"><p>POL\u00cdTICAS DE CALIDAD PARA PROGRAMACI\u00d3N DE CAPACITACIONES<\/p>\n<\/div><div class=\"sdm_download_link\"><span class=\"sdm_download_button\"><a href=\"https:\/\/saludnl.gob.mx\/regulacion-sanitaria\/?sdm_process_download=1&download_id=28226\" class=\"sdm_download blue\" title=\"Pol\u00edticas de Calidad para programaci\u00f3n de capacitaciones\" target=\"_blank\">Descargar aqu\u00ed<\/a><\/span><span class=\"sdm_download_item_count\"><span class=\"sdm_item_count_number\">331<\/span><span class=\"sdm_item_count_string\"> Downloads<\/span><\/span><\/div><\/div><div class=\"sdm_clear_float\"><\/div>\n<div class=\"sdm_download_item \"><div class=\"sdm_download_item_top\"><div class=\"sdm_download_thumbnail\"><\/div><div class=\"sdm_download_title\">Cat\u00e1lago de Cursos<\/div><\/div><div style=\"clear:both;\"><\/div><div class=\"sdm_download_description\"><\/div><div class=\"sdm_download_link\"><span class=\"sdm_download_button\"><a href=\"https:\/\/saludnl.gob.mx\/regulacion-sanitaria\/?sdm_process_download=1&download_id=28231\" class=\"sdm_download blue\" title=\"Cat\u00e1lago de Cursos\" target=\"_blank\">Cat\u00e1logo de cursos<\/a><\/span><span class=\"sdm_download_item_count\"><span class=\"sdm_item_count_number\">721<\/span><span class=\"sdm_item_count_string\"> Downloads<\/span><\/span><\/div><\/div><div class=\"sdm_clear_float\"><\/div>\n<div class=\"sdm_download_item \"><div class=\"sdm_download_item_top\"><div class=\"sdm_download_thumbnail\"><\/div><div class=\"sdm_download_title\">Solicitud de Capacitaci\u00f3n<\/div><\/div><div style=\"clear:both;\"><\/div><div class=\"sdm_download_description\"><\/div><div class=\"sdm_download_link\"><span class=\"sdm_download_button\"><a href=\"https:\/\/saludnl.gob.mx\/regulacion-sanitaria\/?sdm_process_download=1&download_id=28236\" class=\"sdm_download blue\" title=\"Solicitud de Capacitaci\u00f3n\" target=\"_blank\">Solicitud de Capacitaci\u00f3n<\/a><\/span><span class=\"sdm_download_item_count\"><span class=\"sdm_item_count_number\">469<\/span><span class=\"sdm_item_count_string\"> Downloads<\/span><\/span><\/div><\/div><div class=\"sdm_clear_float\"><\/div>\n<p>Para m\u00e1s informaci\u00f3n, escr\u00edbenos a \ud83d\udce9 fomento.sanitario@saludnl.gob.mx<\/p>\n\n\n<p><\/p>\n","protected":false},"excerpt":{"rendered":"<p>En la Subsecretar\u00eda de Regulaci\u00f3n y Fomento Sanitario, ofrecemos capacitaci\u00f3n gratuita acerca de Lineamientos sanitarios y saneamiento b\u00e1sico para establecimientos, instituciones y\/o empresas, del sector p\u00fablico o privado, pertenecientes al ACUERDO de Coordinaci\u00f3n para el ejercicio de facultades enmateria de control y fomento sanitarios, que celebran la Secretar\u00eda de Salud, con la participaci\u00f3n de la [&hellip;]<\/p>\n","protected":false},"author":9,"featured_media":0,"parent":0,"menu_order":0,"comment_status":"closed","ping_status":"closed","template":"","meta":{"footnotes":""},"class_list":["post-28212","page","type-page","status-publish","hentry"],"_links":{"self":[{"href":"https:\/\/saludnl.gob.mx\/regulacion-sanitaria\/index.php\/wp-json\/wp\/v2\/pages\/28212","targetHints":{"allow":["GET"]}}],"collection":[{"href":"https:\/\/saludnl.gob.mx\/regulacion-sanitaria\/index.php\/wp-json\/wp\/v2\/pages"}],"about":[{"href":"https:\/\/saludnl.gob.mx\/regulacion-sanitaria\/index.php\/wp-json\/wp\/v2\/types\/page"}],"author":[{"embeddable":true,"href":"https:\/\/saludnl.gob.mx\/regulacion-sanitaria\/index.php\/wp-json\/wp\/v2\/users\/9"}],"replies":[{"embeddable":true,"href":"https:\/\/saludnl.gob.mx\/regulacion-sanitaria\/index.php\/wp-json\/wp\/v2\/comments?post=28212"}],"version-history":[{"count":11,"href":"https:\/\/saludnl.gob.mx\/regulacion-sanitaria\/index.php\/wp-json\/wp\/v2\/pages\/28212\/revisions"}],"predecessor-version":[{"id":28243,"href":"https:\/\/saludnl.gob.mx\/regulacion-sanitaria\/index.php\/wp-json\/wp\/v2\/pages\/28212\/revisions\/28243"}],"wp:attachment":[{"href":"https:\/\/saludnl.gob.mx\/regulacion-sanitaria\/index.php\/wp-json\/wp\/v2\/media?parent=28212"}],"curies":[{"name":"wp","href":"https:\/\/api.w.org\/{rel}","templated":true}]}}