{"id":26172,"date":"2024-12-12T12:13:56","date_gmt":"2024-12-12T18:13:56","guid":{"rendered":"https:\/\/saludnl.gob.mx\/regulacion-sanitaria\/?page_id=26172"},"modified":"2025-02-06T14:55:11","modified_gmt":"2025-02-06T20:55:11","slug":"alimentos","status":"publish","type":"page","link":"https:\/\/saludnl.gob.mx\/regulacion-sanitaria\/index.php\/alimentos\/","title":{"rendered":"Alimentos"},"content":{"rendered":"<p><img loading=\"lazy\" decoding=\"async\" class=\"wp-image-27047 aligncenter\" src=\"https:\/\/saludnl.gob.mx\/regulacion-sanitaria\/wp-content\/uploads\/2025\/02\/MATERIAL-DE-DESCARGA-BANNER_ALIMENTOS-300x100.jpg\" alt=\"\" width=\"806\" height=\"269\" srcset=\"https:\/\/saludnl.gob.mx\/regulacion-sanitaria\/wp-content\/uploads\/2025\/02\/MATERIAL-DE-DESCARGA-BANNER_ALIMENTOS-300x100.jpg 300w, https:\/\/saludnl.gob.mx\/regulacion-sanitaria\/wp-content\/uploads\/2025\/02\/MATERIAL-DE-DESCARGA-BANNER_ALIMENTOS-1024x341.jpg 1024w, https:\/\/saludnl.gob.mx\/regulacion-sanitaria\/wp-content\/uploads\/2025\/02\/MATERIAL-DE-DESCARGA-BANNER_ALIMENTOS-768x256.jpg 768w, https:\/\/saludnl.gob.mx\/regulacion-sanitaria\/wp-content\/uploads\/2025\/02\/MATERIAL-DE-DESCARGA-BANNER_ALIMENTOS.jpg 1200w\" sizes=\"auto, (max-width: 806px) 100vw, 806px\" \/><\/p>\n<div class=\"sdm_download_item \"><div class=\"sdm_download_item_top\"><div class=\"sdm_download_thumbnail\"><img decoding=\"async\" class=\"sdm_download_thumbnail_image\" src=\"https:\/\/saludnl.gob.mx\/regulacion-sanitaria\/wp-content\/uploads\/2022\/03\/Triptico-Cuaresma-2025_page-0001-1.jpg\" alt = \"Tr\u00edptico Cuaresma\" \/><\/div><div class=\"sdm_download_title\">Tr\u00edptico Cuaresma<\/div><\/div><div style=\"clear:both;\"><\/div><div class=\"sdm_download_description\"><\/div><div class=\"sdm_download_link\"><span class=\"sdm_download_button\"><a href=\"https:\/\/saludnl.gob.mx\/regulacion-sanitaria\/?sdm_process_download=1&download_id=8787\" class=\"sdm_download blue\" title=\"Tr\u00edptico Cuaresma\" target=\"_self\">Descargar<\/a><\/span><span class=\"sdm_download_item_count\"><span class=\"sdm_item_count_number\">479<\/span><span class=\"sdm_item_count_string\"> Downloads<\/span><\/span><\/div><\/div><div class=\"sdm_clear_float\"><\/div>\n<div class=\"sdm_download_item \"><div class=\"sdm_download_item_top\"><div class=\"sdm_download_thumbnail\"><img decoding=\"async\" class=\"sdm_download_thumbnail_image\" src=\"https:\/\/saludnl.gob.mx\/regulacion-sanitaria\/wp-content\/uploads\/2019\/09\/Cartel_carta_Reglas-Manipuladores-de-alientos-2022_page-0001-1.jpg\" alt = \"Reglas b\u00e1sicas para el manipulador de alimentos\" \/><\/div><div class=\"sdm_download_title\">Reglas b\u00e1sicas para el manipulador de alimentos<\/div><\/div><div style=\"clear:both;\"><\/div><div class=\"sdm_download_description\"><\/div><div class=\"sdm_download_link\"><span class=\"sdm_download_button\"><a href=\"https:\/\/saludnl.gob.mx\/regulacion-sanitaria\/?sdm_process_download=1&download_id=1173\" class=\"sdm_download blue\" title=\"Reglas b\u00e1sicas para el manipulador de alimentos\" target=\"_self\">Descargar<\/a><\/span><span class=\"sdm_download_item_count\"><span class=\"sdm_item_count_number\">1312<\/span><span class=\"sdm_item_count_string\"> Downloads<\/span><\/span><\/div><\/div><div class=\"sdm_clear_float\"><\/div>\n<div class=\"sdm_download_item \"><div class=\"sdm_download_item_top\"><div class=\"sdm_download_thumbnail\"><img decoding=\"async\" class=\"sdm_download_thumbnail_image\" src=\"https:\/\/saludnl.gob.mx\/regulacion-sanitaria\/wp-content\/uploads\/2018\/12\/Cartel_tabloide_Lavado-de-manos_2025_page-0001-1.jpg\" alt = \"T\u00e9cnica de Lavado de Manos\" \/><\/div><div class=\"sdm_download_title\">T\u00e9cnica de Lavado de Manos<\/div><\/div><div style=\"clear:both;\"><\/div><div class=\"sdm_download_description\"><\/div><div class=\"sdm_download_link\"><span class=\"sdm_download_button\"><a href=\"https:\/\/saludnl.gob.mx\/regulacion-sanitaria\/?sdm_process_download=1&download_id=794\" class=\"sdm_download blue\" title=\"T\u00e9cnica de Lavado de Manos\" target=\"_self\">Descargar<\/a><\/span><span class=\"sdm_download_item_count\"><span class=\"sdm_item_count_number\">1931<\/span><span class=\"sdm_item_count_string\"> Downloads<\/span><\/span><\/div><\/div><div class=\"sdm_clear_float\"><\/div>\n<div class=\"sdm_download_item \"><div class=\"sdm_download_item_top\"><div class=\"sdm_download_thumbnail\"><img decoding=\"async\" class=\"sdm_download_thumbnail_image\" src=\"https:\/\/saludnl.gob.mx\/regulacion-sanitaria\/wp-content\/uploads\/2019\/10\/MATEDOALM002_CARTEL_ALIMENTOS_EXPENDIOS_CURVAS_N_comp_page-0001-scaled.jpg\" alt = \"Pr\u00e1cticas de Higiene en Alimentos\" \/><\/div><div class=\"sdm_download_title\">Pr\u00e1cticas de Higiene en Alimentos<\/div><\/div><div style=\"clear:both;\"><\/div><div class=\"sdm_download_description\"><\/div><div class=\"sdm_download_link\"><span class=\"sdm_download_button\"><a href=\"https:\/\/saludnl.gob.mx\/regulacion-sanitaria\/?sdm_process_download=1&download_id=1260\" class=\"sdm_download blue\" title=\"Pr\u00e1cticas de Higiene en Alimentos\" target=\"_self\">Descargar<\/a><\/span><span class=\"sdm_download_item_count\"><span class=\"sdm_item_count_number\">1375<\/span><span class=\"sdm_item_count_string\"> Downloads<\/span><\/span><\/div><\/div><div class=\"sdm_clear_float\"><\/div>\n<div class=\"sdm_download_item \"><div class=\"sdm_download_item_top\"><div class=\"sdm_download_thumbnail\"><img decoding=\"async\" class=\"sdm_download_thumbnail_image\" src=\"https:\/\/saludnl.gob.mx\/regulacion-sanitaria\/wp-content\/uploads\/2023\/08\/Triptico-Elaboracion-de-Quesos.jpg\" alt = \"Tr\u00edptico Reglas B\u00e1sicas de Higiene en la orde\u00f1a y elaboraci\u00f3n de Quesos Artesanales\" \/><\/div><div class=\"sdm_download_title\">Tr\u00edptico Reglas B\u00e1sicas de Higiene en la orde\u00f1a y elaboraci\u00f3n de Quesos Artesanales<\/div><\/div><div style=\"clear:both;\"><\/div><div class=\"sdm_download_description\"><\/div><div class=\"sdm_download_link\"><span class=\"sdm_download_button\"><a href=\"https:\/\/saludnl.gob.mx\/regulacion-sanitaria\/?sdm_process_download=1&download_id=15446\" class=\"sdm_download blue\" title=\"Tr\u00edptico Reglas B\u00e1sicas de Higiene en la orde\u00f1a y elaboraci\u00f3n de Quesos Artesanales\" target=\"_blank\">Descargar<\/a><\/span><span class=\"sdm_download_item_count\"><span class=\"sdm_item_count_number\">437<\/span><span class=\"sdm_item_count_string\"> Downloads<\/span><\/span><\/div><\/div><div class=\"sdm_clear_float\"><\/div>\n<div class=\"sdm_download_item \"><div class=\"sdm_download_item_top\"><div class=\"sdm_download_thumbnail\"><img decoding=\"async\" class=\"sdm_download_thumbnail_image\" src=\"https:\/\/saludnl.gob.mx\/regulacion-sanitaria\/wp-content\/uploads\/2023\/09\/5_051023_MATEDOALM010_TRIPTICO_ETAS_28X21.5CM_N_comp_page-0001.jpg\" alt = \"Tr\u00edptico Enfermedades Transmitidas por Alimentos\" \/><\/div><div class=\"sdm_download_title\">Tr\u00edptico Enfermedades Transmitidas por Alimentos<\/div><\/div><div style=\"clear:both;\"><\/div><div class=\"sdm_download_description\"><\/div><div class=\"sdm_download_link\"><span class=\"sdm_download_button\"><a href=\"https:\/\/saludnl.gob.mx\/regulacion-sanitaria\/?sdm_process_download=1&download_id=16422\" class=\"sdm_download blue\" title=\"Tr\u00edptico Enfermedades Transmitidas por Alimentos\" target=\"_self\">Descargar<\/a><\/span><span class=\"sdm_download_item_count\"><span class=\"sdm_item_count_number\">517<\/span><span class=\"sdm_item_count_string\"> Downloads<\/span><\/span><\/div><\/div><div class=\"sdm_clear_float\"><\/div>\n<div class=\"sdm_download_item \"><div class=\"sdm_download_item_top\"><div class=\"sdm_download_thumbnail\"><img decoding=\"async\" class=\"sdm_download_thumbnail_image\" src=\"https:\/\/saludnl.gob.mx\/regulacion-sanitaria\/wp-content\/uploads\/2023\/09\/6_051023_MATEDOALM009_TRIPTICO_CONTAMINACION-CRUZADA_28X21.5CM_N_comp_page-0001.jpg\" alt = \"Tr\u00edptico Contaminaci\u00f3n Cruzada\" \/><\/div><div class=\"sdm_download_title\">Tr\u00edptico Contaminaci\u00f3n Cruzada<\/div><\/div><div style=\"clear:both;\"><\/div><div class=\"sdm_download_description\"><\/div><div class=\"sdm_download_link\"><span class=\"sdm_download_button\"><a href=\"https:\/\/saludnl.gob.mx\/regulacion-sanitaria\/?sdm_process_download=1&download_id=16425\" class=\"sdm_download blue\" title=\"Tr\u00edptico Contaminaci\u00f3n Cruzada\" target=\"_self\">Descargar<\/a><\/span><span class=\"sdm_download_item_count\"><span class=\"sdm_item_count_number\">598<\/span><span class=\"sdm_item_count_string\"> Downloads<\/span><\/span><\/div><\/div><div class=\"sdm_clear_float\"><\/div>\n<div class=\"sdm_download_item \"><div class=\"sdm_download_item_top\"><div class=\"sdm_download_thumbnail\"><img decoding=\"async\" class=\"sdm_download_thumbnail_image\" src=\"https:\/\/saludnl.gob.mx\/regulacion-sanitaria\/wp-content\/uploads\/2023\/09\/7_050823_MATEDOALM002_CARTEL_ALIMENTOS_EXPENDIOS_40X60VM_N_page-0001-scaled.jpg\" alt = \"Cartel Buenas Pr\u00e1cticas de Higiene Expendio\" \/><\/div><div class=\"sdm_download_title\">Cartel Buenas Pr\u00e1cticas de Higiene Expendio<\/div><\/div><div style=\"clear:both;\"><\/div><div class=\"sdm_download_description\"><\/div><div class=\"sdm_download_link\"><span class=\"sdm_download_button\"><a href=\"https:\/\/saludnl.gob.mx\/regulacion-sanitaria\/?sdm_process_download=1&download_id=16428\" class=\"sdm_download blue\" title=\"Cartel Buenas Pr\u00e1cticas de Higiene Expendio\" target=\"_self\">Descargar<\/a><\/span><span class=\"sdm_download_item_count\"><span class=\"sdm_item_count_number\">588<\/span><span class=\"sdm_item_count_string\"> Downloads<\/span><\/span><\/div><\/div><div class=\"sdm_clear_float\"><\/div>\n<div class=\"sdm_download_item \"><div class=\"sdm_download_item_top\"><div class=\"sdm_download_thumbnail\"><img decoding=\"async\" class=\"sdm_download_thumbnail_image\" src=\"https:\/\/saludnl.gob.mx\/regulacion-sanitaria\/wp-content\/uploads\/2023\/09\/8_050923_MATEDOALM003_media-carta_PRACTICAS_PROCESOS_page-0001.jpg\" alt = \"Cartel Buenas Pr\u00e1cticas de Higiene Procesos\" \/><\/div><div class=\"sdm_download_title\">Cartel Buenas Pr\u00e1cticas de Higiene Procesos<\/div><\/div><div style=\"clear:both;\"><\/div><div class=\"sdm_download_description\"><\/div><div class=\"sdm_download_link\"><span class=\"sdm_download_button\"><a href=\"https:\/\/saludnl.gob.mx\/regulacion-sanitaria\/?sdm_process_download=1&download_id=16420\" class=\"sdm_download blue\" title=\"Cartel Buenas Pr\u00e1cticas de Higiene Procesos\" target=\"_self\">Descargar<\/a><\/span><span class=\"sdm_download_item_count\"><span class=\"sdm_item_count_number\">723<\/span><span class=\"sdm_item_count_string\"> Downloads<\/span><\/span><\/div><\/div><div class=\"sdm_clear_float\"><\/div>\n","protected":false},"excerpt":{"rendered":"","protected":false},"author":9,"featured_media":0,"parent":0,"menu_order":0,"comment_status":"closed","ping_status":"closed","template":"","meta":{"footnotes":""},"class_list":["post-26172","page","type-page","status-publish","hentry"],"_links":{"self":[{"href":"https:\/\/saludnl.gob.mx\/regulacion-sanitaria\/index.php\/wp-json\/wp\/v2\/pages\/26172","targetHints":{"allow":["GET"]}}],"collection":[{"href":"https:\/\/saludnl.gob.mx\/regulacion-sanitaria\/index.php\/wp-json\/wp\/v2\/pages"}],"about":[{"href":"https:\/\/saludnl.gob.mx\/regulacion-sanitaria\/index.php\/wp-json\/wp\/v2\/types\/page"}],"author":[{"embeddable":true,"href":"https:\/\/saludnl.gob.mx\/regulacion-sanitaria\/index.php\/wp-json\/wp\/v2\/users\/9"}],"replies":[{"embeddable":true,"href":"https:\/\/saludnl.gob.mx\/regulacion-sanitaria\/index.php\/wp-json\/wp\/v2\/comments?post=26172"}],"version-history":[{"count":11,"href":"https:\/\/saludnl.gob.mx\/regulacion-sanitaria\/index.php\/wp-json\/wp\/v2\/pages\/26172\/revisions"}],"predecessor-version":[{"id":27052,"href":"https:\/\/saludnl.gob.mx\/regulacion-sanitaria\/index.php\/wp-json\/wp\/v2\/pages\/26172\/revisions\/27052"}],"wp:attachment":[{"href":"https:\/\/saludnl.gob.mx\/regulacion-sanitaria\/index.php\/wp-json\/wp\/v2\/media?parent=26172"}],"curies":[{"name":"wp","href":"https:\/\/api.w.org\/{rel}","templated":true}]}}