{"id":26166,"date":"2024-12-12T12:05:39","date_gmt":"2024-12-12T18:05:39","guid":{"rendered":"https:\/\/saludnl.gob.mx\/regulacion-sanitaria\/?page_id=26166"},"modified":"2025-02-06T14:59:42","modified_gmt":"2025-02-06T20:59:42","slug":"prevencion-de-alcohol","status":"publish","type":"page","link":"https:\/\/saludnl.gob.mx\/regulacion-sanitaria\/index.php\/prevencion-de-alcohol\/","title":{"rendered":"Prevenci\u00f3n alcohol"},"content":{"rendered":"<p><img loading=\"lazy\" decoding=\"async\" class=\" wp-image-27055 aligncenter\" src=\"https:\/\/saludnl.gob.mx\/regulacion-sanitaria\/wp-content\/uploads\/2025\/02\/MATERIAL-DE-DESCARGA-BANNER_PREVENCION-ALCOHOL-300x100.jpg\" alt=\"\" width=\"806\" height=\"269\" srcset=\"https:\/\/saludnl.gob.mx\/regulacion-sanitaria\/wp-content\/uploads\/2025\/02\/MATERIAL-DE-DESCARGA-BANNER_PREVENCION-ALCOHOL-300x100.jpg 300w, https:\/\/saludnl.gob.mx\/regulacion-sanitaria\/wp-content\/uploads\/2025\/02\/MATERIAL-DE-DESCARGA-BANNER_PREVENCION-ALCOHOL-1024x341.jpg 1024w, https:\/\/saludnl.gob.mx\/regulacion-sanitaria\/wp-content\/uploads\/2025\/02\/MATERIAL-DE-DESCARGA-BANNER_PREVENCION-ALCOHOL-768x256.jpg 768w, https:\/\/saludnl.gob.mx\/regulacion-sanitaria\/wp-content\/uploads\/2025\/02\/MATERIAL-DE-DESCARGA-BANNER_PREVENCION-ALCOHOL.jpg 1200w\" sizes=\"auto, (max-width: 806px) 100vw, 806px\" \/><\/p>\n<div class=\"sdm_download_item \"><div class=\"sdm_download_item_top\"><div class=\"sdm_download_thumbnail\"><img decoding=\"async\" class=\"sdm_download_thumbnail_image\" src=\"https:\/\/saludnl.gob.mx\/regulacion-sanitaria\/wp-content\/uploads\/2019\/10\/Cartel_35x70cm_Alcoholes_2025_page-0001-1-scaled.jpg\" alt = \"Cartel Alcohol\" \/><\/div><div class=\"sdm_download_title\">Cartel Alcohol<\/div><\/div><div style=\"clear:both;\"><\/div><div class=\"sdm_download_description\"><p>En cumplimiento a la Ley para la Prevenci\u00f3n y Combate al Abuso del Alcohol y de Regulaci\u00f3n para su Venta y Consumo para el Estado de Nuevo Le\u00f3n, art\u00edculo 60 fracci\u00f3n XVIII. Colocar en un lugar visible al p\u00fablico consumidor el<strong> cartel oficial emitido por la Secretar\u00eda de Salud<\/strong> que contenga la leyenda; <strong>&#8220;El consumo abusivo de alcohol puede producir adicciones y graves problemas de salud&#8221;.<\/strong> Dicho aviso deber\u00e1 ser legible a simple vista, contar con letras negras sobre un fondo blanco, no deber\u00e1 contener m\u00e1s informaci\u00f3n que la establecida en la presente fracci\u00f3n y <strong>sus dimensiones ser\u00e1n al menos de 70 cent\u00edmetros de largo por 35 de alto.<\/strong><\/p>\n<\/div><div class=\"sdm_download_link\"><span class=\"sdm_download_button\"><a href=\"https:\/\/saludnl.gob.mx\/regulacion-sanitaria\/?sdm_process_download=1&download_id=1290\" class=\"sdm_download blue\" title=\"Cartel Alcohol\" target=\"_self\">Descargar<\/a><\/span><span class=\"sdm_download_item_count\"><span class=\"sdm_item_count_number\">623<\/span><span class=\"sdm_item_count_string\"> Downloads<\/span><\/span><\/div><\/div><div class=\"sdm_clear_float\"><\/div>\n\n\n<p><\/p>\n","protected":false},"excerpt":{"rendered":"","protected":false},"author":9,"featured_media":0,"parent":0,"menu_order":0,"comment_status":"closed","ping_status":"closed","template":"","meta":{"footnotes":""},"class_list":["post-26166","page","type-page","status-publish","hentry"],"_links":{"self":[{"href":"https:\/\/saludnl.gob.mx\/regulacion-sanitaria\/index.php\/wp-json\/wp\/v2\/pages\/26166","targetHints":{"allow":["GET"]}}],"collection":[{"href":"https:\/\/saludnl.gob.mx\/regulacion-sanitaria\/index.php\/wp-json\/wp\/v2\/pages"}],"about":[{"href":"https:\/\/saludnl.gob.mx\/regulacion-sanitaria\/index.php\/wp-json\/wp\/v2\/types\/page"}],"author":[{"embeddable":true,"href":"https:\/\/saludnl.gob.mx\/regulacion-sanitaria\/index.php\/wp-json\/wp\/v2\/users\/9"}],"replies":[{"embeddable":true,"href":"https:\/\/saludnl.gob.mx\/regulacion-sanitaria\/index.php\/wp-json\/wp\/v2\/comments?post=26166"}],"version-history":[{"count":4,"href":"https:\/\/saludnl.gob.mx\/regulacion-sanitaria\/index.php\/wp-json\/wp\/v2\/pages\/26166\/revisions"}],"predecessor-version":[{"id":27056,"href":"https:\/\/saludnl.gob.mx\/regulacion-sanitaria\/index.php\/wp-json\/wp\/v2\/pages\/26166\/revisions\/27056"}],"wp:attachment":[{"href":"https:\/\/saludnl.gob.mx\/regulacion-sanitaria\/index.php\/wp-json\/wp\/v2\/media?parent=26166"}],"curies":[{"name":"wp","href":"https:\/\/api.w.org\/{rel}","templated":true}]}}