{"id":26157,"date":"2024-12-12T12:00:50","date_gmt":"2024-12-12T18:00:50","guid":{"rendered":"https:\/\/saludnl.gob.mx\/regulacion-sanitaria\/?page_id=26157"},"modified":"2025-07-15T12:19:18","modified_gmt":"2025-07-15T18:19:18","slug":"campana-jaque-al-vape","status":"publish","type":"page","link":"https:\/\/saludnl.gob.mx\/regulacion-sanitaria\/index.php\/campana-jaque-al-vape\/","title":{"rendered":"Campa\u00f1a jaque al vape"},"content":{"rendered":"<div class=\"wp-block-image\">\n<figure class=\"aligncenter size-large\"><img loading=\"lazy\" decoding=\"async\" width=\"1024\" height=\"341\" src=\"https:\/\/saludnl.gob.mx\/regulacion-sanitaria\/wp-content\/uploads\/2025\/07\/WhatsApp-Image-2025-07-15-at-10.24.29-AM-1024x341.jpeg\" alt=\"\" class=\"wp-image-29109\" srcset=\"https:\/\/saludnl.gob.mx\/regulacion-sanitaria\/wp-content\/uploads\/2025\/07\/WhatsApp-Image-2025-07-15-at-10.24.29-AM-1024x341.jpeg 1024w, https:\/\/saludnl.gob.mx\/regulacion-sanitaria\/wp-content\/uploads\/2025\/07\/WhatsApp-Image-2025-07-15-at-10.24.29-AM-300x100.jpeg 300w, https:\/\/saludnl.gob.mx\/regulacion-sanitaria\/wp-content\/uploads\/2025\/07\/WhatsApp-Image-2025-07-15-at-10.24.29-AM-768x256.jpeg 768w, https:\/\/saludnl.gob.mx\/regulacion-sanitaria\/wp-content\/uploads\/2025\/07\/WhatsApp-Image-2025-07-15-at-10.24.29-AM.jpeg 1200w\" sizes=\"auto, (max-width: 1024px) 100vw, 1024px\" \/><\/figure>\n<\/div>\n\n\n<p><\/p>\n\n\n\n<h4 class=\"wp-block-heading\">La campa\u00f1a <strong>\u201cJaque al Vape\u201d<\/strong> tiene como objetivo <strong>alertar sobre los riesgos del uso de vapeadores y cigarros electr\u00f3nicos<\/strong>, especialmente entre j\u00f3venes. Busca generar conciencia sobre las sustancias nocivas presentes en estos dispositivos, como <strong>aerosoles con plomo<\/strong> y otros compuestos qu\u00edmicos peligrosos \u26a0\ufe0f.<\/h4>\n\n\n\n<p>\ud83d\udd2c <strong>Al no estar regulados<\/strong>, no existe un documento oficial que detalle la cantidad ni el tipo de qu\u00edmicos que contienen los vapeadores. Por esta raz\u00f3n, en M\u00e9xico <strong>est\u00e1 prohibida su comercializaci\u00f3n y circulaci\u00f3n<\/strong>.<\/p>\n\n\n\n<p>En a\u00f1os recientes, la <strong>FDA<\/strong> identific\u00f3 una afecci\u00f3n pulmonar asociada al uso de estos dispositivos, conocida como <strong>EVALI<\/strong>. Esta puede presentarse con s\u00edntomas como:<\/p>\n\n\n\n<ul class=\"wp-block-list\">\n<li>\ud83d\ude2e\u200d\ud83d\udca8 Dificultad para respirar<\/li>\n\n\n\n<li>\ud83e\udd27 Tos persistente<\/li>\n\n\n\n<li>\ud83e\udd22 N\u00e1useas, v\u00f3mito y diarrea<\/li>\n<\/ul>\n\n\n\n<p>En casos graves, puede requerir ingreso a terapia intensiva  e incluso provocar la muerte.<\/p>\n\n\n\n<h4 class=\"wp-block-heading\">\ud83d\udce3 Desde <strong>la Subsecretar\u00eda de Regulaci\u00f3n y Fomento Sanitario<\/strong>, hacemos un llamado a la poblaci\u00f3n a <strong>cuidar su salud y evitar el consumo de estos productos<\/strong>, as\u00ed como a <strong>denunciar puntos de venta ilegales<\/strong>, ya que su distribuci\u00f3n est\u00e1 prohibida por la legislaci\u00f3n mexicana.<\/h4>\n\n\n\n<h4 class=\"wp-block-heading\">\ud83d\udce2 <span style=\"color: #2aa5f7;\">N\u00fameros de denuncia:<\/span><\/h4>\n\n\n\n<ul class=\"wp-block-list\">\n<li><span style=\"color: #ff6600;\"><strong>COFEPRIS: 800 033 5050<\/strong><\/span><\/li>\n\n\n\n<li><span style=\"color: #ff6600;\"><strong>Nuevo Le\u00f3n:&nbsp; 81 8130 7020<\/strong><\/span><\/li>\n\n\n\n<li><span style=\"color: #ff6600;\"><strong>L\u00ednea de la Vida: 800 911 2000<\/strong><\/span><\/li>\n<\/ul>\n\n\n<div class=\"wp-block-image\">\n<figure class=\"aligncenter\"><img loading=\"lazy\" decoding=\"async\" width=\"1200\" height=\"400\" src=\"https:\/\/saludnl.gob.mx\/regulacion-sanitaria\/wp-content\/uploads\/2025\/07\/WhatsApp-Image-2025-07-14-at-1.11.24-PM-1.jpeg\" alt=\"\" class=\"wp-image-29085\" srcset=\"https:\/\/saludnl.gob.mx\/regulacion-sanitaria\/wp-content\/uploads\/2025\/07\/WhatsApp-Image-2025-07-14-at-1.11.24-PM-1.jpeg 1200w, https:\/\/saludnl.gob.mx\/regulacion-sanitaria\/wp-content\/uploads\/2025\/07\/WhatsApp-Image-2025-07-14-at-1.11.24-PM-1-300x100.jpeg 300w, https:\/\/saludnl.gob.mx\/regulacion-sanitaria\/wp-content\/uploads\/2025\/07\/WhatsApp-Image-2025-07-14-at-1.11.24-PM-1-1024x341.jpeg 1024w, https:\/\/saludnl.gob.mx\/regulacion-sanitaria\/wp-content\/uploads\/2025\/07\/WhatsApp-Image-2025-07-14-at-1.11.24-PM-1-768x256.jpeg 768w\" sizes=\"auto, (max-width: 1200px) 100vw, 1200px\" \/><\/figure>\n<\/div>\n\n\n<div class=\"wp-block-group is-nowrap is-layout-flex wp-container-core-group-is-layout-ad2f72ca wp-block-group-is-layout-flex\">\n<hr class=\"wp-block-separator has-alpha-channel-opacity\"\/>\n<\/div>\n\n\n<div class=\"wp-block-image\">\n<figure class=\"aligncenter size-large is-resized\"><a href=\"https:\/\/www.gob.mx\/cofepris\/articulos\/cofepris-combate-riesgos-a-la-salud-por-uso-de-vapeadores\"><img loading=\"lazy\" decoding=\"async\" width=\"735\" height=\"556\" src=\"https:\/\/saludnl.gob.mx\/regulacion-sanitaria\/wp-content\/uploads\/2025\/07\/image.png\" alt=\"\" class=\"wp-image-29111\" style=\"width:608px;height:auto\" srcset=\"https:\/\/saludnl.gob.mx\/regulacion-sanitaria\/wp-content\/uploads\/2025\/07\/image.png 735w, https:\/\/saludnl.gob.mx\/regulacion-sanitaria\/wp-content\/uploads\/2025\/07\/image-300x227.png 300w\" sizes=\"auto, (max-width: 735px) 100vw, 735px\" \/><\/a><\/figure>\n<\/div>\n\n\n<p><\/p>\n\n\n<div class=\"wp-block-image\">\n<figure class=\"aligncenter size-large is-resized\"><a href=\"https:\/\/www.gob.mx\/cofepris\/articulos\/cofepris-y-conadic-emiten-alerta-sanitaria-para-vapeadores-y-productos-emergentes-de-tabaco-ocasionan-graves-danos-a-la-salud?state=published\"><img loading=\"lazy\" decoding=\"async\" width=\"1024\" height=\"652\" src=\"https:\/\/saludnl.gob.mx\/regulacion-sanitaria\/wp-content\/uploads\/2025\/07\/image-1-1024x652.png\" alt=\"\" class=\"wp-image-29115\" style=\"width:614px;height:auto\" srcset=\"https:\/\/saludnl.gob.mx\/regulacion-sanitaria\/wp-content\/uploads\/2025\/07\/image-1-1024x652.png 1024w, https:\/\/saludnl.gob.mx\/regulacion-sanitaria\/wp-content\/uploads\/2025\/07\/image-1-300x191.png 300w, https:\/\/saludnl.gob.mx\/regulacion-sanitaria\/wp-content\/uploads\/2025\/07\/image-1-768x489.png 768w, https:\/\/saludnl.gob.mx\/regulacion-sanitaria\/wp-content\/uploads\/2025\/07\/image-1.png 1201w\" sizes=\"auto, (max-width: 1024px) 100vw, 1024px\" \/><\/a><\/figure>\n<\/div>\n\n<p><iframe style=\"border-radius:12px\" src=\"https:\/\/open.spotify.com\/embed\/episode\/43CTufvoNRKXVKzXAYG373?utm_source=generator\" width=\"100%\" height=\"152\" frameBorder=\"0\" allowfullscreen=\"\" allow=\"autoplay; clipboard-write; encrypted-media; fullscreen; picture-in-picture\" loading=\"lazy\"><\/iframe><\/p>\n\n\n<p><iframe style=\"border-radius:12px\" src=\"https:\/\/open.spotify.com\/embed\/episode\/2bZNb0OsmY9jhgBeUOnL7Z?utm_source=generator\" width=\"100%\" height=\"152\" frameBorder=\"0\" allowfullscreen=\"\" allow=\"autoplay; clipboard-write; encrypted-media; fullscreen; picture-in-picture\" loading=\"lazy\"><\/iframe><\/p>\n\n\n<p><iframe style=\"border-radius:12px\" src=\"https:\/\/open.spotify.com\/embed\/episode\/5hwQ7qpskHd4QjJLKmmtcW?utm_source=generator\" width=\"100%\" height=\"152\" frameBorder=\"0\" allowfullscreen=\"\" allow=\"autoplay; clipboard-write; encrypted-media; fullscreen; picture-in-picture\" loading=\"lazy\"><\/iframe><\/p>\n\n\n\n<p><\/p>\n\n\n\n<p>&nbsp;<\/p>\n\n\n<a href=\"https:\/\/saludnl.gob.mx\/regulacion-sanitaria\/wp-content\/uploads\/2025\/07\/Revista-9_Vape.pdf\" class=\"pdfemb-viewer\" style=\"\" data-width=\"max\" data-height=\"max\" data-toolbar=\"bottom\" data-toolbar-fixed=\"off\">Revista-9_Vape<\/a>\n\n\n<div class=\"alignnormal\"><div id=\"metaslider-id-29122\" style=\"width: 100%; margin: 0 auto;\" class=\"ml-slider-3-98-0 metaslider metaslider-flex metaslider-29122 ml-slider has-onhover-arrows has-dots-onhover-navigation ms-theme-clarity has-carousel-mode\" role=\"region\" aria-roledescription=\"Slideshow\" aria-label=\"Pag Jaque al vape\" data-width=\"500\">\n    <div id=\"metaslider_container_29122\">\n        <div id=\"temp_metaslider_29122\" class=\"flexslider\"><ul class='slides'><\/ul><\/div><div id=\"metaslider_29122\">\n            <ul class='slides'>\n                <li style=\"display: none; width: 100%;\" class=\"slide-29124 ms-image hidden_smartphone hidden_tablet \" aria-roledescription=\"slide\" aria-label=\"slide-29124\" data-date=\"2025-07-15 11:57:45\"><img loading=\"lazy\" decoding=\"async\" src=\"https:\/\/saludnl.gob.mx\/regulacion-sanitaria\/wp-content\/uploads\/2025\/07\/Contaminacion-por-vape-04-scaled-500x700.png\" height=\"700\" width=\"500\" alt=\"\" class=\"slider-29122 slide-29124\" title=\"Contaminaci\u00f3n por vape-04\" \/><\/li>\n                <li style=\"display: none; width: 100%;\" class=\"slide-29126 ms-image hidden_smartphone hidden_tablet \" aria-roledescription=\"slide\" aria-label=\"slide-29126\" data-date=\"2025-07-15 11:58:08\"><img loading=\"lazy\" decoding=\"async\" src=\"https:\/\/saludnl.gob.mx\/regulacion-sanitaria\/wp-content\/uploads\/2025\/07\/Contaminacion-por-vape-05-scaled-500x700.png\" height=\"700\" width=\"500\" alt=\"\" class=\"slider-29122 slide-29126\" title=\"Contaminaci\u00f3n por vape-05\" \/><\/li>\n            <\/ul>\n        <\/div>\n        \n    <\/div>\n<\/div><\/div>\n\n\n<div class=\"sdm_download_item \"><div class=\"sdm_download_item_top\"><div class=\"sdm_download_thumbnail\"><img decoding=\"async\" class=\"sdm_download_thumbnail_image\" src=\"https:\/\/saludnl.gob.mx\/regulacion-sanitaria\/wp-content\/uploads\/2023\/03\/Cartel_vape_1_page-0001.jpg\" alt = \"Cartel Jaque al Vape 01\" \/><\/div><div class=\"sdm_download_title\">Cartel Jaque al Vape 01<\/div><\/div><div style=\"clear:both;\"><\/div><div class=\"sdm_download_description\"><p>Lo que debes de saber sobre el vapeador o cigarro electr\u00f3nico.<\/p>\n<\/div><div class=\"sdm_download_link\"><span class=\"sdm_download_button\"><a href=\"https:\/\/saludnl.gob.mx\/regulacion-sanitaria\/?sdm_process_download=1&download_id=13594\" class=\"sdm_download blue\" title=\"Cartel Jaque al Vape 01\" target=\"_self\">\u00a1Descarga tu cartel aqu\u00ed!<\/a><\/span><span class=\"sdm_download_item_count\"><span class=\"sdm_item_count_number\">636<\/span><span class=\"sdm_item_count_string\"> Downloads<\/span><\/span><\/div><\/div><div class=\"sdm_clear_float\"><\/div>\n\n\n<div class=\"sdm_download_item \"><div class=\"sdm_download_item_top\"><div class=\"sdm_download_thumbnail\"><img decoding=\"async\" class=\"sdm_download_thumbnail_image\" src=\"https:\/\/saludnl.gob.mx\/regulacion-sanitaria\/wp-content\/uploads\/2023\/03\/Cartel_vape_2_page-0001.jpg\" alt = \"Cartel Jaque al Vape 02\" \/><\/div><div class=\"sdm_download_title\">Cartel Jaque al Vape 02<\/div><\/div><div style=\"clear:both;\"><\/div><div class=\"sdm_download_description\"><p>Radiograf\u00eda de un vapeador o cigarro electr\u00f3nico.<\/p>\n<\/div><div class=\"sdm_download_link\"><span class=\"sdm_download_button\"><a href=\"https:\/\/saludnl.gob.mx\/regulacion-sanitaria\/?sdm_process_download=1&download_id=13595\" class=\"sdm_download blue\" title=\"Cartel Jaque al Vape 02\" target=\"_self\">\u00a1Descarga tu cartel aqu\u00ed!<\/a><\/span><span class=\"sdm_download_item_count\"><span class=\"sdm_item_count_number\">322<\/span><span class=\"sdm_item_count_string\"> Downloads<\/span><\/span><\/div><\/div><div class=\"sdm_clear_float\"><\/div>\n\n\n<div class=\"sdm_download_item \"><div class=\"sdm_download_item_top\"><div class=\"sdm_download_thumbnail\"><img decoding=\"async\" class=\"sdm_download_thumbnail_image\" src=\"https:\/\/saludnl.gob.mx\/regulacion-sanitaria\/wp-content\/uploads\/2023\/03\/Cartel_vape_3_page-0001.jpg\" alt = \"Cartel Jaque al Vape 03\" \/><\/div><div class=\"sdm_download_title\">Cartel Jaque al Vape 03<\/div><\/div><div style=\"clear:both;\"><\/div><div class=\"sdm_download_description\"><p>\u00bfQu\u00e9 son los vapeadores?<\/p>\n<\/div><div class=\"sdm_download_link\"><span class=\"sdm_download_button\"><a href=\"https:\/\/saludnl.gob.mx\/regulacion-sanitaria\/?sdm_process_download=1&download_id=13596\" class=\"sdm_download blue\" title=\"Cartel Jaque al Vape 03\" target=\"_self\">\u00a1Descarga tu cartel aqu\u00ed!<\/a><\/span><span class=\"sdm_download_item_count\"><span class=\"sdm_item_count_number\">404<\/span><span class=\"sdm_item_count_string\"> Downloads<\/span><\/span><\/div><\/div><div class=\"sdm_clear_float\"><\/div>\n\n\n<div class=\"sdm_download_item \"><div class=\"sdm_download_item_top\"><div class=\"sdm_download_thumbnail\"><img decoding=\"async\" class=\"sdm_download_thumbnail_image\" src=\"https:\/\/saludnl.gob.mx\/regulacion-sanitaria\/wp-content\/uploads\/2023\/03\/Cartel_vape_4_page-0001.jpg\" alt = \"Cartel Jaque al Vape 04\" \/><\/div><div class=\"sdm_download_title\">Cartel Jaque al Vape 04<\/div><\/div><div style=\"clear:both;\"><\/div><div class=\"sdm_download_description\"><p>Riesgos a la salud y medio ambiente.<\/p>\n<\/div><div class=\"sdm_download_link\"><span class=\"sdm_download_button\"><a href=\"https:\/\/saludnl.gob.mx\/regulacion-sanitaria\/?sdm_process_download=1&download_id=13597\" class=\"sdm_download blue\" title=\"Cartel Jaque al Vape 04\" target=\"_self\">\u00a1Descarga tu cartel aqu\u00ed!<\/a><\/span><span class=\"sdm_download_item_count\"><span class=\"sdm_item_count_number\">513<\/span><span class=\"sdm_item_count_string\"> Downloads<\/span><\/span><\/div><\/div><div class=\"sdm_clear_float\"><\/div>\n\n\n\n<p><\/p>\n","protected":false},"excerpt":{"rendered":"<p>La campa\u00f1a \u201cJaque al Vape\u201d tiene como objetivo alertar sobre los riesgos del uso de vapeadores y cigarros electr\u00f3nicos, especialmente entre j\u00f3venes. Busca generar conciencia sobre las sustancias nocivas presentes en estos dispositivos, como aerosoles con plomo y otros compuestos qu\u00edmicos peligrosos \u26a0\ufe0f. \ud83d\udd2c Al no estar regulados, no existe un documento oficial que detalle [&hellip;]<\/p>\n","protected":false},"author":9,"featured_media":29111,"parent":0,"menu_order":0,"comment_status":"closed","ping_status":"closed","template":"","meta":{"footnotes":""},"class_list":["post-26157","page","type-page","status-publish","has-post-thumbnail","hentry"],"_links":{"self":[{"href":"https:\/\/saludnl.gob.mx\/regulacion-sanitaria\/index.php\/wp-json\/wp\/v2\/pages\/26157","targetHints":{"allow":["GET"]}}],"collection":[{"href":"https:\/\/saludnl.gob.mx\/regulacion-sanitaria\/index.php\/wp-json\/wp\/v2\/pages"}],"about":[{"href":"https:\/\/saludnl.gob.mx\/regulacion-sanitaria\/index.php\/wp-json\/wp\/v2\/types\/page"}],"author":[{"embeddable":true,"href":"https:\/\/saludnl.gob.mx\/regulacion-sanitaria\/index.php\/wp-json\/wp\/v2\/users\/9"}],"replies":[{"embeddable":true,"href":"https:\/\/saludnl.gob.mx\/regulacion-sanitaria\/index.php\/wp-json\/wp\/v2\/comments?post=26157"}],"version-history":[{"count":17,"href":"https:\/\/saludnl.gob.mx\/regulacion-sanitaria\/index.php\/wp-json\/wp\/v2\/pages\/26157\/revisions"}],"predecessor-version":[{"id":29134,"href":"https:\/\/saludnl.gob.mx\/regulacion-sanitaria\/index.php\/wp-json\/wp\/v2\/pages\/26157\/revisions\/29134"}],"wp:featuredmedia":[{"embeddable":true,"href":"https:\/\/saludnl.gob.mx\/regulacion-sanitaria\/index.php\/wp-json\/wp\/v2\/media\/29111"}],"wp:attachment":[{"href":"https:\/\/saludnl.gob.mx\/regulacion-sanitaria\/index.php\/wp-json\/wp\/v2\/media?parent=26157"}],"curies":[{"name":"wp","href":"https:\/\/api.w.org\/{rel}","templated":true}]}}