{"id":2609,"date":"2020-09-17T11:29:00","date_gmt":"2020-09-17T16:29:00","guid":{"rendered":"http:\/\/saludnl.gob.mx\/regulacion-sanitaria\/?page_id=2609"},"modified":"2025-02-24T12:14:07","modified_gmt":"2025-02-24T18:14:07","slug":"citas","status":"publish","type":"page","link":"https:\/\/saludnl.gob.mx\/regulacion-sanitaria\/index.php\/citas\/","title":{"rendered":"Agenda una cita de asesor\u00eda personalizada"},"content":{"rendered":"\n<p>\u00bfTienes dudas para ingresar un tr\u00e1mite? \u00bfNo sabes como debes de contestar una notificaci\u00f3n? Agenda una cita para que te asesoremos de manera personalizada y gratuita. <\/p>\n\n\n\n<p>Primero selecciona el \u00e1rea de inter\u00e9s, selecciona el servicio que requieres, despu\u00e9s indica la fecha y horario que m\u00e1s se te acomode seg\u00fan la disponibilidad, ingresa tus datos y listo!. Te esperamos en el d\u00eda y hora seleccionada. <\/p>\n\n\n\n<p>*Para \u00fanicamente ingresar documentos por ventanilla no necesitas agendar una cita.<\/p>\n\n\n\n<p><\/p>\n\n\n<div id=\"pl-gb2609-69d006f325f98\"  class=\"panel-layout wp-block-siteorigin-panels-layout-block\" ><div id=\"pg-gb2609-69d006f325f98-0\"  class=\"panel-grid panel-no-style\" ><div id=\"pgc-gb2609-69d006f325f98-0-0\"  class=\"panel-grid-cell\" ><div id=\"panel-gb2609-69d006f325f98-0-0-0\" class=\"so-panel widget widget_media_image panel-first-child panel-last-child\" data-index=\"0\" ><div class=\"panel-widget-style panel-widget-style-for-gb2609-69d006f325f98-0-0-0\" ><a href=\"https:\/\/saludnl.gob.mx\/regulacion-sanitaria\/index.php\/citas-para-servicios-de-salud\/\"><img loading=\"lazy\" decoding=\"async\" width=\"400\" height=\"400\" src=\"https:\/\/saludnl.gob.mx\/regulacion-sanitaria\/wp-content\/uploads\/2023\/10\/SERVICIOS-DE-SALUD.png\" class=\"image wp-image-16880  attachment-full size-full\" alt=\"\" style=\"max-width: 100%; height: auto;\" srcset=\"https:\/\/saludnl.gob.mx\/regulacion-sanitaria\/wp-content\/uploads\/2023\/10\/SERVICIOS-DE-SALUD.png 400w, https:\/\/saludnl.gob.mx\/regulacion-sanitaria\/wp-content\/uploads\/2023\/10\/SERVICIOS-DE-SALUD-300x300.png 300w, https:\/\/saludnl.gob.mx\/regulacion-sanitaria\/wp-content\/uploads\/2023\/10\/SERVICIOS-DE-SALUD-150x150.png 150w\" sizes=\"auto, (max-width: 400px) 100vw, 400px\" \/><\/a><\/div><\/div><\/div><div id=\"pgc-gb2609-69d006f325f98-0-1\"  class=\"panel-grid-cell\" ><div id=\"panel-gb2609-69d006f325f98-0-1-0\" class=\"so-panel widget widget_media_image panel-first-child panel-last-child\" data-index=\"1\" ><div class=\"panel-widget-style panel-widget-style-for-gb2609-69d006f325f98-0-1-0\" ><a href=\"https:\/\/saludnl.gob.mx\/regulacion-sanitaria\/index.php\/citas-para-insumos-para-la-salud\"><img loading=\"lazy\" decoding=\"async\" width=\"400\" height=\"400\" src=\"https:\/\/saludnl.gob.mx\/regulacion-sanitaria\/wp-content\/uploads\/2023\/10\/INSUMOS.png\" class=\"image wp-image-16883  attachment-full size-full\" alt=\"\" style=\"max-width: 100%; height: auto;\" srcset=\"https:\/\/saludnl.gob.mx\/regulacion-sanitaria\/wp-content\/uploads\/2023\/10\/INSUMOS.png 400w, https:\/\/saludnl.gob.mx\/regulacion-sanitaria\/wp-content\/uploads\/2023\/10\/INSUMOS-300x300.png 300w, https:\/\/saludnl.gob.mx\/regulacion-sanitaria\/wp-content\/uploads\/2023\/10\/INSUMOS-150x150.png 150w\" sizes=\"auto, (max-width: 400px) 100vw, 400px\" \/><\/a><\/div><\/div><\/div><div id=\"pgc-gb2609-69d006f325f98-0-2\"  class=\"panel-grid-cell\" ><div id=\"panel-gb2609-69d006f325f98-0-2-0\" class=\"so-panel widget widget_media_image panel-first-child panel-last-child\" data-index=\"2\" ><div class=\"panel-widget-style panel-widget-style-for-gb2609-69d006f325f98-0-2-0\" ><a href=\"https:\/\/saludnl.gob.mx\/regulacion-sanitaria\/index.php\/citas-para-bienes-y-servicios\"><img loading=\"lazy\" decoding=\"async\" width=\"400\" height=\"400\" src=\"https:\/\/saludnl.gob.mx\/regulacion-sanitaria\/wp-content\/uploads\/2023\/10\/BIENES.png\" class=\"image wp-image-16886  attachment-full size-full\" alt=\"\" style=\"max-width: 100%; height: auto;\" srcset=\"https:\/\/saludnl.gob.mx\/regulacion-sanitaria\/wp-content\/uploads\/2023\/10\/BIENES.png 400w, https:\/\/saludnl.gob.mx\/regulacion-sanitaria\/wp-content\/uploads\/2023\/10\/BIENES-300x300.png 300w, https:\/\/saludnl.gob.mx\/regulacion-sanitaria\/wp-content\/uploads\/2023\/10\/BIENES-150x150.png 150w\" sizes=\"auto, (max-width: 400px) 100vw, 400px\" \/><\/a><\/div><\/div><\/div><\/div><div id=\"pg-gb2609-69d006f325f98-1\"  class=\"panel-grid panel-no-style\" ><div id=\"pgc-gb2609-69d006f325f98-1-0\"  class=\"panel-grid-cell\" ><div id=\"panel-gb2609-69d006f325f98-1-0-0\" class=\"so-panel widget widget_media_image panel-first-child panel-last-child\" data-index=\"3\" ><div class=\"panel-widget-style panel-widget-style-for-gb2609-69d006f325f98-1-0-0\" ><a href=\"https:\/\/saludnl.gob.mx\/regulacion-sanitaria\/index.php\/citas-para-salud-ambiental-y-ocupacional\"><img loading=\"lazy\" decoding=\"async\" width=\"400\" height=\"400\" src=\"https:\/\/saludnl.gob.mx\/regulacion-sanitaria\/wp-content\/uploads\/2023\/10\/SAYO.png\" class=\"image wp-image-16890  attachment-full size-full\" alt=\"\" style=\"max-width: 100%; height: auto;\" srcset=\"https:\/\/saludnl.gob.mx\/regulacion-sanitaria\/wp-content\/uploads\/2023\/10\/SAYO.png 400w, https:\/\/saludnl.gob.mx\/regulacion-sanitaria\/wp-content\/uploads\/2023\/10\/SAYO-300x300.png 300w, https:\/\/saludnl.gob.mx\/regulacion-sanitaria\/wp-content\/uploads\/2023\/10\/SAYO-150x150.png 150w\" sizes=\"auto, (max-width: 400px) 100vw, 400px\" \/><\/a><\/div><\/div><\/div><div id=\"pgc-gb2609-69d006f325f98-1-1\"  class=\"panel-grid-cell\" ><div id=\"panel-gb2609-69d006f325f98-1-1-0\" class=\"so-panel widget widget_media_image panel-first-child panel-last-child\" data-index=\"4\" ><div class=\"panel-widget-style panel-widget-style-for-gb2609-69d006f325f98-1-1-0\" ><a href=\"https:\/\/saludnl.gob.mx\/regulacion-sanitaria\/index.php\/citas-para-sanciones-administrativas\"><img loading=\"lazy\" decoding=\"async\" width=\"400\" height=\"400\" src=\"https:\/\/saludnl.gob.mx\/regulacion-sanitaria\/wp-content\/uploads\/2023\/10\/ATENCION-JURIDICA-1.png\" class=\"image wp-image-16892  attachment-full size-full\" alt=\"\" style=\"max-width: 100%; height: auto;\" srcset=\"https:\/\/saludnl.gob.mx\/regulacion-sanitaria\/wp-content\/uploads\/2023\/10\/ATENCION-JURIDICA-1.png 400w, https:\/\/saludnl.gob.mx\/regulacion-sanitaria\/wp-content\/uploads\/2023\/10\/ATENCION-JURIDICA-1-300x300.png 300w, https:\/\/saludnl.gob.mx\/regulacion-sanitaria\/wp-content\/uploads\/2023\/10\/ATENCION-JURIDICA-1-150x150.png 150w\" sizes=\"auto, (max-width: 400px) 100vw, 400px\" \/><\/a><\/div><\/div><\/div><div id=\"pgc-gb2609-69d006f325f98-1-2\"  class=\"panel-grid-cell\" ><div id=\"panel-gb2609-69d006f325f98-1-2-0\" class=\"so-panel widget widget_media_image panel-first-child panel-last-child\" data-index=\"5\" ><div class=\"panel-widget-style panel-widget-style-for-gb2609-69d006f325f98-1-2-0\" ><a href=\"https:\/\/saludnl.gob.mx\/regulacion-sanitaria\/index.php\/citas-para-recepcion-de-documentos\"><img loading=\"lazy\" decoding=\"async\" width=\"400\" height=\"400\" src=\"https:\/\/saludnl.gob.mx\/regulacion-sanitaria\/wp-content\/uploads\/2023\/10\/RECEPCION-DE-DOCUMENTOS.png\" class=\"image wp-image-16893  attachment-full size-full\" alt=\"\" style=\"max-width: 100%; height: auto;\" srcset=\"https:\/\/saludnl.gob.mx\/regulacion-sanitaria\/wp-content\/uploads\/2023\/10\/RECEPCION-DE-DOCUMENTOS.png 400w, https:\/\/saludnl.gob.mx\/regulacion-sanitaria\/wp-content\/uploads\/2023\/10\/RECEPCION-DE-DOCUMENTOS-300x300.png 300w, https:\/\/saludnl.gob.mx\/regulacion-sanitaria\/wp-content\/uploads\/2023\/10\/RECEPCION-DE-DOCUMENTOS-150x150.png 150w\" sizes=\"auto, (max-width: 400px) 100vw, 400px\" \/><\/a><\/div><\/div><\/div><\/div><\/div>\n\n\n<div class=\"wp-block-group\"><div class=\"wp-block-group__inner-container is-layout-flow wp-block-group-is-layout-flow\">\n<div class=\"wp-block-group\"><div class=\"wp-block-group__inner-container is-layout-flow wp-block-group-is-layout-flow\">\n<hr>\n<p>En caso de dudas puedes consultar nuestro manual de uso:<\/p>\n\n\n\n<p><\/p>\n<\/div><\/div>\n\n\n<div class=\"sdm_fancy_template_wrapper\"><div class=\"sdm_fancy2_item \"><div class=\"sdm_fancy2_wrapper\"><div class=\"sdm_fancy2_download_item_top\"><div class=\"sdm_fancy2_download_thumbnail\"><\/div><\/div><div class=\"sdm_fancy2_download_title\">Manual Citas Sistema<\/div><div class=\"sdm_fancy2_download_link\"><a href=\"https:\/\/saludnl.gob.mx\/regulacion-sanitaria\/?sdm_process_download=1&#038;download_id=2795\" class=\"sdm_fancy2_download_dl_link\" target=\"_blank\">Descargar<\/a><\/div><\/div><\/div><\/div><div class=\"sdm_clear_float\"><\/div><\/div><\/div>\n\n\n\n<p><\/p>\n\n\n\n<p><strong>Pol\u00edtica de Atenci\u00f3n a Citas<\/strong><\/p>\n\n\n\n<p><strong>El Centro Integral de Servicios (CIS) de&nbsp;la Subsecretar\u00eda de Regulaci\u00f3n y Fomento Sanitario (SRFS) es el espacio \u00fanico de atenci\u00f3n al usuario que permite proporcionarle informaci\u00f3n clara, completa y oportuna, de forma honesta y transparente, desde el primer contacto telef\u00f3nico o personal con la instituci\u00f3n, hasta el ingreso del tr\u00e1mite y la entrega de la resoluci\u00f3n.<\/strong><\/p>\n\n\n\n<p>Para garantizar el \u00f3ptimo desarrollo de nuestros servicios en beneficio de nuestros usuarios, se requiere de su colaboraci\u00f3n acatando las siguientes pol\u00edticas:<\/p>\n\n\n\n<p>\u2022Se requiere su puntual asistencia.<\/p>\n\n\n\n<p>\u2022La tolerancia para atender tu cita es de 10 minutos, de lo contrario quedar\u00e1 cancelada y ser\u00e1 necesario que solicite una nueva cita.<\/p>\n\n\n\n<p>\u2022Dirigirse con respeto hacia el personal en servicio.<\/p>\n\n\n\n<p>\u2022Evitar el uso de distractores durante el horario de atenci\u00f3n, con el fin de darle mayor agilidad y claridad al servicio.<\/p>\n\n\n\n<p>\u2022Las citas se programan en horarios y fechas disponibles.<\/p>\n\n\n\n<p>\u2022\u00danicamente se atender\u00e1n el n\u00famero exacto de tr\u00e1mites declarados en su solicitud.<\/p>\n\n\n\n<p>\u2022Solamente se atender\u00e1n citas a nombre de la raz\u00f3n social declarada en su solicitud de cita.<\/p>\n\n\n\n<p>\u2022Si por cualquier circunstancia no puede acudir a su cita, deber\u00e1 notificar la cancelaci\u00f3n a m\u00e1s tardar el d\u00eda h\u00e1bil anterior, llamando al (81) 8130-7020 o personalmente en nuestras instalaciones.<\/p>\n\n\n\n<p>\u2022S\u00f3lo podr\u00e1 ingresar una persona por cita: Deber\u00e1 asistir el Representante Legal, persona autorizada, responsable sanitario o en su defecto presentarse con carta poder notariada en el caso de personas morales, y simple en el caso de las personas f\u00edsicas.<\/p>\n\n\n\n<p>&nbsp;<strong>&#8220;Ay\u00fadenos a servirle mejor&#8221;, cualquier abuso detectado durante la atenci\u00f3n a citas, generar\u00e1 la cancelaci\u00f3n de su cita presente y futuras en un plazo de 2 semanas h\u00e1biles.<\/strong><\/p>\n\n\n\n<p>Por ejemplo:<\/p>\n\n\n\n<p>\u2022Por solicitar reiteradamente al agente de informaci\u00f3n, un n\u00famero mayor de atenciones a las solicitadas y reservadas en la agenda de citas.<\/p>\n\n\n\n<p>\u2022Por generaci\u00f3n de citas reiteradamente sin acudir a la asesor\u00eda.<\/p>\n\n\n\n<p><strong>Nota importante a considerar para el ingreso de tr\u00e1mites:<\/strong><\/p>\n\n\n\n<p>Trat\u00e1ndose de personas que no se encuentren notificadas como Representante Legal, Responsable Sanitario y\/o Personas Autorizadas ante esta dependencia y que deseen presentar tr\u00e1mites y recibir resoluciones, requerir\u00e1n exhibir carta poder en original y copia simple con la inclusi\u00f3n de dos testigos debidamente firmada, adjuntando copia de las identificaciones oficiales de los firmantes (Art\u00edculo 19 de LEFEPA) Trat\u00e1ndose de empresas (Personas F\u00edsicas o Persona Morales) que no se encuentren notificadas ante esta dependencia y deseen ingresar un Escrito Libre, es necesario adem\u00e1s de lo anterior conocer el dato de RFC de la empresa para el ingreso del tr\u00e1mite.<\/p>\n\n\n\n<p><\/p>\n\n\n\n<p><br>\u00daltima actualizaci\u00f3n 21\/01\/2025<\/p>\n","protected":false},"excerpt":{"rendered":"<p>\u00bfTienes dudas para ingresar un tr\u00e1mite? \u00bfNo sabes como debes de contestar una notificaci\u00f3n? Agenda una cita para que te asesoremos de manera personalizada y gratuita. Primero selecciona el \u00e1rea de inter\u00e9s, selecciona el servicio que requieres, despu\u00e9s indica la fecha y horario que m\u00e1s se te acomode seg\u00fan la disponibilidad, ingresa tus datos y [&hellip;]<\/p>\n","protected":false},"author":5,"featured_media":0,"parent":0,"menu_order":0,"comment_status":"closed","ping_status":"closed","template":"","meta":{"footnotes":""},"class_list":["post-2609","page","type-page","status-publish","hentry"],"_links":{"self":[{"href":"https:\/\/saludnl.gob.mx\/regulacion-sanitaria\/index.php\/wp-json\/wp\/v2\/pages\/2609","targetHints":{"allow":["GET"]}}],"collection":[{"href":"https:\/\/saludnl.gob.mx\/regulacion-sanitaria\/index.php\/wp-json\/wp\/v2\/pages"}],"about":[{"href":"https:\/\/saludnl.gob.mx\/regulacion-sanitaria\/index.php\/wp-json\/wp\/v2\/types\/page"}],"author":[{"embeddable":true,"href":"https:\/\/saludnl.gob.mx\/regulacion-sanitaria\/index.php\/wp-json\/wp\/v2\/users\/5"}],"replies":[{"embeddable":true,"href":"https:\/\/saludnl.gob.mx\/regulacion-sanitaria\/index.php\/wp-json\/wp\/v2\/comments?post=2609"}],"version-history":[{"count":43,"href":"https:\/\/saludnl.gob.mx\/regulacion-sanitaria\/index.php\/wp-json\/wp\/v2\/pages\/2609\/revisions"}],"predecessor-version":[{"id":27751,"href":"https:\/\/saludnl.gob.mx\/regulacion-sanitaria\/index.php\/wp-json\/wp\/v2\/pages\/2609\/revisions\/27751"}],"wp:attachment":[{"href":"https:\/\/saludnl.gob.mx\/regulacion-sanitaria\/index.php\/wp-json\/wp\/v2\/media?parent=2609"}],"curies":[{"name":"wp","href":"https:\/\/api.w.org\/{rel}","templated":true}]}}