{"id":20480,"date":"2024-07-05T16:30:14","date_gmt":"2024-07-05T21:30:14","guid":{"rendered":"https:\/\/saludnl.gob.mx\/regulacion-sanitaria\/?page_id=20480"},"modified":"2024-07-05T16:30:14","modified_gmt":"2024-07-05T21:30:14","slug":"lineamientos-para-implementar-el-procedimiento-para-la-realizacion-de-videograbacion-en-vistas-de-verificacion-y-salas-multidisciplinarias","status":"publish","type":"page","link":"https:\/\/saludnl.gob.mx\/regulacion-sanitaria\/index.php\/lineamientos-para-implementar-el-procedimiento-para-la-realizacion-de-videograbacion-en-vistas-de-verificacion-y-salas-multidisciplinarias\/","title":{"rendered":"LINEAMIENTOS PARA IMPLEMENTAR EL PROCEDIMIENTO PARA LA REALIZACI\u00d3N DE VIDEOGRABACI\u00d3N EN VISTAS DE VERIFICACI\u00d3N Y SALAS MULTIDISCIPLINARIAS"},"content":{"rendered":"<a href=\"https:\/\/saludnl.gob.mx\/regulacion-sanitaria\/wp-content\/uploads\/2024\/07\/AC_0001_0007_00171912_000001.pdf\" class=\"pdfemb-viewer\" style=\"\" data-width=\"max\" data-height=\"max\" data-toolbar=\"bottom\" data-toolbar-fixed=\"off\">AC_0001_0007_00171912_000001<\/a>\n<p style=\"text-align: left;\"><div class=\"sdm_download_button_box_default\"><div class=\"sdm_download_link\"><a href=\"https:\/\/saludnl.gob.mx\/regulacion-sanitaria\/?sdm_process_download=1&download_id=16760\" class=\"sdm_download blue\" title=\"Lineamientos para implementar el procedimiento para la realizaci\u00f3n de videograbaci\u00f3n en visitas de verificaci\u00f3n y salas multidisciplinarias.\" >Descargar aqu\u00ed<\/a><\/div><\/div><\/p>\n<p style=\"text-align: left;\"><div class=\"sdm_download_count\"><span class=\"sdm_count_number\">313<\/span><span class=\"sdm_count_string\"> Downloads<\/span><\/div><\/p>\n","protected":false},"excerpt":{"rendered":"","protected":false},"author":5,"featured_media":0,"parent":0,"menu_order":0,"comment_status":"closed","ping_status":"closed","template":"","meta":{"footnotes":""},"class_list":["post-20480","page","type-page","status-publish","hentry"],"_links":{"self":[{"href":"https:\/\/saludnl.gob.mx\/regulacion-sanitaria\/index.php\/wp-json\/wp\/v2\/pages\/20480","targetHints":{"allow":["GET"]}}],"collection":[{"href":"https:\/\/saludnl.gob.mx\/regulacion-sanitaria\/index.php\/wp-json\/wp\/v2\/pages"}],"about":[{"href":"https:\/\/saludnl.gob.mx\/regulacion-sanitaria\/index.php\/wp-json\/wp\/v2\/types\/page"}],"author":[{"embeddable":true,"href":"https:\/\/saludnl.gob.mx\/regulacion-sanitaria\/index.php\/wp-json\/wp\/v2\/users\/5"}],"replies":[{"embeddable":true,"href":"https:\/\/saludnl.gob.mx\/regulacion-sanitaria\/index.php\/wp-json\/wp\/v2\/comments?post=20480"}],"version-history":[{"count":1,"href":"https:\/\/saludnl.gob.mx\/regulacion-sanitaria\/index.php\/wp-json\/wp\/v2\/pages\/20480\/revisions"}],"predecessor-version":[{"id":20482,"href":"https:\/\/saludnl.gob.mx\/regulacion-sanitaria\/index.php\/wp-json\/wp\/v2\/pages\/20480\/revisions\/20482"}],"wp:attachment":[{"href":"https:\/\/saludnl.gob.mx\/regulacion-sanitaria\/index.php\/wp-json\/wp\/v2\/media?parent=20480"}],"curies":[{"name":"wp","href":"https:\/\/api.w.org\/{rel}","templated":true}]}}