{"id":20269,"date":"2024-06-18T15:26:47","date_gmt":"2024-06-18T20:26:47","guid":{"rendered":"https:\/\/saludnl.gob.mx\/regulacion-sanitaria\/?page_id=20269"},"modified":"2025-01-16T15:36:07","modified_gmt":"2025-01-16T21:36:07","slug":"alta-directiva-sanitaria","status":"publish","type":"page","link":"https:\/\/saludnl.gob.mx\/regulacion-sanitaria\/index.php\/alta-directiva-sanitaria\/","title":{"rendered":"Alta Directiva Sanitaria"},"content":{"rendered":"<h2><img loading=\"lazy\" decoding=\"async\" class=\"wp-image-26644 aligncenter\" src=\"https:\/\/saludnl.gob.mx\/regulacion-sanitaria\/wp-content\/uploads\/2025\/01\/PPT-Naranja-e1737063334257-300x100.png\" alt=\"\" width=\"870\" height=\"290\" srcset=\"https:\/\/saludnl.gob.mx\/regulacion-sanitaria\/wp-content\/uploads\/2025\/01\/PPT-Naranja-e1737063334257-300x100.png 300w, https:\/\/saludnl.gob.mx\/regulacion-sanitaria\/wp-content\/uploads\/2025\/01\/PPT-Naranja-e1737063334257-1024x342.png 1024w, https:\/\/saludnl.gob.mx\/regulacion-sanitaria\/wp-content\/uploads\/2025\/01\/PPT-Naranja-e1737063334257-768x256.png 768w, https:\/\/saludnl.gob.mx\/regulacion-sanitaria\/wp-content\/uploads\/2025\/01\/PPT-Naranja-e1737063334257.png 1280w\" sizes=\"auto, (max-width: 870px) 100vw, 870px\" \/><\/h2>\n<h2>\u00bfQu\u00e9 es una Alta Directiva Sanitaria?<\/h2>\n<p>Es una iniciativa de Cofepris, donde destacan los puntos prioritarios que deben cumplir los establecimientos sujetos a control sanitario.<\/p>\n<p>En este sentido, estos puntos son enunciativos, m\u00e1s no limitativos, del cumplimiento que debe tener cada una de las materias y los giros de acuerdo a la normatividad aplicable en cada una de las materias. Estos documentos son gu\u00edas para realizar un ejercicio de revisi\u00f3n a los procesos internos para mejorar su desempe\u00f1o, identificar puntos de mejora y evitar posibles sanciones.<\/p>\n<h3>Altas Directivas Sanitarias<\/h3>\n<div class=\"sdm_download_item \"><div class=\"sdm_download_item_top\"><div class=\"sdm_download_thumbnail\"><\/div><div class=\"sdm_download_title\">ALTA DIRECTIVA &#8211; ALTA DIRECTIVA SANITARIA PARA ESTABLECIMIENTOS DE ATENCI\u00d3N M\u00c9DICA CON PROCEDIMIENTOS EST\u00c9TICOS, OBST\u00c9TRICOS Y\/O QUIR\u00daRGICOS<\/div><\/div><div style=\"clear:both;\"><\/div><div class=\"sdm_download_description\"><p>Ciudad de M\u00e9xico a 22 de agosto de 2023<\/p>\n<\/div><div class=\"sdm_download_link\"><span class=\"sdm_download_button\"><a href=\"https:\/\/saludnl.gob.mx\/regulacion-sanitaria\/?sdm_process_download=1&download_id=20271\" class=\"sdm_download blue\" title=\"ALTA DIRECTIVA &#8211; ALTA DIRECTIVA SANITARIA PARA ESTABLECIMIENTOS DE ATENCI\u00d3N M\u00c9DICA CON PROCEDIMIENTOS EST\u00c9TICOS, OBST\u00c9TRICOS Y\/O QUIR\u00daRGICOS\" target=\"_blank\">Descargar aqu\u00ed<\/a><\/span><span class=\"sdm_download_item_count\"><span class=\"sdm_item_count_number\">2276<\/span><span class=\"sdm_item_count_string\"> Downloads<\/span><\/span><\/div><\/div><div class=\"sdm_clear_float\"><\/div>\n<div class=\"sdm_download_item \"><div class=\"sdm_download_item_top\"><div class=\"sdm_download_thumbnail\"><\/div><div class=\"sdm_download_title\">ALTA DIRECTIVA &#8211; ESTABLECIMIENTOS DEDICADOS A LA PROCURACI\u00d3N Y TRASPLANTES DE \u00d3RGANOS, TEJIDOS Y C\u00c9LULAS<\/div><\/div><div style=\"clear:both;\"><\/div><div class=\"sdm_download_description\"><p>Ciudad de M\u00e9xico, a 04 de agosto de 2023<\/p>\n<\/div><div class=\"sdm_download_link\"><span class=\"sdm_download_button\"><a href=\"https:\/\/saludnl.gob.mx\/regulacion-sanitaria\/?sdm_process_download=1&download_id=20275\" class=\"sdm_download blue\" title=\"ALTA DIRECTIVA &#8211; ESTABLECIMIENTOS DEDICADOS A LA PROCURACI\u00d3N Y TRASPLANTES DE \u00d3RGANOS, TEJIDOS Y C\u00c9LULAS\" target=\"_blank\">Descargar aqu\u00ed<\/a><\/span><span class=\"sdm_download_item_count\"><span class=\"sdm_item_count_number\">301<\/span><span class=\"sdm_item_count_string\"> Downloads<\/span><\/span><\/div><\/div><div class=\"sdm_clear_float\"><\/div>\n<div class=\"sdm_download_item \"><div class=\"sdm_download_item_top\"><div class=\"sdm_download_thumbnail\"><\/div><div class=\"sdm_download_title\">ALTA DIRECTIVA &#8211; ESTABLECIMIENTOS DEDICADOS A DISTRIBUCI\u00d3N Y COMERCIALIZACI\u00d3N DE INSUMOS PARA SALUD<\/div><\/div><div style=\"clear:both;\"><\/div><div class=\"sdm_download_description\"><p>Ciudad de M\u00e9xico, a 29 de julio de 2022<\/p>\n<\/div><div class=\"sdm_download_link\"><span class=\"sdm_download_button\"><a href=\"https:\/\/saludnl.gob.mx\/regulacion-sanitaria\/?sdm_process_download=1&download_id=20273\" class=\"sdm_download blue\" title=\"ALTA DIRECTIVA &#8211; ESTABLECIMIENTOS DEDICADOS A DISTRIBUCI\u00d3N Y COMERCIALIZACI\u00d3N DE INSUMOS PARA SALUD\" target=\"_blank\">Descargar aqu\u00ed<\/a><\/span><span class=\"sdm_download_item_count\"><span class=\"sdm_item_count_number\">289<\/span><span class=\"sdm_item_count_string\"> Downloads<\/span><\/span><\/div><\/div><div class=\"sdm_clear_float\"><\/div>\n","protected":false},"excerpt":{"rendered":"<p>\u00bfQu\u00e9 es una Alta Directiva Sanitaria? Es una iniciativa de Cofepris, donde destacan los puntos prioritarios que deben cumplir los establecimientos sujetos a control sanitario. En este sentido, estos puntos son enunciativos, m\u00e1s no limitativos, del cumplimiento que debe tener cada una de las materias y los giros de acuerdo a la normatividad aplicable en [&hellip;]<\/p>\n","protected":false},"author":9,"featured_media":0,"parent":0,"menu_order":0,"comment_status":"closed","ping_status":"closed","template":"","meta":{"footnotes":""},"class_list":["post-20269","page","type-page","status-publish","hentry"],"_links":{"self":[{"href":"https:\/\/saludnl.gob.mx\/regulacion-sanitaria\/index.php\/wp-json\/wp\/v2\/pages\/20269","targetHints":{"allow":["GET"]}}],"collection":[{"href":"https:\/\/saludnl.gob.mx\/regulacion-sanitaria\/index.php\/wp-json\/wp\/v2\/pages"}],"about":[{"href":"https:\/\/saludnl.gob.mx\/regulacion-sanitaria\/index.php\/wp-json\/wp\/v2\/types\/page"}],"author":[{"embeddable":true,"href":"https:\/\/saludnl.gob.mx\/regulacion-sanitaria\/index.php\/wp-json\/wp\/v2\/users\/9"}],"replies":[{"embeddable":true,"href":"https:\/\/saludnl.gob.mx\/regulacion-sanitaria\/index.php\/wp-json\/wp\/v2\/comments?post=20269"}],"version-history":[{"count":11,"href":"https:\/\/saludnl.gob.mx\/regulacion-sanitaria\/index.php\/wp-json\/wp\/v2\/pages\/20269\/revisions"}],"predecessor-version":[{"id":26647,"href":"https:\/\/saludnl.gob.mx\/regulacion-sanitaria\/index.php\/wp-json\/wp\/v2\/pages\/20269\/revisions\/26647"}],"wp:attachment":[{"href":"https:\/\/saludnl.gob.mx\/regulacion-sanitaria\/index.php\/wp-json\/wp\/v2\/media?parent=20269"}],"curies":[{"name":"wp","href":"https:\/\/api.w.org\/{rel}","templated":true}]}}