{"id":19718,"date":"2024-04-23T11:58:06","date_gmt":"2024-04-23T16:58:06","guid":{"rendered":"https:\/\/saludnl.gob.mx\/regulacion-sanitaria\/?page_id=19718"},"modified":"2026-02-19T09:27:43","modified_gmt":"2026-02-19T15:27:43","slug":"las-enfermedades-transmitidas-por-alimentos-eta","status":"publish","type":"page","link":"https:\/\/saludnl.gob.mx\/regulacion-sanitaria\/index.php\/las-enfermedades-transmitidas-por-alimentos-eta\/","title":{"rendered":"Las Enfermedades Transmitidas por Alimentos (ETA)"},"content":{"rendered":"<p>La Organizaci\u00f3n Panamericana de la Salud (OPS), define a las Enfermedades Transmitidas por Alimentos (ETA) como infecciosas o t\u00f3xicas, que generalmente se presentan en dos o m\u00e1s personas despu\u00e9s de la ingesti\u00f3n de un mismo alimento.<\/p>\n<p><img loading=\"lazy\" decoding=\"async\" class=\" wp-image-19733 aligncenter\" src=\"https:\/\/saludnl.gob.mx\/regulacion-sanitaria\/wp-content\/uploads\/2024\/04\/enfermedades-intoxicacion-e-infeccion-300x115.png\" alt=\"\" width=\"586\" height=\"225\" srcset=\"https:\/\/saludnl.gob.mx\/regulacion-sanitaria\/wp-content\/uploads\/2024\/04\/enfermedades-intoxicacion-e-infeccion-300x115.png 300w, https:\/\/saludnl.gob.mx\/regulacion-sanitaria\/wp-content\/uploads\/2024\/04\/enfermedades-intoxicacion-e-infeccion.png 500w\" sizes=\"auto, (max-width: 586px) 100vw, 586px\" \/><\/p>\n<p>Las ETA son una causa de morbilidad y mortalidad, de acuerdo con la Organizaci\u00f3n Mundial de la Salud (OMS) cada a\u00f1o enferman en el mundo unos 600 millones de personas (1 de cada 10 habitantes) y que 420,000 mueren en todo el mundo.<\/p>\n<p>De acuerdo con el Sistema Nacional de Vigilancia Epidemiol\u00f3gica, M\u00e9xico registr\u00f3 en 2022 3 millones 457 mil 964 casos de enfermedades infecciones intestinales, con m\u00e1s de 23 mil casos por intoxicaci\u00f3n alimentaria bacteriana.<\/p>\n<p><img loading=\"lazy\" decoding=\"async\" class=\" wp-image-19735 aligncenter\" src=\"https:\/\/saludnl.gob.mx\/regulacion-sanitaria\/wp-content\/uploads\/2024\/04\/multicausalidad-300x205.jpg\" alt=\"\" width=\"489\" height=\"334\" srcset=\"https:\/\/saludnl.gob.mx\/regulacion-sanitaria\/wp-content\/uploads\/2024\/04\/multicausalidad-300x205.jpg 300w, https:\/\/saludnl.gob.mx\/regulacion-sanitaria\/wp-content\/uploads\/2024\/04\/multicausalidad.jpg 506w\" sizes=\"auto, (max-width: 489px) 100vw, 489px\" \/><\/p>\n<p>Los s\u00edntomas causados por una ETA pueden comenzar\u00a0<s>a<\/s>\u00a0unas horas despu\u00e9s de haber ingerido alimentos contaminados. Independientemente de la enfermedad que se presente, las ETA suelen tener en com\u00fan los siguientes s\u00edntomas:<\/p>\n<p><img loading=\"lazy\" decoding=\"async\" class=\" wp-image-19737 aligncenter\" src=\"https:\/\/saludnl.gob.mx\/regulacion-sanitaria\/wp-content\/uploads\/2024\/04\/sintomas-de-etas-300x88.png\" alt=\"\" width=\"546\" height=\"160\" srcset=\"https:\/\/saludnl.gob.mx\/regulacion-sanitaria\/wp-content\/uploads\/2024\/04\/sintomas-de-etas-300x88.png 300w, https:\/\/saludnl.gob.mx\/regulacion-sanitaria\/wp-content\/uploads\/2024\/04\/sintomas-de-etas.png 512w\" sizes=\"auto, (max-width: 546px) 100vw, 546px\" \/><\/p>\n<p>La intensidad y duraci\u00f3n de los s\u00edntomas var\u00eda seg\u00fan la cantidad del alimento consumido y de las bacterias o toxinas que contenga.<\/p>\n<p>Las personas adultas mayores forman parte de los grupos vulnerables ante estas enfermedades transmitidas por alimentos. En estos casos, las precauciones deben extremarse, pues las consecuencias de \u00e9stas pueden ser severas, dejando secuelas o incluso provocar la muerte.<\/p>\n<p>El riesgo de contraer una ETA se debe a que los \u00f3rganos y sistemas corporales sufren cambios a medida que se envejece:<\/p>\n<p><img loading=\"lazy\" decoding=\"async\" class=\" wp-image-19742 aligncenter\" src=\"https:\/\/saludnl.gob.mx\/regulacion-sanitaria\/wp-content\/uploads\/2024\/04\/Vaciamiento-gastrico-300x156.png\" alt=\"\" width=\"439\" height=\"228\" srcset=\"https:\/\/saludnl.gob.mx\/regulacion-sanitaria\/wp-content\/uploads\/2024\/04\/Vaciamiento-gastrico-300x156.png 300w, https:\/\/saludnl.gob.mx\/regulacion-sanitaria\/wp-content\/uploads\/2024\/04\/Vaciamiento-gastrico.png 470w\" sizes=\"auto, (max-width: 439px) 100vw, 439px\" \/><\/p>\n<p><img loading=\"lazy\" decoding=\"async\" class=\" wp-image-19738 aligncenter\" src=\"https:\/\/saludnl.gob.mx\/regulacion-sanitaria\/wp-content\/uploads\/2024\/04\/enfermedades-bacterianas-300x221.jpg\" alt=\"\" width=\"436\" height=\"322\" srcset=\"https:\/\/saludnl.gob.mx\/regulacion-sanitaria\/wp-content\/uploads\/2024\/04\/enfermedades-bacterianas-300x221.jpg 300w, https:\/\/saludnl.gob.mx\/regulacion-sanitaria\/wp-content\/uploads\/2024\/04\/enfermedades-bacterianas.jpg 500w\" sizes=\"auto, (max-width: 436px) 100vw, 436px\" \/><\/p>\n<p><img loading=\"lazy\" decoding=\"async\" class=\" wp-image-19739 aligncenter\" src=\"https:\/\/saludnl.gob.mx\/regulacion-sanitaria\/wp-content\/uploads\/2024\/04\/enfermedades-parasitos-y-virus-300x212.jpg\" alt=\"\" width=\"435\" height=\"308\" srcset=\"https:\/\/saludnl.gob.mx\/regulacion-sanitaria\/wp-content\/uploads\/2024\/04\/enfermedades-parasitos-y-virus-300x212.jpg 300w, https:\/\/saludnl.gob.mx\/regulacion-sanitaria\/wp-content\/uploads\/2024\/04\/enfermedades-parasitos-y-virus.jpg 503w\" sizes=\"auto, (max-width: 435px) 100vw, 435px\" \/><\/p>\n<p><strong>Recomendaciones:<\/strong><\/p>\n<p>1. Mantener la limpieza de manos antes y durante la preparaci\u00f3n de los alimentos, y de utensilios, superficies y equipos utilizados para el mismo fin.<\/p>\n<p>2. Separar los alimentos crudos y cocidos. Utilizar utensilios y recipientes diferentes para evitar que los alimentos se contaminen.<\/p>\n<p>3.\u00a0 Cocinar las carnes de manera saludable. De preferencia, elegir cocciones al horno o a la plancha y prepararlas a temperatura moderada.<\/p>\n<p>4. Mantener los alimentos a temperatura adecuada. No dejar los alimentos cocinados a temperatura ambiente durante m\u00e1s de dos horas y refrigerar los alimentos cocinados o perecederos.<\/p>\n<p>5. Utilizar agua purificada o hervida y aceites saludables (aceite de oliva, de girasol, de canola, entre otros).<\/p>\n<p>Es importante considerar que a partir de los 70\u00ba C todos los aceites comienzan a perder sus nutrientes.<\/p>\n<p><strong>Referencias:<\/strong><\/p>\n<p>Educaci\u00f3n en alimentaci\u00f3n y nutrici\u00f3n para la ense\u00f1anza b\u00e1sica<\/p>\n<p><a href=\"https:\/\/www.fao.org\/3\/am401s\/am401s.pdf\">https:\/\/www.fao.org\/3\/am401s\/am401s.pdf<\/a><\/p>\n<ul>\n<li>Herrera P. &amp; N\u00fa\u00f1ez M. (2023, febrero). Comida callejera: \u00bfvale la pena el riesgo?\u00a0<em>UNAM Global<\/em>. bit.ly\/44tonLb<\/li>\n<\/ul>\n<ul>\n<li><em>Enfermedades transmitidas por alimentos.\u00a0<\/em>OPS.<\/li>\n<\/ul>\n<p><a href=\"https:\/\/www.paho.org\/es\/temas\/enfermedades-transmitidas-por-alimentos\">https:\/\/www.paho.org\/es\/temas\/enfermedades-transmitidas-por-alimentos<\/a><\/p>\n<ul>\n<li><em>Inocuidad de los alimentos.<\/em>\u00a0OPS.<\/li>\n<\/ul>\n<p><a href=\"https:\/\/www.who.int\/es\/news-room\/fact-sheets\/detail\/food-safety\">https:\/\/www.who.int\/es\/news-room\/fact-sheets\/detail\/food-safety<\/a><\/p>\n<ul>\n<li><em>Seguridad Alimentaria: Enfermedades Transmitidas por Alimentos (ETA<\/em><em>). BSG \u00a0\u00a0Institute.<\/em><\/li>\n<\/ul>\n<p><a href=\"https:\/\/repositorioweb.blob.core.windows.net\/paper-bs\/Paper\/enfermedades-transmitidas-por-alimentos-eta.pdf\">https:\/\/repositorioweb.blob.core.windows.net\/paper-bs\/Paper\/enfermedades-transmitidas-por-alimentos-eta.pdf<\/a><\/p>\n<ul>\n<li><a href=\"https:\/\/espanol.foodsafety.gov\/personas-en-riesgo-mgd6\/adultos-mayores\">https:\/\/espanol.foodsafety.gov\/personas-en-riesgo-mgd6\/adultos-mayores<\/a><\/li>\n<\/ul>\n<ul>\n<li>Centro para el Control y la Prevenci\u00f3n de Enfermedades<\/li>\n<\/ul>\n<p><a href=\"https:\/\/www.cdc.gov\/foodsafety\/es\/foodborne-germs-es.html\">https:\/\/www.cdc.gov\/foodsafety\/es\/foodborne-germs-es.html<\/a><\/p>\n<ul>\n<li>tucanaldesalud.es\/es\/voz-especialista\/5-claves-evitar-enfermedades-causadas-alimentos<\/li>\n<\/ul>\n","protected":false},"excerpt":{"rendered":"<p>La Organizaci\u00f3n Panamericana de la Salud (OPS), define a las Enfermedades Transmitidas por Alimentos (ETA) como infecciosas o t\u00f3xicas, que generalmente se presentan en dos o m\u00e1s personas despu\u00e9s de la ingesti\u00f3n de un mismo alimento. Las ETA son una causa de morbilidad y mortalidad, de acuerdo con la Organizaci\u00f3n Mundial de la Salud (OMS) [&hellip;]<\/p>\n","protected":false},"author":9,"featured_media":0,"parent":0,"menu_order":0,"comment_status":"closed","ping_status":"closed","template":"","meta":{"footnotes":""},"class_list":["post-19718","page","type-page","status-publish","hentry"],"_links":{"self":[{"href":"https:\/\/saludnl.gob.mx\/regulacion-sanitaria\/index.php\/wp-json\/wp\/v2\/pages\/19718","targetHints":{"allow":["GET"]}}],"collection":[{"href":"https:\/\/saludnl.gob.mx\/regulacion-sanitaria\/index.php\/wp-json\/wp\/v2\/pages"}],"about":[{"href":"https:\/\/saludnl.gob.mx\/regulacion-sanitaria\/index.php\/wp-json\/wp\/v2\/types\/page"}],"author":[{"embeddable":true,"href":"https:\/\/saludnl.gob.mx\/regulacion-sanitaria\/index.php\/wp-json\/wp\/v2\/users\/9"}],"replies":[{"embeddable":true,"href":"https:\/\/saludnl.gob.mx\/regulacion-sanitaria\/index.php\/wp-json\/wp\/v2\/comments?post=19718"}],"version-history":[{"count":15,"href":"https:\/\/saludnl.gob.mx\/regulacion-sanitaria\/index.php\/wp-json\/wp\/v2\/pages\/19718\/revisions"}],"predecessor-version":[{"id":31007,"href":"https:\/\/saludnl.gob.mx\/regulacion-sanitaria\/index.php\/wp-json\/wp\/v2\/pages\/19718\/revisions\/31007"}],"wp:attachment":[{"href":"https:\/\/saludnl.gob.mx\/regulacion-sanitaria\/index.php\/wp-json\/wp\/v2\/media?parent=19718"}],"curies":[{"name":"wp","href":"https:\/\/api.w.org\/{rel}","templated":true}]}}