{"id":195,"date":"2017-10-30T16:31:34","date_gmt":"2017-10-30T22:31:34","guid":{"rendered":"http:\/\/localhost\/regulacion-sanitaria\/?page_id=195"},"modified":"2025-07-14T11:29:26","modified_gmt":"2025-07-14T17:29:26","slug":"denuncias","status":"publish","type":"page","link":"https:\/\/saludnl.gob.mx\/regulacion-sanitaria\/index.php\/denuncias\/","title":{"rendered":"Denuncia Sanitaria"},"content":{"rendered":"<div id=\"pl-195\"  class=\"panel-layout\" ><div id=\"pg-195-0\"  class=\"panel-grid panel-no-style\" ><div id=\"pgc-195-0-0\"  class=\"panel-grid-cell\" ><div id=\"panel-195-0-0-0\" class=\"so-panel widget widget_media_image panel-first-child\" data-index=\"0\" ><img loading=\"lazy\" decoding=\"async\" width=\"1366\" height=\"500\" src=\"https:\/\/saludnl.gob.mx\/regulacion-sanitaria\/wp-content\/uploads\/2025\/03\/1_Banner-DS-1.png\" class=\"image wp-image-27866  attachment-full size-full\" alt=\"\" style=\"max-width: 100%; height: auto;\" srcset=\"https:\/\/saludnl.gob.mx\/regulacion-sanitaria\/wp-content\/uploads\/2025\/03\/1_Banner-DS-1.png 1366w, https:\/\/saludnl.gob.mx\/regulacion-sanitaria\/wp-content\/uploads\/2025\/03\/1_Banner-DS-1-300x110.png 300w, https:\/\/saludnl.gob.mx\/regulacion-sanitaria\/wp-content\/uploads\/2025\/03\/1_Banner-DS-1-1024x375.png 1024w, https:\/\/saludnl.gob.mx\/regulacion-sanitaria\/wp-content\/uploads\/2025\/03\/1_Banner-DS-1-768x281.png 768w\" sizes=\"auto, (max-width: 1366px) 100vw, 1366px\" \/><\/div><div id=\"panel-195-0-0-1\" class=\"so-panel widget widget_sow-editor\" data-index=\"1\" ><div\n\t\t\t\n\t\t\tclass=\"so-widget-sow-editor so-widget-sow-editor-base\"\n\t\t\t\n\t\t>\n<div class=\"siteorigin-widget-tinymce textwidget\">\n\t<hr \/>\n<h4 style=\"text-align: center;\"><\/h4>\n<h5><span style=\"color: #000000;\"><strong>Acci\u00f3n por la cual la autoridad sanitaria tiene conocimiento sobre actos de omisi\u00f3n en materia sanitaria que a percepci\u00f3n del denunciante sea un riesgo o provoque un da\u00f1o a la salud.<\/strong><\/span><\/h5>\n<hr \/>\n<h1 style=\"text-align: center;\"><\/h1>\n<\/div>\n<\/div><\/div><div id=\"panel-195-0-0-2\" class=\"so-panel widget widget_media_image\" data-index=\"2\" ><img loading=\"lazy\" decoding=\"async\" width=\"1366\" height=\"250\" src=\"https:\/\/saludnl.gob.mx\/regulacion-sanitaria\/wp-content\/uploads\/2025\/03\/2_Realiza.png\" class=\"image wp-image-27870  attachment-full size-full\" alt=\"\" style=\"max-width: 100%; height: auto;\" srcset=\"https:\/\/saludnl.gob.mx\/regulacion-sanitaria\/wp-content\/uploads\/2025\/03\/2_Realiza.png 1366w, https:\/\/saludnl.gob.mx\/regulacion-sanitaria\/wp-content\/uploads\/2025\/03\/2_Realiza-300x55.png 300w, https:\/\/saludnl.gob.mx\/regulacion-sanitaria\/wp-content\/uploads\/2025\/03\/2_Realiza-1024x187.png 1024w, https:\/\/saludnl.gob.mx\/regulacion-sanitaria\/wp-content\/uploads\/2025\/03\/2_Realiza-768x141.png 768w\" sizes=\"auto, (max-width: 1366px) 100vw, 1366px\" \/><\/div><div id=\"panel-195-0-0-3\" class=\"so-panel widget widget_block\" data-index=\"3\" ><\/div><div id=\"panel-195-0-0-4\" class=\"so-panel widget widget_media_image panel-last-child\" data-index=\"4\" ><a href=\"https:\/\/saludnl.gob.mx\/regulacion-sanitaria\/?sdm_process_download=1&#038;download_id=27903\"><img loading=\"lazy\" decoding=\"async\" width=\"1366\" height=\"250\" src=\"https:\/\/saludnl.gob.mx\/regulacion-sanitaria\/wp-content\/uploads\/2025\/03\/3_Aviso-de-privacidad.png\" class=\"image wp-image-27875  attachment-full size-full\" alt=\"\" style=\"max-width: 100%; height: auto;\" srcset=\"https:\/\/saludnl.gob.mx\/regulacion-sanitaria\/wp-content\/uploads\/2025\/03\/3_Aviso-de-privacidad.png 1366w, https:\/\/saludnl.gob.mx\/regulacion-sanitaria\/wp-content\/uploads\/2025\/03\/3_Aviso-de-privacidad-300x55.png 300w, https:\/\/saludnl.gob.mx\/regulacion-sanitaria\/wp-content\/uploads\/2025\/03\/3_Aviso-de-privacidad-1024x187.png 1024w, https:\/\/saludnl.gob.mx\/regulacion-sanitaria\/wp-content\/uploads\/2025\/03\/3_Aviso-de-privacidad-768x141.png 768w\" sizes=\"auto, (max-width: 1366px) 100vw, 1366px\" \/><\/a><\/div><\/div><\/div><div id=\"pg-195-1\"  class=\"panel-grid panel-no-style\" ><div id=\"pgc-195-1-0\"  class=\"panel-grid-cell\" ><div id=\"panel-195-1-0-0\" class=\"so-panel widget widget_sow-editor panel-first-child panel-last-child\" data-index=\"5\" ><div\n\t\t\t\n\t\t\tclass=\"so-widget-sow-editor so-widget-sow-editor-base\"\n\t\t\t\n\t\t>\n<div class=\"siteorigin-widget-tinymce textwidget\">\n\t<p style=\"text-align: left;\">La Secretar\u00eda de Salud de Nuevo Le\u00f3n, es la responsable del tratamiento de los datos personales que proporcione, los cuales seran protegidos conforme a lo dispuesto en la Ley General de Protecci\u00f3n de Datos Personales en Posesi\u00f3n de Sujetos Obligados, y dem\u00e1s normatividad que resulte aplicable.<\/p>\n<p style=\"text-align: left;\">Los datos proporcionados a trav\u00e9s de la p\u00e1gina ser\u00e1n protegidos y tratados \u00fanicamente con la finalidad de dar seguimiento, resolver y tramitar los hechos que se relacionen y correspondan a una queja o denuncia por incumplimiento o falta a la normatividad que resulte aplicable.<\/p>\n<p style=\"text-align: left;\">Se le informa que puede ejercer sus derechos de acceso, rectificaci\u00f3n, cancelaci\u00f3n u oposici\u00f3n (ARCO) de sus datos personales, mediante la presentaci\u00f3n de solicitud respectiva a trav\u00e9s del v\u00ednculo electr\u00f3nico en <span style=\"color: #3366ff;\"><a style=\"color: #3366ff;\" href=\"https:\/\/infonl.mx\/\">https:\/\/infonl.mx\/<\/a><\/span> o ante la Unidad de Transparencia de la Direcci\u00f3n de Contralor\u00eda Interna, el piso 8\u00b0 de la Torre Administrativa ubicada en Washington No. 2000 Ote. Colonia Obrera Monterrey, Nuevo Le\u00f3n.<\/p>\n<p style=\"text-align: right;\">\u00daltima actualizaci\u00f3n 15-01-2025<\/p>\n<\/div>\n<\/div><\/div><\/div><div id=\"pgc-195-1-1\"  class=\"panel-grid-cell\" ><div id=\"panel-195-1-1-0\" class=\"so-panel widget widget_sow-image panel-first-child panel-last-child\" data-index=\"6\" ><div\n\t\t\t\n\t\t\tclass=\"so-widget-sow-image so-widget-sow-image-default-113ccd71f3e6-195\"\n\t\t\t\n\t\t>\n<div class=\"sow-image-container\">\n\t\t<img \n\tsrc=\"https:\/\/saludnl.gob.mx\/regulacion-sanitaria\/wp-content\/uploads\/2025\/03\/Denuncia.png\" width=\"300\" height=\"400\" srcset=\"https:\/\/saludnl.gob.mx\/regulacion-sanitaria\/wp-content\/uploads\/2025\/03\/Denuncia.png 450w, https:\/\/saludnl.gob.mx\/regulacion-sanitaria\/wp-content\/uploads\/2025\/03\/Denuncia-193x300.png 193w\" sizes=\"(max-width: 257px) 100vw, 257px\" alt=\"\" \t\tclass=\"so-widget-image\"\/>\n\t<\/div>\n\n<\/div><\/div><\/div><\/div><div id=\"pg-195-2\"  class=\"panel-grid panel-no-style\" ><div id=\"pgc-195-2-0\"  class=\"panel-grid-cell\" ><div id=\"panel-195-2-0-0\" class=\"so-panel widget widget_sow-editor panel-first-child panel-last-child\" data-index=\"7\" ><div\n\t\t\t\n\t\t\tclass=\"so-widget-sow-editor so-widget-sow-editor-base\"\n\t\t\t\n\t\t><h3 class=\"widget-title\">Denuncia Sanitaria<\/h3>\n<div class=\"siteorigin-widget-tinymce textwidget\">\n\t<p><iframe loading=\"lazy\" src=\"https:\/\/docs.google.com\/forms\/d\/e\/1FAIpQLScX9nfYCh29fBsiG9yLzA-A6sh8irNBYeEOp9dICkeJCC5GNg\/viewform?embedded=true\" width=\"800\" height=\"3284\" frameborder=\"0\" marginwidth=\"0\" marginheight=\"0\">Cargando\u2026<\/iframe><\/p>\n<\/div>\n<\/div><\/div><\/div><\/div><\/div>","protected":false},"excerpt":{"rendered":"<p>Acci\u00f3n por la cual la autoridad sanitaria tiene conocimiento sobre actos de omisi\u00f3n en materia sanitaria que a percepci\u00f3n del denunciante sea un riesgo o provoque un da\u00f1o a la salud. La Secretar\u00eda de Salud de Nuevo Le\u00f3n, es la responsable del tratamiento de los datos personales que proporcione, los cuales seran protegidos conforme a [&hellip;]<\/p>\n","protected":false},"author":5,"featured_media":0,"parent":0,"menu_order":0,"comment_status":"closed","ping_status":"closed","template":"","meta":{"footnotes":""},"class_list":["post-195","page","type-page","status-publish","hentry"],"_links":{"self":[{"href":"https:\/\/saludnl.gob.mx\/regulacion-sanitaria\/index.php\/wp-json\/wp\/v2\/pages\/195","targetHints":{"allow":["GET"]}}],"collection":[{"href":"https:\/\/saludnl.gob.mx\/regulacion-sanitaria\/index.php\/wp-json\/wp\/v2\/pages"}],"about":[{"href":"https:\/\/saludnl.gob.mx\/regulacion-sanitaria\/index.php\/wp-json\/wp\/v2\/types\/page"}],"author":[{"embeddable":true,"href":"https:\/\/saludnl.gob.mx\/regulacion-sanitaria\/index.php\/wp-json\/wp\/v2\/users\/5"}],"replies":[{"embeddable":true,"href":"https:\/\/saludnl.gob.mx\/regulacion-sanitaria\/index.php\/wp-json\/wp\/v2\/comments?post=195"}],"version-history":[{"count":106,"href":"https:\/\/saludnl.gob.mx\/regulacion-sanitaria\/index.php\/wp-json\/wp\/v2\/pages\/195\/revisions"}],"predecessor-version":[{"id":29064,"href":"https:\/\/saludnl.gob.mx\/regulacion-sanitaria\/index.php\/wp-json\/wp\/v2\/pages\/195\/revisions\/29064"}],"wp:attachment":[{"href":"https:\/\/saludnl.gob.mx\/regulacion-sanitaria\/index.php\/wp-json\/wp\/v2\/media?parent=195"}],"curies":[{"name":"wp","href":"https:\/\/api.w.org\/{rel}","templated":true}]}}