{"id":18740,"date":"2024-01-24T10:52:41","date_gmt":"2024-01-24T16:52:41","guid":{"rendered":"https:\/\/saludnl.gob.mx\/regulacion-sanitaria\/?page_id=18740"},"modified":"2024-01-24T11:32:40","modified_gmt":"2024-01-24T17:32:40","slug":"curso-servicios-de-control-y-exterminacion-de-plagas","status":"publish","type":"page","link":"https:\/\/saludnl.gob.mx\/regulacion-sanitaria\/index.php\/curso-servicios-de-control-y-exterminacion-de-plagas\/","title":{"rendered":"Curso Servicios de Control y Exterminaci\u00f3n de Plagas"},"content":{"rendered":"<div class=\"wp-block-image\">\n<figure class=\"aligncenter size-large is-resized\"><img loading=\"lazy\" decoding=\"async\" width=\"1024\" height=\"683\" src=\"https:\/\/saludnl.gob.mx\/regulacion-sanitaria\/wp-content\/uploads\/2024\/01\/persona-irreconocible-traje-blanco-proteccion-quimica-que-realiza-desinfeccion-areas-publicas-detener-propagacion-virus-corona-altamente-contagioso-1024x683.jpg\" alt=\"\" class=\"wp-image-18744\" style=\"width:789px;height:auto\" srcset=\"https:\/\/saludnl.gob.mx\/regulacion-sanitaria\/wp-content\/uploads\/2024\/01\/persona-irreconocible-traje-blanco-proteccion-quimica-que-realiza-desinfeccion-areas-publicas-detener-propagacion-virus-corona-altamente-contagioso-1024x683.jpg 1024w, https:\/\/saludnl.gob.mx\/regulacion-sanitaria\/wp-content\/uploads\/2024\/01\/persona-irreconocible-traje-blanco-proteccion-quimica-que-realiza-desinfeccion-areas-publicas-detener-propagacion-virus-corona-altamente-contagioso-300x200.jpg 300w, https:\/\/saludnl.gob.mx\/regulacion-sanitaria\/wp-content\/uploads\/2024\/01\/persona-irreconocible-traje-blanco-proteccion-quimica-que-realiza-desinfeccion-areas-publicas-detener-propagacion-virus-corona-altamente-contagioso-768x512.jpg 768w, https:\/\/saludnl.gob.mx\/regulacion-sanitaria\/wp-content\/uploads\/2024\/01\/persona-irreconocible-traje-blanco-proteccion-quimica-que-realiza-desinfeccion-areas-publicas-detener-propagacion-virus-corona-altamente-contagioso-1536x1024.jpg 1536w, https:\/\/saludnl.gob.mx\/regulacion-sanitaria\/wp-content\/uploads\/2024\/01\/persona-irreconocible-traje-blanco-proteccion-quimica-que-realiza-desinfeccion-areas-publicas-detener-propagacion-virus-corona-altamente-contagioso-2048x1365.jpg 2048w, https:\/\/saludnl.gob.mx\/regulacion-sanitaria\/wp-content\/uploads\/2024\/01\/persona-irreconocible-traje-blanco-proteccion-quimica-que-realiza-desinfeccion-areas-publicas-detener-propagacion-virus-corona-altamente-contagioso-272x182.jpg 272w\" sizes=\"auto, (max-width: 1024px) 100vw, 1024px\" \/><\/figure>\n<\/div>\n\n\n<p><\/p>\n\n\n\n<div class=\"wp-block-group is-content-justification-space-between is-nowrap is-layout-flex wp-container-core-group-is-layout-0dfbf163 wp-block-group-is-layout-flex\">\n<figure class=\"wp-block-image size-full is-resized\"><img loading=\"lazy\" decoding=\"async\" width=\"512\" height=\"512\" src=\"https:\/\/saludnl.gob.mx\/regulacion-sanitaria\/wp-content\/uploads\/2024\/01\/topologia-5.png\" alt=\"\" class=\"wp-image-18348\" style=\"width:62px;height:auto\" srcset=\"https:\/\/saludnl.gob.mx\/regulacion-sanitaria\/wp-content\/uploads\/2024\/01\/topologia-5.png 512w, https:\/\/saludnl.gob.mx\/regulacion-sanitaria\/wp-content\/uploads\/2024\/01\/topologia-5-300x300.png 300w, https:\/\/saludnl.gob.mx\/regulacion-sanitaria\/wp-content\/uploads\/2024\/01\/topologia-5-150x150.png 150w\" sizes=\"auto, (max-width: 512px) 100vw, 512px\" \/><figcaption class=\"wp-element-caption\">\u00c1rea: Salud Ambiental y Ocupacional<\/figcaption><\/figure>\n\n\n\n<figure class=\"wp-block-image size-full is-resized\"><img loading=\"lazy\" decoding=\"async\" width=\"512\" height=\"512\" src=\"https:\/\/saludnl.gob.mx\/regulacion-sanitaria\/wp-content\/uploads\/2024\/01\/clock_9627872-2.png\" alt=\"\" class=\"wp-image-18349\" style=\"width:62px;height:auto\" srcset=\"https:\/\/saludnl.gob.mx\/regulacion-sanitaria\/wp-content\/uploads\/2024\/01\/clock_9627872-2.png 512w, https:\/\/saludnl.gob.mx\/regulacion-sanitaria\/wp-content\/uploads\/2024\/01\/clock_9627872-2-300x300.png 300w, https:\/\/saludnl.gob.mx\/regulacion-sanitaria\/wp-content\/uploads\/2024\/01\/clock_9627872-2-150x150.png 150w\" sizes=\"auto, (max-width: 512px) 100vw, 512px\" \/><figcaption class=\"wp-element-caption\">Duraci\u00f3n: 2 hrs<\/figcaption><\/figure>\n\n\n\n<figure class=\"wp-block-image size-full is-resized\"><img loading=\"lazy\" decoding=\"async\" width=\"512\" height=\"512\" src=\"https:\/\/saludnl.gob.mx\/regulacion-sanitaria\/wp-content\/uploads\/2024\/01\/search_7929485-3.png\" alt=\"\" class=\"wp-image-18351\" style=\"width:60px;height:auto\" srcset=\"https:\/\/saludnl.gob.mx\/regulacion-sanitaria\/wp-content\/uploads\/2024\/01\/search_7929485-3.png 512w, https:\/\/saludnl.gob.mx\/regulacion-sanitaria\/wp-content\/uploads\/2024\/01\/search_7929485-3-300x300.png 300w, https:\/\/saludnl.gob.mx\/regulacion-sanitaria\/wp-content\/uploads\/2024\/01\/search_7929485-3-150x150.png 150w\" sizes=\"auto, (max-width: 512px) 100vw, 512px\" \/><figcaption class=\"wp-element-caption\">Modalidad: Online en vivo o Presencial<\/figcaption><\/figure>\n<\/div>\n\n\n<h3><span style=\"color: #b4894b;\">Objetivo del curso<\/span><\/h3>\n<ul>\n<li><span style=\"font-weight: 400;\">Presentar los requisitos para la instalaci\u00f3n y operaci\u00f3n de un establecimiento de servicio de control y exterminaci\u00f3n de plagas dentro del marco regulatorio sanitario en M\u00e9xico.<\/span><\/li>\n<\/ul>\n<h3><span style=\"color: #b4894b;\">Dirigido a<\/span><\/h3>\n<ul>\n<li>Sector productivo<\/li>\n<li>Personas interesadas<\/li>\n<\/ul>\n<h3><span style=\"color: #b4894b;\">Temario<\/span><\/h3>\n<ul>\n<li><strong>M\u00f3dulo 1: <span style=\"font-weight: 400;\">\u00a0<strong>Requisitos Sanitarios de los establecimientos y veh\u00edculos dedicados al control y exterminaci\u00f3n de plagas urbanas<\/strong><\/span><\/strong>\n<ul>\n<li><span style=\"font-weight: 400;\">Caracter\u00edsticas de la construcci\u00f3n<\/span><\/li>\n<li><span style=\"font-weight: 400;\">Caracter\u00edsticas de los plaguicidas y sustancias<\/span><\/li>\n<li><span style=\"font-weight: 400;\">Caracter\u00edsticas del equipo<\/span><\/li>\n<li><span style=\"font-weight: 400;\">Caracter\u00edsticas del transporte<\/span><\/li>\n<li><span style=\"font-weight: 400;\">Buenas Pr\u00e1cticas en la Aplicaci\u00f3n de Plaguicidas<\/span><\/li>\n<\/ul>\n<\/li>\n<li><strong>\u00a0M\u00f3dulo 2: Licencia Sanitaria del establecimiento de control y exterminaci\u00f3n de plagas urbanas<\/strong>\n<ul>\n<li><span style=\"font-weight: 400;\">\u00a0Autorizaci\u00f3n Sanitaria<\/span><\/li>\n<li><span style=\"font-weight: 400;\">Tr\u00e1mite Sanitario<\/span><\/li>\n<li><span style=\"font-weight: 400;\">Responsable Sanitario<\/span><\/li>\n<li><span style=\"font-weight: 400;\">Solicitud de Licencia Sanitaria\u00a0<\/span><\/li>\n<li>Visita de verificaci\u00f3n<\/li>\n<\/ul>\n<\/li>\n<li><strong>M\u00f3dulo 3: Requisitos Sanitarios en los establecimientos de servicio para sanear o desinfectar, &#8220;sanitizar&#8221;<\/strong>\n<ul>\n<li><span style=\"font-weight: 400;\">Pandemia COVID-19 <\/span><\/li>\n<li><span style=\"font-weight: 400;\">Desinfecci\u00f3n<\/span><\/li>\n<li><span style=\"font-weight: 400;\">Requisitos Sanitarios<\/span><\/li>\n<\/ul>\n<\/li>\n<\/ul>\n<h3><span style=\"color: #b4894b;\">Informaci\u00f3n general<\/span><\/h3>\n<ul>\n<li>El m\u00ednimo de participantes para que se imparta la capacitaci\u00f3n deber\u00e1 ser de 15 personas. Si llegado el momento de la impartici\u00f3n, el grupo es menor a esa cantidad de participantes, el evento ser\u00e1 cancelado por parte de la Autoridad.<\/li>\n<li>En caso de que la parte interesada llegase a cancelar el evento presencial sin previo aviso, se penalizar\u00e1 con la reprogramaci\u00f3n del mismo realiz\u00e1ndose en modalidad virtual.<\/li>\n<li>La recepci\u00f3n de las solicitudes de actividades de capacitaci\u00f3n podr\u00e1 ser realizada en <strong>electr\u00f3nico<\/strong> o <strong>f\u00edsico<\/strong> a trav\u00e9s de un <strong>escrito libre<\/strong>.\u00a0<\/li>\n<li>En caso de presentarla por medio electr\u00f3nico se enviar\u00e1 al correo: <span style=\"color: #00ccff;\">contacto.regulaci\u00f3nsanitaria@saludnl.gob.mx\u00a0<\/span><\/li>\n<li>La solicitud presentada se responder\u00e1 en un m\u00e1ximo de 48 horas en relaci\u00f3n a la viabilidad del evento solicitado.<\/li>\n<\/ul>\n\n<div class=\"sdm_download_button_box_default\"><div class=\"sdm_download_link\"><a href=\"https:\/\/saludnl.gob.mx\/regulacion-sanitaria\/?sdm_process_download=1&download_id=18208\" class=\"sdm_download blue\" title=\"\" >Descargar Solicitud<\/a><\/div><\/div>\n\n\n<div class=\"sdm_download_button_box_default\"><div class=\"sdm_download_link\"><a href=\"https:\/\/saludnl.gob.mx\/regulacion-sanitaria\/?sdm_process_download=1&download_id=18268\" class=\"sdm_download blue\" title=\"\" >Gu\u00eda para escrito libre<\/a><\/div><\/div>\n","protected":false},"excerpt":{"rendered":"<p>Objetivo del curso Presentar los requisitos para la instalaci\u00f3n y operaci\u00f3n de un establecimiento de servicio de control y exterminaci\u00f3n de plagas dentro del marco regulatorio sanitario en M\u00e9xico. Dirigido a Sector productivo Personas interesadas Temario M\u00f3dulo 1: \u00a0Requisitos Sanitarios de los establecimientos y veh\u00edculos dedicados al control y exterminaci\u00f3n de plagas urbanas Caracter\u00edsticas de [&hellip;]<\/p>\n","protected":false},"author":5,"featured_media":0,"parent":0,"menu_order":0,"comment_status":"closed","ping_status":"closed","template":"","meta":{"footnotes":""},"class_list":["post-18740","page","type-page","status-publish","hentry"],"_links":{"self":[{"href":"https:\/\/saludnl.gob.mx\/regulacion-sanitaria\/index.php\/wp-json\/wp\/v2\/pages\/18740","targetHints":{"allow":["GET"]}}],"collection":[{"href":"https:\/\/saludnl.gob.mx\/regulacion-sanitaria\/index.php\/wp-json\/wp\/v2\/pages"}],"about":[{"href":"https:\/\/saludnl.gob.mx\/regulacion-sanitaria\/index.php\/wp-json\/wp\/v2\/types\/page"}],"author":[{"embeddable":true,"href":"https:\/\/saludnl.gob.mx\/regulacion-sanitaria\/index.php\/wp-json\/wp\/v2\/users\/5"}],"replies":[{"embeddable":true,"href":"https:\/\/saludnl.gob.mx\/regulacion-sanitaria\/index.php\/wp-json\/wp\/v2\/comments?post=18740"}],"version-history":[{"count":3,"href":"https:\/\/saludnl.gob.mx\/regulacion-sanitaria\/index.php\/wp-json\/wp\/v2\/pages\/18740\/revisions"}],"predecessor-version":[{"id":18747,"href":"https:\/\/saludnl.gob.mx\/regulacion-sanitaria\/index.php\/wp-json\/wp\/v2\/pages\/18740\/revisions\/18747"}],"wp:attachment":[{"href":"https:\/\/saludnl.gob.mx\/regulacion-sanitaria\/index.php\/wp-json\/wp\/v2\/media?parent=18740"}],"curies":[{"name":"wp","href":"https:\/\/api.w.org\/{rel}","templated":true}]}}