{"id":18683,"date":"2024-01-23T10:39:56","date_gmt":"2024-01-23T16:39:56","guid":{"rendered":"https:\/\/saludnl.gob.mx\/regulacion-sanitaria\/?page_id=18683"},"modified":"2024-01-23T11:57:48","modified_gmt":"2024-01-23T17:57:48","slug":"curso-requisitos-sanitarios-de-consultorios-de-nutricion","status":"publish","type":"page","link":"https:\/\/saludnl.gob.mx\/regulacion-sanitaria\/index.php\/curso-requisitos-sanitarios-de-consultorios-de-nutricion\/","title":{"rendered":"Curso Requisitos Sanitarios de Consultorios de Nutrici\u00f3n"},"content":{"rendered":"<div class=\"wp-block-image\">\n<figure class=\"aligncenter size-large is-resized\"><img loading=\"lazy\" decoding=\"async\" width=\"1024\" height=\"683\" src=\"https:\/\/saludnl.gob.mx\/regulacion-sanitaria\/wp-content\/uploads\/2024\/01\/concepto-dieta-cientifica-comida-sana-1024x683.jpg\" alt=\"\" class=\"wp-image-18686\" style=\"width:778px;height:auto\" srcset=\"https:\/\/saludnl.gob.mx\/regulacion-sanitaria\/wp-content\/uploads\/2024\/01\/concepto-dieta-cientifica-comida-sana-1024x683.jpg 1024w, https:\/\/saludnl.gob.mx\/regulacion-sanitaria\/wp-content\/uploads\/2024\/01\/concepto-dieta-cientifica-comida-sana-300x200.jpg 300w, https:\/\/saludnl.gob.mx\/regulacion-sanitaria\/wp-content\/uploads\/2024\/01\/concepto-dieta-cientifica-comida-sana-768x512.jpg 768w, https:\/\/saludnl.gob.mx\/regulacion-sanitaria\/wp-content\/uploads\/2024\/01\/concepto-dieta-cientifica-comida-sana-1536x1024.jpg 1536w, https:\/\/saludnl.gob.mx\/regulacion-sanitaria\/wp-content\/uploads\/2024\/01\/concepto-dieta-cientifica-comida-sana-2048x1365.jpg 2048w, https:\/\/saludnl.gob.mx\/regulacion-sanitaria\/wp-content\/uploads\/2024\/01\/concepto-dieta-cientifica-comida-sana-272x182.jpg 272w\" sizes=\"auto, (max-width: 1024px) 100vw, 1024px\" \/><\/figure>\n<\/div>\n\n\n<p><\/p>\n\n\n\n<div class=\"wp-block-group is-content-justification-space-between is-nowrap is-layout-flex wp-container-core-group-is-layout-0dfbf163 wp-block-group-is-layout-flex\">\n<figure class=\"wp-block-image size-full is-resized\"><img loading=\"lazy\" decoding=\"async\" width=\"512\" height=\"512\" src=\"https:\/\/saludnl.gob.mx\/regulacion-sanitaria\/wp-content\/uploads\/2024\/01\/topologia-5.png\" alt=\"\" class=\"wp-image-18348\" style=\"width:62px;height:auto\" srcset=\"https:\/\/saludnl.gob.mx\/regulacion-sanitaria\/wp-content\/uploads\/2024\/01\/topologia-5.png 512w, https:\/\/saludnl.gob.mx\/regulacion-sanitaria\/wp-content\/uploads\/2024\/01\/topologia-5-300x300.png 300w, https:\/\/saludnl.gob.mx\/regulacion-sanitaria\/wp-content\/uploads\/2024\/01\/topologia-5-150x150.png 150w\" sizes=\"auto, (max-width: 512px) 100vw, 512px\" \/><figcaption class=\"wp-element-caption\">\u00c1rea: Servicios de Salud<\/figcaption><\/figure>\n\n\n\n<figure class=\"wp-block-image size-full is-resized\"><img loading=\"lazy\" decoding=\"async\" width=\"512\" height=\"512\" src=\"https:\/\/saludnl.gob.mx\/regulacion-sanitaria\/wp-content\/uploads\/2024\/01\/clock_9627872-2.png\" alt=\"\" class=\"wp-image-18349\" style=\"width:62px;height:auto\" srcset=\"https:\/\/saludnl.gob.mx\/regulacion-sanitaria\/wp-content\/uploads\/2024\/01\/clock_9627872-2.png 512w, https:\/\/saludnl.gob.mx\/regulacion-sanitaria\/wp-content\/uploads\/2024\/01\/clock_9627872-2-300x300.png 300w, https:\/\/saludnl.gob.mx\/regulacion-sanitaria\/wp-content\/uploads\/2024\/01\/clock_9627872-2-150x150.png 150w\" sizes=\"auto, (max-width: 512px) 100vw, 512px\" \/><figcaption class=\"wp-element-caption\">Duraci\u00f3n: 1 hora<\/figcaption><\/figure>\n\n\n\n<figure class=\"wp-block-image size-full is-resized\"><img loading=\"lazy\" decoding=\"async\" width=\"512\" height=\"512\" src=\"https:\/\/saludnl.gob.mx\/regulacion-sanitaria\/wp-content\/uploads\/2024\/01\/search_7929485-3.png\" alt=\"\" class=\"wp-image-18351\" style=\"width:60px;height:auto\" srcset=\"https:\/\/saludnl.gob.mx\/regulacion-sanitaria\/wp-content\/uploads\/2024\/01\/search_7929485-3.png 512w, https:\/\/saludnl.gob.mx\/regulacion-sanitaria\/wp-content\/uploads\/2024\/01\/search_7929485-3-300x300.png 300w, https:\/\/saludnl.gob.mx\/regulacion-sanitaria\/wp-content\/uploads\/2024\/01\/search_7929485-3-150x150.png 150w\" sizes=\"auto, (max-width: 512px) 100vw, 512px\" \/><figcaption class=\"wp-element-caption\">Modalidad: Online en vivo o Presencial<\/figcaption><\/figure>\n<\/div>\n\n\n<h3><span style=\"color: #b4894b;\">Objetivo del curso<\/span><\/h3>\n<ul>\n<li><span style=\"font-weight: 400;\">Informar acerca de los requisitos m\u00ednimos de infraestructura y equipamiento con los que se deben de cumplir los establecimientos <\/span><span style=\"font-weight: 400;\">que<\/span><span style=\"font-weight: 400;\"> proporcionen servicios de atenci\u00f3n m\u00e9dica a pacientes ambulatorios.<\/span><\/li>\n<\/ul>\n<h3><span style=\"color: #b4894b;\">Dirigido a<\/span><\/h3>\n<ul>\n<li>Nutri\u00f3logos\u00a0<\/li>\n<\/ul>\n<h3><span style=\"color: #b4894b;\">Temario<\/span><\/h3>\n<ul>\n<li><strong>M\u00f3dulo 1: Protocolo de la Vigilancia Sanitaria y Tr\u00e1mites administrativos<\/strong><br \/>\n<ul>\n<li><span style=\"font-weight: 400;\">Caracter\u00edsticas de la orden de verificaci\u00f3n<\/span><\/li>\n<li><span style=\"font-weight: 400;\">Aviso de funcionamiento y r<\/span><span style=\"font-weight: 400;\">equisitos documentales<\/span><\/li>\n<\/ul>\n<\/li>\n<li><strong>M\u00f3dulo 2: Disposiciones generales<\/strong>\n<ul>\n<li><span style=\"font-weight: 400;\">Datos de identificaci\u00f3n y autorizaci\u00f3n del establecimiento<\/span><\/li>\n<li><span style=\"font-weight: 400;\">Documentaci\u00f3n del personal de la salud y archivo cl\u00ednico<\/span><\/li>\n<li>Control y mantenimiento<\/li>\n<\/ul>\n<\/li>\n<li><strong>M\u00f3dulo 3: Requisitos Sanitarios para la funcionalidad del consultorio en Nutrici\u00f3n y Orientaci\u00f3n Alimentaria<\/strong>\n<ul>\n<li>Requisitos sanitarios<\/li>\n<li>Conceptos b\u00e1sicos<\/li>\n<\/ul>\n<\/li>\n<li><strong>M\u00f3dulo 4: NOM-004-SSA3-2012. Del Expediente Cl\u00ednico<\/strong>\n<ul>\n<li>Integraci\u00f3n del expediente<\/li>\n<\/ul>\n<\/li>\n<li><strong>M\u00f3dulo 5: Publicidad Regulatoria, Suplementos y Productos Milagro<\/strong>\n<ul>\n<li><span style=\"font-weight: 400;\">Publicidad de la prestaci\u00f3n de servicios de salud<\/span><\/li>\n<\/ul>\n<\/li>\n<\/ul>\n<h3><span style=\"color: #b4894b;\">Informaci\u00f3n general<\/span><\/h3>\n<ul>\n<li>El m\u00ednimo de participantes para que se imparta la capacitaci\u00f3n deber\u00e1 ser de 15 personas. Si llegado el momento de la impartici\u00f3n, el grupo es menor a esa cantidad de participantes, el evento ser\u00e1 cancelado por parte de la Autoridad.<\/li>\n<li>En caso de que la parte interesada llegase a cancelar el evento presencial sin previo aviso, se penalizar\u00e1 con la reprogramaci\u00f3n del mismo realiz\u00e1ndose en modalidad virtual.<\/li>\n<li>La recepci\u00f3n de las solicitudes de actividades de capacitaci\u00f3n podr\u00e1 ser realizada en <strong>electr\u00f3nico<\/strong> o <strong>f\u00edsico<\/strong> a trav\u00e9s de un <strong>escrito libre<\/strong>.\u00a0<\/li>\n<li>En caso de presentarla por medio electr\u00f3nico se enviar\u00e1 al correo: <span style=\"color: #00ccff;\">contacto.regulaci\u00f3nsanitaria@saludnl.gob.mx\u00a0<\/span><\/li>\n<li>La solicitud presentada se responder\u00e1 en un m\u00e1ximo de 48 horas en relaci\u00f3n a la viabilidad del evento solicitado.<\/li>\n<\/ul>\n\n<div class=\"sdm_download_button_box_default\"><div class=\"sdm_download_link\"><a href=\"https:\/\/saludnl.gob.mx\/regulacion-sanitaria\/?sdm_process_download=1&download_id=18208\" class=\"sdm_download blue\" title=\"\" >Descargar Solicitud<\/a><\/div><\/div>\n\n\n<div class=\"sdm_download_button_box_default\"><div class=\"sdm_download_link\"><a href=\"https:\/\/saludnl.gob.mx\/regulacion-sanitaria\/?sdm_process_download=1&download_id=18268\" class=\"sdm_download blue\" title=\"\" >Gu\u00eda para escrito libre<\/a><\/div><\/div>\n","protected":false},"excerpt":{"rendered":"<p>Objetivo del curso Informar acerca de los requisitos m\u00ednimos de infraestructura y equipamiento con los que se deben de cumplir los establecimientos que proporcionen servicios de atenci\u00f3n m\u00e9dica a pacientes ambulatorios. Dirigido a Nutri\u00f3logos\u00a0 Temario M\u00f3dulo 1: Protocolo de la Vigilancia Sanitaria y Tr\u00e1mites administrativos Caracter\u00edsticas de la orden de verificaci\u00f3n Aviso de funcionamiento y [&hellip;]<\/p>\n","protected":false},"author":5,"featured_media":0,"parent":0,"menu_order":0,"comment_status":"closed","ping_status":"closed","template":"","meta":{"footnotes":""},"class_list":["post-18683","page","type-page","status-publish","hentry"],"_links":{"self":[{"href":"https:\/\/saludnl.gob.mx\/regulacion-sanitaria\/index.php\/wp-json\/wp\/v2\/pages\/18683","targetHints":{"allow":["GET"]}}],"collection":[{"href":"https:\/\/saludnl.gob.mx\/regulacion-sanitaria\/index.php\/wp-json\/wp\/v2\/pages"}],"about":[{"href":"https:\/\/saludnl.gob.mx\/regulacion-sanitaria\/index.php\/wp-json\/wp\/v2\/types\/page"}],"author":[{"embeddable":true,"href":"https:\/\/saludnl.gob.mx\/regulacion-sanitaria\/index.php\/wp-json\/wp\/v2\/users\/5"}],"replies":[{"embeddable":true,"href":"https:\/\/saludnl.gob.mx\/regulacion-sanitaria\/index.php\/wp-json\/wp\/v2\/comments?post=18683"}],"version-history":[{"count":8,"href":"https:\/\/saludnl.gob.mx\/regulacion-sanitaria\/index.php\/wp-json\/wp\/v2\/pages\/18683\/revisions"}],"predecessor-version":[{"id":18697,"href":"https:\/\/saludnl.gob.mx\/regulacion-sanitaria\/index.php\/wp-json\/wp\/v2\/pages\/18683\/revisions\/18697"}],"wp:attachment":[{"href":"https:\/\/saludnl.gob.mx\/regulacion-sanitaria\/index.php\/wp-json\/wp\/v2\/media?parent=18683"}],"curies":[{"name":"wp","href":"https:\/\/api.w.org\/{rel}","templated":true}]}}