{"id":18664,"date":"2024-01-23T08:57:38","date_gmt":"2024-01-23T14:57:38","guid":{"rendered":"https:\/\/saludnl.gob.mx\/regulacion-sanitaria\/?page_id=18664"},"modified":"2024-01-23T10:35:47","modified_gmt":"2024-01-23T16:35:47","slug":"curso-regulacion-sanitaria-de-farmacias-boticas-y-droguerias","status":"publish","type":"page","link":"https:\/\/saludnl.gob.mx\/regulacion-sanitaria\/index.php\/curso-regulacion-sanitaria-de-farmacias-boticas-y-droguerias\/","title":{"rendered":"Curso Regulaci\u00f3n Sanitaria de Farmacias, Boticas y Droguer\u00edas"},"content":{"rendered":"<div class=\"wp-block-image\">\n<figure class=\"aligncenter size-large is-resized\"><img loading=\"lazy\" decoding=\"async\" width=\"1024\" height=\"683\" src=\"https:\/\/saludnl.gob.mx\/regulacion-sanitaria\/wp-content\/uploads\/2024\/01\/abstract-blur-centro-comercial-1024x683.jpg\" alt=\"\" class=\"wp-image-18672\" style=\"width:801px;height:auto\" srcset=\"https:\/\/saludnl.gob.mx\/regulacion-sanitaria\/wp-content\/uploads\/2024\/01\/abstract-blur-centro-comercial-1024x683.jpg 1024w, https:\/\/saludnl.gob.mx\/regulacion-sanitaria\/wp-content\/uploads\/2024\/01\/abstract-blur-centro-comercial-300x200.jpg 300w, https:\/\/saludnl.gob.mx\/regulacion-sanitaria\/wp-content\/uploads\/2024\/01\/abstract-blur-centro-comercial-768x512.jpg 768w, https:\/\/saludnl.gob.mx\/regulacion-sanitaria\/wp-content\/uploads\/2024\/01\/abstract-blur-centro-comercial-1536x1024.jpg 1536w, https:\/\/saludnl.gob.mx\/regulacion-sanitaria\/wp-content\/uploads\/2024\/01\/abstract-blur-centro-comercial-2048x1365.jpg 2048w, https:\/\/saludnl.gob.mx\/regulacion-sanitaria\/wp-content\/uploads\/2024\/01\/abstract-blur-centro-comercial-272x182.jpg 272w\" sizes=\"auto, (max-width: 1024px) 100vw, 1024px\" \/><\/figure>\n<\/div>\n\n\n<p><\/p>\n\n\n\n<div class=\"wp-block-group is-content-justification-space-between is-nowrap is-layout-flex wp-container-core-group-is-layout-0dfbf163 wp-block-group-is-layout-flex\">\n<figure class=\"wp-block-image size-full is-resized\"><img loading=\"lazy\" decoding=\"async\" width=\"512\" height=\"512\" src=\"https:\/\/saludnl.gob.mx\/regulacion-sanitaria\/wp-content\/uploads\/2024\/01\/topologia-5.png\" alt=\"\" class=\"wp-image-18348\" style=\"width:62px;height:auto\" srcset=\"https:\/\/saludnl.gob.mx\/regulacion-sanitaria\/wp-content\/uploads\/2024\/01\/topologia-5.png 512w, https:\/\/saludnl.gob.mx\/regulacion-sanitaria\/wp-content\/uploads\/2024\/01\/topologia-5-300x300.png 300w, https:\/\/saludnl.gob.mx\/regulacion-sanitaria\/wp-content\/uploads\/2024\/01\/topologia-5-150x150.png 150w\" sizes=\"auto, (max-width: 512px) 100vw, 512px\" \/><figcaption class=\"wp-element-caption\">\u00c1rea: Insumos para la Salud<\/figcaption><\/figure>\n\n\n\n<figure class=\"wp-block-image size-full is-resized\"><img loading=\"lazy\" decoding=\"async\" width=\"512\" height=\"512\" src=\"https:\/\/saludnl.gob.mx\/regulacion-sanitaria\/wp-content\/uploads\/2024\/01\/clock_9627872-2.png\" alt=\"\" class=\"wp-image-18349\" style=\"width:62px;height:auto\" srcset=\"https:\/\/saludnl.gob.mx\/regulacion-sanitaria\/wp-content\/uploads\/2024\/01\/clock_9627872-2.png 512w, https:\/\/saludnl.gob.mx\/regulacion-sanitaria\/wp-content\/uploads\/2024\/01\/clock_9627872-2-300x300.png 300w, https:\/\/saludnl.gob.mx\/regulacion-sanitaria\/wp-content\/uploads\/2024\/01\/clock_9627872-2-150x150.png 150w\" sizes=\"auto, (max-width: 512px) 100vw, 512px\" \/><figcaption class=\"wp-element-caption\">Duraci\u00f3n: 2 hrs<\/figcaption><\/figure>\n\n\n\n<figure class=\"wp-block-image size-full is-resized\"><img loading=\"lazy\" decoding=\"async\" width=\"512\" height=\"512\" src=\"https:\/\/saludnl.gob.mx\/regulacion-sanitaria\/wp-content\/uploads\/2024\/01\/search_7929485-3.png\" alt=\"\" class=\"wp-image-18351\" style=\"width:60px;height:auto\" srcset=\"https:\/\/saludnl.gob.mx\/regulacion-sanitaria\/wp-content\/uploads\/2024\/01\/search_7929485-3.png 512w, https:\/\/saludnl.gob.mx\/regulacion-sanitaria\/wp-content\/uploads\/2024\/01\/search_7929485-3-300x300.png 300w, https:\/\/saludnl.gob.mx\/regulacion-sanitaria\/wp-content\/uploads\/2024\/01\/search_7929485-3-150x150.png 150w\" sizes=\"auto, (max-width: 512px) 100vw, 512px\" \/><figcaption class=\"wp-element-caption\">Modalidad: Online en vivo o Presencial<\/figcaption><\/figure>\n<\/div>\n\n\n<h3><span style=\"color: #b4894b;\">Objetivo del curso<\/span><\/h3>\n<ul>\n<li><span style=\"font-weight: 400;\">Desarrollar y transparentar los lineamientos a seguir por parte de las farmacias, boticas y droguer\u00edas para dar cumplimiento a las regulaciones sanitarias vigentes. Ser herramienta b\u00e1sica para empleados de estos establecimientos, profesionales farmac\u00e9uticos, autoridades sanitarias y acad\u00e9micos en su quehacer diario.<\/span><\/li>\n<\/ul>\n<h3><span style=\"color: #b4894b;\">Dirigido a<\/span><\/h3>\n<ul>\n<li>Propietarios y\/o personal de farmacias, boticas o droguer\u00edas\u00a0<\/li>\n<\/ul>\n<h3><span style=\"color: #b4894b;\">Temario<\/span><\/h3>\n<ul>\n<li><strong>M\u00f3dulo 1: Documentaci\u00f3n\u00a0\u00a0<\/strong>\n<ul>\n<li>Documentaci\u00f3n legal y t\u00e9cnica<\/li>\n<\/ul>\n<\/li>\n<li><strong>M\u00f3dulo 2: Infraestructura<\/strong>\n<ul>\n<li>\u00c1reas e instalaciones<\/li>\n<\/ul>\n<\/li>\n<li><strong>M\u00f3dulo 3: Personal<\/strong>\n<ul>\n<li>Perfil del personal, uniforme y equipo<\/li>\n<\/ul>\n<\/li>\n<li><strong>M\u00f3dulo 4: Dispensaci\u00f3n de medicamentos y otros insumos<\/strong>\n<ul>\n<li>Caracter\u00edsticas<\/li>\n<li>No comercializaci\u00f3n<\/li>\n<\/ul>\n<\/li>\n<li><strong>M\u00f3dulo 5: Conservaci\u00f3n de los insumos<\/strong>\n<ul>\n<li>Condiciones de almacenamiento<\/li>\n<\/ul>\n<\/li>\n<li><strong>M\u00f3dulo 6: Control, surtido y registro de antibi\u00f3ticos<\/strong>\n<ul>\n<li>Receta m\u00e9dica<\/li>\n<li>Tipos de receta m\u00e9dica<\/li>\n<\/ul>\n<\/li>\n<li><strong>M\u00f3dulo 7: Medicamentos controlados, estupefacientes y psicotr\u00f3picos<\/strong>\n<ul>\n<li>Libros de control<\/li>\n<li>Registros de entrada<\/li>\n<li>Registros de salida<\/li>\n<li>Requisitos para el surtido de recetas<\/li>\n<li>Entregas domiciliarias<\/li>\n<li>Balance<\/li>\n<li>Medicamentos de fracci\u00f3n I<\/li>\n<li>Medicamentos de fracci\u00f3n II y III<\/li>\n<\/ul>\n<\/li>\n<li><strong>M\u00f3dulo 8: Medicamentos magistrales y oficinales (droguer\u00edas)<\/strong>\n<ul>\n<li>Receta m\u00e9dica<\/li>\n<li>Personal<\/li>\n<li>Preparaci\u00f3n<\/li>\n<li>Acondicionamiento y etiquetado<\/li>\n<li>\u00c1rea de preparaci\u00f3n\u00a0<\/li>\n<li>Libro de control<\/li>\n<\/ul>\n<\/li>\n<li><strong>M\u00f3dulo 9: Destrucci\u00f3n de medicamentos<\/strong>\n<ul>\n<li>Incineraci\u00f3n<\/li>\n<li>Inactivaci\u00f3n<\/li>\n<\/ul>\n<\/li>\n<\/ul>\n<h3><span style=\"color: #b4894b;\">Informaci\u00f3n general<\/span><\/h3>\n<ul>\n<li>El m\u00ednimo de participantes para que se imparta la capacitaci\u00f3n deber\u00e1 ser de 15 personas. Si llegado el momento de la impartici\u00f3n, el grupo es menor a esa cantidad de participantes, el evento ser\u00e1 cancelado por parte de la Autoridad.<\/li>\n<li>En caso de que la parte interesada llegase a cancelar el evento presencial sin previo aviso, se penalizar\u00e1 con la reprogramaci\u00f3n del mismo realiz\u00e1ndose en modalidad virtual.<\/li>\n<li>La recepci\u00f3n de las solicitudes de actividades de capacitaci\u00f3n podr\u00e1 ser realizada en <strong>electr\u00f3nico<\/strong> o <strong>f\u00edsico<\/strong> a trav\u00e9s de un <strong>escrito libre<\/strong>.\u00a0<\/li>\n<li>En caso de presentarla por medio electr\u00f3nico se enviar\u00e1 al correo: <span style=\"color: #00ccff;\">contacto.regulaci\u00f3nsanitaria@saludnl.gob.mx\u00a0<\/span><\/li>\n<li>La solicitud presentada se responder\u00e1 en un m\u00e1ximo de 48 horas en relaci\u00f3n a la viabilidad del evento solicitado.<\/li>\n<\/ul>\n\n<div class=\"sdm_download_button_box_default\"><div class=\"sdm_download_link\"><a href=\"https:\/\/saludnl.gob.mx\/regulacion-sanitaria\/?sdm_process_download=1&download_id=18208\" class=\"sdm_download blue\" title=\"\" >Descargar Solicitud<\/a><\/div><\/div>\n\n\n<div class=\"sdm_download_button_box_default\"><div class=\"sdm_download_link\"><a href=\"https:\/\/saludnl.gob.mx\/regulacion-sanitaria\/?sdm_process_download=1&download_id=18268\" class=\"sdm_download blue\" title=\"\" >Gu\u00eda para escrito libre<\/a><\/div><\/div>\n","protected":false},"excerpt":{"rendered":"<p>Objetivo del curso Desarrollar y transparentar los lineamientos a seguir por parte de las farmacias, boticas y droguer\u00edas para dar cumplimiento a las regulaciones sanitarias vigentes. Ser herramienta b\u00e1sica para empleados de estos establecimientos, profesionales farmac\u00e9uticos, autoridades sanitarias y acad\u00e9micos en su quehacer diario. Dirigido a Propietarios y\/o personal de farmacias, boticas o droguer\u00edas\u00a0 Temario [&hellip;]<\/p>\n","protected":false},"author":5,"featured_media":0,"parent":0,"menu_order":0,"comment_status":"closed","ping_status":"closed","template":"","meta":{"footnotes":""},"class_list":["post-18664","page","type-page","status-publish","hentry"],"_links":{"self":[{"href":"https:\/\/saludnl.gob.mx\/regulacion-sanitaria\/index.php\/wp-json\/wp\/v2\/pages\/18664","targetHints":{"allow":["GET"]}}],"collection":[{"href":"https:\/\/saludnl.gob.mx\/regulacion-sanitaria\/index.php\/wp-json\/wp\/v2\/pages"}],"about":[{"href":"https:\/\/saludnl.gob.mx\/regulacion-sanitaria\/index.php\/wp-json\/wp\/v2\/types\/page"}],"author":[{"embeddable":true,"href":"https:\/\/saludnl.gob.mx\/regulacion-sanitaria\/index.php\/wp-json\/wp\/v2\/users\/5"}],"replies":[{"embeddable":true,"href":"https:\/\/saludnl.gob.mx\/regulacion-sanitaria\/index.php\/wp-json\/wp\/v2\/comments?post=18664"}],"version-history":[{"count":5,"href":"https:\/\/saludnl.gob.mx\/regulacion-sanitaria\/index.php\/wp-json\/wp\/v2\/pages\/18664\/revisions"}],"predecessor-version":[{"id":18680,"href":"https:\/\/saludnl.gob.mx\/regulacion-sanitaria\/index.php\/wp-json\/wp\/v2\/pages\/18664\/revisions\/18680"}],"wp:attachment":[{"href":"https:\/\/saludnl.gob.mx\/regulacion-sanitaria\/index.php\/wp-json\/wp\/v2\/media?parent=18664"}],"curies":[{"name":"wp","href":"https:\/\/api.w.org\/{rel}","templated":true}]}}