{"id":18648,"date":"2024-01-22T14:59:12","date_gmt":"2024-01-22T20:59:12","guid":{"rendered":"https:\/\/saludnl.gob.mx\/regulacion-sanitaria\/?page_id=18648"},"modified":"2024-01-23T09:08:04","modified_gmt":"2024-01-23T15:08:04","slug":"curso-control-sanitario-de-la-publicidad","status":"publish","type":"page","link":"https:\/\/saludnl.gob.mx\/regulacion-sanitaria\/index.php\/curso-control-sanitario-de-la-publicidad\/","title":{"rendered":"Curso Control Sanitario de la Publicidad"},"content":{"rendered":"<div class=\"wp-block-image\">\n<figure class=\"aligncenter size-large is-resized\"><img loading=\"lazy\" decoding=\"async\" width=\"1024\" height=\"683\" src=\"https:\/\/saludnl.gob.mx\/regulacion-sanitaria\/wp-content\/uploads\/2024\/01\/hombre-negocios-trabajando-tableta-1024x683.jpg\" alt=\"\" class=\"wp-image-18656\" style=\"width:771px;height:auto\" srcset=\"https:\/\/saludnl.gob.mx\/regulacion-sanitaria\/wp-content\/uploads\/2024\/01\/hombre-negocios-trabajando-tableta-1024x683.jpg 1024w, https:\/\/saludnl.gob.mx\/regulacion-sanitaria\/wp-content\/uploads\/2024\/01\/hombre-negocios-trabajando-tableta-300x200.jpg 300w, https:\/\/saludnl.gob.mx\/regulacion-sanitaria\/wp-content\/uploads\/2024\/01\/hombre-negocios-trabajando-tableta-768x512.jpg 768w, https:\/\/saludnl.gob.mx\/regulacion-sanitaria\/wp-content\/uploads\/2024\/01\/hombre-negocios-trabajando-tableta-1536x1024.jpg 1536w, https:\/\/saludnl.gob.mx\/regulacion-sanitaria\/wp-content\/uploads\/2024\/01\/hombre-negocios-trabajando-tableta-2048x1365.jpg 2048w, https:\/\/saludnl.gob.mx\/regulacion-sanitaria\/wp-content\/uploads\/2024\/01\/hombre-negocios-trabajando-tableta-272x182.jpg 272w\" sizes=\"auto, (max-width: 1024px) 100vw, 1024px\" \/><\/figure>\n<\/div>\n\n\n<p><\/p>\n\n\n\n<div class=\"wp-block-group is-content-justification-space-between is-nowrap is-layout-flex wp-container-core-group-is-layout-0dfbf163 wp-block-group-is-layout-flex\">\n<figure class=\"wp-block-image size-full is-resized\"><img loading=\"lazy\" decoding=\"async\" width=\"512\" height=\"512\" src=\"https:\/\/saludnl.gob.mx\/regulacion-sanitaria\/wp-content\/uploads\/2024\/01\/topologia-5.png\" alt=\"\" class=\"wp-image-18348\" style=\"width:62px;height:auto\" srcset=\"https:\/\/saludnl.gob.mx\/regulacion-sanitaria\/wp-content\/uploads\/2024\/01\/topologia-5.png 512w, https:\/\/saludnl.gob.mx\/regulacion-sanitaria\/wp-content\/uploads\/2024\/01\/topologia-5-300x300.png 300w, https:\/\/saludnl.gob.mx\/regulacion-sanitaria\/wp-content\/uploads\/2024\/01\/topologia-5-150x150.png 150w\" sizes=\"auto, (max-width: 512px) 100vw, 512px\" \/><figcaption class=\"wp-element-caption\">\u00c1rea: Publicidad<\/figcaption><\/figure>\n\n\n\n<figure class=\"wp-block-image size-full is-resized\"><img loading=\"lazy\" decoding=\"async\" width=\"512\" height=\"512\" src=\"https:\/\/saludnl.gob.mx\/regulacion-sanitaria\/wp-content\/uploads\/2024\/01\/clock_9627872-2.png\" alt=\"\" class=\"wp-image-18349\" style=\"width:62px;height:auto\" srcset=\"https:\/\/saludnl.gob.mx\/regulacion-sanitaria\/wp-content\/uploads\/2024\/01\/clock_9627872-2.png 512w, https:\/\/saludnl.gob.mx\/regulacion-sanitaria\/wp-content\/uploads\/2024\/01\/clock_9627872-2-300x300.png 300w, https:\/\/saludnl.gob.mx\/regulacion-sanitaria\/wp-content\/uploads\/2024\/01\/clock_9627872-2-150x150.png 150w\" sizes=\"auto, (max-width: 512px) 100vw, 512px\" \/><figcaption class=\"wp-element-caption\">Duraci\u00f3n: 1.5 hrs<\/figcaption><\/figure>\n\n\n\n<figure class=\"wp-block-image size-full is-resized\"><img loading=\"lazy\" decoding=\"async\" width=\"512\" height=\"512\" src=\"https:\/\/saludnl.gob.mx\/regulacion-sanitaria\/wp-content\/uploads\/2024\/01\/search_7929485-3.png\" alt=\"\" class=\"wp-image-18351\" style=\"width:60px;height:auto\" srcset=\"https:\/\/saludnl.gob.mx\/regulacion-sanitaria\/wp-content\/uploads\/2024\/01\/search_7929485-3.png 512w, https:\/\/saludnl.gob.mx\/regulacion-sanitaria\/wp-content\/uploads\/2024\/01\/search_7929485-3-300x300.png 300w, https:\/\/saludnl.gob.mx\/regulacion-sanitaria\/wp-content\/uploads\/2024\/01\/search_7929485-3-150x150.png 150w\" sizes=\"auto, (max-width: 512px) 100vw, 512px\" \/><figcaption class=\"wp-element-caption\">Modalidad: Online en vivo o Presencial<\/figcaption><\/figure>\n<\/div>\n\n\n<h3><span style=\"color: #b4894b;\">Objetivo del curso<\/span><\/h3>\n<ul>\n<li><span style=\"font-weight: 400;\">Emplear los conocimientos correctos para la promoci\u00f3n de un producto, servicio y\/o actividad.<\/span><\/li>\n<\/ul>\n<h3><span style=\"color: #b4894b;\">Dirigido a<\/span><\/h3>\n<ul>\n<li>Sector productivo<\/li>\n<li>Personas interesadas<\/li>\n<\/ul>\n<h3><span style=\"color: #b4894b;\">Temario<\/span><\/h3>\n<ul>\n<li><strong>M\u00f3dulo 1: Control Sanitario de la Publicidad\u00a0<\/strong>\n<ul>\n<li><span style=\"font-weight: 400;\">Autorizaciones y Avisos<\/span><\/li>\n<li>Terceros autorizados<\/li>\n<li>Disposiciones generales<\/li>\n<\/ul>\n<\/li>\n<li><strong>M\u00f3dulo 2: Publicidad de Salud Ambiental y Ocupacional<\/strong>\n<ul>\n<li><span style=\"font-weight: 400;\">Publicidad de Plaguicidas, Nutrientes Vegetales y Sustancias T\u00f3xicas<\/span><\/li>\n<li><span style=\"font-weight: 400;\">\u00a0Publicidad de Productos biotecnol\u00f3gicos<\/span><\/li>\n<\/ul>\n<\/li>\n<li><strong>M\u00f3dulo 3: Publicidad de Insumos para la Salud<\/strong>\n<ul>\n<li><span style=\"font-weight: 400;\">Publicidad de Medicamentos y Remedios herbolarios<\/span><\/li>\n<li><span style=\"font-weight: 400;\">Publicidad de Medicamentos gen\u00e9ricos intercambiables<\/span><\/li>\n<li><span style=\"font-weight: 400;\">Publicidad de equipos m\u00e9dicos, pr\u00f3tesis, ortesis, ayudas funcionales, agentes de diagn\u00f3stico, insumos de uso odontol\u00f3gico, materiales\u00a0 quir\u00fargicos y de curaci\u00f3n, y productos higi\u00e9nicos<\/span><\/li>\n<li><span style=\"font-weight: 400;\">Publicidad de Productos biotecnol\u00f3gicos<\/span><\/li>\n<\/ul>\n<\/li>\n<li><strong>M\u00f3dulo 4: Publicidad de Productos y Servicios<\/strong>\n<ul>\n<li><span style=\"font-weight: 400;\">Publicidad de alimentos, suplementos alimenticios y bebidas no alcoh\u00f3licas<\/span><\/li>\n<li><span style=\"font-weight: 400;\">Publicidad de f\u00f3rmulas para lactantes<\/span><\/li>\n<li><span style=\"font-weight: 400;\">Publicidad de bebidas alcoh\u00f3licas y tabaco<\/span><\/li>\n<li><span style=\"font-weight: 400;\">Publicidad de productos de aseo<\/span><\/li>\n<li><span style=\"font-weight: 400;\">Publicidad de productos de perfumer\u00eda y belleza<\/span><\/li>\n<\/ul>\n<\/li>\n<li><strong>M\u00f3dulo 5: Publicidad de Servicios de Salud<\/strong>\n<ul>\n<li><span style=\"font-weight: 400;\">Publicidad de la prestaci\u00f3n de servicios de salud<\/span><\/li>\n<li><span style=\"font-weight: 400;\">Publicidad de servicios y procedimientos de embellecimiento<\/span><\/li>\n<\/ul>\n<\/li>\n<li><strong>M\u00f3dulo 6: Protocolo de Vigilancia Sanitaria<\/strong>\n<ul>\n<li><span style=\"font-weight: 400;\">Aspectos generales de la Subsecretar\u00eda de Regulaci\u00f3n y Fomento Sanitario<\/span><\/li>\n<li><span style=\"font-weight: 400;\">Vigilancia Sanitaria<\/span><\/li>\n<li><span style=\"font-weight: 400;\">Medidas de Seguridad y Sanciones<\/span><\/li>\n<\/ul>\n<\/li>\n<\/ul>\n<h3><span style=\"color: #b4894b;\">Informaci\u00f3n general<\/span><\/h3>\n<ul>\n<li>El m\u00ednimo de participantes para que se imparta la capacitaci\u00f3n deber\u00e1 ser de 15 personas. Si llegado el momento de la impartici\u00f3n, el grupo es menor a esa cantidad de participantes, el evento ser\u00e1 cancelado por parte de la Autoridad.<\/li>\n<li>En caso de que la parte interesada llegase a cancelar el evento presencial sin previo aviso, se penalizar\u00e1 con la reprogramaci\u00f3n del mismo realiz\u00e1ndose en modalidad virtual.<\/li>\n<li>La recepci\u00f3n de las solicitudes de actividades de capacitaci\u00f3n podr\u00e1 ser realizada en <strong>electr\u00f3nico<\/strong> o <strong>f\u00edsico<\/strong> a trav\u00e9s de un <strong>escrito libre<\/strong>.\u00a0<\/li>\n<li>En caso de presentarla por medio electr\u00f3nico se enviar\u00e1 al correo: <span style=\"color: #00ccff;\">contacto.regulaci\u00f3nsanitaria@saludnl.gob.mx\u00a0<\/span><\/li>\n<li>La solicitud presentada se responder\u00e1 en un m\u00e1ximo de 48 horas en relaci\u00f3n a la viabilidad del evento solicitado.<\/li>\n<\/ul>\n\n<div class=\"sdm_download_button_box_default\"><div class=\"sdm_download_link\"><a href=\"https:\/\/saludnl.gob.mx\/regulacion-sanitaria\/?sdm_process_download=1&download_id=18208\" class=\"sdm_download blue\" title=\"\" >Descargar Solicitud<\/a><\/div><\/div>\n\n\n<div class=\"sdm_download_button_box_default\"><div class=\"sdm_download_link\"><a href=\"https:\/\/saludnl.gob.mx\/regulacion-sanitaria\/?sdm_process_download=1&download_id=18268\" class=\"sdm_download blue\" title=\"\" >Gu\u00eda para escrito libre<\/a><\/div><\/div>\n","protected":false},"excerpt":{"rendered":"<p>Objetivo del curso Emplear los conocimientos correctos para la promoci\u00f3n de un producto, servicio y\/o actividad. Dirigido a Sector productivo Personas interesadas Temario M\u00f3dulo 1: Control Sanitario de la Publicidad\u00a0 Autorizaciones y Avisos Terceros autorizados Disposiciones generales M\u00f3dulo 2: Publicidad de Salud Ambiental y Ocupacional Publicidad de Plaguicidas, Nutrientes Vegetales y Sustancias T\u00f3xicas \u00a0Publicidad de [&hellip;]<\/p>\n","protected":false},"author":5,"featured_media":0,"parent":0,"menu_order":0,"comment_status":"closed","ping_status":"closed","template":"","meta":{"footnotes":""},"class_list":["post-18648","page","type-page","status-publish","hentry"],"_links":{"self":[{"href":"https:\/\/saludnl.gob.mx\/regulacion-sanitaria\/index.php\/wp-json\/wp\/v2\/pages\/18648","targetHints":{"allow":["GET"]}}],"collection":[{"href":"https:\/\/saludnl.gob.mx\/regulacion-sanitaria\/index.php\/wp-json\/wp\/v2\/pages"}],"about":[{"href":"https:\/\/saludnl.gob.mx\/regulacion-sanitaria\/index.php\/wp-json\/wp\/v2\/types\/page"}],"author":[{"embeddable":true,"href":"https:\/\/saludnl.gob.mx\/regulacion-sanitaria\/index.php\/wp-json\/wp\/v2\/users\/5"}],"replies":[{"embeddable":true,"href":"https:\/\/saludnl.gob.mx\/regulacion-sanitaria\/index.php\/wp-json\/wp\/v2\/comments?post=18648"}],"version-history":[{"count":7,"href":"https:\/\/saludnl.gob.mx\/regulacion-sanitaria\/index.php\/wp-json\/wp\/v2\/pages\/18648\/revisions"}],"predecessor-version":[{"id":18670,"href":"https:\/\/saludnl.gob.mx\/regulacion-sanitaria\/index.php\/wp-json\/wp\/v2\/pages\/18648\/revisions\/18670"}],"wp:attachment":[{"href":"https:\/\/saludnl.gob.mx\/regulacion-sanitaria\/index.php\/wp-json\/wp\/v2\/media?parent=18648"}],"curies":[{"name":"wp","href":"https:\/\/api.w.org\/{rel}","templated":true}]}}