{"id":18463,"date":"2024-01-19T10:36:12","date_gmt":"2024-01-19T16:36:12","guid":{"rendered":"https:\/\/saludnl.gob.mx\/regulacion-sanitaria\/?page_id=18463"},"modified":"2026-03-04T16:40:49","modified_gmt":"2026-03-04T22:40:49","slug":"tecnovigilancia-2","status":"publish","type":"page","link":"https:\/\/saludnl.gob.mx\/regulacion-sanitaria\/index.php\/tecnovigilancia-2\/","title":{"rendered":""},"content":{"rendered":"<div class=\"wp-block-image\">\n<figure class=\"aligncenter size-large\"><img loading=\"lazy\" decoding=\"async\" width=\"1024\" height=\"375\" src=\"https:\/\/saludnl.gob.mx\/regulacion-sanitaria\/wp-content\/uploads\/2025\/02\/1_Banner-Tecno-1024x375.png\" alt=\"\" class=\"wp-image-27664\" srcset=\"https:\/\/saludnl.gob.mx\/regulacion-sanitaria\/wp-content\/uploads\/2025\/02\/1_Banner-Tecno-1024x375.png 1024w, https:\/\/saludnl.gob.mx\/regulacion-sanitaria\/wp-content\/uploads\/2025\/02\/1_Banner-Tecno-300x110.png 300w, https:\/\/saludnl.gob.mx\/regulacion-sanitaria\/wp-content\/uploads\/2025\/02\/1_Banner-Tecno-768x281.png 768w, https:\/\/saludnl.gob.mx\/regulacion-sanitaria\/wp-content\/uploads\/2025\/02\/1_Banner-Tecno.png 1366w\" sizes=\"auto, (max-width: 1024px) 100vw, 1024px\" \/><\/figure>\n<\/div>\n\n\n<p><\/p>\n\n\n\n<p>El prop\u00f3sito de la tecnovigilancia es el de garantizar que los dispositivos m\u00e9dicos que se encuentran disponibles en el mercado funcionen de la manera indicada conforme a la intenci\u00f3n de uso del fabricante (indicada en la autorizaci\u00f3n sanitaria correspondiente emitida por la Secretar\u00eda de Salud) y en caso contrario se tomen las acciones correspondientes para corregir y\/o disminuir la probabilidad de recurrencia de los incidentes adversos, con lo cual se busca mejorar la protecci\u00f3n de la salud y seguridad de los usuarios de dispositivos m\u00e9dicos.<\/p>\n\n\n\n<p>La evaluaci\u00f3n del riesgo obtenida de los incidentes adversos reportados por los fabricantes, usuarios y \/ u operarios a la Secretar\u00eda de Salud, permitir\u00e1 disminuir la probabilidad de recurrencia o atender las consecuencias de dichos incidentes, por medio de la difusi\u00f3n de la informaci\u00f3n.<\/p>\n\n\n\n<p><\/p>\n\n\n\n<div class=\"wp-block-columns is-layout-flex wp-container-core-columns-is-layout-9d6595d7 wp-block-columns-is-layout-flex\">\n<div class=\"wp-block-column is-layout-flow wp-block-column-is-layout-flow\"><div id=\"pl-gb18463-69d01046cf035\"  class=\"panel-layout\" ><div id=\"pg-gb18463-69d01046cf035-0\"  class=\"panel-grid panel-no-style\" ><div id=\"pgc-gb18463-69d01046cf035-0-0\"  class=\"panel-grid-cell\" ><div id=\"panel-gb18463-69d01046cf035-0-0-0\" class=\"so-panel widget widget_sow-editor panel-first-child panel-last-child\" data-index=\"0\" ><div\n\t\t\t\n\t\t\tclass=\"so-widget-sow-editor so-widget-sow-editor-base\"\n\t\t\t\n\t\t>\n<div class=\"siteorigin-widget-tinymce textwidget\">\n\t<div id=\"metaslider-id-27667\" style=\"width: 100%;\" class=\"ml-slider-3-98-0 metaslider metaslider-flex metaslider-27667 ml-slider ms-theme-default\" role=\"region\" aria-roledescription=\"Slideshow\" aria-label=\"New Slideshow\" data-width=\"1900\">\n    <div id=\"metaslider_container_27667\">\n        <div id=\"metaslider_27667\">\n            <ul class='slides'>\n                <li style=\"display: none; width: 100%;\" class=\"slide-27670 ms-image \" aria-roledescription=\"slide\" aria-label=\"slide-27670\" data-date=\"2025-02-21 11:18:01\"><img loading=\"lazy\" decoding=\"async\" src=\"https:\/\/saludnl.gob.mx\/regulacion-sanitaria\/wp-content\/uploads\/2025\/02\/2_\u00bfQue-estamos-haciendo-_TV.png\" height=\"1900\" width=\"1900\" alt=\"\" class=\"slider-27667 slide-27670\" title=\"2_\u00bfQu\u00e9 estamos haciendo-_TV\" \/><\/li>\n                <li style=\"display: none; width: 100%;\" class=\"slide-27672 ms-image \" aria-roledescription=\"slide\" aria-label=\"slide-27672\" data-date=\"2025-02-21 11:18:20\"><img loading=\"lazy\" decoding=\"async\" src=\"https:\/\/saludnl.gob.mx\/regulacion-sanitaria\/wp-content\/uploads\/2025\/02\/3_\u00bfQue-estamos-haciendo-_TV.png\" height=\"1900\" width=\"1900\" alt=\"\" class=\"slider-27667 slide-27672\" title=\"3_\u00bfQu\u00e9 estamos haciendo-_TV\" \/><\/li>\n            <\/ul>\n        <\/div>\n        \n    <\/div>\n<\/div>\n<\/div>\n<\/div><\/div><\/div><\/div><\/div><\/div>\n\n\n\n<div class=\"wp-block-column is-layout-flow wp-block-column-is-layout-flow\">\n<figure class=\"wp-block-image size-large\"><a href=\"http:\/\/saludnl.gob.mx\/regulacion-sanitaria\/cursos\/\"><img loading=\"lazy\" decoding=\"async\" width=\"1024\" height=\"1024\" src=\"https:\/\/saludnl.gob.mx\/regulacion-sanitaria\/wp-content\/uploads\/2025\/02\/4_Conoce-mas_TV-1024x1024.png\" alt=\"\" class=\"wp-image-27668\" srcset=\"https:\/\/saludnl.gob.mx\/regulacion-sanitaria\/wp-content\/uploads\/2025\/02\/4_Conoce-mas_TV-1024x1024.png 1024w, https:\/\/saludnl.gob.mx\/regulacion-sanitaria\/wp-content\/uploads\/2025\/02\/4_Conoce-mas_TV-300x300.png 300w, https:\/\/saludnl.gob.mx\/regulacion-sanitaria\/wp-content\/uploads\/2025\/02\/4_Conoce-mas_TV-150x150.png 150w, https:\/\/saludnl.gob.mx\/regulacion-sanitaria\/wp-content\/uploads\/2025\/02\/4_Conoce-mas_TV-768x768.png 768w, https:\/\/saludnl.gob.mx\/regulacion-sanitaria\/wp-content\/uploads\/2025\/02\/4_Conoce-mas_TV-1536x1536.png 1536w, https:\/\/saludnl.gob.mx\/regulacion-sanitaria\/wp-content\/uploads\/2025\/02\/4_Conoce-mas_TV.png 1800w\" sizes=\"auto, (max-width: 1024px) 100vw, 1024px\" \/><\/a><\/figure>\n<\/div>\n<\/div>\n\n\n<div class=\"wp-block-image\">\n<figure class=\"aligncenter size-large\"><img loading=\"lazy\" decoding=\"async\" width=\"1024\" height=\"375\" src=\"https:\/\/saludnl.gob.mx\/regulacion-sanitaria\/wp-content\/uploads\/2025\/02\/5_Incidente-Adverso_TV-1024x375.png\" alt=\"\" class=\"wp-image-27675\" srcset=\"https:\/\/saludnl.gob.mx\/regulacion-sanitaria\/wp-content\/uploads\/2025\/02\/5_Incidente-Adverso_TV-1024x375.png 1024w, https:\/\/saludnl.gob.mx\/regulacion-sanitaria\/wp-content\/uploads\/2025\/02\/5_Incidente-Adverso_TV-300x110.png 300w, https:\/\/saludnl.gob.mx\/regulacion-sanitaria\/wp-content\/uploads\/2025\/02\/5_Incidente-Adverso_TV-768x281.png 768w, https:\/\/saludnl.gob.mx\/regulacion-sanitaria\/wp-content\/uploads\/2025\/02\/5_Incidente-Adverso_TV.png 1366w\" sizes=\"auto, (max-width: 1024px) 100vw, 1024px\" \/><\/figure>\n<\/div>\n\n\n<p><\/p>\n\n\n\n<p class=\"has-text-align-center\"><em>No se&nbsp;considerar\u00e1 incidente adverso a aquel derivado del uso anormal o un uso diferente del recomendado por el&nbsp;titular del registro sanitario del dispositivo m\u00e9dico o su representante legal en M\u00e9xico.<\/em><\/p>\n\n\n\n<p><\/p>\n\n\n\n<div class=\"wp-block-columns is-layout-flex wp-container-core-columns-is-layout-9d6595d7 wp-block-columns-is-layout-flex\">\n<div class=\"wp-block-column is-layout-flow wp-block-column-is-layout-flow\"><div id=\"pl-gb18463-69d0104704cc1\"  class=\"panel-layout\" ><div id=\"pg-gb18463-69d0104704cc1-0\"  class=\"panel-grid panel-no-style\" ><div id=\"pgc-gb18463-69d0104704cc1-0-0\"  class=\"panel-grid-cell\" ><div id=\"panel-gb18463-69d0104704cc1-0-0-0\" class=\"so-panel widget widget_sow-editor panel-first-child panel-last-child\" data-index=\"0\" ><div\n\t\t\t\n\t\t\tclass=\"so-widget-sow-editor so-widget-sow-editor-base\"\n\t\t\t\n\t\t>\n<div class=\"siteorigin-widget-tinymce textwidget\">\n\t<div id=\"metaslider-id-27679\" style=\"width: 100%;\" class=\"ml-slider-3-98-0 metaslider metaslider-flex metaslider-27679 ml-slider ms-theme-default\" role=\"region\" aria-roledescription=\"Slideshow\" aria-label=\"New Slideshow\" data-width=\"1900\">\n    <div id=\"metaslider_container_27679\">\n        <div id=\"metaslider_27679\">\n            <ul class='slides'>\n                <li style=\"display: none; width: 100%;\" class=\"slide-27682 ms-image \" aria-roledescription=\"slide\" aria-label=\"slide-27682\" data-date=\"2025-02-21 11:36:02\"><img loading=\"lazy\" decoding=\"async\" src=\"https:\/\/saludnl.gob.mx\/regulacion-sanitaria\/wp-content\/uploads\/2025\/02\/6_Requisitos_TV_1.png\" height=\"1900\" width=\"1900\" alt=\"\" class=\"slider-27679 slide-27682\" title=\"6_Requisitos_TV_1\" \/><\/li>\n                <li style=\"display: none; width: 100%;\" class=\"slide-27684 ms-image \" aria-roledescription=\"slide\" aria-label=\"slide-27684\" data-date=\"2025-02-21 11:36:20\"><img loading=\"lazy\" decoding=\"async\" src=\"https:\/\/saludnl.gob.mx\/regulacion-sanitaria\/wp-content\/uploads\/2025\/02\/6_Requisitos_TV_2.png\" height=\"1900\" width=\"1900\" alt=\"\" class=\"slider-27679 slide-27684\" title=\"6_Requisitos_TV_2\" \/><\/li>\n                <li style=\"display: none; width: 100%;\" class=\"slide-27686 ms-image \" aria-roledescription=\"slide\" aria-label=\"slide-27686\" data-date=\"2025-02-21 11:37:41\"><img loading=\"lazy\" decoding=\"async\" src=\"https:\/\/saludnl.gob.mx\/regulacion-sanitaria\/wp-content\/uploads\/2025\/02\/6_Requisitos_TV_3.png\" height=\"1900\" width=\"1900\" alt=\"\" class=\"slider-27679 slide-27686\" title=\"6_Requisitos_TV_3\" \/><\/li>\n                <li style=\"display: none; width: 100%;\" class=\"slide-27688 ms-image \" aria-roledescription=\"slide\" aria-label=\"slide-27688\" data-date=\"2025-02-21 11:38:00\"><img loading=\"lazy\" decoding=\"async\" src=\"https:\/\/saludnl.gob.mx\/regulacion-sanitaria\/wp-content\/uploads\/2025\/02\/6_Requisitos_TV_4-1800x1800.png\" height=\"1900\" width=\"1900\" alt=\"\" class=\"slider-27679 slide-27688\" title=\"6_Requisitos_TV_4\" \/><\/li>\n                <li style=\"display: none; width: 100%;\" class=\"slide-27690 ms-image \" aria-roledescription=\"slide\" aria-label=\"slide-27690\" data-date=\"2025-02-21 11:38:18\"><img loading=\"lazy\" decoding=\"async\" src=\"https:\/\/saludnl.gob.mx\/regulacion-sanitaria\/wp-content\/uploads\/2025\/02\/6_Requisitos_TV_5-1800x1800.png\" height=\"1900\" width=\"1900\" alt=\"\" class=\"slider-27679 slide-27690\" title=\"6_Requisitos_TV_5\" \/><\/li>\n            <\/ul>\n        <\/div>\n        \n    <\/div>\n<\/div>\n<\/div>\n<\/div><\/div><\/div><\/div><\/div><\/div>\n\n\n\n<div class=\"wp-block-column is-layout-flow wp-block-column-is-layout-flow\"><div id=\"pl-gb18463-69d010472c669\"  class=\"panel-layout\" ><div id=\"pg-gb18463-69d010472c669-0\"  class=\"panel-grid panel-no-style\" ><div id=\"pgc-gb18463-69d010472c669-0-0\"  class=\"panel-grid-cell\" ><div id=\"panel-gb18463-69d010472c669-0-0-0\" class=\"so-panel widget widget_sow-editor panel-first-child panel-last-child\" data-index=\"0\" ><div\n\t\t\t\n\t\t\tclass=\"so-widget-sow-editor so-widget-sow-editor-base\"\n\t\t\t\n\t\t>\n<div class=\"siteorigin-widget-tinymce textwidget\">\n\t<div id=\"metaslider-id-27692\" style=\"width: 100%;\" class=\"ml-slider-3-98-0 metaslider metaslider-flex metaslider-27692 ml-slider ms-theme-default\" role=\"region\" aria-roledescription=\"Slideshow\" aria-label=\"New Slideshow\" data-width=\"1900\">\n    <div id=\"metaslider_container_27692\">\n        <div id=\"metaslider_27692\">\n            <ul class='slides'>\n                <li style=\"display: none; width: 100%;\" class=\"slide-27694 ms-image \" aria-roledescription=\"slide\" aria-label=\"slide-27694\" data-date=\"2025-02-21 11:40:10\"><img loading=\"lazy\" decoding=\"async\" src=\"https:\/\/saludnl.gob.mx\/regulacion-sanitaria\/wp-content\/uploads\/2025\/02\/7_Notificar-reaccion-IA_1.png\" height=\"1900\" width=\"1900\" alt=\"\" class=\"slider-27692 slide-27694\" title=\"7_Notificar reacci\u00f3n IA_1\" \/><\/li>\n                <li style=\"display: none; width: 100%;\" class=\"slide-27696 ms-image \" aria-roledescription=\"slide\" aria-label=\"slide-27696\" data-date=\"2025-02-21 11:40:28\"><img loading=\"lazy\" decoding=\"async\" src=\"https:\/\/saludnl.gob.mx\/regulacion-sanitaria\/wp-content\/uploads\/2025\/02\/7_Notificar-reaccion-IA_2.png\" height=\"1900\" width=\"1900\" alt=\"\" class=\"slider-27692 slide-27696\" title=\"7_Notificar reacci\u00f3n IA_2\" \/><\/li>\n                <li style=\"display: none; width: 100%;\" class=\"slide-27699 ms-image \" aria-roledescription=\"slide\" aria-label=\"slide-27699\" data-date=\"2025-02-21 11:41:22\"><img loading=\"lazy\" decoding=\"async\" src=\"https:\/\/saludnl.gob.mx\/regulacion-sanitaria\/wp-content\/uploads\/2025\/02\/7_Notificar-reaccion-IA_3-1.png\" height=\"1900\" width=\"1900\" alt=\"\" class=\"slider-27692 slide-27699\" title=\"7_Notificar reacci\u00f3n IA_3\" \/><\/li>\n                <li style=\"display: none; width: 100%;\" class=\"slide-27703 ms-image \" aria-roledescription=\"slide\" aria-label=\"slide-27703\" data-date=\"2025-02-21 11:41:59\"><img loading=\"lazy\" decoding=\"async\" src=\"https:\/\/saludnl.gob.mx\/regulacion-sanitaria\/wp-content\/uploads\/2025\/02\/7_Notificar-reaccion-IA_4-1800x1800.png\" height=\"1900\" width=\"1900\" alt=\"\" class=\"slider-27692 slide-27703\" title=\"7_Notificar reacci\u00f3n IA_4\" \/><\/li>\n                <li style=\"display: none; width: 100%;\" class=\"slide-27705 ms-image \" aria-roledescription=\"slide\" aria-label=\"slide-27705\" data-date=\"2025-02-21 11:42:35\"><img loading=\"lazy\" decoding=\"async\" src=\"https:\/\/saludnl.gob.mx\/regulacion-sanitaria\/wp-content\/uploads\/2025\/02\/7_Notificar-reaccion-IA_5-1800x1800.png\" height=\"1900\" width=\"1900\" alt=\"\" class=\"slider-27692 slide-27705\" title=\"7_Notificar reacci\u00f3n IA_5\" \/><\/li>\n                <li style=\"display: none; width: 100%;\" class=\"slide-27707 ms-image \" aria-roledescription=\"slide\" aria-label=\"slide-27707\" data-date=\"2025-02-21 11:43:11\"><img loading=\"lazy\" decoding=\"async\" src=\"https:\/\/saludnl.gob.mx\/regulacion-sanitaria\/wp-content\/uploads\/2025\/02\/7_Notificar-reaccion-IA_6.png\" height=\"1900\" width=\"1900\" alt=\"\" class=\"slider-27692 slide-27707\" title=\"7_Notificar reacci\u00f3n IA_6\" \/><\/li>\n                <li style=\"display: none; width: 100%;\" class=\"slide-27709 ms-image \" aria-roledescription=\"slide\" aria-label=\"slide-27709\" data-date=\"2025-02-21 11:43:40\"><a href=\"https:\/\/www.gob.mx\/cofepris\/acciones-y-programas\/sistema-en-linea-de-notificacion-de-incidentes-adversos-de-dispositivos-medicos\" target=\"_blank\" aria-label=\"View Slide Details\" class=\"metaslider_image_link\"><img loading=\"lazy\" decoding=\"async\" src=\"https:\/\/saludnl.gob.mx\/regulacion-sanitaria\/wp-content\/uploads\/2025\/02\/7_Notificar-reaccion-IA_7.png\" height=\"1900\" width=\"1900\" alt=\"\" class=\"slider-27692 slide-27709\" title=\"7_Notificar reacci\u00f3n IA_7\" \/><\/a><\/li>\n                <li style=\"display: none; width: 100%;\" class=\"slide-27711 ms-image \" aria-roledescription=\"slide\" aria-label=\"slide-27711\" data-date=\"2025-02-21 11:44:06\"><img loading=\"lazy\" decoding=\"async\" src=\"https:\/\/saludnl.gob.mx\/regulacion-sanitaria\/wp-content\/uploads\/2025\/02\/7_Notificar-reaccion-IA_8.png\" height=\"1900\" width=\"1900\" alt=\"\" class=\"slider-27692 slide-27711\" title=\"7_Notificar reacci\u00f3n IA_8\" \/><\/li>\n                <li style=\"display: none; width: 100%;\" class=\"slide-27713 ms-image \" aria-roledescription=\"slide\" aria-label=\"slide-27713\" data-date=\"2025-02-21 11:44:32\"><img loading=\"lazy\" decoding=\"async\" src=\"https:\/\/saludnl.gob.mx\/regulacion-sanitaria\/wp-content\/uploads\/2025\/02\/7_Notificar-reaccion-IA_9.png\" height=\"1900\" width=\"1900\" alt=\"\" class=\"slider-27692 slide-27713\" title=\"7_Notificar reacci\u00f3n IA_9\" \/><\/li>\n            <\/ul>\n        <\/div>\n        \n    <\/div>\n<\/div>\n<\/div>\n<\/div><\/div><\/div><\/div><\/div><\/div>\n<\/div>\n\n\n\n<p><\/p>\n\n\n<div class=\"wp-block-image\">\n<figure class=\"aligncenter size-large\"><a href=\"https:\/\/drive.google.com\/drive\/folders\/1MVKKxyU333xKXcKcEulHwbd2zVIxfdVE?usp=sharing\"><img loading=\"lazy\" decoding=\"async\" width=\"1024\" height=\"375\" src=\"https:\/\/saludnl.gob.mx\/regulacion-sanitaria\/wp-content\/uploads\/2025\/02\/8_Material-de-descarga_TV-1024x375.png\" alt=\"\" class=\"wp-image-27715\" srcset=\"https:\/\/saludnl.gob.mx\/regulacion-sanitaria\/wp-content\/uploads\/2025\/02\/8_Material-de-descarga_TV-1024x375.png 1024w, https:\/\/saludnl.gob.mx\/regulacion-sanitaria\/wp-content\/uploads\/2025\/02\/8_Material-de-descarga_TV-300x110.png 300w, https:\/\/saludnl.gob.mx\/regulacion-sanitaria\/wp-content\/uploads\/2025\/02\/8_Material-de-descarga_TV-768x281.png 768w, https:\/\/saludnl.gob.mx\/regulacion-sanitaria\/wp-content\/uploads\/2025\/02\/8_Material-de-descarga_TV.png 1366w\" sizes=\"auto, (max-width: 1024px) 100vw, 1024px\" \/><\/a><\/figure>\n<\/div>\n\n\n<p><\/p>\n\n\n<div class=\"wp-block-image\">\n<figure class=\"aligncenter size-large\"><a href=\"https:\/\/www.gob.mx\/cofepris\/acciones-y-programas\/antecedentes-tecnovigilancia \"><img loading=\"lazy\" decoding=\"async\" width=\"1024\" height=\"375\" src=\"https:\/\/saludnl.gob.mx\/regulacion-sanitaria\/wp-content\/uploads\/2025\/02\/11_Consulta-las-guias_TV-1024x375.png\" alt=\"\" class=\"wp-image-27716\" srcset=\"https:\/\/saludnl.gob.mx\/regulacion-sanitaria\/wp-content\/uploads\/2025\/02\/11_Consulta-las-guias_TV-1024x375.png 1024w, https:\/\/saludnl.gob.mx\/regulacion-sanitaria\/wp-content\/uploads\/2025\/02\/11_Consulta-las-guias_TV-300x110.png 300w, https:\/\/saludnl.gob.mx\/regulacion-sanitaria\/wp-content\/uploads\/2025\/02\/11_Consulta-las-guias_TV-768x281.png 768w, https:\/\/saludnl.gob.mx\/regulacion-sanitaria\/wp-content\/uploads\/2025\/02\/11_Consulta-las-guias_TV.png 1366w\" sizes=\"auto, (max-width: 1024px) 100vw, 1024px\" \/><\/a><\/figure>\n<\/div>\n\n\n<p><\/p>\n\n\n\n<p><\/p>\n\n\n<p style=\"text-align: center;\"><span style=\"color: #ff8200;\"><strong>Tel\u00e9fonos:<\/strong><\/span><\/p>\n<p style=\"text-align: center;\"><span style=\"color: #ff8200;\"><strong>Centro Estatal de Farmacovigilancia: (81) 8130-7022<\/strong><\/span><\/p>\n<p style=\"text-align: center;\"><span style=\"color: #ff8200;\"><strong>Centro Nacional de Farmacovigilancia: 55-5080-5200, ext. 11468 y 11463<\/strong><\/span><\/p>\n\n\n<figure class=\"wp-block-gallery has-nested-images columns-default is-cropped wp-block-gallery-1 is-layout-flex wp-block-gallery-is-layout-flex\">\n<figure class=\"wp-block-image size-large\"><img loading=\"lazy\" decoding=\"async\" width=\"720\" height=\"720\" data-id=\"31124\" src=\"https:\/\/saludnl.gob.mx\/regulacion-sanitaria\/wp-content\/uploads\/2026\/03\/WhatsApp-Image-2026-03-04-at-4.39.08-PM.jpeg\" alt=\"\" class=\"wp-image-31124\" srcset=\"https:\/\/saludnl.gob.mx\/regulacion-sanitaria\/wp-content\/uploads\/2026\/03\/WhatsApp-Image-2026-03-04-at-4.39.08-PM.jpeg 720w, https:\/\/saludnl.gob.mx\/regulacion-sanitaria\/wp-content\/uploads\/2026\/03\/WhatsApp-Image-2026-03-04-at-4.39.08-PM-300x300.jpeg 300w, https:\/\/saludnl.gob.mx\/regulacion-sanitaria\/wp-content\/uploads\/2026\/03\/WhatsApp-Image-2026-03-04-at-4.39.08-PM-150x150.jpeg 150w\" sizes=\"auto, (max-width: 720px) 100vw, 720px\" \/><\/figure>\n\n\n\n<figure class=\"wp-block-image size-large\"><img loading=\"lazy\" decoding=\"async\" width=\"720\" height=\"720\" data-id=\"31125\" src=\"https:\/\/saludnl.gob.mx\/regulacion-sanitaria\/wp-content\/uploads\/2026\/03\/WhatsApp-Image-2026-03-04-at-4.39.03-PM.jpeg\" alt=\"\" class=\"wp-image-31125\" srcset=\"https:\/\/saludnl.gob.mx\/regulacion-sanitaria\/wp-content\/uploads\/2026\/03\/WhatsApp-Image-2026-03-04-at-4.39.03-PM.jpeg 720w, https:\/\/saludnl.gob.mx\/regulacion-sanitaria\/wp-content\/uploads\/2026\/03\/WhatsApp-Image-2026-03-04-at-4.39.03-PM-300x300.jpeg 300w, https:\/\/saludnl.gob.mx\/regulacion-sanitaria\/wp-content\/uploads\/2026\/03\/WhatsApp-Image-2026-03-04-at-4.39.03-PM-150x150.jpeg 150w\" sizes=\"auto, (max-width: 720px) 100vw, 720px\" \/><\/figure>\n\n\n\n<figure class=\"wp-block-image size-large\"><img loading=\"lazy\" decoding=\"async\" width=\"720\" height=\"720\" data-id=\"31126\" src=\"https:\/\/saludnl.gob.mx\/regulacion-sanitaria\/wp-content\/uploads\/2026\/03\/WhatsApp-Image-2026-03-04-at-4.38.57-PM-1.jpeg\" alt=\"\" class=\"wp-image-31126\" srcset=\"https:\/\/saludnl.gob.mx\/regulacion-sanitaria\/wp-content\/uploads\/2026\/03\/WhatsApp-Image-2026-03-04-at-4.38.57-PM-1.jpeg 720w, https:\/\/saludnl.gob.mx\/regulacion-sanitaria\/wp-content\/uploads\/2026\/03\/WhatsApp-Image-2026-03-04-at-4.38.57-PM-1-300x300.jpeg 300w, https:\/\/saludnl.gob.mx\/regulacion-sanitaria\/wp-content\/uploads\/2026\/03\/WhatsApp-Image-2026-03-04-at-4.38.57-PM-1-150x150.jpeg 150w\" sizes=\"auto, (max-width: 720px) 100vw, 720px\" \/><\/figure>\n\n\n\n<figure class=\"wp-block-image size-large\"><img loading=\"lazy\" decoding=\"async\" width=\"720\" height=\"720\" data-id=\"31127\" src=\"https:\/\/saludnl.gob.mx\/regulacion-sanitaria\/wp-content\/uploads\/2026\/03\/WhatsApp-Image-2026-03-04-at-4.38.57-PM.jpeg\" alt=\"\" class=\"wp-image-31127\" srcset=\"https:\/\/saludnl.gob.mx\/regulacion-sanitaria\/wp-content\/uploads\/2026\/03\/WhatsApp-Image-2026-03-04-at-4.38.57-PM.jpeg 720w, https:\/\/saludnl.gob.mx\/regulacion-sanitaria\/wp-content\/uploads\/2026\/03\/WhatsApp-Image-2026-03-04-at-4.38.57-PM-300x300.jpeg 300w, https:\/\/saludnl.gob.mx\/regulacion-sanitaria\/wp-content\/uploads\/2026\/03\/WhatsApp-Image-2026-03-04-at-4.38.57-PM-150x150.jpeg 150w\" sizes=\"auto, (max-width: 720px) 100vw, 720px\" \/><\/figure>\n\n\n\n<figure class=\"wp-block-image size-large\"><img loading=\"lazy\" decoding=\"async\" width=\"720\" height=\"720\" data-id=\"31128\" src=\"https:\/\/saludnl.gob.mx\/regulacion-sanitaria\/wp-content\/uploads\/2026\/03\/WhatsApp-Image-2026-03-04-at-4.38.56-PM.jpeg\" alt=\"\" class=\"wp-image-31128\" srcset=\"https:\/\/saludnl.gob.mx\/regulacion-sanitaria\/wp-content\/uploads\/2026\/03\/WhatsApp-Image-2026-03-04-at-4.38.56-PM.jpeg 720w, https:\/\/saludnl.gob.mx\/regulacion-sanitaria\/wp-content\/uploads\/2026\/03\/WhatsApp-Image-2026-03-04-at-4.38.56-PM-300x300.jpeg 300w, https:\/\/saludnl.gob.mx\/regulacion-sanitaria\/wp-content\/uploads\/2026\/03\/WhatsApp-Image-2026-03-04-at-4.38.56-PM-150x150.jpeg 150w\" sizes=\"auto, (max-width: 720px) 100vw, 720px\" \/><\/figure>\n\n\n\n<figure class=\"wp-block-image size-large\"><img loading=\"lazy\" decoding=\"async\" width=\"720\" height=\"720\" data-id=\"31129\" src=\"https:\/\/saludnl.gob.mx\/regulacion-sanitaria\/wp-content\/uploads\/2026\/03\/WhatsApp-Image-2026-03-04-at-4.38.35-PM.jpeg\" alt=\"\" class=\"wp-image-31129\" srcset=\"https:\/\/saludnl.gob.mx\/regulacion-sanitaria\/wp-content\/uploads\/2026\/03\/WhatsApp-Image-2026-03-04-at-4.38.35-PM.jpeg 720w, https:\/\/saludnl.gob.mx\/regulacion-sanitaria\/wp-content\/uploads\/2026\/03\/WhatsApp-Image-2026-03-04-at-4.38.35-PM-300x300.jpeg 300w, https:\/\/saludnl.gob.mx\/regulacion-sanitaria\/wp-content\/uploads\/2026\/03\/WhatsApp-Image-2026-03-04-at-4.38.35-PM-150x150.jpeg 150w\" sizes=\"auto, (max-width: 720px) 100vw, 720px\" \/><\/figure>\n<\/figure>\n","protected":false},"excerpt":{"rendered":"<p>El prop\u00f3sito de la tecnovigilancia es el de garantizar que los dispositivos m\u00e9dicos que se encuentran disponibles en el mercado funcionen de la manera indicada conforme a la intenci\u00f3n de uso del fabricante (indicada en la autorizaci\u00f3n sanitaria correspondiente emitida por la Secretar\u00eda de Salud) y en caso contrario se tomen las acciones correspondientes para [&hellip;]<\/p>\n","protected":false},"author":9,"featured_media":18571,"parent":0,"menu_order":0,"comment_status":"closed","ping_status":"closed","template":"","meta":{"footnotes":""},"class_list":["post-18463","page","type-page","status-publish","has-post-thumbnail","hentry"],"_links":{"self":[{"href":"https:\/\/saludnl.gob.mx\/regulacion-sanitaria\/index.php\/wp-json\/wp\/v2\/pages\/18463","targetHints":{"allow":["GET"]}}],"collection":[{"href":"https:\/\/saludnl.gob.mx\/regulacion-sanitaria\/index.php\/wp-json\/wp\/v2\/pages"}],"about":[{"href":"https:\/\/saludnl.gob.mx\/regulacion-sanitaria\/index.php\/wp-json\/wp\/v2\/types\/page"}],"author":[{"embeddable":true,"href":"https:\/\/saludnl.gob.mx\/regulacion-sanitaria\/index.php\/wp-json\/wp\/v2\/users\/9"}],"replies":[{"embeddable":true,"href":"https:\/\/saludnl.gob.mx\/regulacion-sanitaria\/index.php\/wp-json\/wp\/v2\/comments?post=18463"}],"version-history":[{"count":42,"href":"https:\/\/saludnl.gob.mx\/regulacion-sanitaria\/index.php\/wp-json\/wp\/v2\/pages\/18463\/revisions"}],"predecessor-version":[{"id":31131,"href":"https:\/\/saludnl.gob.mx\/regulacion-sanitaria\/index.php\/wp-json\/wp\/v2\/pages\/18463\/revisions\/31131"}],"wp:featuredmedia":[{"embeddable":true,"href":"https:\/\/saludnl.gob.mx\/regulacion-sanitaria\/index.php\/wp-json\/wp\/v2\/media\/18571"}],"wp:attachment":[{"href":"https:\/\/saludnl.gob.mx\/regulacion-sanitaria\/index.php\/wp-json\/wp\/v2\/media?parent=18463"}],"curies":[{"name":"wp","href":"https:\/\/api.w.org\/{rel}","templated":true}]}}