{"id":18441,"date":"2024-01-18T10:54:33","date_gmt":"2024-01-18T16:54:33","guid":{"rendered":"https:\/\/saludnl.gob.mx\/regulacion-sanitaria\/?page_id=18441"},"modified":"2024-01-23T09:04:06","modified_gmt":"2024-01-23T15:04:06","slug":"curso-espacios-100-libres-de-humo-de-tabaco","status":"publish","type":"page","link":"https:\/\/saludnl.gob.mx\/regulacion-sanitaria\/index.php\/curso-espacios-100-libres-de-humo-de-tabaco\/","title":{"rendered":"Curso espacios 100% libres de humo de tabaco"},"content":{"rendered":"<div class=\"wp-block-image\">\n<figure class=\"aligncenter size-large is-resized\"><img loading=\"lazy\" decoding=\"async\" width=\"1024\" height=\"683\" src=\"https:\/\/saludnl.gob.mx\/regulacion-sanitaria\/wp-content\/uploads\/2024\/01\/dejar-fumar-senal-alfeizar-ventana-1024x683.jpg\" alt=\"\" class=\"wp-image-18453\" style=\"width:777px;height:auto\" srcset=\"https:\/\/saludnl.gob.mx\/regulacion-sanitaria\/wp-content\/uploads\/2024\/01\/dejar-fumar-senal-alfeizar-ventana-1024x683.jpg 1024w, https:\/\/saludnl.gob.mx\/regulacion-sanitaria\/wp-content\/uploads\/2024\/01\/dejar-fumar-senal-alfeizar-ventana-300x200.jpg 300w, https:\/\/saludnl.gob.mx\/regulacion-sanitaria\/wp-content\/uploads\/2024\/01\/dejar-fumar-senal-alfeizar-ventana-768x513.jpg 768w, https:\/\/saludnl.gob.mx\/regulacion-sanitaria\/wp-content\/uploads\/2024\/01\/dejar-fumar-senal-alfeizar-ventana-1536x1025.jpg 1536w, https:\/\/saludnl.gob.mx\/regulacion-sanitaria\/wp-content\/uploads\/2024\/01\/dejar-fumar-senal-alfeizar-ventana-2048x1367.jpg 2048w, https:\/\/saludnl.gob.mx\/regulacion-sanitaria\/wp-content\/uploads\/2024\/01\/dejar-fumar-senal-alfeizar-ventana-272x182.jpg 272w\" sizes=\"auto, (max-width: 1024px) 100vw, 1024px\" \/><\/figure>\n<\/div>\n\n\n<div class=\"wp-block-group is-content-justification-space-between is-nowrap is-layout-flex wp-container-core-group-is-layout-0dfbf163 wp-block-group-is-layout-flex\">\n<figure class=\"wp-block-image size-full is-resized\"><img loading=\"lazy\" decoding=\"async\" width=\"512\" height=\"512\" src=\"https:\/\/saludnl.gob.mx\/regulacion-sanitaria\/wp-content\/uploads\/2024\/01\/topologia-5.png\" alt=\"\" class=\"wp-image-18348\" style=\"width:62px;height:auto\" srcset=\"https:\/\/saludnl.gob.mx\/regulacion-sanitaria\/wp-content\/uploads\/2024\/01\/topologia-5.png 512w, https:\/\/saludnl.gob.mx\/regulacion-sanitaria\/wp-content\/uploads\/2024\/01\/topologia-5-300x300.png 300w, https:\/\/saludnl.gob.mx\/regulacion-sanitaria\/wp-content\/uploads\/2024\/01\/topologia-5-150x150.png 150w\" sizes=\"auto, (max-width: 512px) 100vw, 512px\" \/><figcaption class=\"wp-element-caption\">\u00c1rea: Salud Ambiental y Ocupacional<\/figcaption><\/figure>\n\n\n\n<figure class=\"wp-block-image size-full is-resized\"><img loading=\"lazy\" decoding=\"async\" width=\"512\" height=\"512\" src=\"https:\/\/saludnl.gob.mx\/regulacion-sanitaria\/wp-content\/uploads\/2024\/01\/clock_9627872-2.png\" alt=\"\" class=\"wp-image-18349\" style=\"width:62px;height:auto\" srcset=\"https:\/\/saludnl.gob.mx\/regulacion-sanitaria\/wp-content\/uploads\/2024\/01\/clock_9627872-2.png 512w, https:\/\/saludnl.gob.mx\/regulacion-sanitaria\/wp-content\/uploads\/2024\/01\/clock_9627872-2-300x300.png 300w, https:\/\/saludnl.gob.mx\/regulacion-sanitaria\/wp-content\/uploads\/2024\/01\/clock_9627872-2-150x150.png 150w\" sizes=\"auto, (max-width: 512px) 100vw, 512px\" \/><figcaption class=\"wp-element-caption\">Duraci\u00f3n: 1 hora<\/figcaption><\/figure>\n\n\n\n<figure class=\"wp-block-image size-full is-resized\"><img loading=\"lazy\" decoding=\"async\" width=\"512\" height=\"512\" src=\"https:\/\/saludnl.gob.mx\/regulacion-sanitaria\/wp-content\/uploads\/2024\/01\/search_7929485-3.png\" alt=\"\" class=\"wp-image-18351\" style=\"width:60px;height:auto\" srcset=\"https:\/\/saludnl.gob.mx\/regulacion-sanitaria\/wp-content\/uploads\/2024\/01\/search_7929485-3.png 512w, https:\/\/saludnl.gob.mx\/regulacion-sanitaria\/wp-content\/uploads\/2024\/01\/search_7929485-3-300x300.png 300w, https:\/\/saludnl.gob.mx\/regulacion-sanitaria\/wp-content\/uploads\/2024\/01\/search_7929485-3-150x150.png 150w\" sizes=\"auto, (max-width: 512px) 100vw, 512px\" \/><figcaption class=\"wp-element-caption\">Modalidad: Online en vivo o Presencial<\/figcaption><\/figure>\n<\/div>\n\n\n\n<p><\/p>\n\n\n<h3><span style=\"color: #b4894b;\">Objetivo del curso<\/span><\/h3>\n<ul>\n<li><span style=\"font-weight: 400;\">Contar con la informaci\u00f3n necesaria para analizar y cotejar los conocimientos sobre la Regulaci\u00f3n Sanitaria de Espacios 100% libres de Humo de Tabaco<\/span><\/li>\n<\/ul>\n<h3><span style=\"color: #b4894b;\">Dirigido a<\/span><\/h3>\n<ul>\n<li>Sector productivo y personas interesadas.<\/li>\n<\/ul>\n<h3><span style=\"color: #b4894b;\">Temario<\/span><\/h3>\n<ul>\n<li><strong>M\u00f3dulo 1: Regulaci\u00f3n Sanitaria en materia de tabaco en M\u00e9xico<\/strong>\n<ul>\n<li><span style=\"font-weight: 400;\">Medidas de Control de consumo del Tabaco:<\/span>\n<ul>\n<li><span style=\"font-weight: 400;\">Control de presentaciones, impuestos y precios<\/span><\/li>\n<li><span style=\"font-weight: 400;\">Advertencias Sanitarias<\/span><\/li>\n<li><span style=\"font-weight: 400;\">Prohibici\u00f3n de publicidad, promoci\u00f3n y patrocinio<\/span><\/li>\n<li><span style=\"font-weight: 400;\">Espacios 100% libres de humo de Tabaco <\/span><\/li>\n<\/ul>\n<\/li>\n<\/ul>\n<\/li>\n<li><strong>M\u00f3dulo 2: Regulaci\u00f3n Sanitaria en materia de tabaco en Nuevo Le\u00f3n<\/strong>\n<ul>\n<li style=\"font-weight: 400;\" aria-level=\"3\"><span style=\"font-weight: 400;\">Ley de Protecci\u00f3n contra la Exposici\u00f3n al Humo del Tabaco del Estado de Nuevo Le\u00f3n. <\/span><\/li>\n<li style=\"font-weight: 400;\" aria-level=\"3\"><span style=\"font-weight: 400;\">Beneficios de los espacios libres de humo de tabaco<\/span><\/li>\n<li><span style=\"font-weight: 400;\">Medidas de Control de consumo del Tabaco:<\/span>\n<ul>\n<li style=\"font-weight: 400;\" aria-level=\"4\"><span style=\"font-weight: 400;\">Se\u00f1al\u00e9tica<\/span><\/li>\n<li><span style=\"font-weight: 400;\">Espacios 100% libres del humo de tabaco<\/span><\/li>\n<li><span style=\"font-weight: 400;\">Caracter\u00edsticas de los espacios al aire libre para fumar<\/span><\/li>\n<li style=\"font-weight: 400;\" aria-level=\"4\"><span style=\"font-weight: 400;\">Medidas de seguridad sanitaria<\/span><\/li>\n<\/ul>\n<\/li>\n<li aria-level=\"4\"><span style=\"font-weight: 400;\">Estrategia contra el cigarro electr\u00f3nico.<\/span><\/li>\n<\/ul>\n<\/li>\n<\/ul>\n<h3><span style=\"color: #b4894b;\">Informaci\u00f3n general<\/span><\/h3>\n<ul>\n<li>El m\u00ednimo de participantes para que se imparta la capacitaci\u00f3n deber\u00e1 ser de 15 personas. Si llegado el momento de la impartici\u00f3n, el grupo es menor a esa cantidad de participantes, el evento ser\u00e1 cancelado por parte de la Autoridad.<\/li>\n<li>En caso de que la parte interesada llegase a cancelar el evento presencial sin previo aviso, se penalizar\u00e1 con la reprogramaci\u00f3n del mismo realiz\u00e1ndose en modalidad virtual.<\/li>\n<li>La recepci\u00f3n de las solicitudes de actividades de capacitaci\u00f3n podr\u00e1 ser realizada en <strong>electr\u00f3nico<\/strong> o <strong>f\u00edsico<\/strong> a trav\u00e9s de un <strong>escrito libre<\/strong>.\u00a0<\/li>\n<li>En caso de presentarla por medio electr\u00f3nico se enviar\u00e1 al correo: <span style=\"color: #00ccff;\">contacto.regulaci\u00f3nsanitaria@saludnl.gob.mx\u00a0<\/span><\/li>\n<li>La solicitud presentada se responder\u00e1 en un m\u00e1ximo de 48 horas en relaci\u00f3n a la viabilidad del evento solicitado.<\/li>\n<\/ul>\n\n<div class=\"sdm_download_button_box_default\"><div class=\"sdm_download_link\"><a href=\"https:\/\/saludnl.gob.mx\/regulacion-sanitaria\/?sdm_process_download=1&download_id=18208\" class=\"sdm_download blue\" title=\"\" >Descargar Solicitud<\/a><\/div><\/div>\n\n\n<div class=\"sdm_download_button_box_default\"><div class=\"sdm_download_link\"><a href=\"https:\/\/saludnl.gob.mx\/regulacion-sanitaria\/?sdm_process_download=1&download_id=18268\" class=\"sdm_download blue\" title=\"\" >Gu\u00eda para escrito libre<\/a><\/div><\/div>\n","protected":false},"excerpt":{"rendered":"<p>Objetivo del curso Contar con la informaci\u00f3n necesaria para analizar y cotejar los conocimientos sobre la Regulaci\u00f3n Sanitaria de Espacios 100% libres de Humo de Tabaco Dirigido a Sector productivo y personas interesadas. Temario M\u00f3dulo 1: Regulaci\u00f3n Sanitaria en materia de tabaco en M\u00e9xico Medidas de Control de consumo del Tabaco: Control de presentaciones, impuestos [&hellip;]<\/p>\n","protected":false},"author":5,"featured_media":0,"parent":0,"menu_order":0,"comment_status":"closed","ping_status":"closed","template":"","meta":{"footnotes":""},"class_list":["post-18441","page","type-page","status-publish","hentry"],"_links":{"self":[{"href":"https:\/\/saludnl.gob.mx\/regulacion-sanitaria\/index.php\/wp-json\/wp\/v2\/pages\/18441","targetHints":{"allow":["GET"]}}],"collection":[{"href":"https:\/\/saludnl.gob.mx\/regulacion-sanitaria\/index.php\/wp-json\/wp\/v2\/pages"}],"about":[{"href":"https:\/\/saludnl.gob.mx\/regulacion-sanitaria\/index.php\/wp-json\/wp\/v2\/types\/page"}],"author":[{"embeddable":true,"href":"https:\/\/saludnl.gob.mx\/regulacion-sanitaria\/index.php\/wp-json\/wp\/v2\/users\/5"}],"replies":[{"embeddable":true,"href":"https:\/\/saludnl.gob.mx\/regulacion-sanitaria\/index.php\/wp-json\/wp\/v2\/comments?post=18441"}],"version-history":[{"count":7,"href":"https:\/\/saludnl.gob.mx\/regulacion-sanitaria\/index.php\/wp-json\/wp\/v2\/pages\/18441\/revisions"}],"predecessor-version":[{"id":18667,"href":"https:\/\/saludnl.gob.mx\/regulacion-sanitaria\/index.php\/wp-json\/wp\/v2\/pages\/18441\/revisions\/18667"}],"wp:attachment":[{"href":"https:\/\/saludnl.gob.mx\/regulacion-sanitaria\/index.php\/wp-json\/wp\/v2\/media?parent=18441"}],"curies":[{"name":"wp","href":"https:\/\/api.w.org\/{rel}","templated":true}]}}