{"id":18380,"date":"2024-01-16T09:50:28","date_gmt":"2024-01-16T15:50:28","guid":{"rendered":"https:\/\/saludnl.gob.mx\/regulacion-sanitaria\/?page_id=18380"},"modified":"2024-01-16T13:51:27","modified_gmt":"2024-01-16T19:51:27","slug":"curso-6-pasos-de-salud-con-prevencion","status":"publish","type":"page","link":"https:\/\/saludnl.gob.mx\/regulacion-sanitaria\/index.php\/curso-6-pasos-de-salud-con-prevencion\/","title":{"rendered":"Curso 6 Pasos de Salud con Prevenci\u00f3n"},"content":{"rendered":"<div class=\"wp-block-image\">\n<figure class=\"aligncenter size-large is-resized\"><img loading=\"lazy\" decoding=\"async\" width=\"1024\" height=\"683\" src=\"https:\/\/saludnl.gob.mx\/regulacion-sanitaria\/wp-content\/uploads\/2024\/01\/concepto-higiene-lavarse-manos-jabon-vista-frontal-1024x683.jpg\" alt=\"\" class=\"wp-image-18385\" style=\"width:772px;height:auto\" srcset=\"https:\/\/saludnl.gob.mx\/regulacion-sanitaria\/wp-content\/uploads\/2024\/01\/concepto-higiene-lavarse-manos-jabon-vista-frontal-1024x683.jpg 1024w, https:\/\/saludnl.gob.mx\/regulacion-sanitaria\/wp-content\/uploads\/2024\/01\/concepto-higiene-lavarse-manos-jabon-vista-frontal-300x200.jpg 300w, https:\/\/saludnl.gob.mx\/regulacion-sanitaria\/wp-content\/uploads\/2024\/01\/concepto-higiene-lavarse-manos-jabon-vista-frontal-768x512.jpg 768w, https:\/\/saludnl.gob.mx\/regulacion-sanitaria\/wp-content\/uploads\/2024\/01\/concepto-higiene-lavarse-manos-jabon-vista-frontal-1536x1024.jpg 1536w, https:\/\/saludnl.gob.mx\/regulacion-sanitaria\/wp-content\/uploads\/2024\/01\/concepto-higiene-lavarse-manos-jabon-vista-frontal-2048x1365.jpg 2048w, https:\/\/saludnl.gob.mx\/regulacion-sanitaria\/wp-content\/uploads\/2024\/01\/concepto-higiene-lavarse-manos-jabon-vista-frontal-272x182.jpg 272w\" sizes=\"auto, (max-width: 1024px) 100vw, 1024px\" \/><\/figure>\n<\/div>\n\n\n<p><\/p>\n\n\n\n<div class=\"wp-block-group is-content-justification-space-between is-nowrap is-layout-flex wp-container-core-group-is-layout-0dfbf163 wp-block-group-is-layout-flex\">\n<figure class=\"wp-block-image size-full is-resized\"><img loading=\"lazy\" decoding=\"async\" width=\"512\" height=\"512\" src=\"https:\/\/saludnl.gob.mx\/regulacion-sanitaria\/wp-content\/uploads\/2024\/01\/topologia-2.png\" alt=\"\" class=\"wp-image-18142\" style=\"width:58px;height:auto\" srcset=\"https:\/\/saludnl.gob.mx\/regulacion-sanitaria\/wp-content\/uploads\/2024\/01\/topologia-2.png 512w, https:\/\/saludnl.gob.mx\/regulacion-sanitaria\/wp-content\/uploads\/2024\/01\/topologia-2-300x300.png 300w, https:\/\/saludnl.gob.mx\/regulacion-sanitaria\/wp-content\/uploads\/2024\/01\/topologia-2-150x150.png 150w\" sizes=\"auto, (max-width: 512px) 100vw, 512px\" \/><figcaption class=\"wp-element-caption\">\u00c1rea: Bienes y Servicios<\/figcaption><\/figure>\n\n\n\n<figure class=\"wp-block-image size-full is-resized\"><img loading=\"lazy\" decoding=\"async\" width=\"512\" height=\"512\" src=\"https:\/\/saludnl.gob.mx\/regulacion-sanitaria\/wp-content\/uploads\/2024\/01\/clock_9627872.png\" alt=\"\" class=\"wp-image-18177\" style=\"width:58px;height:auto\" srcset=\"https:\/\/saludnl.gob.mx\/regulacion-sanitaria\/wp-content\/uploads\/2024\/01\/clock_9627872.png 512w, https:\/\/saludnl.gob.mx\/regulacion-sanitaria\/wp-content\/uploads\/2024\/01\/clock_9627872-300x300.png 300w, https:\/\/saludnl.gob.mx\/regulacion-sanitaria\/wp-content\/uploads\/2024\/01\/clock_9627872-150x150.png 150w\" sizes=\"auto, (max-width: 512px) 100vw, 512px\" \/><figcaption class=\"wp-element-caption\">Duraci\u00f3n: 1 hora<\/figcaption><\/figure>\n\n\n\n<figure class=\"wp-block-image size-full is-resized\"><img loading=\"lazy\" decoding=\"async\" width=\"512\" height=\"512\" src=\"https:\/\/saludnl.gob.mx\/regulacion-sanitaria\/wp-content\/uploads\/2024\/01\/search_7929485.png\" alt=\"\" class=\"wp-image-18179\" style=\"width:60px;height:auto\" srcset=\"https:\/\/saludnl.gob.mx\/regulacion-sanitaria\/wp-content\/uploads\/2024\/01\/search_7929485.png 512w, https:\/\/saludnl.gob.mx\/regulacion-sanitaria\/wp-content\/uploads\/2024\/01\/search_7929485-300x300.png 300w, https:\/\/saludnl.gob.mx\/regulacion-sanitaria\/wp-content\/uploads\/2024\/01\/search_7929485-150x150.png 150w\" sizes=\"auto, (max-width: 512px) 100vw, 512px\" \/><figcaption class=\"wp-element-caption\">Modalidad: Online en vivo o Presencial<\/figcaption><\/figure>\n<\/div>\n\n\n\n<p><\/p>\n\n\n<h3 style=\"text-align: left;\"><span style=\"color: #b4894b;\">Objetivo del curso<\/span><\/h3>\n<ul>\n<li style=\"text-align: left;\"><span style=\"font-weight: 400;\">Aplicar acciones de saneamiento b\u00e1sico para la protecci\u00f3n de la salud personal y familiar. <\/span><\/li>\n<\/ul>\n<h3><span style=\"color: #b4894b;\">Dirigido a<\/span><\/h3>\n<ul>\n<li>Sector productivo<\/li>\n<li>Personas interesadas<\/li>\n<\/ul>\n<h3><span style=\"color: #b4894b;\">Temario<\/span><\/h3>\n<ul>\n<li><strong>M\u00f3dulo 1: Agua<\/strong>\n<ul>\n<li><span style=\"font-weight: 400;\">Desinfecci\u00f3n y manejo adecuado del agua<\/span><\/li>\n<li><span style=\"font-weight: 400;\">Importancia del manejo adecuado del agua<\/span><\/li>\n<li><span style=\"font-weight: 400;\">Enfermedades propagadas <\/span><span style=\"font-weight: 400;\">por el mal uso del agua<\/span><\/li>\n<li><span style=\"font-weight: 400;\">M\u00e9todos y procedimientos para la desinfecci\u00f3n del agua<\/span><\/li>\n<\/ul>\n<\/li>\n<li><strong>M\u00f3dulo 2: Alimentos<\/strong>\n<ul>\n<li><span style=\"font-weight: 400;\">Manejo higi\u00e9nico de alimentos<\/span><\/li>\n<li><span style=\"font-weight: 400;\">Enfermedades transmitidas por el manejo inadecuado de a<\/span><span style=\"font-weight: 400;\">limentos<\/span><\/li>\n<li><span style=\"font-weight: 400;\">M\u00e9todos de descongelaci\u00f3n<\/span><\/li>\n<\/ul>\n<\/li>\n<li><strong>M\u00f3dulo 3: Manos<\/strong>\n<ul>\n<li>Lavado de manos<\/li>\n<li>\u00bfEn qu\u00e9 momentos debemos lavarnos las manos?<\/li>\n<\/ul>\n<\/li>\n<li><strong>M\u00f3dulo 4: Basura<\/strong>\n<ul>\n<li><span style=\"font-weight: 400;\">Disposici\u00f3n de residuos s\u00f3lidos<\/span><\/li>\n<li><span style=\"font-weight: 400;\">Clasificaci\u00f3n de la basura<\/span><\/li>\n<li><span style=\"font-weight: 400;\">Medidas para evitar la contaminaci\u00f3n<\/span><\/li>\n<\/ul>\n<\/li>\n<li><strong>M\u00f3dulo 5: Ba\u00f1os<\/strong>\n<ul>\n<li>Manejo de excretas<\/li>\n<li><span style=\"font-weight: 400;\">Enfermedades provocadas por el manejo inadecuado de e<\/span><span style=\"font-weight: 400;\">xcretas<\/span><\/li>\n<\/ul>\n<\/li>\n<li><strong>M\u00f3dulo 6: Fauna nociva<\/strong>\n<ul>\n<li><span style=\"font-weight: 400;\">Control de fauna nociva<\/span><\/li>\n<li><span style=\"font-weight: 400;\">Enfermedades producidas por la fauna nociva<\/span><\/li>\n<\/ul>\n<\/li>\n<\/ul>\n<h3><span style=\"color: #b4894b;\">Informaci\u00f3n general<\/span><\/h3>\n<ul>\n<li>El m\u00ednimo de participantes para que se imparta la capacitaci\u00f3n deber\u00e1 ser de 15 personas. Si llegado el momento de la impartici\u00f3n, el grupo es menor a esa cantidad de participantes, el evento ser\u00e1 cancelado por parte de la Autoridad.<\/li>\n<li>En caso de que la parte interesada llegase a cancelar el evento presencial sin previo aviso, se penalizar\u00e1 con la reprogramaci\u00f3n del mismo realiz\u00e1ndose en modalidad virtual.<\/li>\n<li>La recepci\u00f3n de las solicitudes de actividades de capacitaci\u00f3n podr\u00e1 ser realizada en <strong>electr\u00f3nico<\/strong> o <strong>f\u00edsico<\/strong> a trav\u00e9s de un <strong>escrito libre<\/strong>.\u00a0<\/li>\n<li>En caso de presentarla por medio electr\u00f3nico se enviar\u00e1 al correo: <span style=\"color: #00ccff;\">contacto.regulaci\u00f3nsanitaria@saludnl.gob.mx\u00a0<\/span><\/li>\n<li>La solicitud presentada se responder\u00e1 en un m\u00e1ximo de 48 horas en relaci\u00f3n a la viabilidad del evento solicitado.<\/li>\n<\/ul>\n\n\n<div class=\"wp-block-columns is-layout-flex wp-container-core-columns-is-layout-9d6595d7 wp-block-columns-is-layout-flex\">\n<div class=\"wp-block-column is-layout-flow wp-block-column-is-layout-flow\" style=\"flex-basis:100%\"><div class=\"sdm_download_button_box_default\"><div class=\"sdm_download_link\"><a href=\"https:\/\/saludnl.gob.mx\/regulacion-sanitaria\/?sdm_process_download=1&download_id=18208\" class=\"sdm_download blue\" title=\"\" >Descargar Solicitud<\/a><\/div><\/div>\n<\/div>\n<\/div>\n\n\n<div class=\"sdm_download_button_box_default\"><div class=\"sdm_download_link\"><a href=\"https:\/\/saludnl.gob.mx\/regulacion-sanitaria\/?sdm_process_download=1&download_id=18268\" class=\"sdm_download blue\" title=\"\" >Gu\u00eda para escrito libre<\/a><\/div><\/div>\n","protected":false},"excerpt":{"rendered":"<p>Objetivo del curso Aplicar acciones de saneamiento b\u00e1sico para la protecci\u00f3n de la salud personal y familiar. Dirigido a Sector productivo Personas interesadas Temario M\u00f3dulo 1: Agua Desinfecci\u00f3n y manejo adecuado del agua Importancia del manejo adecuado del agua Enfermedades propagadas por el mal uso del agua M\u00e9todos y procedimientos para la desinfecci\u00f3n del agua [&hellip;]<\/p>\n","protected":false},"author":5,"featured_media":0,"parent":0,"menu_order":0,"comment_status":"closed","ping_status":"closed","template":"","meta":{"footnotes":""},"class_list":["post-18380","page","type-page","status-publish","hentry"],"_links":{"self":[{"href":"https:\/\/saludnl.gob.mx\/regulacion-sanitaria\/index.php\/wp-json\/wp\/v2\/pages\/18380","targetHints":{"allow":["GET"]}}],"collection":[{"href":"https:\/\/saludnl.gob.mx\/regulacion-sanitaria\/index.php\/wp-json\/wp\/v2\/pages"}],"about":[{"href":"https:\/\/saludnl.gob.mx\/regulacion-sanitaria\/index.php\/wp-json\/wp\/v2\/types\/page"}],"author":[{"embeddable":true,"href":"https:\/\/saludnl.gob.mx\/regulacion-sanitaria\/index.php\/wp-json\/wp\/v2\/users\/5"}],"replies":[{"embeddable":true,"href":"https:\/\/saludnl.gob.mx\/regulacion-sanitaria\/index.php\/wp-json\/wp\/v2\/comments?post=18380"}],"version-history":[{"count":4,"href":"https:\/\/saludnl.gob.mx\/regulacion-sanitaria\/index.php\/wp-json\/wp\/v2\/pages\/18380\/revisions"}],"predecessor-version":[{"id":18389,"href":"https:\/\/saludnl.gob.mx\/regulacion-sanitaria\/index.php\/wp-json\/wp\/v2\/pages\/18380\/revisions\/18389"}],"wp:attachment":[{"href":"https:\/\/saludnl.gob.mx\/regulacion-sanitaria\/index.php\/wp-json\/wp\/v2\/media?parent=18380"}],"curies":[{"name":"wp","href":"https:\/\/api.w.org\/{rel}","templated":true}]}}