{"id":1820,"date":"2020-03-19T11:45:10","date_gmt":"2020-03-19T17:45:10","guid":{"rendered":"http:\/\/saludnl.gob.mx\/regulacion-sanitaria\/?page_id=1820"},"modified":"2020-09-17T22:16:32","modified_gmt":"2020-09-18T03:16:32","slug":"atencion-cis","status":"publish","type":"page","link":"https:\/\/saludnl.gob.mx\/regulacion-sanitaria\/index.php\/atencion-cis\/","title":{"rendered":""},"content":{"rendered":"\n<div class=\"wp-block-image\"><figure class=\"aligncenter size-large\"><img loading=\"lazy\" decoding=\"async\" width=\"1024\" height=\"341\" src=\"http:\/\/saludnl.gob.mx\/regulacion-sanitaria\/wp-content\/uploads\/2020\/03\/Informaci\u00f3n-importante-1-1024x341.png\" alt=\"\" class=\"wp-image-1832\" srcset=\"https:\/\/saludnl.gob.mx\/regulacion-sanitaria\/wp-content\/uploads\/2020\/03\/Informaci\u00f3n-importante-1-1024x341.png 1024w, https:\/\/saludnl.gob.mx\/regulacion-sanitaria\/wp-content\/uploads\/2020\/03\/Informaci\u00f3n-importante-1-300x100.png 300w, https:\/\/saludnl.gob.mx\/regulacion-sanitaria\/wp-content\/uploads\/2020\/03\/Informaci\u00f3n-importante-1-768x256.png 768w, https:\/\/saludnl.gob.mx\/regulacion-sanitaria\/wp-content\/uploads\/2020\/03\/Informaci\u00f3n-importante-1.png 1200w\" sizes=\"auto, (max-width: 1024px) 100vw, 1024px\" \/><\/figure><\/div>\n\n\n\n<p class=\"has-text-color has-medium-font-size has-very-dark-gray-color\"><strong> Atendiendo las recomendaciones en relaci\u00f3n a la emergencia del Coronavirus, el Centro Integral de Servicios pone a su disposici\u00f3n el siguiente sistema de Consulta en L\u00ednea para solicitar asesor\u00eda personalizada, donde personal capacitado le brindar\u00e1 la atenci\u00f3n. <\/strong><\/p>\n\n\n\n<p><\/p>\n\n\n<div id=\"pl-gb1820-69d28dd7199b9\"  class=\"panel-layout\" ><div id=\"pg-gb1820-69d28dd7199b9-0\"  class=\"panel-grid panel-no-style\" ><div id=\"pgc-gb1820-69d28dd7199b9-0-0\"  class=\"panel-grid-cell\" ><div id=\"panel-gb1820-69d28dd7199b9-0-0-0\" class=\"so-panel widget widget_sow-image panel-first-child\" data-index=\"0\" ><div\n\t\t\t\n\t\t\tclass=\"so-widget-sow-image so-widget-sow-image-default-8b5b6f678277-1820\"\n\t\t\t\n\t\t>\n<div class=\"sow-image-container\">\n\t\t<img \n\tsrc=\"https:\/\/saludnl.gob.mx\/regulacion-sanitaria\/wp-content\/uploads\/2020\/03\/lado1-InfografiaCOVID-19_tabloide-01-scaled.jpg\" width=\"1656\" height=\"2560\" srcset=\"https:\/\/saludnl.gob.mx\/regulacion-sanitaria\/wp-content\/uploads\/2020\/03\/lado1-InfografiaCOVID-19_tabloide-01-scaled.jpg 1656w, https:\/\/saludnl.gob.mx\/regulacion-sanitaria\/wp-content\/uploads\/2020\/03\/lado1-InfografiaCOVID-19_tabloide-01-194x300.jpg 194w, https:\/\/saludnl.gob.mx\/regulacion-sanitaria\/wp-content\/uploads\/2020\/03\/lado1-InfografiaCOVID-19_tabloide-01-663x1024.jpg 663w, https:\/\/saludnl.gob.mx\/regulacion-sanitaria\/wp-content\/uploads\/2020\/03\/lado1-InfografiaCOVID-19_tabloide-01-768x1187.jpg 768w, https:\/\/saludnl.gob.mx\/regulacion-sanitaria\/wp-content\/uploads\/2020\/03\/lado1-InfografiaCOVID-19_tabloide-01-994x1536.jpg 994w, https:\/\/saludnl.gob.mx\/regulacion-sanitaria\/wp-content\/uploads\/2020\/03\/lado1-InfografiaCOVID-19_tabloide-01-1325x2048.jpg 1325w\" sizes=\"(max-width: 1656px) 100vw, 1656px\" title=\"lado1-InfografiaCOVID-19_tabloide-01\" alt=\"\" \t\tclass=\"so-widget-image\"\/>\n\t<\/div>\n\n<\/div><\/div><div id=\"panel-gb1820-69d28dd7199b9-0-0-1\" class=\"so-panel widget widget_sow-editor panel-last-child\" data-index=\"1\" ><div\n\t\t\t\n\t\t\tclass=\"so-widget-sow-editor so-widget-sow-editor-base\"\n\t\t\t\n\t\t>\n<div class=\"siteorigin-widget-tinymce textwidget\">\n\t<h3 style=\"text-align: center;\"><strong><a href=\"http:\/\/www.saludnl.gob.mx\/drupal\/sites\/default\/files\/u252\/SS%20AVISO%20INTEGRAL%20REGULACION%20SANITARIA.pdf\">AVISO DE PRIVACIDAD<\/a><\/strong><\/h3>\n<p><strong>Secretar\u00eda de Salud de Nuevo Le\u00f3n<\/strong>, es el responsable del tratamiento de los datos personales que proporcione, los cuales ser\u00e1n protegidos conforme a lo dispuesto en la Ley General de Protecci\u00f3n de Datos Personales en Posesi\u00f3n de Sujetos Obligados, y dem\u00e1s normatividad que resulte aplicable.<\/p>\n<\/div>\n<\/div><\/div><\/div><div id=\"pgc-gb1820-69d28dd7199b9-0-1\"  class=\"panel-grid-cell\" ><div id=\"panel-gb1820-69d28dd7199b9-0-1-0\" class=\"so-panel widget widget_sow-editor panel-first-child panel-last-child\" data-index=\"2\" ><div\n\t\t\t\n\t\t\tclass=\"so-widget-sow-editor so-widget-sow-editor-base\"\n\t\t\t\n\t\t>\n<div class=\"siteorigin-widget-tinymce textwidget\">\n\t\n<div class=\"wpcf7 no-js\" id=\"wpcf7-f1816-o1\" lang=\"es-MX\" dir=\"ltr\" data-wpcf7-id=\"1816\">\n<div class=\"screen-reader-response\"><p role=\"status\" aria-live=\"polite\" aria-atomic=\"true\"><\/p> <ul><\/ul><\/div>\n<form action=\"\/regulacion-sanitaria\/index.php\/wp-json\/wp\/v2\/pages\/1820#wpcf7-f1816-o1\" method=\"post\" class=\"wpcf7-form init\" aria-label=\"Formulario de contacto\" enctype=\"multipart\/form-data\" novalidate=\"novalidate\" data-status=\"init\">\n<fieldset class=\"hidden-fields-container\"><input type=\"hidden\" name=\"_wpcf7\" value=\"1816\" \/><input type=\"hidden\" name=\"_wpcf7_version\" value=\"6.1.1\" \/><input type=\"hidden\" name=\"_wpcf7_locale\" value=\"es_MX\" \/><input type=\"hidden\" name=\"_wpcf7_unit_tag\" value=\"wpcf7-f1816-o1\" \/><input type=\"hidden\" name=\"_wpcf7_container_post\" value=\"0\" \/><input type=\"hidden\" name=\"_wpcf7_posted_data_hash\" value=\"\" \/>\n<\/fieldset>\n<p><label> \u00c1rea de contacto:<br \/>\n<span class=\"wpcf7-form-control-wrap\" data-name=\"menu-431\"><select class=\"wpcf7-form-control wpcf7-select wpcf7-validates-as-required\" aria-required=\"true\" aria-invalid=\"false\" name=\"menu-431\"><option value=\"Bienes y Servicios\">Bienes y Servicios<\/option><option value=\"Insumos de Salud\">Insumos de Salud<\/option><option value=\"Servicios de Salud\">Servicios de Salud<\/option><option value=\"Publicidad\">Publicidad<\/option><option value=\"Salud Ambiental y Ocupacional\">Salud Ambiental y Ocupacional<\/option><option value=\"Otro\">Otro<\/option><\/select><\/span> <\/label>\n<\/p>\n<p><label> Datos del Establecimiento<br \/>\n<span class=\"wpcf7-form-control-wrap\" data-name=\"Establecimiento\"><input size=\"40\" maxlength=\"400\" class=\"wpcf7-form-control wpcf7-text wpcf7-validates-as-required\" aria-required=\"true\" aria-invalid=\"false\" value=\"\" type=\"text\" name=\"Establecimiento\" \/><\/span> <\/label>\n<\/p>\n<p><label> Nombre de persona autorizada<br \/>\n<span class=\"wpcf7-form-control-wrap\" data-name=\"solicitante\"><input size=\"40\" maxlength=\"400\" class=\"wpcf7-form-control wpcf7-text wpcf7-validates-as-required\" aria-required=\"true\" aria-invalid=\"false\" value=\"\" type=\"text\" name=\"solicitante\" \/><\/span> <\/label>\n<\/p>\n<p><label> Correo Electr\u00f3nico<br \/>\n<span class=\"wpcf7-form-control-wrap\" data-name=\"email-60\"><input size=\"40\" maxlength=\"400\" class=\"wpcf7-form-control wpcf7-email wpcf7-validates-as-required wpcf7-text wpcf7-validates-as-email\" aria-required=\"true\" aria-invalid=\"false\" value=\"\" type=\"email\" name=\"email-60\" \/><\/span> <\/label>\n<\/p>\n<p><label> Tel\u00e9fono<br \/>\n<span class=\"wpcf7-form-control-wrap\" data-name=\"tel-331\"><input size=\"40\" maxlength=\"400\" class=\"wpcf7-form-control wpcf7-tel wpcf7-validates-as-required wpcf7-text wpcf7-validates-as-tel\" aria-required=\"true\" aria-invalid=\"false\" value=\"\" type=\"tel\" name=\"tel-331\" \/><\/span> <\/label>\n<\/p>\n<p><label> R.F.C.<br \/>\n<span class=\"wpcf7-form-control-wrap\" data-name=\"establecimiento\"><input size=\"40\" maxlength=\"400\" class=\"wpcf7-form-control wpcf7-text wpcf7-validates-as-required\" aria-required=\"true\" aria-invalid=\"false\" value=\"\" type=\"text\" name=\"establecimiento\" \/><\/span> <\/label>\n<\/p>\n<p><label> Descripci\u00f3n de la Consulta<br \/>\n<span class=\"wpcf7-form-control-wrap\" data-name=\"textarea-754\"><textarea cols=\"40\" rows=\"10\" maxlength=\"2000\" class=\"wpcf7-form-control wpcf7-textarea wpcf7-validates-as-required\" aria-required=\"true\" aria-invalid=\"false\" name=\"textarea-754\"><\/textarea><\/span> <\/label>\n<\/p>\n<p><label> En este apartado puede anexar fotograf\u00edas y documentos (no mayor a 10 MB)<br \/>\n<span class=\"wpcf7-form-control-wrap\" data-name=\"archivoden\"><input size=\"40\" class=\"wpcf7-form-control wpcf7-file\" accept=\"audio\/*,video\/*,image\/*\" aria-invalid=\"false\" type=\"file\" name=\"archivoden\" \/><\/span> <\/label>\n<\/p>\n<p><label> Archivo 2 (no mayor a 10MB)<br \/>\n<span class=\"wpcf7-form-control-wrap\" data-name=\"archivoden2\"><input size=\"40\" class=\"wpcf7-form-control wpcf7-file\" accept=\"audio\/*,video\/*,image\/*\" aria-invalid=\"false\" type=\"file\" name=\"archivoden2\" \/><\/span> <\/label>\n<\/p>\n<p>Aviso de Privacidad disponible en: http:\/\/saludnl.gob.mx\/regulacion-sanitaria\/index.php\/contacto\/\n<\/p>\n<p><label><br \/>\n<span class=\"wpcf7-form-control-wrap\" data-name=\"acceptance-944\"><span class=\"wpcf7-form-control wpcf7-acceptance\"><span class=\"wpcf7-list-item\"><label><input type=\"checkbox\" name=\"acceptance-944\" value=\"1\" aria-invalid=\"false\" \/><span class=\"wpcf7-list-item-label\">Acepto lo indicado en el aviso de Privacidad<\/span><\/label><\/span><\/span><\/span> <\/label>\n<\/p>\n<p><input class=\"wpcf7-form-control wpcf7-submit has-spinner\" type=\"submit\" value=\"Enviar\" \/>\n<\/p><p style=\"display: none !important;\" class=\"akismet-fields-container\" data-prefix=\"_wpcf7_ak_\"><label>&#916;<textarea name=\"_wpcf7_ak_hp_textarea\" cols=\"45\" rows=\"8\" maxlength=\"100\"><\/textarea><\/label><input type=\"hidden\" id=\"ak_js_1\" name=\"_wpcf7_ak_js\" value=\"108\"\/><script>document.getElementById( \"ak_js_1\" ).setAttribute( \"value\", ( new Date() ).getTime() );<\/script><\/p><div class=\"wpcf7-response-output\" aria-hidden=\"true\"><\/div>\n<\/form>\n<\/div>\n\n<\/div>\n<\/div><\/div><\/div><\/div><\/div>","protected":false},"excerpt":{"rendered":"<p>Atendiendo las recomendaciones en relaci\u00f3n a la emergencia del Coronavirus, el Centro Integral de Servicios pone a su disposici\u00f3n el siguiente sistema de Consulta en L\u00ednea para solicitar asesor\u00eda personalizada, donde personal capacitado le brindar\u00e1 la atenci\u00f3n.<\/p>\n","protected":false},"author":5,"featured_media":0,"parent":0,"menu_order":0,"comment_status":"closed","ping_status":"closed","template":"","meta":{"footnotes":""},"class_list":["post-1820","page","type-page","status-publish","hentry"],"_links":{"self":[{"href":"https:\/\/saludnl.gob.mx\/regulacion-sanitaria\/index.php\/wp-json\/wp\/v2\/pages\/1820","targetHints":{"allow":["GET"]}}],"collection":[{"href":"https:\/\/saludnl.gob.mx\/regulacion-sanitaria\/index.php\/wp-json\/wp\/v2\/pages"}],"about":[{"href":"https:\/\/saludnl.gob.mx\/regulacion-sanitaria\/index.php\/wp-json\/wp\/v2\/types\/page"}],"author":[{"embeddable":true,"href":"https:\/\/saludnl.gob.mx\/regulacion-sanitaria\/index.php\/wp-json\/wp\/v2\/users\/5"}],"replies":[{"embeddable":true,"href":"https:\/\/saludnl.gob.mx\/regulacion-sanitaria\/index.php\/wp-json\/wp\/v2\/comments?post=1820"}],"version-history":[{"count":8,"href":"https:\/\/saludnl.gob.mx\/regulacion-sanitaria\/index.php\/wp-json\/wp\/v2\/pages\/1820\/revisions"}],"predecessor-version":[{"id":1837,"href":"https:\/\/saludnl.gob.mx\/regulacion-sanitaria\/index.php\/wp-json\/wp\/v2\/pages\/1820\/revisions\/1837"}],"wp:attachment":[{"href":"https:\/\/saludnl.gob.mx\/regulacion-sanitaria\/index.php\/wp-json\/wp\/v2\/media?parent=1820"}],"curies":[{"name":"wp","href":"https:\/\/api.w.org\/{rel}","templated":true}]}}