{"id":17818,"date":"2023-12-29T13:25:22","date_gmt":"2023-12-29T19:25:22","guid":{"rendered":"https:\/\/saludnl.gob.mx\/regulacion-sanitaria\/?page_id=17818"},"modified":"2025-02-19T09:32:37","modified_gmt":"2025-02-19T15:32:37","slug":"buenas-practicas-sanitarias-en-el-manejo-de-leche-humana-3","status":"publish","type":"page","link":"https:\/\/saludnl.gob.mx\/regulacion-sanitaria\/index.php\/buenas-practicas-sanitarias-en-el-manejo-de-leche-humana-3\/","title":{"rendered":"Distintivo Buenas pr\u00e1cticas sanitarias en Lactarios y Salas de Lactancia"},"content":{"rendered":"\n<p><\/p>\n\n\n<p><img loading=\"lazy\" decoding=\"async\" class=\"wp-image-19073 aligncenter\" src=\"https:\/\/saludnl.gob.mx\/regulacion-sanitaria\/wp-content\/uploads\/2024\/02\/Lactarios-300x100.png\" alt=\"\" width=\"1044\" height=\"348\" srcset=\"https:\/\/saludnl.gob.mx\/regulacion-sanitaria\/wp-content\/uploads\/2024\/02\/Lactarios-300x100.png 300w, https:\/\/saludnl.gob.mx\/regulacion-sanitaria\/wp-content\/uploads\/2024\/02\/Lactarios-1024x341.png 1024w, https:\/\/saludnl.gob.mx\/regulacion-sanitaria\/wp-content\/uploads\/2024\/02\/Lactarios-768x256.png 768w, https:\/\/saludnl.gob.mx\/regulacion-sanitaria\/wp-content\/uploads\/2024\/02\/Lactarios.png 1280w\" sizes=\"auto, (max-width: 1044px) 100vw, 1044px\" \/><\/p>\n\n\n<p>Se ha incluido esta categor\u00eda para reconocer a instituciones, empresas y establecimientos donde se garantizan las condiciones necesarias en el proceso y manejo de leche humana, con el fin de proveer un alimento inocuo que pueda suministrarse de manera segura a los hijos de las madres que trabajan fuera de casa y a los reci\u00e9n nacidos vulnerables, para quienes se ha considerado el funcionamiento en red de banco de leche humana del Estado de Nuevo Le\u00f3n.<\/p>\n\n\n\n<p>Procedimiento para la obtenci\u00f3n del Distintivo:<\/p>\n\n\n\n<p>1. Realizar registro incluyendo sus datos completos y correctos.<\/p>\n\n\n\n<p>2. Contar con las constancias de capacitaci\u00f3n de su personal de acuerdo al giro, disponibles en la p\u00e1gina:<\/p>\n\n\n\n<ul class=\"wp-block-list\">\n<li>Regulaci\u00f3n Sanitaria en Lactarios<\/li>\n<\/ul>\n\n\n\n<p><strong>Nota:<\/strong> Se pueden encontrar en:&nbsp;<a href=\"http:\/\/saludnl.gob.mx\/regulacion-sanitaria\/cursos.\">http:\/\/saludnl.gob.mx\/regulacion-sanitaria\/cursos.<\/a><\/p>\n\n\n\n<p>3. Se realizar\u00e1 visita de verificaci\u00f3n sanitaria de fomento para observar las condiciones sanitarias que guarda el establecimiento.<\/p>\n\n\n\n<p>4.1: En caso de que no se detecte ning\u00fan riesgo a la salud en el establecimiento, se proceder\u00e1 a la emisi\u00f3n del Distintivo Salud, el cual ser\u00e1 entregado en sesi\u00f3n solemne en fecha por definir.<\/p>\n\n\n\n<p>4.2: De no acreditar con los lineamientos sanitarios durante la visita de verificaci\u00f3n, se le brindar\u00e1 asesor\u00eda y deber\u00e1 de participar en la siguiente convocatoria del Distintivo Salud.<\/p>\n\n\n<div class=\"wp-block-image\">\n<figure class=\"aligncenter size-full is-resized\"><a href=\"https:\/\/docs.google.com\/forms\/d\/e\/1FAIpQLSf5b94tvMK7b12j1ibqQAWIipjEL1kB7rPXcI32fVM56glioA\/viewform?embedded=true\"><img loading=\"lazy\" decoding=\"async\" width=\"756\" height=\"151\" src=\"https:\/\/saludnl.gob.mx\/regulacion-sanitaria\/wp-content\/uploads\/2024\/01\/REGISTRATE-AQUI.png\" alt=\"\" class=\"wp-image-18250\" style=\"width:449px;height:auto\" srcset=\"https:\/\/saludnl.gob.mx\/regulacion-sanitaria\/wp-content\/uploads\/2024\/01\/REGISTRATE-AQUI.png 756w, https:\/\/saludnl.gob.mx\/regulacion-sanitaria\/wp-content\/uploads\/2024\/01\/REGISTRATE-AQUI-300x60.png 300w\" sizes=\"auto, (max-width: 756px) 100vw, 756px\" \/><\/a><\/figure>\n<\/div>\n\n\n<h2 class=\"wp-block-heading\">\u00a1Conoce nuestra gu\u00eda de autoevaluaci\u00f3n!<\/h2>\n\n\n\n<p><a href=\"https:\/\/saludnl.gob.mx\/regulacion-sanitaria\/index.php\/guia-de-autoevaluacion-para-lactarios\/\"><strong>Gu\u00eda de <\/strong><strong>Autoevaluaci\u00f3n p<\/strong><strong>ara <\/strong><strong>empresas o instituciones que cuentan con lactario.<\/strong><\/a><\/p>\n\n\n<div class=\"sdm_download_item \"><div class=\"sdm_download_item_top\"><div class=\"sdm_download_thumbnail\"><\/div><div class=\"sdm_download_title\">Gu\u00eda de Autoevaluaci\u00f3n para empresas o instituciones que cuentan\u00a0con\u00a0lactario.<\/div><\/div><div style=\"clear:both;\"><\/div><div class=\"sdm_download_description\"><\/div><div class=\"sdm_download_link\"><span class=\"sdm_download_button\"><a href=\"https:\/\/saludnl.gob.mx\/regulacion-sanitaria\/?sdm_process_download=1&download_id=15158\" class=\"sdm_download blue\" title=\"Gu\u00eda de Autoevaluaci\u00f3n para empresas o instituciones que cuentan\u00a0con\u00a0lactario.\" target=\"_blank\">Gu\u00eda autoevaluaci\u00f3n para descarga<\/a><\/span><span class=\"sdm_download_item_count\"><span class=\"sdm_item_count_number\">429<\/span><span class=\"sdm_item_count_string\"> Downloads<\/span><\/span><\/div><\/div><div class=\"sdm_clear_float\"><\/div>\n","protected":false},"excerpt":{"rendered":"<p>Se ha incluido esta categor\u00eda para reconocer a instituciones, empresas y establecimientos donde se garantizan las condiciones necesarias en el proceso y manejo de leche humana, con el fin de proveer un alimento inocuo que pueda suministrarse de manera segura a los hijos de las madres que trabajan fuera de casa y a los reci\u00e9n [&hellip;]<\/p>\n","protected":false},"author":5,"featured_media":0,"parent":0,"menu_order":0,"comment_status":"closed","ping_status":"closed","template":"","meta":{"footnotes":""},"class_list":["post-17818","page","type-page","status-publish","hentry"],"_links":{"self":[{"href":"https:\/\/saludnl.gob.mx\/regulacion-sanitaria\/index.php\/wp-json\/wp\/v2\/pages\/17818","targetHints":{"allow":["GET"]}}],"collection":[{"href":"https:\/\/saludnl.gob.mx\/regulacion-sanitaria\/index.php\/wp-json\/wp\/v2\/pages"}],"about":[{"href":"https:\/\/saludnl.gob.mx\/regulacion-sanitaria\/index.php\/wp-json\/wp\/v2\/types\/page"}],"author":[{"embeddable":true,"href":"https:\/\/saludnl.gob.mx\/regulacion-sanitaria\/index.php\/wp-json\/wp\/v2\/users\/5"}],"replies":[{"embeddable":true,"href":"https:\/\/saludnl.gob.mx\/regulacion-sanitaria\/index.php\/wp-json\/wp\/v2\/comments?post=17818"}],"version-history":[{"count":12,"href":"https:\/\/saludnl.gob.mx\/regulacion-sanitaria\/index.php\/wp-json\/wp\/v2\/pages\/17818\/revisions"}],"predecessor-version":[{"id":27463,"href":"https:\/\/saludnl.gob.mx\/regulacion-sanitaria\/index.php\/wp-json\/wp\/v2\/pages\/17818\/revisions\/27463"}],"wp:attachment":[{"href":"https:\/\/saludnl.gob.mx\/regulacion-sanitaria\/index.php\/wp-json\/wp\/v2\/media?parent=17818"}],"curies":[{"name":"wp","href":"https:\/\/api.w.org\/{rel}","templated":true}]}}