{"id":17707,"date":"2023-12-14T15:47:50","date_gmt":"2023-12-14T21:47:50","guid":{"rendered":"https:\/\/saludnl.gob.mx\/regulacion-sanitaria\/?page_id=17707"},"modified":"2026-02-19T09:25:45","modified_gmt":"2026-02-19T15:25:45","slug":"emergencias-sanitarias","status":"publish","type":"page","link":"https:\/\/saludnl.gob.mx\/regulacion-sanitaria\/index.php\/emergencias-sanitarias\/","title":{"rendered":"Emergencias Sanitarias"},"content":{"rendered":"<h2><span style=\"color: #333333;\"><strong>Objetivo<\/strong><\/span><\/h2>\n<p>Dar atenci\u00f3n oportuna, organizada y sistem\u00e1tica a los eventos de emergencias sanitaria en materia de desastres naturales, brotes por enfermedades infecciosas, infecciones asociadas a la atenci\u00f3n de la salud y exposici\u00f3n a otros agentes, a trav\u00e9s de acciones de control sanitario.<\/p>\n<h2><strong>Definiciones<\/strong><\/h2>\n<p><strong>Poblaci\u00f3n protegida<\/strong>: Personas que fueron beneficiadas por las actividades realizadas.<\/p>\n<p><strong>Poblaci\u00f3n afectada: <\/strong>Personas afectadas por el evento registrado.<\/p>\n<p><strong>Poblaci\u00f3n riesgo:<\/strong> Personas que se encuentran en riesgo derivado del evento<\/p>\n<h2><span style=\"color: #333333;\"><strong>\u00bfQu\u00e9 es una emergencia sanitaria?<\/strong><\/span><\/h2>\n<p><img loading=\"lazy\" decoding=\"async\" class=\" wp-image-17708 alignright\" src=\"https:\/\/saludnl.gob.mx\/regulacion-sanitaria\/wp-content\/uploads\/2023\/12\/Imagen1.png\" alt=\"\" width=\"254\" height=\"193\" srcset=\"https:\/\/saludnl.gob.mx\/regulacion-sanitaria\/wp-content\/uploads\/2023\/12\/Imagen1.png 502w, https:\/\/saludnl.gob.mx\/regulacion-sanitaria\/wp-content\/uploads\/2023\/12\/Imagen1-300x228.png 300w\" sizes=\"auto, (max-width: 254px) 100vw, 254px\" \/><\/p>\n<p>Situaci\u00f3n que representa un riesgo para la salud de la poblaci\u00f3n, derivado de un evento.<\/p>\n<h2><span style=\"color: #333333;\"><strong>Tipos de emergencias<\/strong><\/span><\/h2>\n<ul>\n<li>BEIE: Brotes por enfermedades infecciosas o emergentes<\/li>\n<li>IAAS: Infecciones nosocomiales<\/li>\n<li>DN: Desastres naturales<\/li>\n<li>EOA: Exposici\u00f3n a otros agentes<\/li>\n<li>AP: Acciones preventivas<\/li>\n<\/ul>\n<h2><strong>\u00bfQu\u00e9 hacer ante una emergencia sanitaria?<\/strong><\/h2>\n<h3>Antes de la emergencia<\/h3>\n<p>Los siguientes puntos marcan algunas de las acciones preventivas ante una emergencia sanitaria:<\/p>\n<ul>\n<li>Solicitud de insumos, equipos y uniformes<\/li>\n<li>Mantenimiento de veh\u00edculos<\/li>\n<li>Capacitaci\u00f3n a brigadistas<\/li>\n<li>Asignaci\u00f3n de insumos a Oficinas Regionales<\/li>\n<li>Coordinaci\u00f3n con las autoridades para temporada de lluvias y ciclones<\/li>\n<\/ul>\n<h3>Acciones a realizar durante la emergencia<\/h3>\n<ol>\n<li>\n<h4>Notificaci\u00f3n<\/h4>\n<\/li>\n<\/ol>\n<ul>\n<li>Contactar mediante el correo electr\u00f3nico: <a href=\"mailto:emergencia@cofepris.gob.mx\">emergencia@cofepris.gob.mx<\/a><\/li>\n<li>Una vez notificado, se solicita un n\u00famero de evento. <em>Ejemplo: Adjunto formato COS-DEPE-P-02-POI-01-F-01<\/em><\/li>\n<li>Y por \u00faltimo se asigna el n\u00famero de evento, dependiendo del tipo de emergencia sanitaria. <em>Ejemplo: AP 1871, EOA 287, BEIE 121, DN 98.<\/em><\/li>\n<\/ul>\n<table style=\"height: 1354px;\" width=\"853\">\n<tbody>\n<tr>\n<td width=\"196\">\n<p style=\"text-align: center;\"><strong>Tipos de Eventos<\/strong><\/p>\n<\/td>\n<td style=\"text-align: center;\" width=\"172\"><strong>\u00a0<\/strong><\/td>\n<td width=\"220\">\n<p style=\"text-align: center;\"><strong>Uso de Formatos<\/strong><\/p>\n<\/td>\n<\/tr>\n<tr>\n<td width=\"196\">BEIE: Brotes por enfermedades infecciosas o emergentes<\/td>\n<td width=\"172\">Brotes de infecciones transmitidas por agua y alimentos<\/td>\n<td rowspan=\"2\" width=\"220\">\u2022\u00a0\u00a0\u00a0\u00a0 COS-DEPE-P-02-POI-01-F-03: Reporte de \u00a0acciones de protecci\u00f3n contra riesgos sanitarios.\u2022\u00a0\u00a0\u00a0\u00a0\u00a0\u00a0 COS-DEPE-P-02-POI-01-F-04: Reporte de \u00a0toma de muestras y resultados de an\u00e1lisis. \u00a0(Modalidades A y B) (seg\u00fan corresponda)\u2022\u00a0\u00a0\u00a0\u00a0\u00a0\u00a0 COS-DEPE-P-02-POI-01-F-05, Informaci\u00f3n epidemiol\u00f3gica de Brotes por enfermedades infecciosas y\/o emergentes (BEIE)<\/td>\n<\/tr>\n<tr>\n<td width=\"196\">IAAS: Infecciones nosocomiales<\/td>\n<td width=\"172\">Infecciones Asociadas a la Atenci\u00f3n en Salud<\/td>\n<\/tr>\n<tr>\n<td width=\"196\">DN: Desastres naturales<\/td>\n<td width=\"172\">Lluvias\u00a0 atipicas, huracanes.<\/td>\n<td width=\"220\">\u2022\u00a0\u00a0\u00a0\u00a0\u00a0\u00a0 COS-DEPE-P-02-POI-01-F-03, Reporte de acciones de protecci\u00f3n contra riesgos sanitarios\u2022\u00a0\u00a0\u00a0\u00a0\u00a0\u00a0 COS-DEPE-P-02-POI-01-F-04, Reporte de \u00a0toma de muestras y resultados de an\u00e1lisis. \u00a0(Modalidades A y B) (seg\u00fan corresponda)<\/td>\n<\/tr>\n<tr>\n<td width=\"196\">EOA: Exposici\u00f3n a otros agentes<\/td>\n<td width=\"172\">Derrames de sustancias qu\u00edmicas \u00f3 algunas explosiones<\/td>\n<td width=\"220\">\u2022\u00a0\u00a0\u00a0\u00a0\u00a0\u00a0 COS-DEPE-P-02-POI-01-F-03, Reporte de acciones de protecci\u00f3n contra riesgos sanitarios\u2022\u00a0\u00a0\u00a0\u00a0\u00a0\u00a0 COS-DEPE-P-02-POI-01-F-04 Reporte de toma de muestras y resultados de an\u00e1lisis. (Modalidades A y B) (seg\u00fan corresponda)\u2022\u00a0\u00a0\u00a0\u00a0\u00a0\u00a0 COS-DEPE-P-02-POI-01-F-06, Notificaci\u00f3n de eventos por exposici\u00f3n a otros agentes (EOA)<\/td>\n<\/tr>\n<tr>\n<td width=\"196\">AP: Acciones preventivas<\/td>\n<td width=\"172\">Orientadas a minimizar los riesgos por uso \u00f3 consumo de productos objeto o competencia de COFEPRIS<\/td>\n<td width=\"220\">\u2022\u00a0\u00a0\u00a0\u00a0\u00a0\u00a0 COS-DEPE-P-02-POI-01-F-03, Reporte de acciones de protecci\u00f3n contra riesgos sanitarios\u2022\u00a0\u00a0\u00a0\u00a0\u00a0\u00a0 COS-DEPE-P-02-POI-01-F-04, Reporte de toma de muestras y resultados de an\u00e1lisis. \u00a0(Modalidades A y B) (seg\u00fan corresponda)<\/td>\n<\/tr>\n<\/tbody>\n<\/table>\n<ol start=\"2\">\n<li>\n<h4>Seguimiento<\/h4>\n<\/li>\n<\/ol>\n<ul>\n<li>La informaci\u00f3n de seguimiento de los eventos, debe contener el No. De evento asignado por el \u00e1rea operativa de esta Comisi\u00f3n.<\/li>\n<\/ul>\n<ol start=\"3\">\n<li>\n<h4>Cierre<\/h4>\n<\/li>\n<\/ol>\n<ul>\n<li>Integrar formatos empleados seg\u00fan corresponda al tipo de evento<\/li>\n<li>Correo que se remita la informaci\u00f3n, as\u00ed como el formato F-03, debe indicar que el evento est\u00e1 concluido.<\/li>\n<\/ul>\n<h3><strong>Atenci\u00f3n de emergencias sanitarias<\/strong><\/h3>\n<p>Dentro de los cinco tipos de eventos y de conformidad con lo establecido en los Lineamientos para la Seguridad en Salud, se atiende y se coordina con otras instituciones:<\/p>\n<ul>\n<li>Protecci\u00f3n civil<\/li>\n<li>Bomberos<\/li>\n<li>Cruz roja<\/li>\n<li>Polic\u00eda<\/li>\n<li>Transito<\/li>\n<li>SEDENA<\/li>\n<\/ul>\n<p>Esto con la finalidad de dar una respuesta eficaz dentro del \u00e1mbito de competencia de cada instituci\u00f3n con el fin de evitar riesgos a la salud de la poblaci\u00f3n.<\/p>\n","protected":false},"excerpt":{"rendered":"<p>Objetivo Dar atenci\u00f3n oportuna, organizada y sistem\u00e1tica a los eventos de emergencias sanitaria en materia de desastres naturales, brotes por enfermedades infecciosas, infecciones asociadas a la atenci\u00f3n de la salud y exposici\u00f3n a otros agentes, a trav\u00e9s de acciones de control sanitario. Definiciones Poblaci\u00f3n protegida: Personas que fueron beneficiadas por las actividades realizadas. Poblaci\u00f3n afectada: [&hellip;]<\/p>\n","protected":false},"author":5,"featured_media":0,"parent":0,"menu_order":0,"comment_status":"closed","ping_status":"closed","template":"","meta":{"footnotes":""},"class_list":["post-17707","page","type-page","status-publish","hentry"],"_links":{"self":[{"href":"https:\/\/saludnl.gob.mx\/regulacion-sanitaria\/index.php\/wp-json\/wp\/v2\/pages\/17707","targetHints":{"allow":["GET"]}}],"collection":[{"href":"https:\/\/saludnl.gob.mx\/regulacion-sanitaria\/index.php\/wp-json\/wp\/v2\/pages"}],"about":[{"href":"https:\/\/saludnl.gob.mx\/regulacion-sanitaria\/index.php\/wp-json\/wp\/v2\/types\/page"}],"author":[{"embeddable":true,"href":"https:\/\/saludnl.gob.mx\/regulacion-sanitaria\/index.php\/wp-json\/wp\/v2\/users\/5"}],"replies":[{"embeddable":true,"href":"https:\/\/saludnl.gob.mx\/regulacion-sanitaria\/index.php\/wp-json\/wp\/v2\/comments?post=17707"}],"version-history":[{"count":4,"href":"https:\/\/saludnl.gob.mx\/regulacion-sanitaria\/index.php\/wp-json\/wp\/v2\/pages\/17707\/revisions"}],"predecessor-version":[{"id":31006,"href":"https:\/\/saludnl.gob.mx\/regulacion-sanitaria\/index.php\/wp-json\/wp\/v2\/pages\/17707\/revisions\/31006"}],"wp:attachment":[{"href":"https:\/\/saludnl.gob.mx\/regulacion-sanitaria\/index.php\/wp-json\/wp\/v2\/media?parent=17707"}],"curies":[{"name":"wp","href":"https:\/\/api.w.org\/{rel}","templated":true}]}}