{"id":17244,"date":"2023-10-20T15:10:22","date_gmt":"2023-10-20T20:10:22","guid":{"rendered":"https:\/\/saludnl.gob.mx\/regulacion-sanitaria\/?page_id=17244"},"modified":"2023-10-20T15:10:22","modified_gmt":"2023-10-20T20:10:22","slug":"guia-de-autoevaluacion-sanitaria-para-sistema-publico-o-privado-de-abastecimiento-de-agua","status":"publish","type":"page","link":"https:\/\/saludnl.gob.mx\/regulacion-sanitaria\/index.php\/guia-de-autoevaluacion-sanitaria-para-sistema-publico-o-privado-de-abastecimiento-de-agua\/","title":{"rendered":"Gu\u00eda de AutoEvaluaci\u00f3n Sanitaria Para Sistema p\u00fablico o privado de abastecimiento de agua."},"content":{"rendered":"<a href=\"https:\/\/saludnl.gob.mx\/regulacion-sanitaria\/wp-content\/uploads\/2023\/10\/Guia-de-AutoEvaluacion-Sanitaria-Para-Sistema-publico-o-privado-de-abastecimiento-de-agua.pdf\" class=\"pdfemb-viewer\" style=\"\" data-width=\"max\" data-height=\"max\" data-toolbar=\"bottom\" data-toolbar-fixed=\"off\">Gu\u00eda de AutoEvaluaci\u00f3n Sanitaria Para Sistema p\u00fablico o privado de abastecimiento de agua.<\/a>\n<div class=\"sdm_download_item \"><div class=\"sdm_download_item_top\"><div class=\"sdm_download_thumbnail\"><\/div><div class=\"sdm_download_title\">Gu\u00eda de AutoEvaluaci\u00f3n Sanitaria Para Sistema p\u00fablico o privado de abastecimiento de agua.<\/div><\/div><div style=\"clear:both;\"><\/div><div class=\"sdm_download_description\"><\/div><div class=\"sdm_download_link\"><span class=\"sdm_download_button\"><a href=\"https:\/\/saludnl.gob.mx\/regulacion-sanitaria\/?sdm_process_download=1&download_id=17243\" class=\"sdm_download blue\" title=\"Gu\u00eda de AutoEvaluaci\u00f3n Sanitaria Para Sistema p\u00fablico o privado de abastecimiento de agua.\" target=\"_self\">Gu\u00eda autoevaluaci\u00f3n para descarga<\/a><\/span><span class=\"sdm_download_item_count\"><span class=\"sdm_item_count_number\">136<\/span><span class=\"sdm_item_count_string\"> Downloads<\/span><\/span><\/div><\/div><div class=\"sdm_clear_float\"><\/div>\n","protected":false},"excerpt":{"rendered":"","protected":false},"author":5,"featured_media":0,"parent":0,"menu_order":0,"comment_status":"closed","ping_status":"closed","template":"","meta":{"footnotes":""},"class_list":["post-17244","page","type-page","status-publish","hentry"],"_links":{"self":[{"href":"https:\/\/saludnl.gob.mx\/regulacion-sanitaria\/index.php\/wp-json\/wp\/v2\/pages\/17244","targetHints":{"allow":["GET"]}}],"collection":[{"href":"https:\/\/saludnl.gob.mx\/regulacion-sanitaria\/index.php\/wp-json\/wp\/v2\/pages"}],"about":[{"href":"https:\/\/saludnl.gob.mx\/regulacion-sanitaria\/index.php\/wp-json\/wp\/v2\/types\/page"}],"author":[{"embeddable":true,"href":"https:\/\/saludnl.gob.mx\/regulacion-sanitaria\/index.php\/wp-json\/wp\/v2\/users\/5"}],"replies":[{"embeddable":true,"href":"https:\/\/saludnl.gob.mx\/regulacion-sanitaria\/index.php\/wp-json\/wp\/v2\/comments?post=17244"}],"version-history":[{"count":1,"href":"https:\/\/saludnl.gob.mx\/regulacion-sanitaria\/index.php\/wp-json\/wp\/v2\/pages\/17244\/revisions"}],"predecessor-version":[{"id":17249,"href":"https:\/\/saludnl.gob.mx\/regulacion-sanitaria\/index.php\/wp-json\/wp\/v2\/pages\/17244\/revisions\/17249"}],"wp:attachment":[{"href":"https:\/\/saludnl.gob.mx\/regulacion-sanitaria\/index.php\/wp-json\/wp\/v2\/media?parent=17244"}],"curies":[{"name":"wp","href":"https:\/\/api.w.org\/{rel}","templated":true}]}}