{"id":17213,"date":"2023-10-20T13:19:43","date_gmt":"2023-10-20T18:19:43","guid":{"rendered":"https:\/\/saludnl.gob.mx\/regulacion-sanitaria\/?page_id=17213"},"modified":"2023-10-20T15:07:24","modified_gmt":"2023-10-20T20:07:24","slug":"guia-de-autoevaluacion-sanitaria-para-vigilancia-ante-la-emergencia-por-coronavirus-sars-cov-2-covid-19","status":"publish","type":"page","link":"https:\/\/saludnl.gob.mx\/regulacion-sanitaria\/index.php\/guia-de-autoevaluacion-sanitaria-para-vigilancia-ante-la-emergencia-por-coronavirus-sars-cov-2-covid-19\/","title":{"rendered":"Gu\u00eda de AutoEvaluaci\u00f3n Sanitaria Para vigilancia ante la emergencia por CORONAVIRUS SARS-COV-2 (COVID-19)"},"content":{"rendered":"<a href=\"https:\/\/saludnl.gob.mx\/regulacion-sanitaria\/wp-content\/uploads\/2023\/10\/Guia-de-AutoEvaluacion-Sanitaria-Para-vigilancia-ante-la-emergencia-por-CORONAVIRUS-SARS-COV-2-COVID-19.pdf\" class=\"pdfemb-viewer\" style=\"\" data-width=\"max\" data-height=\"max\" data-toolbar=\"bottom\" data-toolbar-fixed=\"off\">Gu\u00eda de AutoEvaluaci\u00f3n Sanitaria Para vigilancia ante la emergencia por CORONAVIRUS SARS-COV-2 (COVID-19)<\/a>\n<div class=\"sdm_download_item \"><div class=\"sdm_download_item_top\"><div class=\"sdm_download_thumbnail\"><\/div><div class=\"sdm_download_title\">Gu\u00eda de AutoEvaluaci\u00f3n Sanitaria Para vigilancia ante la emergencia por CORONAVIRUS SARS-COV-2 (COVID-19)<\/div><\/div><div style=\"clear:both;\"><\/div><div class=\"sdm_download_description\"><\/div><div class=\"sdm_download_link\"><span class=\"sdm_download_button\"><a href=\"https:\/\/saludnl.gob.mx\/regulacion-sanitaria\/?sdm_process_download=1&download_id=17214\" class=\"sdm_download blue\" title=\"Gu\u00eda de AutoEvaluaci\u00f3n Sanitaria Para vigilancia ante la emergencia por CORONAVIRUS SARS-COV-2 (COVID-19)\" target=\"_self\">Gu\u00eda autoevaluaci\u00f3n para descarga<\/a><\/span><span class=\"sdm_download_item_count\"><span class=\"sdm_item_count_number\">164<\/span><span class=\"sdm_item_count_string\"> Downloads<\/span><\/span><\/div><\/div><div class=\"sdm_clear_float\"><\/div>\n<p>*Esta Gu\u00eda solo aplica seg\u00fan los lineamientos del <em><strong>Sem\u00e1foro <\/strong><\/em><b><i><strong>Ep<\/strong>idemiologico de la Entidad<\/i><\/b> publicados por la Autoridad.<\/p>\n","protected":false},"excerpt":{"rendered":"<p>*Esta Gu\u00eda solo aplica seg\u00fan los lineamientos del Sem\u00e1foro Epidemiologico de la Entidad publicados por la Autoridad.<\/p>\n","protected":false},"author":5,"featured_media":0,"parent":0,"menu_order":0,"comment_status":"closed","ping_status":"closed","template":"","meta":{"footnotes":""},"class_list":["post-17213","page","type-page","status-publish","hentry"],"_links":{"self":[{"href":"https:\/\/saludnl.gob.mx\/regulacion-sanitaria\/index.php\/wp-json\/wp\/v2\/pages\/17213","targetHints":{"allow":["GET"]}}],"collection":[{"href":"https:\/\/saludnl.gob.mx\/regulacion-sanitaria\/index.php\/wp-json\/wp\/v2\/pages"}],"about":[{"href":"https:\/\/saludnl.gob.mx\/regulacion-sanitaria\/index.php\/wp-json\/wp\/v2\/types\/page"}],"author":[{"embeddable":true,"href":"https:\/\/saludnl.gob.mx\/regulacion-sanitaria\/index.php\/wp-json\/wp\/v2\/users\/5"}],"replies":[{"embeddable":true,"href":"https:\/\/saludnl.gob.mx\/regulacion-sanitaria\/index.php\/wp-json\/wp\/v2\/comments?post=17213"}],"version-history":[{"count":3,"href":"https:\/\/saludnl.gob.mx\/regulacion-sanitaria\/index.php\/wp-json\/wp\/v2\/pages\/17213\/revisions"}],"predecessor-version":[{"id":17246,"href":"https:\/\/saludnl.gob.mx\/regulacion-sanitaria\/index.php\/wp-json\/wp\/v2\/pages\/17213\/revisions\/17246"}],"wp:attachment":[{"href":"https:\/\/saludnl.gob.mx\/regulacion-sanitaria\/index.php\/wp-json\/wp\/v2\/media?parent=17213"}],"curies":[{"name":"wp","href":"https:\/\/api.w.org\/{rel}","templated":true}]}}