{"id":17114,"date":"2023-10-12T14:18:02","date_gmt":"2023-10-12T19:18:02","guid":{"rendered":"https:\/\/saludnl.gob.mx\/regulacion-sanitaria\/?page_id=17114"},"modified":"2023-10-12T14:18:02","modified_gmt":"2023-10-12T19:18:02","slug":"guia-de-auto-evaluacion-para-productos-cosmeticos","status":"publish","type":"page","link":"https:\/\/saludnl.gob.mx\/regulacion-sanitaria\/index.php\/guia-de-auto-evaluacion-para-productos-cosmeticos\/","title":{"rendered":"Gu\u00eda de Auto Evaluaci\u00f3n para Productos Cosm\u00e9ticos"},"content":{"rendered":"<a href=\"https:\/\/saludnl.gob.mx\/regulacion-sanitaria\/wp-content\/uploads\/2023\/10\/Guia-de-Autoevaluacion-Sanitaria-para-Cosmeticos.pdf\" class=\"pdfemb-viewer\" style=\"\" data-width=\"max\" data-height=\"max\" data-toolbar=\"bottom\" data-toolbar-fixed=\"off\">Gu\u00eda de Autoevaluaci\u00f3n Sanitaria para Cosm\u00e9ticos.<\/a>\n<div class=\"sdm_download_item \"><div class=\"sdm_download_item_top\"><div class=\"sdm_download_thumbnail\"><\/div><div class=\"sdm_download_title\">Gu\u00eda de Auto Evaluaci\u00f3n para Productos Cosm\u00e9ticos<\/div><\/div><div style=\"clear:both;\"><\/div><div class=\"sdm_download_description\"><\/div><div class=\"sdm_download_link\"><span class=\"sdm_download_button\"><a href=\"https:\/\/saludnl.gob.mx\/regulacion-sanitaria\/?sdm_process_download=1&download_id=17115\" class=\"sdm_download blue\" title=\"Gu\u00eda de Auto Evaluaci\u00f3n para Productos Cosm\u00e9ticos\" target=\"_blank\">Gu\u00eda autoevaluaci\u00f3n para descarga<\/a><\/span><span class=\"sdm_download_item_count\"><span class=\"sdm_item_count_number\">183<\/span><span class=\"sdm_item_count_string\"> Downloads<\/span><\/span><\/div><\/div><div class=\"sdm_clear_float\"><\/div>\n","protected":false},"excerpt":{"rendered":"","protected":false},"author":5,"featured_media":0,"parent":0,"menu_order":0,"comment_status":"closed","ping_status":"closed","template":"","meta":{"footnotes":""},"class_list":["post-17114","page","type-page","status-publish","hentry"],"_links":{"self":[{"href":"https:\/\/saludnl.gob.mx\/regulacion-sanitaria\/index.php\/wp-json\/wp\/v2\/pages\/17114","targetHints":{"allow":["GET"]}}],"collection":[{"href":"https:\/\/saludnl.gob.mx\/regulacion-sanitaria\/index.php\/wp-json\/wp\/v2\/pages"}],"about":[{"href":"https:\/\/saludnl.gob.mx\/regulacion-sanitaria\/index.php\/wp-json\/wp\/v2\/types\/page"}],"author":[{"embeddable":true,"href":"https:\/\/saludnl.gob.mx\/regulacion-sanitaria\/index.php\/wp-json\/wp\/v2\/users\/5"}],"replies":[{"embeddable":true,"href":"https:\/\/saludnl.gob.mx\/regulacion-sanitaria\/index.php\/wp-json\/wp\/v2\/comments?post=17114"}],"version-history":[{"count":1,"href":"https:\/\/saludnl.gob.mx\/regulacion-sanitaria\/index.php\/wp-json\/wp\/v2\/pages\/17114\/revisions"}],"predecessor-version":[{"id":17117,"href":"https:\/\/saludnl.gob.mx\/regulacion-sanitaria\/index.php\/wp-json\/wp\/v2\/pages\/17114\/revisions\/17117"}],"wp:attachment":[{"href":"https:\/\/saludnl.gob.mx\/regulacion-sanitaria\/index.php\/wp-json\/wp\/v2\/media?parent=17114"}],"curies":[{"name":"wp","href":"https:\/\/api.w.org\/{rel}","templated":true}]}}