{"id":168,"date":"2017-10-30T15:36:02","date_gmt":"2017-10-30T21:36:02","guid":{"rendered":"http:\/\/localhost\/regulacion-sanitaria\/?page_id=168"},"modified":"2023-07-10T14:31:18","modified_gmt":"2023-07-10T19:31:18","slug":"agua-de-contacto","status":"publish","type":"page","link":"https:\/\/saludnl.gob.mx\/regulacion-sanitaria\/index.php\/agua-de-contacto\/","title":{"rendered":"Agua de contacto"},"content":{"rendered":"<h3>Agua de contacto<\/h3>\n<div id=\"cuerpo_noticia\">\n<p>La calidad de agua para uso recreativo en centros tur\u00edsticos es un factor primordial para garantizar la protecci\u00f3n de la salud de los usuarios, estudios en cuerpos de agua que se utilizan para actividades recreativas indican que las enfermedades de las mucosas, de la piel y digestivas asociadas con los ba\u00f1istas est\u00e1n directamente relacionadas con los niveles de contaminaci\u00f3n fecal.<\/p>\n<p><img loading=\"lazy\" decoding=\"async\" class=\"wp-image-14717 alignright\" src=\"https:\/\/saludnl.gob.mx\/regulacion-sanitaria\/wp-content\/uploads\/2023\/07\/parque-aztlan_385_0_orig.jpg\" alt=\"\" width=\"440\" height=\"264\" srcset=\"https:\/\/saludnl.gob.mx\/regulacion-sanitaria\/wp-content\/uploads\/2023\/07\/parque-aztlan_385_0_orig.jpg 1280w, https:\/\/saludnl.gob.mx\/regulacion-sanitaria\/wp-content\/uploads\/2023\/07\/parque-aztlan_385_0_orig-300x180.jpg 300w, https:\/\/saludnl.gob.mx\/regulacion-sanitaria\/wp-content\/uploads\/2023\/07\/parque-aztlan_385_0_orig-1024x614.jpg 1024w, https:\/\/saludnl.gob.mx\/regulacion-sanitaria\/wp-content\/uploads\/2023\/07\/parque-aztlan_385_0_orig-768x461.jpg 768w\" sizes=\"auto, (max-width: 440px) 100vw, 440px\" \/><\/p>\n<p><strong>Objetivo<\/strong><\/p>\n<p>Garantizar la calidad de agua de contacto para uso recreativo y educativo<\/p>\n<p><strong>\u00bfQu\u00e9 estamos haciendo?<\/strong><\/p>\n<ul>\n<li>Realizar los muestreos y an\u00e1lisis de agua.<\/li>\n<li>Concientizar a los usuarios para mantener el establecimiento con higiene, mediante la impartici\u00f3n de material informativo.<\/li>\n<\/ul>\n<p><strong>Beneficios<\/strong><\/p>\n<p>Poblaci\u00f3n protegida contra riesgos sanitarios por el\u00a0 uso de agua para uso recreativo que pueden causar un da\u00f1o a su salud.<\/p>\n<p><strong>Para mayor informaci\u00f3n consulta la normativa sanitaria:<\/strong><\/p>\n<ul>\n<li><span style=\"color: #800080;\"><a style=\"color: #800080;\" href=\"https:\/\/www.dof.gob.mx\/normasOficiales\/4770\/salud\/salud.htm#:~:text=Esta%20norma%20establece%20las%20especificaciones,la%20salud%20de%20los%20usuarios.\">Norma Oficial Mexicana. NORMA Oficial Mexicana NOM-245-SSA1-2010, Requisitos sanitarios y calidad del agua que deben cumplir las albercas.<\/a><\/span><\/li>\n<li><span style=\"color: #800080;\"><a style=\"color: #800080;\" href=\"https:\/\/apps.who.int\/iris\/bitstream\/handle\/10665\/42591\/9241545801.pdf;jsessionid=930B2C166D0B90B4AE59B8EE3BE2F01F?sequence=1\">World Health Organization, Guidelines for safe recreational water environments volume 1: Coastal and fresh waters; Geneva, 2003.<\/a><\/span><\/li>\n<\/ul>\n<\/div>\n\n\n<p><\/p>\n","protected":false},"excerpt":{"rendered":"<p>Agua de contacto La calidad de agua para uso recreativo en centros tur\u00edsticos es un factor primordial para garantizar la protecci\u00f3n de la salud de los usuarios, estudios en cuerpos de agua que se utilizan para actividades recreativas indican que las enfermedades de las mucosas, de la piel y digestivas asociadas con los ba\u00f1istas est\u00e1n [&hellip;]<\/p>\n","protected":false},"author":5,"featured_media":14553,"parent":0,"menu_order":0,"comment_status":"closed","ping_status":"closed","template":"","meta":{"footnotes":""},"class_list":["post-168","page","type-page","status-publish","has-post-thumbnail","hentry"],"_links":{"self":[{"href":"https:\/\/saludnl.gob.mx\/regulacion-sanitaria\/index.php\/wp-json\/wp\/v2\/pages\/168","targetHints":{"allow":["GET"]}}],"collection":[{"href":"https:\/\/saludnl.gob.mx\/regulacion-sanitaria\/index.php\/wp-json\/wp\/v2\/pages"}],"about":[{"href":"https:\/\/saludnl.gob.mx\/regulacion-sanitaria\/index.php\/wp-json\/wp\/v2\/types\/page"}],"author":[{"embeddable":true,"href":"https:\/\/saludnl.gob.mx\/regulacion-sanitaria\/index.php\/wp-json\/wp\/v2\/users\/5"}],"replies":[{"embeddable":true,"href":"https:\/\/saludnl.gob.mx\/regulacion-sanitaria\/index.php\/wp-json\/wp\/v2\/comments?post=168"}],"version-history":[{"count":9,"href":"https:\/\/saludnl.gob.mx\/regulacion-sanitaria\/index.php\/wp-json\/wp\/v2\/pages\/168\/revisions"}],"predecessor-version":[{"id":14722,"href":"https:\/\/saludnl.gob.mx\/regulacion-sanitaria\/index.php\/wp-json\/wp\/v2\/pages\/168\/revisions\/14722"}],"wp:featuredmedia":[{"embeddable":true,"href":"https:\/\/saludnl.gob.mx\/regulacion-sanitaria\/index.php\/wp-json\/wp\/v2\/media\/14553"}],"wp:attachment":[{"href":"https:\/\/saludnl.gob.mx\/regulacion-sanitaria\/index.php\/wp-json\/wp\/v2\/media?parent=168"}],"curies":[{"name":"wp","href":"https:\/\/api.w.org\/{rel}","templated":true}]}}