{"id":16524,"date":"2023-09-15T12:55:37","date_gmt":"2023-09-15T17:55:37","guid":{"rendered":"https:\/\/saludnl.gob.mx\/regulacion-sanitaria\/?page_id=16524"},"modified":"2023-09-15T14:43:21","modified_gmt":"2023-09-15T19:43:21","slug":"guia-de-auto-evaluacion-sanitaria-para-farmacias-boticas-y-droguerias","status":"publish","type":"page","link":"https:\/\/saludnl.gob.mx\/regulacion-sanitaria\/index.php\/guia-de-auto-evaluacion-sanitaria-para-farmacias-boticas-y-droguerias\/","title":{"rendered":"Gu\u00eda de Auto-Evaluaci\u00f3n Sanitaria para Farmacias, Boticas y Droguer\u00edas"},"content":{"rendered":"<a href=\"https:\/\/saludnl.gob.mx\/regulacion-sanitaria\/wp-content\/uploads\/2023\/09\/Guia-de-Auto-Evaluacion-Sanitaria-para-Farmacias-Boticas-y-Droguerias.pdf\" class=\"pdfemb-viewer\" style=\"\" data-width=\"max\" data-height=\"max\" data-toolbar=\"bottom\" data-toolbar-fixed=\"off\">Gu\u00eda de Auto-Evaluaci\u00f3n Sanitaria para Farmacias, Boticas y Droguer\u00edas.<\/a>\n<div class=\"sdm_download_item \"><div class=\"sdm_download_item_top\"><div class=\"sdm_download_thumbnail\"><\/div><div class=\"sdm_download_title\">Gu\u00eda de Auto-Evaluaci\u00f3n Sanitaria para Farmacias, Boticas y Droguer\u00edas<\/div><\/div><div style=\"clear:both;\"><\/div><div class=\"sdm_download_description\"><\/div><div class=\"sdm_download_link\"><span class=\"sdm_download_button\"><a href=\"https:\/\/saludnl.gob.mx\/regulacion-sanitaria\/?sdm_process_download=1&download_id=16530\" class=\"sdm_download blue\" title=\"Gu\u00eda de Auto-Evaluaci\u00f3n Sanitaria para Farmacias, Boticas y Droguer\u00edas\" target=\"_self\">Gu\u00eda autoevaluaci\u00f3n para descarga<\/a><\/span><span class=\"sdm_download_item_count\"><span class=\"sdm_item_count_number\">312<\/span><span class=\"sdm_item_count_string\"> Downloads<\/span><\/span><\/div><\/div><div class=\"sdm_clear_float\"><\/div>\n","protected":false},"excerpt":{"rendered":"","protected":false},"author":5,"featured_media":0,"parent":0,"menu_order":0,"comment_status":"closed","ping_status":"closed","template":"","meta":{"footnotes":""},"class_list":["post-16524","page","type-page","status-publish","hentry"],"_links":{"self":[{"href":"https:\/\/saludnl.gob.mx\/regulacion-sanitaria\/index.php\/wp-json\/wp\/v2\/pages\/16524","targetHints":{"allow":["GET"]}}],"collection":[{"href":"https:\/\/saludnl.gob.mx\/regulacion-sanitaria\/index.php\/wp-json\/wp\/v2\/pages"}],"about":[{"href":"https:\/\/saludnl.gob.mx\/regulacion-sanitaria\/index.php\/wp-json\/wp\/v2\/types\/page"}],"author":[{"embeddable":true,"href":"https:\/\/saludnl.gob.mx\/regulacion-sanitaria\/index.php\/wp-json\/wp\/v2\/users\/5"}],"replies":[{"embeddable":true,"href":"https:\/\/saludnl.gob.mx\/regulacion-sanitaria\/index.php\/wp-json\/wp\/v2\/comments?post=16524"}],"version-history":[{"count":2,"href":"https:\/\/saludnl.gob.mx\/regulacion-sanitaria\/index.php\/wp-json\/wp\/v2\/pages\/16524\/revisions"}],"predecessor-version":[{"id":16541,"href":"https:\/\/saludnl.gob.mx\/regulacion-sanitaria\/index.php\/wp-json\/wp\/v2\/pages\/16524\/revisions\/16541"}],"wp:attachment":[{"href":"https:\/\/saludnl.gob.mx\/regulacion-sanitaria\/index.php\/wp-json\/wp\/v2\/media?parent=16524"}],"curies":[{"name":"wp","href":"https:\/\/api.w.org\/{rel}","templated":true}]}}