{"id":16333,"date":"2023-09-12T10:54:02","date_gmt":"2023-09-12T15:54:02","guid":{"rendered":"https:\/\/saludnl.gob.mx\/regulacion-sanitaria\/?page_id=16333"},"modified":"2023-09-12T10:54:02","modified_gmt":"2023-09-12T15:54:02","slug":"guia-de-auto-evaluacion-sanitaria-para-la-distribucion-venta-y-o-consumo-de-bebidas-alcoholicas-en-establecimientos-y-o-eventos","status":"publish","type":"page","link":"https:\/\/saludnl.gob.mx\/regulacion-sanitaria\/index.php\/guia-de-auto-evaluacion-sanitaria-para-la-distribucion-venta-y-o-consumo-de-bebidas-alcoholicas-en-establecimientos-y-o-eventos\/","title":{"rendered":"Gu\u00eda de Auto Evaluaci\u00f3n Sanitaria Para la distribuci\u00f3n, venta y o consumo de bebidas alcoh\u00f3licas en establecimientos y o eventos"},"content":{"rendered":"<a href=\"https:\/\/saludnl.gob.mx\/regulacion-sanitaria\/wp-content\/uploads\/2023\/09\/Guia-de-Auto-Evaluacion-Sanitaria-Para-La-distribucion-venta-y-o-consumo-de-bebidas-alcoholicas-en-establecimientos-y-o-eventos.pdf\" class=\"pdfemb-viewer\" style=\"\" data-width=\"max\" data-height=\"max\" data-toolbar=\"bottom\" data-toolbar-fixed=\"off\">Gu\u00eda de Auto Evaluaci\u00f3n Sanitaria Para La distribuci\u00f3n, venta y o consumo de bebidas alcoh\u00f3licas en establecimientos y o eventos<\/a>\n<div class=\"sdm_download_item \"><div class=\"sdm_download_item_top\"><div class=\"sdm_download_thumbnail\"><\/div><div class=\"sdm_download_title\">Gu\u00eda de Auto Evaluaci\u00f3n Sanitaria Para la distribuci\u00f3n, venta y o consumo de bebidas alcoh\u00f3licas en establecimientos y o eventos.<\/div><\/div><div style=\"clear:both;\"><\/div><div class=\"sdm_download_description\"><\/div><div class=\"sdm_download_link\"><span class=\"sdm_download_button\"><a href=\"https:\/\/saludnl.gob.mx\/regulacion-sanitaria\/?sdm_process_download=1&download_id=16332\" class=\"sdm_download blue\" title=\"Gu\u00eda de Auto Evaluaci\u00f3n Sanitaria Para la distribuci\u00f3n, venta y o consumo de bebidas alcoh\u00f3licas en establecimientos y o eventos.\" target=\"_self\">Gu\u00eda autoevaluaci\u00f3n para descarga<\/a><\/span><span class=\"sdm_download_item_count\"><span class=\"sdm_item_count_number\">253<\/span><span class=\"sdm_item_count_string\"> Downloads<\/span><\/span><\/div><\/div><div class=\"sdm_clear_float\"><\/div>\n","protected":false},"excerpt":{"rendered":"","protected":false},"author":5,"featured_media":0,"parent":0,"menu_order":0,"comment_status":"closed","ping_status":"closed","template":"","meta":{"footnotes":""},"class_list":["post-16333","page","type-page","status-publish","hentry"],"_links":{"self":[{"href":"https:\/\/saludnl.gob.mx\/regulacion-sanitaria\/index.php\/wp-json\/wp\/v2\/pages\/16333","targetHints":{"allow":["GET"]}}],"collection":[{"href":"https:\/\/saludnl.gob.mx\/regulacion-sanitaria\/index.php\/wp-json\/wp\/v2\/pages"}],"about":[{"href":"https:\/\/saludnl.gob.mx\/regulacion-sanitaria\/index.php\/wp-json\/wp\/v2\/types\/page"}],"author":[{"embeddable":true,"href":"https:\/\/saludnl.gob.mx\/regulacion-sanitaria\/index.php\/wp-json\/wp\/v2\/users\/5"}],"replies":[{"embeddable":true,"href":"https:\/\/saludnl.gob.mx\/regulacion-sanitaria\/index.php\/wp-json\/wp\/v2\/comments?post=16333"}],"version-history":[{"count":1,"href":"https:\/\/saludnl.gob.mx\/regulacion-sanitaria\/index.php\/wp-json\/wp\/v2\/pages\/16333\/revisions"}],"predecessor-version":[{"id":16334,"href":"https:\/\/saludnl.gob.mx\/regulacion-sanitaria\/index.php\/wp-json\/wp\/v2\/pages\/16333\/revisions\/16334"}],"wp:attachment":[{"href":"https:\/\/saludnl.gob.mx\/regulacion-sanitaria\/index.php\/wp-json\/wp\/v2\/media?parent=16333"}],"curies":[{"name":"wp","href":"https:\/\/api.w.org\/{rel}","templated":true}]}}