{"id":156,"date":"2017-10-30T15:33:36","date_gmt":"2017-10-30T21:33:36","guid":{"rendered":"http:\/\/localhost\/regulacion-sanitaria\/?page_id=156"},"modified":"2025-06-05T15:28:51","modified_gmt":"2025-06-05T21:28:51","slug":"muerte-materna","status":"publish","type":"page","link":"https:\/\/saludnl.gob.mx\/regulacion-sanitaria\/index.php\/muerte-materna\/","title":{"rendered":""},"content":{"rendered":"\n<figure class=\"wp-block-gallery has-nested-images columns-default is-cropped wp-block-gallery-1 is-layout-flex wp-block-gallery-is-layout-flex\">\n<figure class=\"wp-block-image size-large\"><img loading=\"lazy\" decoding=\"async\" width=\"1024\" height=\"375\" data-id=\"28693\" src=\"https:\/\/saludnl.gob.mx\/regulacion-sanitaria\/wp-content\/uploads\/2025\/06\/31_Muerte-materna-1-1024x375.png\" alt=\"\" class=\"wp-image-28693\" srcset=\"https:\/\/saludnl.gob.mx\/regulacion-sanitaria\/wp-content\/uploads\/2025\/06\/31_Muerte-materna-1-1024x375.png 1024w, https:\/\/saludnl.gob.mx\/regulacion-sanitaria\/wp-content\/uploads\/2025\/06\/31_Muerte-materna-1-300x110.png 300w, https:\/\/saludnl.gob.mx\/regulacion-sanitaria\/wp-content\/uploads\/2025\/06\/31_Muerte-materna-1-768x281.png 768w, https:\/\/saludnl.gob.mx\/regulacion-sanitaria\/wp-content\/uploads\/2025\/06\/31_Muerte-materna-1.png 1366w\" sizes=\"auto, (max-width: 1024px) 100vw, 1024px\" \/><\/figure>\n<\/figure>\n\n\n\n<p><\/p>\n\n\n\n<div class=\"wp-block-columns is-layout-flex wp-container-core-columns-is-layout-9d6595d7 wp-block-columns-is-layout-flex\">\n<div class=\"wp-block-column is-layout-flow wp-block-column-is-layout-flow\">\n<figure class=\"wp-block-image size-full\"><img loading=\"lazy\" decoding=\"async\" width=\"601\" height=\"290\" src=\"https:\/\/saludnl.gob.mx\/regulacion-sanitaria\/wp-content\/uploads\/2025\/06\/3_Objetivo-1.png\" alt=\"\" class=\"wp-image-28694\" srcset=\"https:\/\/saludnl.gob.mx\/regulacion-sanitaria\/wp-content\/uploads\/2025\/06\/3_Objetivo-1.png 601w, https:\/\/saludnl.gob.mx\/regulacion-sanitaria\/wp-content\/uploads\/2025\/06\/3_Objetivo-1-300x145.png 300w\" sizes=\"auto, (max-width: 601px) 100vw, 601px\" \/><\/figure>\n<\/div>\n\n\n\n<div class=\"wp-block-column is-layout-flow wp-block-column-is-layout-flow\">\n<figure class=\"wp-block-image size-full\"><img loading=\"lazy\" decoding=\"async\" width=\"601\" height=\"290\" src=\"https:\/\/saludnl.gob.mx\/regulacion-sanitaria\/wp-content\/uploads\/2025\/06\/4_\u00bfQue-estamos-haciendo-1-1.png\" alt=\"\" class=\"wp-image-28695\" srcset=\"https:\/\/saludnl.gob.mx\/regulacion-sanitaria\/wp-content\/uploads\/2025\/06\/4_\u00bfQue-estamos-haciendo-1-1.png 601w, https:\/\/saludnl.gob.mx\/regulacion-sanitaria\/wp-content\/uploads\/2025\/06\/4_\u00bfQue-estamos-haciendo-1-1-300x145.png 300w\" sizes=\"auto, (max-width: 601px) 100vw, 601px\" \/><\/figure>\n<\/div>\n<\/div>\n\n\n\n<div class=\"wp-block-columns is-layout-flex wp-container-core-columns-is-layout-9d6595d7 wp-block-columns-is-layout-flex\">\n<div class=\"wp-block-column is-layout-flow wp-block-column-is-layout-flow\">\n<p>La defunci\u00f3n materna se define como la muerte de una mujer mientras est\u00e1 embarazada o dentro de los 42 d\u00edas siguientes a la terminaci\u00f3n del embarazo, independientemente de la duraci\u00f3n y el sitio del embarazo, debida a cualquier causa relacionada con o agravada por el embarazo mismo o su atenci\u00f3n, pero no por causas accidentales o incidentales.<\/p>\n\n\n\n<p>La Mortalidad materna es un indicador de inequidad, se asocia firmemente al acceso y calidad de la atenci\u00f3n del embarazo, parto y puerperio y en general de la atenci\u00f3n m\u00e9dica. Su atenci\u00f3n es uno de los Objetivos de Desarrollo del Milenio: Reducir su incidencia en tres cuartas partes al 2015<\/p>\n\n\n\n<p>Para contribuir con el logro de dicho objetivo, la Secretaria de Salud, dentro de sus atribuciones, implementa estrategias de fortalecimiento de la vigilancia sanitaria de establecimientos de atenci\u00f3n m\u00e9dica para disminuir los riesgos atribuibles a las condiciones sanitarias.<\/p>\n<\/div>\n\n\n\n<div class=\"wp-block-column is-layout-flow wp-block-column-is-layout-flow\">\n<p>En el a\u00f1o se realizan actividades de fomento y vigilancia sanitaria como:<\/p>\n\n\n\n<ul class=\"wp-block-list\">\n<li>Informaci\u00f3n al personal m\u00e9dico, due\u00f1os, representantes legales y responsables de establecimientos donde se otorgue atenci\u00f3n a mujeres embarazadas sobre requisitos sanitarios que deben cumplir en los consultorios y hospitales.<\/li>\n\n\n\n<li>Vigilar que los hospitales donde se atiendan mujeres embarazadas cuenten con equipos, mobiliario, personal y limpieza adecuadas para atenci\u00f3n de partos y ces\u00e1reas.<\/li>\n<\/ul>\n<\/div>\n<\/div>\n\n\n\n<p><\/p>\n\n\n<div class=\"wp-block-image\">\n<figure class=\"aligncenter size-full\"><img loading=\"lazy\" decoding=\"async\" width=\"601\" height=\"290\" src=\"https:\/\/saludnl.gob.mx\/regulacion-sanitaria\/wp-content\/uploads\/2025\/06\/6_Mas-info-1.png\" alt=\"\" class=\"wp-image-28696\" srcset=\"https:\/\/saludnl.gob.mx\/regulacion-sanitaria\/wp-content\/uploads\/2025\/06\/6_Mas-info-1.png 601w, https:\/\/saludnl.gob.mx\/regulacion-sanitaria\/wp-content\/uploads\/2025\/06\/6_Mas-info-1-300x145.png 300w\" sizes=\"auto, (max-width: 601px) 100vw, 601px\" \/><\/figure>\n<\/div>\n\n\n<div class=\"wp-block-columns is-layout-flex wp-container-core-columns-is-layout-9d6595d7 wp-block-columns-is-layout-flex\">\n<div class=\"wp-block-column is-layout-flow wp-block-column-is-layout-flow\">\n<ul class=\"wp-block-list\">\n<li><a href=\"https:\/\/www.who.int\/maternal_child_adolescent\/topics\/maternal\/mdg\/es\/\"><mark style=\"background-color:rgba(0, 0, 0, 0)\" class=\"has-inline-color has-vivid-cyan-blue-color\">Objetivo 5 de Desarrollo del Milenio (ONU 1990-2015)<\/mark><\/a><\/li>\n\n\n\n<li><a href=\"https:\/\/www.sinec.gob.mx\/SINEC\/Vista\/Normalizacion\/DetalleNorma.xhtml?pidn=Q2tsV1NQZ3o3Z3ZKeGtub0J0c2ZhUT09\"><mark style=\"background-color:rgba(0, 0, 0, 0)\" class=\"has-inline-color has-vivid-cyan-blue-color\">NORMA Oficial Mexicana NOM-016-SSA3-2012, Que establece las caracter\u00edsticas m\u00ednimas de infraestructura y equipamiento de hospitales y consultorios de atenci\u00f3n m\u00e9dica especializada.<\/mark><\/a><\/li>\n<\/ul>\n<\/div>\n\n\n\n<div class=\"wp-block-column is-layout-flow wp-block-column-is-layout-flow\">\n<ul class=\"wp-block-list\">\n<li><mark style=\"background-color:rgba(0, 0, 0, 0)\" class=\"has-inline-color has-vivid-cyan-blue-color\"><a href=\"https:\/\/www.sinec.gob.mx\/SINEC\/Vista\/Normalizacion\/DetalleNorma.xhtml?pidn=ckNhMDFBNTFLU0VucER3Zjl0WUpGUT09\">NORMA Oficial Mexicana NOM-005-SSA3-2010, Que establece los requisitos m\u00ednimos de infraestructura y equipamiento de establecimientos para la atenci\u00f3n m\u00e9dica de pacientes ambulatorios<\/a>.<\/mark><\/li>\n<\/ul>\n<\/div>\n<\/div>\n\n\n\n<p><\/p>\n","protected":false},"excerpt":{"rendered":"<p>La defunci\u00f3n materna se define como la muerte de una mujer mientras est\u00e1 embarazada o dentro de los 42 d\u00edas siguientes a la terminaci\u00f3n del embarazo, independientemente de la duraci\u00f3n y el sitio del embarazo, debida a cualquier causa relacionada con o agravada por el embarazo mismo o su atenci\u00f3n, pero no por causas accidentales [&hellip;]<\/p>\n","protected":false},"author":5,"featured_media":14556,"parent":0,"menu_order":0,"comment_status":"closed","ping_status":"closed","template":"","meta":{"footnotes":""},"class_list":["post-156","page","type-page","status-publish","has-post-thumbnail","hentry"],"_links":{"self":[{"href":"https:\/\/saludnl.gob.mx\/regulacion-sanitaria\/index.php\/wp-json\/wp\/v2\/pages\/156","targetHints":{"allow":["GET"]}}],"collection":[{"href":"https:\/\/saludnl.gob.mx\/regulacion-sanitaria\/index.php\/wp-json\/wp\/v2\/pages"}],"about":[{"href":"https:\/\/saludnl.gob.mx\/regulacion-sanitaria\/index.php\/wp-json\/wp\/v2\/types\/page"}],"author":[{"embeddable":true,"href":"https:\/\/saludnl.gob.mx\/regulacion-sanitaria\/index.php\/wp-json\/wp\/v2\/users\/5"}],"replies":[{"embeddable":true,"href":"https:\/\/saludnl.gob.mx\/regulacion-sanitaria\/index.php\/wp-json\/wp\/v2\/comments?post=156"}],"version-history":[{"count":15,"href":"https:\/\/saludnl.gob.mx\/regulacion-sanitaria\/index.php\/wp-json\/wp\/v2\/pages\/156\/revisions"}],"predecessor-version":[{"id":28709,"href":"https:\/\/saludnl.gob.mx\/regulacion-sanitaria\/index.php\/wp-json\/wp\/v2\/pages\/156\/revisions\/28709"}],"wp:featuredmedia":[{"embeddable":true,"href":"https:\/\/saludnl.gob.mx\/regulacion-sanitaria\/index.php\/wp-json\/wp\/v2\/media\/14556"}],"wp:attachment":[{"href":"https:\/\/saludnl.gob.mx\/regulacion-sanitaria\/index.php\/wp-json\/wp\/v2\/media?parent=156"}],"curies":[{"name":"wp","href":"https:\/\/api.w.org\/{rel}","templated":true}]}}